{"id":1454,"date":"2025-09-24T21:25:58","date_gmt":"2025-09-24T21:25:58","guid":{"rendered":"https:\/\/rembrr.com\/?page_id=1454"},"modified":"2025-10-14T17:54:55","modified_gmt":"2025-10-14T22:54:55","slug":"data-deletion-policy","status":"publish","type":"page","link":"https:\/\/rembrr.com\/en\/politica-de-eliminacion-de-datos\/","title":{"rendered":"Data Deletion"},"content":{"rendered":"<div data-elementor-type=\"wp-page\" data-elementor-id=\"1454\" class=\"elementor elementor-1454\" data-elementor-post-type=\"page\">\n\t\t\t\t<div class=\"elementor-element elementor-element-f003bb7 e-flex e-con-boxed e-con e-parent\" data-id=\"f003bb7\" data-element_type=\"container\" data-e-type=\"container\" data-settings=\"{&quot;background_background&quot;:&quot;classic&quot;}\">\n\t\t\t\t\t<div class=\"e-con-inner\">\n\t\t<div class=\"elementor-element elementor-element-83224e0 e-con-full e-flex e-con e-child\" data-id=\"83224e0\" data-element_type=\"container\" data-e-type=\"container\" data-settings=\"{&quot;background_background&quot;:&quot;classic&quot;}\">\n\t\t<div class=\"elementor-element elementor-element-d15f534 e-con-full e-flex e-con e-child\" data-id=\"d15f534\" data-element_type=\"container\" data-e-type=\"container\">\n\t\t\t\t<\/div>\n\t\t\t\t<div class=\"elementor-element elementor-element-55dca63 elementor-widget elementor-widget-text-editor\" data-id=\"55dca63\" data-element_type=\"widget\" data-e-type=\"widget\" data-widget_type=\"text-editor.default\">\n\t\t\t\t<div class=\"elementor-widget-container\">\n\t\t\t\t\t\t\t\t\t<p>In <strong>REMBRR INC.<\/strong>, We respect your privacy and comply with all applicable privacy laws in the United States and other jurisdictions where we operate, including users' right to request the deletion of their personal data. We also follow international standards such as the European Union's General Data Protection Regulation (GDPR), where applicable.<\/p><p><strong>How to request the deletion of your data<\/strong><br \/>You can exercise your right to deletion at any time through:<br \/>Email: support@rembrr.com<\/p><p><strong>Include in your request<\/strong><br \/>Your full name<br \/>The email address associated with your account<br \/>User ID (if applicable)<\/p><p><strong>Term and confirmation<\/strong><br \/>We will process your request in a maximum of 30 calendar days. If necessary and permitted by law, this period may be extended up to 45 days, with prior notification.<br \/>Upon completion of the process, you will receive written confirmation of the deletion or, as the case may be, of the legal reasons justifying partial retention.<\/p><p><strong>Notification to Vendors and Partners<\/strong><br \/>In applicable cases, we will instruct our vendors and partners (including Meta Ads, AppsFlyer, and others) to delete shared data, to the extent technically and legally possible.<\/p><p><strong>Legal exceptions<\/strong><br \/>We may retain limited data when strictly necessary for:<br \/><br \/>Comply with legal or regulatory obligations.<br \/>Respond to court or administrative orders.<br \/>Defend ourselves against legal claims.<br \/>Ensure the security, fraud prevention, and continuity of our services.<\/p><p><strong>Additional contact<\/strong><br \/>For any questions about this policy or the handling of your data, you can write to us at: <a href=\"mailto:support@rembrr.com\">support@rembrr.com<\/a><\/p>\t\t\t\t\t\t\t\t<\/div>\n\t\t\t\t<\/div>\n\t\t\t\t<\/div>\n\t\t\t\t\t<\/div>\n\t\t\t\t<\/div>\n\t\t\t\t<\/div>","protected":false},"excerpt":{"rendered":"<p>En REMBRR INC., respetamos tu privacidad y cumplimos con todas las leyes de privacidad aplicables en los Estados Unidos y otras jurisdicciones donde operamos, incluyendo el derecho de los usuarios a solicitar la eliminaci\u00f3n de sus datos personales. Tambi\u00e9n seguimos est\u00e1ndares internacionales como el Reglamento General de Protecci\u00f3n de Datos (GDPR) de la Uni\u00f3n Europea, [&hellip;]<\/p>\n","protected":false},"author":2,"featured_media":0,"parent":0,"menu_order":0,"comment_status":"closed","ping_status":"closed","template":"elementor_header_footer","meta":{"footnotes":""},"class_list":["post-1454","page","type-page","status-publish","hentry"],"yoast_head":"<!-- This site is optimized with the Yoast SEO plugin v27.0 - https:\/\/yoast.com\/product\/yoast-seo-wordpress\/ -->\n<title>Eliminaci\u00f3n de Datos - Rembrr<\/title>\n<meta name=\"robots\" content=\"index, follow, max-snippet:-1, max-image-preview:large, max-video-preview:-1\" \/>\n<link rel=\"canonical\" href=\"https:\/\/rembrr.com\/en\/data-deletion-policy\/\" \/>\n<meta property=\"og:locale\" content=\"en_US\" \/>\n<meta property=\"og:type\" content=\"article\" \/>\n<meta property=\"og:title\" content=\"Eliminaci\u00f3n de Datos - Rembrr\" \/>\n<meta property=\"og:description\" content=\"En REMBRR INC., respetamos tu privacidad y cumplimos con todas las leyes de privacidad aplicables en los Estados Unidos y otras jurisdicciones donde operamos, incluyendo el derecho de los usuarios a solicitar la eliminaci\u00f3n de sus datos personales. Tambi\u00e9n seguimos est\u00e1ndares internacionales como el Reglamento General de Protecci\u00f3n de Datos (GDPR) de la Uni\u00f3n Europea, [&hellip;]\" \/>\n<meta property=\"og:url\" content=\"https:\/\/rembrr.com\/en\/data-deletion-policy\/\" \/>\n<meta property=\"og:site_name\" content=\"Rembrr\" \/>\n<meta property=\"article:modified_time\" content=\"2025-10-14T22:54:55+00:00\" \/>\n<meta name=\"twitter:card\" content=\"summary_large_image\" \/>\n<meta name=\"twitter:label1\" content=\"Est. reading time\" \/>\n\t<meta name=\"twitter:data1\" content=\"1 minute\" \/>\n<script type=\"application\/ld+json\" class=\"yoast-schema-graph\">{\"@context\":\"https:\/\/schema.org\",\"@graph\":[{\"@type\":\"WebPage\",\"@id\":\"https:\/\/rembrr.com\/politica-de-eliminacion-de-datos\/\",\"url\":\"https:\/\/rembrr.com\/politica-de-eliminacion-de-datos\/\",\"name\":\"Eliminaci\u00f3n de Datos - Rembrr\",\"isPartOf\":{\"@id\":\"https:\/\/rembrr.com\/#website\"},\"datePublished\":\"2025-09-24T21:25:58+00:00\",\"dateModified\":\"2025-10-14T22:54:55+00:00\",\"breadcrumb\":{\"@id\":\"https:\/\/rembrr.com\/politica-de-eliminacion-de-datos\/#breadcrumb\"},\"inLanguage\":\"en-US\",\"potentialAction\":[{\"@type\":\"ReadAction\",\"target\":[\"https:\/\/rembrr.com\/politica-de-eliminacion-de-datos\/\"]}]},{\"@type\":\"BreadcrumbList\",\"@id\":\"https:\/\/rembrr.com\/politica-de-eliminacion-de-datos\/#breadcrumb\",\"itemListElement\":[{\"@type\":\"ListItem\",\"position\":1,\"name\":\"Portada\",\"item\":\"https:\/\/rembrr.com\/\"},{\"@type\":\"ListItem\",\"position\":2,\"name\":\"Eliminaci\u00f3n de Datos\"}]},{\"@type\":\"WebSite\",\"@id\":\"https:\/\/rembrr.com\/#website\",\"url\":\"https:\/\/rembrr.com\/\",\"name\":\"Rembrr\",\"description\":\"Logra m\u00e1s\",\"publisher\":{\"@id\":\"https:\/\/rembrr.com\/#organization\"},\"potentialAction\":[{\"@type\":\"SearchAction\",\"target\":{\"@type\":\"EntryPoint\",\"urlTemplate\":\"https:\/\/rembrr.com\/?s={search_term_string}\"},\"query-input\":{\"@type\":\"PropertyValueSpecification\",\"valueRequired\":true,\"valueName\":\"search_term_string\"}}],\"inLanguage\":\"en-US\"},{\"@type\":\"Organization\",\"@id\":\"https:\/\/rembrr.com\/#organization\",\"name\":\"Rembrr\",\"url\":\"https:\/\/rembrr.com\/\",\"logo\":{\"@type\":\"ImageObject\",\"inLanguage\":\"en-US\",\"@id\":\"https:\/\/rembrr.com\/#\/schema\/logo\/image\/\",\"url\":\"https:\/\/rembrr.com\/wp-content\/uploads\/2025\/06\/logo-horizontal.webp\",\"contentUrl\":\"https:\/\/rembrr.com\/wp-content\/uploads\/2025\/06\/logo-horizontal.webp\",\"width\":500,\"height\":112,\"caption\":\"Rembrr\"},\"image\":{\"@id\":\"https:\/\/rembrr.com\/#\/schema\/logo\/image\/\"}}]}<\/script>\n<!-- \/ Yoast SEO plugin. -->","yoast_head_json":{"title":"Data Deletion - Rembrr","robots":{"index":"index","follow":"follow","max-snippet":"max-snippet:-1","max-image-preview":"max-image-preview:large","max-video-preview":"max-video-preview:-1"},"canonical":"https:\/\/rembrr.com\/en\/data-deletion-policy\/","og_locale":"en_US","og_type":"article","og_title":"Eliminaci\u00f3n de Datos - Rembrr","og_description":"En REMBRR INC., respetamos tu privacidad y cumplimos con todas las leyes de privacidad aplicables en los Estados Unidos y otras jurisdicciones donde operamos, incluyendo el derecho de los usuarios a solicitar la eliminaci\u00f3n de sus datos personales. Tambi\u00e9n seguimos est\u00e1ndares internacionales como el Reglamento General de Protecci\u00f3n de Datos (GDPR) de la Uni\u00f3n Europea, [&hellip;]","og_url":"https:\/\/rembrr.com\/en\/data-deletion-policy\/","og_site_name":"Rembrr","article_modified_time":"2025-10-14T22:54:55+00:00","twitter_card":"summary_large_image","twitter_misc":{"Est. reading time":"1 minute"},"schema":{"@context":"https:\/\/schema.org","@graph":[{"@type":"WebPage","@id":"https:\/\/rembrr.com\/politica-de-eliminacion-de-datos\/","url":"https:\/\/rembrr.com\/politica-de-eliminacion-de-datos\/","name":"Data Deletion - Rembrr","isPartOf":{"@id":"https:\/\/rembrr.com\/#website"},"datePublished":"2025-09-24T21:25:58+00:00","dateModified":"2025-10-14T22:54:55+00:00","breadcrumb":{"@id":"https:\/\/rembrr.com\/politica-de-eliminacion-de-datos\/#breadcrumb"},"inLanguage":"en-US","potentialAction":[{"@type":"ReadAction","target":["https:\/\/rembrr.com\/politica-de-eliminacion-de-datos\/"]}]},{"@type":"BreadcrumbList","@id":"https:\/\/rembrr.com\/politica-de-eliminacion-de-datos\/#breadcrumb","itemListElement":[{"@type":"ListItem","position":1,"name":"Portada","item":"https:\/\/rembrr.com\/"},{"@type":"ListItem","position":2,"name":"Eliminaci\u00f3n de Datos"}]},{"@type":"WebSite","@id":"https:\/\/rembrr.com\/#website","url":"https:\/\/rembrr.com\/","name":"Remember","description":"Achieve more","publisher":{"@id":"https:\/\/rembrr.com\/#organization"},"potentialAction":[{"@type":"SearchAction","target":{"@type":"EntryPoint","urlTemplate":"https:\/\/rembrr.com\/?s={search_term_string}"},"query-input":{"@type":"PropertyValueSpecification","valueRequired":true,"valueName":"search_term_string"}}],"inLanguage":"en-US"},{"@type":"Organization","@id":"https:\/\/rembrr.com\/#organization","name":"Remember","url":"https:\/\/rembrr.com\/","logo":{"@type":"ImageObject","inLanguage":"en-US","@id":"https:\/\/rembrr.com\/#\/schema\/logo\/image\/","url":"https:\/\/rembrr.com\/wp-content\/uploads\/2025\/06\/logo-horizontal.webp","contentUrl":"https:\/\/rembrr.com\/wp-content\/uploads\/2025\/06\/logo-horizontal.webp","width":500,"height":112,"caption":"Rembrr"},"image":{"@id":"https:\/\/rembrr.com\/#\/schema\/logo\/image\/"}}]}},"_links":{"self":[{"href":"https:\/\/rembrr.com\/en\/wp-json\/wp\/v2\/pages\/1454","targetHints":{"allow":["GET"]}}],"collection":[{"href":"https:\/\/rembrr.com\/en\/wp-json\/wp\/v2\/pages"}],"about":[{"href":"https:\/\/rembrr.com\/en\/wp-json\/wp\/v2\/types\/page"}],"author":[{"embeddable":true,"href":"https:\/\/rembrr.com\/en\/wp-json\/wp\/v2\/users\/2"}],"replies":[{"embeddable":true,"href":"https:\/\/rembrr.com\/en\/wp-json\/wp\/v2\/comments?post=1454"}],"version-history":[{"count":23,"href":"https:\/\/rembrr.com\/en\/wp-json\/wp\/v2\/pages\/1454\/revisions"}],"predecessor-version":[{"id":5120,"href":"https:\/\/rembrr.com\/en\/wp-json\/wp\/v2\/pages\/1454\/revisions\/5120"}],"wp:attachment":[{"href":"https:\/\/rembrr.com\/en\/wp-json\/wp\/v2\/media?parent=1454"}],"curies":[{"name":"wp","href":"https:\/\/api.w.org\/{rel}","templated":true}]}}