{"id":1540,"date":"2025-10-09T14:05:38","date_gmt":"2025-10-09T19:05:38","guid":{"rendered":"https:\/\/rembrr.com\/?page_id=1540"},"modified":"2025-10-14T18:13:10","modified_gmt":"2025-10-14T23:13:10","slug":"aviso-legal","status":"publish","type":"page","link":"https:\/\/rembrr.com\/en\/aviso-legal\/","title":{"rendered":"Legal Notice"},"content":{"rendered":"<div data-elementor-type=\"wp-page\" data-elementor-id=\"1540\" class=\"elementor elementor-1540\" data-elementor-post-type=\"page\">\n\t\t\t\t<div class=\"elementor-element elementor-element-38553e3b e-flex e-con-boxed e-con e-parent\" data-id=\"38553e3b\" data-element_type=\"container\" data-e-type=\"container\" data-settings=\"{&quot;background_background&quot;:&quot;classic&quot;}\">\n\t\t\t\t\t<div class=\"e-con-inner\">\n\t\t<div class=\"elementor-element elementor-element-703529d7 e-con-full e-flex e-con e-child\" data-id=\"703529d7\" data-element_type=\"container\" data-e-type=\"container\" data-settings=\"{&quot;background_background&quot;:&quot;classic&quot;}\">\n\t\t<div class=\"elementor-element elementor-element-6a8a15c6 e-con-full e-flex e-con e-child\" data-id=\"6a8a15c6\" data-element_type=\"container\" data-e-type=\"container\">\n\t\t\t\t<\/div>\n\t\t\t\t<div class=\"elementor-element elementor-element-133c1f55 elementor-widget elementor-widget-text-editor\" data-id=\"133c1f55\" data-element_type=\"widget\" data-e-type=\"widget\" data-widget_type=\"text-editor.default\">\n\t\t\t\t<div class=\"elementor-widget-container\">\n\t\t\t\t\t\t\t\t\t<p><strong data-start=\"941\" data-end=\"956\">REMBRR INC.<\/strong><br data-start=\"956\" data-end=\"959\" \/>State of Florida, United States<br data-start=\"992\" data-end=\"995\" \/><strong data-start=\"995\" data-end=\"1019\">Direcci\u00f3n principal:<\/strong> 23087 Langdon Avenue, Port Charlotte, FL 33954<br data-start=\"1066\" data-end=\"1069\" \/><strong data-start=\"1069\" data-end=\"1090\">Direcci\u00f3n postal:<\/strong> 15009 Kelvin Avenue, Philadelphia, PA 19116<br data-start=\"1134\" data-end=\"1137\" \/><strong data-start=\"1137\" data-end=\"1160\">Correo electr\u00f3nico:<\/strong> <a class=\"decorated-link cursor-pointer\" rel=\"noopener\" data-start=\"1161\" data-end=\"1176\">info@rembrr.com<br \/><br \/><\/a><\/p><p data-start=\"1212\" data-end=\"1283\"><strong data-start=\"1212\" data-end=\"1223\">REMBRR\u2122<\/strong> y <strong data-start=\"1226\" data-end=\"1257\">\u201cAchieve More \/ Logra M\u00e1s\u2122\u201d<\/strong> son marcas registradas.<\/p><p data-start=\"1285\" data-end=\"1392\">Todo el contenido de la plataforma est\u00e1 protegido por derechos de autor y leyes de propiedad intelectual.<\/p><p data-start=\"1394\" data-end=\"1510\">El acceso y uso del sitio implican la aceptaci\u00f3n plena de los <strong data-start=\"1456\" data-end=\"1475\">Terms of Service<\/strong> y la <strong data-start=\"1481\" data-end=\"1507\">Privacy Policy<\/strong>.<\/p><p data-start=\"1512\" data-end=\"1590\">REMBRR no se hace responsable por enlaces externos ni contenido de terceros.<\/p><p data-start=\"1592\" data-end=\"1671\">El uso de este sitio se rige por las leyes del <strong data-start=\"1639\" data-end=\"1669\">estado de Florida, EE. UU.<\/strong><\/p>\t\t\t\t\t\t\t\t<\/div>\n\t\t\t\t<\/div>\n\t\t\t\t<\/div>\n\t\t\t\t\t<\/div>\n\t\t\t\t<\/div>\n\t\t\t\t<\/div>","protected":false},"excerpt":{"rendered":"<p>REMBRR INC.Estado de Florida, Estados UnidosDirecci\u00f3n principal: 23087 Langdon Avenue, Port Charlotte, FL 33954Direcci\u00f3n postal: 15009 Kelvin Avenue, Philadelphia, PA 19116Correo electr\u00f3nico: info@rembrr.com REMBRR\u2122 y \u201cAchieve More \/ Logra M\u00e1s\u2122\u201d son marcas registradas. Todo el contenido de la plataforma est\u00e1 protegido por derechos de autor y leyes de propiedad intelectual. El acceso y uso del [&hellip;]<\/p>\n","protected":false},"author":2,"featured_media":0,"parent":0,"menu_order":0,"comment_status":"closed","ping_status":"closed","template":"elementor_header_footer","meta":{"footnotes":""},"class_list":["post-1540","page","type-page","status-publish","hentry"],"yoast_head":"<!-- This site is optimized with the Yoast SEO plugin v27.0 - https:\/\/yoast.com\/product\/yoast-seo-wordpress\/ -->\n<title>Aviso Legal - Rembrr<\/title>\n<meta name=\"robots\" content=\"index, follow, max-snippet:-1, max-image-preview:large, max-video-preview:-1\" \/>\n<link rel=\"canonical\" href=\"https:\/\/rembrr.com\/en\/aviso-legal\/\" \/>\n<meta property=\"og:locale\" content=\"en_US\" \/>\n<meta property=\"og:type\" content=\"article\" \/>\n<meta property=\"og:title\" content=\"Aviso Legal - Rembrr\" \/>\n<meta property=\"og:description\" content=\"REMBRR INC.Estado de Florida, Estados UnidosDirecci\u00f3n principal: 23087 Langdon Avenue, Port Charlotte, FL 33954Direcci\u00f3n postal: 15009 Kelvin Avenue, Philadelphia, PA 19116Correo electr\u00f3nico: info@rembrr.com REMBRR\u2122 y \u201cAchieve More \/ Logra M\u00e1s\u2122\u201d son marcas registradas. Todo el contenido de la plataforma est\u00e1 protegido por derechos de autor y leyes de propiedad intelectual. El acceso y uso del [&hellip;]\" \/>\n<meta property=\"og:url\" content=\"https:\/\/rembrr.com\/en\/aviso-legal\/\" \/>\n<meta property=\"og:site_name\" content=\"Rembrr\" \/>\n<meta property=\"article:modified_time\" content=\"2025-10-14T23:13:10+00:00\" \/>\n<meta name=\"twitter:card\" content=\"summary_large_image\" \/>\n<meta name=\"twitter:label1\" content=\"Est. reading time\" \/>\n\t<meta name=\"twitter:data1\" content=\"1 minute\" \/>\n<script type=\"application\/ld+json\" class=\"yoast-schema-graph\">{\"@context\":\"https:\/\/schema.org\",\"@graph\":[{\"@type\":\"WebPage\",\"@id\":\"https:\/\/rembrr.com\/aviso-legal\/\",\"url\":\"https:\/\/rembrr.com\/aviso-legal\/\",\"name\":\"Aviso Legal - Rembrr\",\"isPartOf\":{\"@id\":\"https:\/\/rembrr.com\/#website\"},\"datePublished\":\"2025-10-09T19:05:38+00:00\",\"dateModified\":\"2025-10-14T23:13:10+00:00\",\"breadcrumb\":{\"@id\":\"https:\/\/rembrr.com\/aviso-legal\/#breadcrumb\"},\"inLanguage\":\"en-US\",\"potentialAction\":[{\"@type\":\"ReadAction\",\"target\":[\"https:\/\/rembrr.com\/aviso-legal\/\"]}]},{\"@type\":\"BreadcrumbList\",\"@id\":\"https:\/\/rembrr.com\/aviso-legal\/#breadcrumb\",\"itemListElement\":[{\"@type\":\"ListItem\",\"position\":1,\"name\":\"Portada\",\"item\":\"https:\/\/rembrr.com\/\"},{\"@type\":\"ListItem\",\"position\":2,\"name\":\"Aviso Legal\"}]},{\"@type\":\"WebSite\",\"@id\":\"https:\/\/rembrr.com\/#website\",\"url\":\"https:\/\/rembrr.com\/\",\"name\":\"Rembrr\",\"description\":\"Logra m\u00e1s\",\"publisher\":{\"@id\":\"https:\/\/rembrr.com\/#organization\"},\"potentialAction\":[{\"@type\":\"SearchAction\",\"target\":{\"@type\":\"EntryPoint\",\"urlTemplate\":\"https:\/\/rembrr.com\/?s={search_term_string}\"},\"query-input\":{\"@type\":\"PropertyValueSpecification\",\"valueRequired\":true,\"valueName\":\"search_term_string\"}}],\"inLanguage\":\"en-US\"},{\"@type\":\"Organization\",\"@id\":\"https:\/\/rembrr.com\/#organization\",\"name\":\"Rembrr\",\"url\":\"https:\/\/rembrr.com\/\",\"logo\":{\"@type\":\"ImageObject\",\"inLanguage\":\"en-US\",\"@id\":\"https:\/\/rembrr.com\/#\/schema\/logo\/image\/\",\"url\":\"https:\/\/rembrr.com\/wp-content\/uploads\/2025\/06\/logo-horizontal.webp\",\"contentUrl\":\"https:\/\/rembrr.com\/wp-content\/uploads\/2025\/06\/logo-horizontal.webp\",\"width\":500,\"height\":112,\"caption\":\"Rembrr\"},\"image\":{\"@id\":\"https:\/\/rembrr.com\/#\/schema\/logo\/image\/\"}}]}<\/script>\n<!-- \/ Yoast SEO plugin. -->","yoast_head_json":{"title":"Aviso Legal - Rembrr","robots":{"index":"index","follow":"follow","max-snippet":"max-snippet:-1","max-image-preview":"max-image-preview:large","max-video-preview":"max-video-preview:-1"},"canonical":"https:\/\/rembrr.com\/en\/aviso-legal\/","og_locale":"en_US","og_type":"article","og_title":"Aviso Legal - Rembrr","og_description":"REMBRR INC.Estado de Florida, Estados UnidosDirecci\u00f3n principal: 23087 Langdon Avenue, Port Charlotte, FL 33954Direcci\u00f3n postal: 15009 Kelvin Avenue, Philadelphia, PA 19116Correo electr\u00f3nico: info@rembrr.com REMBRR\u2122 y \u201cAchieve More \/ Logra M\u00e1s\u2122\u201d son marcas registradas. Todo el contenido de la plataforma est\u00e1 protegido por derechos de autor y leyes de propiedad intelectual. El acceso y uso del [&hellip;]","og_url":"https:\/\/rembrr.com\/en\/aviso-legal\/","og_site_name":"Rembrr","article_modified_time":"2025-10-14T23:13:10+00:00","twitter_card":"summary_large_image","twitter_misc":{"Est. reading time":"1 minute"},"schema":{"@context":"https:\/\/schema.org","@graph":[{"@type":"WebPage","@id":"https:\/\/rembrr.com\/aviso-legal\/","url":"https:\/\/rembrr.com\/aviso-legal\/","name":"Aviso Legal - Rembrr","isPartOf":{"@id":"https:\/\/rembrr.com\/#website"},"datePublished":"2025-10-09T19:05:38+00:00","dateModified":"2025-10-14T23:13:10+00:00","breadcrumb":{"@id":"https:\/\/rembrr.com\/aviso-legal\/#breadcrumb"},"inLanguage":"en-US","potentialAction":[{"@type":"ReadAction","target":["https:\/\/rembrr.com\/aviso-legal\/"]}]},{"@type":"BreadcrumbList","@id":"https:\/\/rembrr.com\/aviso-legal\/#breadcrumb","itemListElement":[{"@type":"ListItem","position":1,"name":"Portada","item":"https:\/\/rembrr.com\/"},{"@type":"ListItem","position":2,"name":"Aviso Legal"}]},{"@type":"WebSite","@id":"https:\/\/rembrr.com\/#website","url":"https:\/\/rembrr.com\/","name":"Remember","description":"Achieve more","publisher":{"@id":"https:\/\/rembrr.com\/#organization"},"potentialAction":[{"@type":"SearchAction","target":{"@type":"EntryPoint","urlTemplate":"https:\/\/rembrr.com\/?s={search_term_string}"},"query-input":{"@type":"PropertyValueSpecification","valueRequired":true,"valueName":"search_term_string"}}],"inLanguage":"en-US"},{"@type":"Organization","@id":"https:\/\/rembrr.com\/#organization","name":"Remember","url":"https:\/\/rembrr.com\/","logo":{"@type":"ImageObject","inLanguage":"en-US","@id":"https:\/\/rembrr.com\/#\/schema\/logo\/image\/","url":"https:\/\/rembrr.com\/wp-content\/uploads\/2025\/06\/logo-horizontal.webp","contentUrl":"https:\/\/rembrr.com\/wp-content\/uploads\/2025\/06\/logo-horizontal.webp","width":500,"height":112,"caption":"Rembrr"},"image":{"@id":"https:\/\/rembrr.com\/#\/schema\/logo\/image\/"}}]}},"_links":{"self":[{"href":"https:\/\/rembrr.com\/en\/wp-json\/wp\/v2\/pages\/1540","targetHints":{"allow":["GET"]}}],"collection":[{"href":"https:\/\/rembrr.com\/en\/wp-json\/wp\/v2\/pages"}],"about":[{"href":"https:\/\/rembrr.com\/en\/wp-json\/wp\/v2\/types\/page"}],"author":[{"embeddable":true,"href":"https:\/\/rembrr.com\/en\/wp-json\/wp\/v2\/users\/2"}],"replies":[{"embeddable":true,"href":"https:\/\/rembrr.com\/en\/wp-json\/wp\/v2\/comments?post=1540"}],"version-history":[{"count":13,"href":"https:\/\/rembrr.com\/en\/wp-json\/wp\/v2\/pages\/1540\/revisions"}],"predecessor-version":[{"id":2052,"href":"https:\/\/rembrr.com\/en\/wp-json\/wp\/v2\/pages\/1540\/revisions\/2052"}],"wp:attachment":[{"href":"https:\/\/rembrr.com\/en\/wp-json\/wp\/v2\/media?parent=1540"}],"curies":[{"name":"wp","href":"https:\/\/api.w.org\/{rel}","templated":true}]}}