{"id":1618,"date":"2025-10-12T10:12:49","date_gmt":"2025-10-12T15:12:49","guid":{"rendered":"https:\/\/rembrr.com\/?page_id=1618"},"modified":"2026-01-05T14:44:19","modified_gmt":"2026-01-05T19:44:19","slug":"help","status":"publish","type":"page","link":"https:\/\/rembrr.com\/en\/help\/","title":{"rendered":"Help"},"content":{"rendered":"<div data-elementor-type=\"wp-page\" data-elementor-id=\"1618\" class=\"elementor elementor-1618\" data-elementor-post-type=\"page\">\n\t\t\t\t<div class=\"elementor-element elementor-element-5ae06a9 e-flex e-con-boxed e-con e-parent\" data-id=\"5ae06a9\" data-element_type=\"container\" data-e-type=\"container\">\n\t\t\t\t\t<div class=\"e-con-inner\">\n\t\t<div class=\"elementor-element elementor-element-5954d99 e-con-full e-flex e-con e-child\" data-id=\"5954d99\" data-element_type=\"container\" data-e-type=\"container\">\n\t\t\t\t<div class=\"elementor-element elementor-element-a545d35 elementor-widget elementor-widget-heading\" data-id=\"a545d35\" data-element_type=\"widget\" data-e-type=\"widget\" data-widget_type=\"heading.default\">\n\t\t\t\t<div class=\"elementor-widget-container\">\n\t\t\t\t\t<h2 class=\"elementor-heading-title elementor-size-default\">How can we help you?<\/h2>\t\t\t\t<\/div>\n\t\t\t\t<\/div>\n\t\t\t\t<div class=\"elementor-element elementor-element-d7d8976 elementor-widget__width-initial elementor-widget elementor-widget-search\" data-id=\"d7d8976\" data-element_type=\"widget\" data-e-type=\"widget\" data-settings=\"{&quot;submit_trigger&quot;:&quot;both&quot;,&quot;live_results&quot;:&quot;yes&quot;,&quot;pagination_type_options&quot;:&quot;none&quot;,&quot;results_is_dropdown_width&quot;:&quot;search_field&quot;}\" data-widget_type=\"search.default\">\n\t\t\t\t<div class=\"elementor-widget-container\">\n\t\t\t\t\t\t\t<search class=\"e-search hidden\" role=\"search\">\n\t\t\t<form class=\"e-search-form\" action=\"https:\/\/rembrr.com\/en\/\" method=\"get\" data-trp-original-action=\"https:\/\/rembrr.com\/en\">\n\n\t\t\t\t\n\t\t\t\t<label class=\"e-search-label\" for=\"search-d7d8976\">\n\t\t\t\t\t<span class=\"elementor-screen-only\">\n\t\t\t\t\t\tSearch\t\t\t\t\t<\/span>\n\t\t\t\t\t\t\t\t\t<\/label>\n\n\t\t\t\t<div class=\"e-search-input-wrapper\">\n\t\t\t\t\t<input id=\"search-d7d8976\" placeholder=\"Search everything about Rembrr\" class=\"e-search-input\" type=\"search\" name=\"s\" value=\"\" autocomplete=\"on\" role=\"combobox\" aria-autocomplete=\"list\" aria-expanded=\"false\" aria-controls=\"results-d7d8976\" aria-haspopup=\"listbox\">\n\t\t\t\t\t<svg aria-hidden=\"true\" class=\"e-font-icon-svg e-fas-times\" viewbox=\"0 0 352 512\" xmlns=\"http:\/\/www.w3.org\/2000\/svg\"><path d=\"M242.72 256l100.07-100.07c12.28-12.28 12.28-32.19 0-44.48l-22.24-22.24c-12.28-12.28-32.19-12.28-44.48 0L176 189.28 75.93 89.21c-12.28-12.28-32.19-12.28-44.48 0L9.21 111.45c-12.28 12.28-12.28 32.19 0 44.48L109.28 256 9.21 356.07c-12.28 12.28-12.28 32.19 0 44.48l22.24 22.24c12.28 12.28 32.2 12.28 44.48 0L176 322.72l100.07 100.07c12.28 12.28 32.2 12.28 44.48 0l22.24-22.24c12.28-12.28 12.28-32.19 0-44.48L242.72 256z\"><\/path><\/svg>\t\t\t\t\t\t\t\t\t\t<output id=\"results-d7d8976\" class=\"e-search-results-container hide-loader\" aria-live=\"polite\" aria-atomic=\"true\" aria-label=\"Results for search\" tabindex=\"0\">\n\t\t\t\t\t\t<div class=\"e-search-results\"><\/div>\n\t\t\t\t\t\t\t\t\t\t\t<\/output>\n\t\t\t\t\t\t\t\t\t<\/div>\n\t\t\t\t\n\t\t\t\t\n\t\t\t\t<button class=\"e-search-submit\" type=\"submit\">\n\t\t\t\t\t\n\t\t\t\t\t\t\t\t\t\t<span class=\"\">\n\t\t\t\t\t\tSearch\t\t\t\t\t<\/span>\n\t\t\t\t\t\t\t\t\t<\/button>\n\t\t\t\t<input type=\"hidden\" name=\"e_search_props\" value=\"d7d8976-1618\">\n\t\t\t<input type=\"hidden\" name=\"trp-form-language\" value=\"en\"\/><\/form>\n\t\t<\/search>\n\t\t\t\t\t\t<\/div>\n\t\t\t\t<\/div>\n\t\t\t\t<\/div>\n\t\t\t\t\t<\/div>\n\t\t\t\t<\/div>\n\t\t<div class=\"elementor-element elementor-element-4c0a775 e-flex e-con-boxed e-con e-parent\" data-id=\"4c0a775\" data-element_type=\"container\" data-e-type=\"container\">\n\t\t\t\t\t<div class=\"e-con-inner\">\n\t\t<div class=\"elementor-element elementor-element-92df3d4 e-con-full e-flex e-con e-child\" data-id=\"92df3d4\" data-element_type=\"container\" data-e-type=\"container\">\n\t\t\t\t<div class=\"elementor-element elementor-element-c815164 elementor-widget__width-initial elementor-view-default elementor-position-block-start elementor-mobile-position-block-start elementor-widget elementor-widget-icon-box\" data-id=\"c815164\" data-element_type=\"widget\" data-e-type=\"widget\" data-widget_type=\"icon-box.default\">\n\t\t\t\t<div class=\"elementor-widget-container\">\n\t\t\t\t\t\t\t<div class=\"elementor-icon-box-wrapper\">\n\n\t\t\t\t\t\t<div class=\"elementor-icon-box-icon\">\n\t\t\t\t<a href=\"https:\/\/rembrr.com\/en\/primeros-pasos\/\" class=\"elementor-icon\" tabindex=\"-1\" aria-label=\"Getting Started\">\n\t\t\t\t<svg xmlns=\"http:\/\/www.w3.org\/2000\/svg\" xmlns:xlink=\"http:\/\/www.w3.org\/1999\/xlink\" id=\"Capa_1\" x=\"0px\" y=\"0px\" viewbox=\"0 0 50 50\" overflow=\"visible\" xml:space=\"preserve\"><g>\t<circle fill=\"#666666\" cx=\"10.7\" cy=\"25\" r=\"4.2\"><\/circle>\t<circle fill=\"#666666\" cx=\"25\" cy=\"25\" r=\"4.2\"><\/circle>\t<circle fill=\"#666666\" cx=\"39.3\" cy=\"25\" r=\"4.2\"><\/circle><\/g><\/svg>\t\t\t\t<\/a>\n\t\t\t<\/div>\n\t\t\t\n\t\t\t\t\t\t<div class=\"elementor-icon-box-content\">\n\n\t\t\t\t\t\t\t\t\t<h3 class=\"elementor-icon-box-title\">\n\t\t\t\t\t\t<a href=\"https:\/\/rembrr.com\/en\/primeros-pasos\/\" >\n\t\t\t\t\t\t\tGetting Started\t\t\t\t\t\t<\/a>\n\t\t\t\t\t<\/h3>\n\t\t\t\t\n\t\t\t\t\t\t\t\t\t<p class=\"elementor-icon-box-description\">\n\t\t\t\t\t\tLearn how to install, set up, and start using Rembrr from scratch. Step-by-step guides so you can begin taking advantage of all features from day one.\t\t\t\t\t<\/p>\n\t\t\t\t\n\t\t\t<\/div>\n\t\t\t\n\t\t<\/div>\n\t\t\t\t\t\t<\/div>\n\t\t\t\t<\/div>\n\t\t\t\t<div class=\"elementor-element elementor-element-d1b4bd1 elementor-widget__width-initial elementor-view-default elementor-position-block-start elementor-mobile-position-block-start elementor-widget elementor-widget-icon-box\" data-id=\"d1b4bd1\" data-element_type=\"widget\" data-e-type=\"widget\" data-widget_type=\"icon-box.default\">\n\t\t\t\t<div class=\"elementor-widget-container\">\n\t\t\t\t\t\t\t<div class=\"elementor-icon-box-wrapper\">\n\n\t\t\t\t\t\t<div class=\"elementor-icon-box-icon\">\n\t\t\t\t<a href=\"https:\/\/rembrr.com\/en\/funciones-clave\/\" class=\"elementor-icon\" tabindex=\"-1\" aria-label=\"Key Features\">\n\t\t\t\t<svg xmlns=\"http:\/\/www.w3.org\/2000\/svg\" xmlns:xlink=\"http:\/\/www.w3.org\/1999\/xlink\" id=\"Capa_1\" x=\"0px\" y=\"0px\" viewbox=\"0 0 50 50\" overflow=\"visible\" xml:space=\"preserve\"><g>\t<g>\t\t<path fill=\"#666666\" d=\"M42,18.2H19.6c-0.8,0-1.5-0.7-1.5-1.5s0.7-1.5,1.5-1.5H42c0.8,0,1.5,0.7,1.5,1.5S42.8,18.2,42,18.2z\"><\/path>\t<\/g>\t<g>\t\t<path fill=\"#666666\" d=\"M42,27.4H19.6c-0.8,0-1.5-0.7-1.5-1.5s0.7-1.5,1.5-1.5H42c0.8,0,1.5,0.7,1.5,1.5S42.8,27.4,42,27.4z\"><\/path>\t<\/g>\t<g>\t\t<path fill=\"#666666\" d=\"M42,36.6H19.6c-0.8,0-1.5-0.7-1.5-1.5s0.7-1.5,1.5-1.5H42c0.8,0,1.5,0.7,1.5,1.5S42.8,36.6,42,36.6z\"><\/path>\t<\/g><\/g><g>\t<g>\t\t<path fill=\"#666666\" d=\"M11.5,18.2L10,19c-0.3,0.2-0.6-0.1-0.6-0.4l0.3-1.8c0-0.1,0-0.3-0.1-0.4l-1.3-1.2C8,15,8.2,14.6,8.5,14.5   l1.8-0.3c0.1,0,0.2-0.1,0.3-0.2l0.8-1.6c0.1-0.3,0.6-0.3,0.7,0l0.8,1.6c0.1,0.1,0.2,0.2,0.3,0.2l1.8,0.3c0.3,0,0.5,0.5,0.2,0.7   l-1.3,1.2c-0.1,0.1-0.1,0.2-0.1,0.4l0.3,1.8c0.1,0.3-0.3,0.6-0.6,0.4l-1.6-0.8C11.8,18.1,11.7,18.1,11.5,18.2z\"><\/path>\t<\/g>\t<g>\t\t<path fill=\"#666666\" d=\"M11.5,27.4L10,28.3c-0.3,0.2-0.6-0.1-0.6-0.4l0.3-1.8c0-0.1,0-0.3-0.1-0.4l-1.3-1.2   c-0.2-0.2-0.1-0.6,0.2-0.7l1.8-0.3c0.1,0,0.2-0.1,0.3-0.2l0.8-1.6c0.1-0.3,0.6-0.3,0.7,0l0.8,1.6c0.1,0.1,0.2,0.2,0.3,0.2l1.8,0.3   c0.3,0,0.5,0.5,0.2,0.7l-1.3,1.2c-0.1,0.1-0.1,0.2-0.1,0.4l0.3,1.8c0.1,0.3-0.3,0.6-0.6,0.4l-1.6-0.8   C11.8,27.4,11.7,27.4,11.5,27.4z\"><\/path>\t<\/g>\t<g>\t\t<path fill=\"#666666\" d=\"M11.5,36.7L10,37.5c-0.3,0.2-0.6-0.1-0.6-0.4l0.3-1.8c0-0.1,0-0.3-0.1-0.4l-1.3-1.2   C8,33.5,8.2,33.1,8.5,33l1.8-0.3c0.1,0,0.2-0.1,0.3-0.2l0.8-1.6c0.1-0.3,0.6-0.3,0.7,0l0.8,1.6c0.1,0.1,0.2,0.2,0.3,0.2L15,33   c0.3,0,0.5,0.5,0.2,0.7L13.9,35c-0.1,0.1-0.1,0.2-0.1,0.4l0.3,1.8c0.1,0.3-0.3,0.6-0.6,0.4l-1.6-0.8   C11.8,36.6,11.7,36.6,11.5,36.7z\"><\/path>\t<\/g><\/g><\/svg>\t\t\t\t<\/a>\n\t\t\t<\/div>\n\t\t\t\n\t\t\t\t\t\t<div class=\"elementor-icon-box-content\">\n\n\t\t\t\t\t\t\t\t\t<h3 class=\"elementor-icon-box-title\">\n\t\t\t\t\t\t<a href=\"https:\/\/rembrr.com\/en\/funciones-clave\/\" >\n\t\t\t\t\t\t\tKey Features\t\t\t\t\t\t<\/a>\n\t\t\t\t\t<\/h3>\n\t\t\t\t\n\t\t\t\t\t\t\t\t\t<p class=\"elementor-icon-box-description\">\n\t\t\t\t\t\tDiscover the tools that make Rembrr your ideal assistant. Learn how to create boards, organize tasks, schedule events, and more.\t\t\t\t\t<\/p>\n\t\t\t\t\n\t\t\t<\/div>\n\t\t\t\n\t\t<\/div>\n\t\t\t\t\t\t<\/div>\n\t\t\t\t<\/div>\n\t\t\t\t<div class=\"elementor-element elementor-element-3f85f23 elementor-widget__width-initial elementor-view-default elementor-position-block-start elementor-mobile-position-block-start elementor-widget elementor-widget-icon-box\" data-id=\"3f85f23\" data-element_type=\"widget\" data-e-type=\"widget\" data-widget_type=\"icon-box.default\">\n\t\t\t\t<div class=\"elementor-widget-container\">\n\t\t\t\t\t\t\t<div class=\"elementor-icon-box-wrapper\">\n\n\t\t\t\t\t\t<div class=\"elementor-icon-box-icon\">\n\t\t\t\t<a href=\"https:\/\/rembrr.com\/en\/cuenta-soporte\/\" class=\"elementor-icon\" tabindex=\"-1\" aria-label=\"Cuenta &amp; soporte\">\n\t\t\t\t<svg xmlns=\"http:\/\/www.w3.org\/2000\/svg\" xmlns:xlink=\"http:\/\/www.w3.org\/1999\/xlink\" id=\"Capa_1\" x=\"0px\" y=\"0px\" viewbox=\"0 0 50 50\" xml:space=\"preserve\"><path fill=\"#4E4D4D\" d=\"M41.8,24C41.5,15,34.1,7.8,25,7.8S8.5,15,8.2,24C6.4,24.2,5,25.7,5,27.5v4.1c0,1.9,1.6,3.5,3.5,3.5h3.7V24 H10c0.3-8,6.9-14.4,15-14.4S39.7,16,40,24h-2.2v11.1H40v0.1v0.5c0,2.3-1.8,4.1-4.1,4.1h-6.2c-0.3-0.5-0.9-0.9-1.5-0.9h-2.4 c-1,0-1.8,0.8-1.8,1.8s0.8,1.8,1.8,1.8h2.4c0.7,0,1.2-0.4,1.5-0.9h6.2c3.2,0,5.8-2.6,5.8-5.8v-0.5v-0.1c1.8-0.1,3.2-1.6,3.2-3.5 v-4.1C45,25.7,43.6,24.2,41.8,24z\"><\/path><\/svg>\t\t\t\t<\/a>\n\t\t\t<\/div>\n\t\t\t\n\t\t\t\t\t\t<div class=\"elementor-icon-box-content\">\n\n\t\t\t\t\t\t\t\t\t<h3 class=\"elementor-icon-box-title\">\n\t\t\t\t\t\t<a href=\"https:\/\/rembrr.com\/en\/cuenta-soporte\/\" >\n\t\t\t\t\t\t\tAccount &amp; Support\t\t\t\t\t\t<\/a>\n\t\t\t\t\t<\/h3>\n\t\t\t\t\n\t\t\t\t\t\t\t\t\t<p class=\"elementor-icon-box-description\">\n\t\t\t\t\t\tEncuentra ayuda para gestionar tu cuenta, recuperar acceso, administrar tus suscripciones o contactar a nuestro equipo de soporte.\t\t\t\t\t<\/p>\n\t\t\t\t\n\t\t\t<\/div>\n\t\t\t\n\t\t<\/div>\n\t\t\t\t\t\t<\/div>\n\t\t\t\t<\/div>\n\t\t\t\t<\/div>\n\t\t\t\t<div class=\"elementor-element elementor-element-792117b elementor-widget-divider--view-line elementor-widget elementor-widget-divider\" data-id=\"792117b\" data-element_type=\"widget\" data-e-type=\"widget\" data-widget_type=\"divider.default\">\n\t\t\t\t<div class=\"elementor-widget-container\">\n\t\t\t\t\t\t\t<div class=\"elementor-divider\">\n\t\t\t<span class=\"elementor-divider-separator\">\n\t\t\t\t\t\t<\/span>\n\t\t<\/div>\n\t\t\t\t\t\t<\/div>\n\t\t\t\t<\/div>\n\t\t\t\t<div class=\"elementor-element elementor-element-855e6c1 elementor-widget elementor-widget-html\" data-id=\"855e6c1\" data-element_type=\"widget\" data-e-type=\"widget\" data-widget_type=\"html.default\">\n\t\t\t\t<div class=\"elementor-widget-container\">\n\t\t\t\t\t<style>\r\n\/* Manito en toda la caja de icono *\/\r\n.elementor-icon-box-wrapper,\r\n.elementor-icon-box-wrapper * {\r\n    cursor: pointer !important;\r\n}\r\n<\/style>\r\n\r\n<script>\r\n\/\/ Delegaci\u00f3n global: cualquier clic en una caja de icono\r\ndocument.addEventListener('click', function (e) {\r\n    \/\/ \u00bfHiciste clic dentro de una caja de \u00edcono?\r\n    const box = e.target.closest('.elementor-icon-box-wrapper');\r\n    if (!box) return;\r\n\r\n    \/\/ Si ya est\u00e1s clicando directamente en un enlace, deja que Elementor haga lo suyo\r\n    if (e.target.closest('a')) return;\r\n\r\n    \/\/ Busca el enlace interno que ya abre el popup (el de icono\/t\u00edtulo)\r\n    const link = box.querySelector('a');\r\n    if (!link) return;\r\n\r\n    \/\/ Simula el clic en ese enlace: esto dispara el popup\r\n    link.click();\r\n});\r\n<\/script>\r\n\t\t\t\t<\/div>\n\t\t\t\t<\/div>\n\t\t\t\t\t<\/div>\n\t\t\t\t<\/div>\n\t\t\t\t<\/div>","protected":false},"excerpt":{"rendered":"<p>\u00bfC\u00f3mo podemos ayudarte? Buscar Buscar Primeros pasos Aprende a instalar, configurar y comenzar a usar Rembrr desde cero. Gu\u00edas sencillas para que empieces a aprovechar todas las funciones desde el primer d\u00eda. Funciones clave Descubre las herramientas que hacen de Rembrr tu asistente ideal. Aprende c\u00f3mo crear tableros, organizar tareas, programar eventos y m\u00e1s. Cuenta [&hellip;]<\/p>\n","protected":false},"author":2,"featured_media":0,"parent":0,"menu_order":0,"comment_status":"closed","ping_status":"closed","template":"elementor_header_footer","meta":{"footnotes":""},"class_list":["post-1618","page","type-page","status-publish","hentry"],"yoast_head":"<!-- This site is optimized with the Yoast SEO plugin v27.0 - https:\/\/yoast.com\/product\/yoast-seo-wordpress\/ -->\n<title>Help - Rembrr<\/title>\n<meta name=\"robots\" content=\"index, follow, max-snippet:-1, max-image-preview:large, max-video-preview:-1\" \/>\n<link rel=\"canonical\" href=\"https:\/\/rembrr.com\/en\/help\/\" \/>\n<meta property=\"og:locale\" content=\"en_US\" \/>\n<meta property=\"og:type\" content=\"article\" \/>\n<meta property=\"og:title\" content=\"Help - Rembrr\" \/>\n<meta property=\"og:description\" content=\"\u00bfC\u00f3mo podemos ayudarte? Buscar Buscar Primeros pasos Aprende a instalar, configurar y comenzar a usar Rembrr desde cero. Gu\u00edas sencillas para que empieces a aprovechar todas las funciones desde el primer d\u00eda. Funciones clave Descubre las herramientas que hacen de Rembrr tu asistente ideal. Aprende c\u00f3mo crear tableros, organizar tareas, programar eventos y m\u00e1s. Cuenta [&hellip;]\" \/>\n<meta property=\"og:url\" content=\"https:\/\/rembrr.com\/en\/help\/\" \/>\n<meta property=\"og:site_name\" content=\"Rembrr\" \/>\n<meta property=\"article:modified_time\" content=\"2026-01-05T19:44:19+00:00\" \/>\n<meta name=\"twitter:card\" content=\"summary_large_image\" \/>\n<script type=\"application\/ld+json\" class=\"yoast-schema-graph\">{\"@context\":\"https:\/\/schema.org\",\"@graph\":[{\"@type\":\"WebPage\",\"@id\":\"https:\/\/rembrr.com\/help\/\",\"url\":\"https:\/\/rembrr.com\/help\/\",\"name\":\"Help - Rembrr\",\"isPartOf\":{\"@id\":\"https:\/\/rembrr.com\/#website\"},\"datePublished\":\"2025-10-12T15:12:49+00:00\",\"dateModified\":\"2026-01-05T19:44:19+00:00\",\"breadcrumb\":{\"@id\":\"https:\/\/rembrr.com\/help\/#breadcrumb\"},\"inLanguage\":\"en-US\",\"potentialAction\":[{\"@type\":\"ReadAction\",\"target\":[\"https:\/\/rembrr.com\/help\/\"]}]},{\"@type\":\"BreadcrumbList\",\"@id\":\"https:\/\/rembrr.com\/help\/#breadcrumb\",\"itemListElement\":[{\"@type\":\"ListItem\",\"position\":1,\"name\":\"Portada\",\"item\":\"https:\/\/rembrr.com\/\"},{\"@type\":\"ListItem\",\"position\":2,\"name\":\"Help\"}]},{\"@type\":\"WebSite\",\"@id\":\"https:\/\/rembrr.com\/#website\",\"url\":\"https:\/\/rembrr.com\/\",\"name\":\"Rembrr\",\"description\":\"Logra m\u00e1s\",\"publisher\":{\"@id\":\"https:\/\/rembrr.com\/#organization\"},\"potentialAction\":[{\"@type\":\"SearchAction\",\"target\":{\"@type\":\"EntryPoint\",\"urlTemplate\":\"https:\/\/rembrr.com\/?s={search_term_string}\"},\"query-input\":{\"@type\":\"PropertyValueSpecification\",\"valueRequired\":true,\"valueName\":\"search_term_string\"}}],\"inLanguage\":\"en-US\"},{\"@type\":\"Organization\",\"@id\":\"https:\/\/rembrr.com\/#organization\",\"name\":\"Rembrr\",\"url\":\"https:\/\/rembrr.com\/\",\"logo\":{\"@type\":\"ImageObject\",\"inLanguage\":\"en-US\",\"@id\":\"https:\/\/rembrr.com\/#\/schema\/logo\/image\/\",\"url\":\"https:\/\/rembrr.com\/wp-content\/uploads\/2025\/06\/logo-horizontal.webp\",\"contentUrl\":\"https:\/\/rembrr.com\/wp-content\/uploads\/2025\/06\/logo-horizontal.webp\",\"width\":500,\"height\":112,\"caption\":\"Rembrr\"},\"image\":{\"@id\":\"https:\/\/rembrr.com\/#\/schema\/logo\/image\/\"}}]}<\/script>\n<!-- \/ Yoast SEO plugin. -->","yoast_head_json":{"title":"Help - Rembrr","robots":{"index":"index","follow":"follow","max-snippet":"max-snippet:-1","max-image-preview":"max-image-preview:large","max-video-preview":"max-video-preview:-1"},"canonical":"https:\/\/rembrr.com\/en\/help\/","og_locale":"en_US","og_type":"article","og_title":"Help - Rembrr","og_description":"\u00bfC\u00f3mo podemos ayudarte? Buscar Buscar Primeros pasos Aprende a instalar, configurar y comenzar a usar Rembrr desde cero. Gu\u00edas sencillas para que empieces a aprovechar todas las funciones desde el primer d\u00eda. Funciones clave Descubre las herramientas que hacen de Rembrr tu asistente ideal. Aprende c\u00f3mo crear tableros, organizar tareas, programar eventos y m\u00e1s. Cuenta [&hellip;]","og_url":"https:\/\/rembrr.com\/en\/help\/","og_site_name":"Rembrr","article_modified_time":"2026-01-05T19:44:19+00:00","twitter_card":"summary_large_image","schema":{"@context":"https:\/\/schema.org","@graph":[{"@type":"WebPage","@id":"https:\/\/rembrr.com\/help\/","url":"https:\/\/rembrr.com\/help\/","name":"Help - Rembrr","isPartOf":{"@id":"https:\/\/rembrr.com\/#website"},"datePublished":"2025-10-12T15:12:49+00:00","dateModified":"2026-01-05T19:44:19+00:00","breadcrumb":{"@id":"https:\/\/rembrr.com\/help\/#breadcrumb"},"inLanguage":"en-US","potentialAction":[{"@type":"ReadAction","target":["https:\/\/rembrr.com\/help\/"]}]},{"@type":"BreadcrumbList","@id":"https:\/\/rembrr.com\/help\/#breadcrumb","itemListElement":[{"@type":"ListItem","position":1,"name":"Portada","item":"https:\/\/rembrr.com\/"},{"@type":"ListItem","position":2,"name":"Help"}]},{"@type":"WebSite","@id":"https:\/\/rembrr.com\/#website","url":"https:\/\/rembrr.com\/","name":"Rembrr","description":"Logra m\u00e1s","publisher":{"@id":"https:\/\/rembrr.com\/#organization"},"potentialAction":[{"@type":"SearchAction","target":{"@type":"EntryPoint","urlTemplate":"https:\/\/rembrr.com\/?s={search_term_string}"},"query-input":{"@type":"PropertyValueSpecification","valueRequired":true,"valueName":"search_term_string"}}],"inLanguage":"en-US"},{"@type":"Organization","@id":"https:\/\/rembrr.com\/#organization","name":"Rembrr","url":"https:\/\/rembrr.com\/","logo":{"@type":"ImageObject","inLanguage":"en-US","@id":"https:\/\/rembrr.com\/#\/schema\/logo\/image\/","url":"https:\/\/rembrr.com\/wp-content\/uploads\/2025\/06\/logo-horizontal.webp","contentUrl":"https:\/\/rembrr.com\/wp-content\/uploads\/2025\/06\/logo-horizontal.webp","width":500,"height":112,"caption":"Rembrr"},"image":{"@id":"https:\/\/rembrr.com\/#\/schema\/logo\/image\/"}}]}},"_links":{"self":[{"href":"https:\/\/rembrr.com\/en\/wp-json\/wp\/v2\/pages\/1618","targetHints":{"allow":["GET"]}}],"collection":[{"href":"https:\/\/rembrr.com\/en\/wp-json\/wp\/v2\/pages"}],"about":[{"href":"https:\/\/rembrr.com\/en\/wp-json\/wp\/v2\/types\/page"}],"author":[{"embeddable":true,"href":"https:\/\/rembrr.com\/en\/wp-json\/wp\/v2\/users\/2"}],"replies":[{"embeddable":true,"href":"https:\/\/rembrr.com\/en\/wp-json\/wp\/v2\/comments?post=1618"}],"version-history":[{"count":98,"href":"https:\/\/rembrr.com\/en\/wp-json\/wp\/v2\/pages\/1618\/revisions"}],"predecessor-version":[{"id":4778,"href":"https:\/\/rembrr.com\/en\/wp-json\/wp\/v2\/pages\/1618\/revisions\/4778"}],"wp:attachment":[{"href":"https:\/\/rembrr.com\/en\/wp-json\/wp\/v2\/media?parent=1618"}],"curies":[{"name":"wp","href":"https:\/\/api.w.org\/{rel}","templated":true}]}}