{"id":1755,"date":"2025-10-12T23:41:53","date_gmt":"2025-10-13T04:41:53","guid":{"rendered":"https:\/\/rembrr.com\/?page_id=1755"},"modified":"2026-03-13T16:58:50","modified_gmt":"2026-03-13T21:58:50","slug":"instalar-rembrr","status":"publish","type":"page","link":"https:\/\/rembrr.com\/en\/help\/primeros-pasos\/instalar-rembrr\/","title":{"rendered":"Install Rembrr"},"content":{"rendered":"\t\t<div data-elementor-type=\"wp-page\" data-elementor-id=\"1755\" class=\"elementor elementor-1755\" data-elementor-post-type=\"page\">\n\t\t\t\t<div class=\"elementor-element elementor-element-dafc3f5 e-flex e-con-boxed e-con e-parent\" data-id=\"dafc3f5\" data-element_type=\"container\" data-e-type=\"container\">\n\t\t\t\t\t<div class=\"e-con-inner\">\n\t\t\t\t<div class=\"elementor-element elementor-element-d7896c4 elementor-widget elementor-widget-breadcrumbs\" data-id=\"d7896c4\" data-element_type=\"widget\" data-e-type=\"widget\" data-widget_type=\"breadcrumbs.default\">\n\t\t\t\t<div class=\"elementor-widget-container\">\n\t\t\t\t\t<p id=\"breadcrumbs\"><span><span><a href=\"https:\/\/rembrr.com\/\">Portada<\/a><\/span><\/span><\/p>\t\t\t\t<\/div>\n\t\t\t\t<\/div>\n\t\t\t\t\t<\/div>\n\t\t\t\t<\/div>\n\t\t<div class=\"elementor-element elementor-element-d7dd4bc e-flex e-con-boxed e-con e-parent\" data-id=\"d7dd4bc\" data-element_type=\"container\" data-e-type=\"container\">\n\t\t\t\t\t<div class=\"e-con-inner\">\n\t\t<div class=\"elementor-element elementor-element-7b03270 e-con-full e-flex e-con e-child\" data-id=\"7b03270\" data-element_type=\"container\" data-e-type=\"container\">\n\t\t\t\t<div class=\"elementor-element elementor-element-bd82fb3 elementor-widget elementor-widget-heading\" data-id=\"bd82fb3\" data-element_type=\"widget\" data-e-type=\"widget\" data-widget_type=\"heading.default\">\n\t\t\t\t<div class=\"elementor-widget-container\">\n\t\t\t\t\t<p class=\"elementor-heading-title elementor-size-default\">October 12, 2025<\/p>\t\t\t\t<\/div>\n\t\t\t\t<\/div>\n\t\t\t\t<div class=\"elementor-element elementor-element-5c23cf2 elementor-widget-divider--view-line elementor-widget elementor-widget-divider\" data-id=\"5c23cf2\" data-element_type=\"widget\" data-e-type=\"widget\" data-widget_type=\"divider.default\">\n\t\t\t\t<div class=\"elementor-widget-container\">\n\t\t\t\t\t\t\t<div class=\"elementor-divider\">\n\t\t\t<span class=\"elementor-divider-separator\">\n\t\t\t\t\t\t<\/span>\n\t\t<\/div>\n\t\t\t\t\t\t<\/div>\n\t\t\t\t<\/div>\n\t\t\t\t<div class=\"elementor-element elementor-element-159950a elementor-widget elementor-widget-text-editor\" data-id=\"159950a\" data-element_type=\"widget\" data-e-type=\"widget\" data-widget_type=\"text-editor.default\">\n\t\t\t\t<div class=\"elementor-widget-container\">\n\t\t\t\t\t\t\t\t\t<p>En este art\u00edculo aprender\u00e1s c\u00f3mo descargar, instalar y activar la aplicaci\u00f3n <strong data-start=\"699\" data-end=\"709\">Rembrr<\/strong> en tu dispositivo m\u00f3vil. La app est\u00e1 disponible para sistemas <strong data-start=\"772\" data-end=\"783\">Android<\/strong> y <strong data-start=\"786\" data-end=\"793\">iOS<\/strong>, y te permitir\u00e1 acceder f\u00e1cilmente a tus servicios, gestionar tus suscripciones y recibir notificaciones importantes desde cualquier lugar.<\/p>\t\t\t\t\t\t\t\t<\/div>\n\t\t\t\t<\/div>\n\t\t\t\t<div class=\"elementor-element elementor-element-0bf6e94 elementor-widget elementor-widget-heading\" data-id=\"0bf6e94\" data-element_type=\"widget\" data-e-type=\"widget\" data-widget_type=\"heading.default\">\n\t\t\t\t<div class=\"elementor-widget-container\">\n\t\t\t\t\t<h2 class=\"elementor-heading-title elementor-size-default\">Instalar Rembrr en Android<\/h2>\t\t\t\t<\/div>\n\t\t\t\t<\/div>\n\t\t\t\t<div class=\"elementor-element elementor-element-e8a9b40 elementor-widget elementor-widget-image\" data-id=\"e8a9b40\" data-element_type=\"widget\" data-e-type=\"widget\" data-widget_type=\"image.default\">\n\t\t\t\t<div class=\"elementor-widget-container\">\n\t\t\t\t\t\t\t\t\t\t\t\t\t\t\t<img fetchpriority=\"high\" decoding=\"async\" width=\"600\" height=\"564\" src=\"https:\/\/rembrr.com\/wp-content\/uploads\/2025\/10\/play-store.jpg\" class=\"attachment-large size-large wp-image-1772\" alt=\"\" srcset=\"https:\/\/rembrr.com\/wp-content\/uploads\/2025\/10\/play-store.jpg 600w, https:\/\/rembrr.com\/wp-content\/uploads\/2025\/10\/play-store-300x282.jpg 300w\" sizes=\"(max-width: 600px) 100vw, 600px\" \/>\t\t\t\t\t\t\t\t\t\t\t\t\t\t\t<\/div>\n\t\t\t\t<\/div>\n\t\t\t\t<div class=\"elementor-element elementor-element-72290cf elementor-widget elementor-widget-text-editor\" data-id=\"72290cf\" data-element_type=\"widget\" data-e-type=\"widget\" data-widget_type=\"text-editor.default\">\n\t\t\t\t<div class=\"elementor-widget-container\">\n\t\t\t\t\t\t\t\t\t<h3 data-start=\"940\" data-end=\"986\">\u00a0<strong style=\"font-size: 16px;\" data-start=\"991\" data-end=\"1017\">Abre Google Play Store<\/strong><span style=\"font-size: 16px;\"> en tu tel\u00e9fono o tableta Android.<\/span><\/h3><ol data-start=\"988\" data-end=\"1546\"><li data-start=\"1054\" data-end=\"1172\"><p data-start=\"1057\" data-end=\"1172\">En la barra de b\u00fasqueda, escribe <strong data-start=\"1090\" data-end=\"1102\">\u201cRembrr\u201d<\/strong> y selecciona la aplicaci\u00f3n oficial desarrollada por <strong data-start=\"1155\" data-end=\"1170\">REMBRR INC.<\/strong><\/p><\/li><li data-start=\"1173\" data-end=\"1205\"><p data-start=\"1176\" data-end=\"1205\">Toca el bot\u00f3n <strong data-start=\"1190\" data-end=\"1202\">Instalar<\/strong>.<\/p><\/li><li data-start=\"1206\" data-end=\"1289\"><p data-start=\"1209\" data-end=\"1289\">Una vez finalizada la instalaci\u00f3n, abre la aplicaci\u00f3n desde el men\u00fa principal.<\/p><\/li><li data-start=\"1290\" data-end=\"1433\"><p data-start=\"1293\" data-end=\"1433\">En la primera apertura, acepta los <strong data-start=\"1328\" data-end=\"1354\">t\u00e9rminos y condiciones<\/strong> y concede los permisos necesarios (notificaciones, acceso a internet, etc.).<\/p><\/li><li data-start=\"1434\" data-end=\"1546\"><p data-start=\"1437\" data-end=\"1546\">Inicia sesi\u00f3n con tu <strong data-start=\"1458\" data-end=\"1480\">correo electr\u00f3nico<\/strong> registrado o selecciona <strong data-start=\"1505\" data-end=\"1523\">\u201cCrear cuenta\u201d<\/strong> si eres nuevo usuario.<\/p><\/li><\/ol><p data-start=\"1548\" data-end=\"1683\"><strong data-start=\"1551\" data-end=\"1560\">Nota:<\/strong> Si no encuentras la app, aseg\u00farate de tener actualizada la versi\u00f3n m\u00ednima de Android (recomendada: Android 10 o superior).<\/p>\t\t\t\t\t\t\t\t<\/div>\n\t\t\t\t<\/div>\n\t\t\t\t<div class=\"elementor-element elementor-element-8860507 elementor-widget elementor-widget-image\" data-id=\"8860507\" data-element_type=\"widget\" data-e-type=\"widget\" data-widget_type=\"image.default\">\n\t\t\t\t<div class=\"elementor-widget-container\">\n\t\t\t\t\t\t\t\t\t\t\t\t\t\t\t<img decoding=\"async\" width=\"600\" height=\"564\" src=\"https:\/\/rembrr.com\/wp-content\/uploads\/2025\/10\/play-store-2.jpg\" class=\"attachment-large size-large wp-image-1884\" alt=\"\" srcset=\"https:\/\/rembrr.com\/wp-content\/uploads\/2025\/10\/play-store-2.jpg 600w, https:\/\/rembrr.com\/wp-content\/uploads\/2025\/10\/play-store-2-300x282.jpg 300w\" sizes=\"(max-width: 600px) 100vw, 600px\" \/>\t\t\t\t\t\t\t\t\t\t\t\t\t\t\t<\/div>\n\t\t\t\t<\/div>\n\t\t\t\t<div class=\"elementor-element elementor-element-f23daa7 elementor-widget elementor-widget-heading\" data-id=\"f23daa7\" data-element_type=\"widget\" data-e-type=\"widget\" data-widget_type=\"heading.default\">\n\t\t\t\t<div class=\"elementor-widget-container\">\n\t\t\t\t\t<h2 class=\"elementor-heading-title elementor-size-default\">Instalar Rembrr en iOS<\/h2>\t\t\t\t<\/div>\n\t\t\t\t<\/div>\n\t\t\t\t<div class=\"elementor-element elementor-element-eda2382 elementor-widget elementor-widget-text-editor\" data-id=\"eda2382\" data-element_type=\"widget\" data-e-type=\"widget\" data-widget_type=\"text-editor.default\">\n\t\t\t\t<div class=\"elementor-widget-container\">\n\t\t\t\t\t\t\t\t\t<ol data-start=\"1734\" data-end=\"2125\"><li data-start=\"1734\" data-end=\"1781\"><p data-start=\"1737\" data-end=\"1781\">Abre la <strong data-start=\"1745\" data-end=\"1758\">App Store<\/strong> en tu iPhone o iPad.<\/p><\/li><li data-start=\"1782\" data-end=\"1840\"><p data-start=\"1785\" data-end=\"1840\">Toca el icono de <strong data-start=\"1802\" data-end=\"1814\">b\u00fasqueda<\/strong> y escribe <strong data-start=\"1825\" data-end=\"1837\">\u201cRembrr\u201d<\/strong>.<\/p><\/li><li data-start=\"1841\" data-end=\"1898\"><p data-start=\"1844\" data-end=\"1898\">Selecciona la aplicaci\u00f3n oficial y toca <strong data-start=\"1884\" data-end=\"1895\">Obtener<\/strong>.<\/p><\/li><li data-start=\"1899\" data-end=\"1951\"><p data-start=\"1902\" data-end=\"1951\">Espera a que termine la descarga e instalaci\u00f3n.<\/p><\/li><li data-start=\"1952\" data-end=\"2072\"><p data-start=\"1955\" data-end=\"2072\">Abre la app, acepta los <strong data-start=\"1979\" data-end=\"2005\">t\u00e9rminos y condiciones<\/strong> y activa las notificaciones para recibir alertas en tiempo real.<\/p><\/li><li data-start=\"2073\" data-end=\"2125\"><p data-start=\"2076\" data-end=\"2125\">Ingresa con tu cuenta existente o crea una nueva.<\/p><\/li><\/ol><p data-start=\"2127\" data-end=\"2213\"><strong data-start=\"2130\" data-end=\"2139\">Nota:<\/strong> La app es compatible con dispositivos que ejecuten <strong data-start=\"2191\" data-end=\"2212\">iOS 14 o superior<\/strong>.<\/p>\t\t\t\t\t\t\t\t<\/div>\n\t\t\t\t<\/div>\n\t\t\t\t<div class=\"elementor-element elementor-element-681bc67 elementor-widget elementor-widget-image\" data-id=\"681bc67\" data-element_type=\"widget\" data-e-type=\"widget\" data-widget_type=\"image.default\">\n\t\t\t\t<div class=\"elementor-widget-container\">\n\t\t\t\t\t\t\t\t\t\t\t\t\t\t\t<img decoding=\"async\" width=\"600\" height=\"564\" src=\"https:\/\/rembrr.com\/wp-content\/uploads\/2025\/10\/play-store-2.jpg\" class=\"attachment-large size-large wp-image-1884\" alt=\"\" srcset=\"https:\/\/rembrr.com\/wp-content\/uploads\/2025\/10\/play-store-2.jpg 600w, https:\/\/rembrr.com\/wp-content\/uploads\/2025\/10\/play-store-2-300x282.jpg 300w\" sizes=\"(max-width: 600px) 100vw, 600px\" \/>\t\t\t\t\t\t\t\t\t\t\t\t\t\t\t<\/div>\n\t\t\t\t<\/div>\n\t\t\t\t<\/div>\n\t\t<div class=\"elementor-element elementor-element-f0270c8 e-con-full e-flex e-con e-child\" data-id=\"f0270c8\" data-element_type=\"container\" data-e-type=\"container\">\n\t\t\t\t<div class=\"elementor-element elementor-element-598d8e6 elementor-widget elementor-widget-table-of-contents\" data-id=\"598d8e6\" data-element_type=\"widget\" data-e-type=\"widget\" data-settings=\"{&quot;headings_by_tags&quot;:[&quot;h2&quot;],&quot;exclude_headings_by_selector&quot;:[],&quot;marker_view&quot;:&quot;bullets&quot;,&quot;icon&quot;:{&quot;value&quot;:&quot;far fa-circle&quot;,&quot;library&quot;:&quot;fa-regular&quot;,&quot;rendered_tag&quot;:&quot;&lt;svg class=\\&quot;e-font-icon-svg e-far-circle\\&quot; viewBox=\\&quot;0 0 512 512\\&quot; xmlns=\\&quot;http:\\\/\\\/www.w3.org\\\/2000\\\/svg\\&quot;&gt;&lt;path d=\\&quot;M256 8C119 8 8 119 8 256s111 248 248 248 248-111 248-248S393 8 256 8zm0 448c-110.5 0-200-89.5-200-200S145.5 56 256 56s200 89.5 200 200-89.5 200-200 200z\\&quot;&gt;&lt;\\\/path&gt;&lt;\\\/svg&gt;&quot;},&quot;no_headings_message&quot;:&quot;No se ha encontrado ning\\u00fan encabezado en esta p\\u00e1gina.&quot;,&quot;hierarchical_view&quot;:&quot;yes&quot;,&quot;min_height&quot;:{&quot;unit&quot;:&quot;px&quot;,&quot;size&quot;:&quot;&quot;,&quot;sizes&quot;:[]},&quot;min_height_widescreen&quot;:{&quot;unit&quot;:&quot;px&quot;,&quot;size&quot;:&quot;&quot;,&quot;sizes&quot;:[]},&quot;min_height_laptop&quot;:{&quot;unit&quot;:&quot;px&quot;,&quot;size&quot;:&quot;&quot;,&quot;sizes&quot;:[]},&quot;min_height_tablet_extra&quot;:{&quot;unit&quot;:&quot;px&quot;,&quot;size&quot;:&quot;&quot;,&quot;sizes&quot;:[]},&quot;min_height_tablet&quot;:{&quot;unit&quot;:&quot;px&quot;,&quot;size&quot;:&quot;&quot;,&quot;sizes&quot;:[]},&quot;min_height_mobile_extra&quot;:{&quot;unit&quot;:&quot;px&quot;,&quot;size&quot;:&quot;&quot;,&quot;sizes&quot;:[]},&quot;min_height_mobile&quot;:{&quot;unit&quot;:&quot;px&quot;,&quot;size&quot;:&quot;&quot;,&quot;sizes&quot;:[]}}\" data-widget_type=\"table-of-contents.default\">\n\t\t\t\t<div class=\"elementor-widget-container\">\n\t\t\t\t\t\t\t\t\t<div class=\"elementor-toc__header\">\n\t\t\t\t\t\t<h2 class=\"elementor-toc__header-title\">\n\t\t\t\tEn esta p\u00e1gina\t\t\t<\/h2>\n\t\t\t\t\t\t\t\t<\/div>\n\t\t\t\t<div id=\"elementor-toc__598d8e6\" class=\"elementor-toc__body\">\n\t\t\t<div class=\"elementor-toc__spinner-container\">\n\t\t\t\t<svg class=\"elementor-toc__spinner eicon-animation-spin e-font-icon-svg e-eicon-loading\" aria-hidden=\"true\" viewBox=\"0 0 1000 1000\" xmlns=\"http:\/\/www.w3.org\/2000\/svg\"><path d=\"M500 975V858C696 858 858 696 858 500S696 142 500 142 142 304 142 500H25C25 237 238 25 500 25S975 237 975 500 763 975 500 975Z\"><\/path><\/svg>\t\t\t<\/div>\n\t\t<\/div>\n\t\t\t\t\t\t<\/div>\n\t\t\t\t<\/div>\n\t\t\t\t<\/div>\n\t\t\t\t\t<\/div>\n\t\t\t\t<\/div>\n\t\t\t\t<\/div>\n\t\t","protected":false},"excerpt":{"rendered":"<p>En este art\u00edculo aprender\u00e1s c\u00f3mo descargar, instalar y activar la aplicaci\u00f3n Rembrr en tu dispositivo m\u00f3vil. La app est\u00e1 disponible para sistemas Android y iOS, y te permitir\u00e1 acceder f\u00e1cilmente a tus servicios, gestionar tus suscripciones y recibir notificaciones importantes desde cualquier lugar. Instalar Rembrr en Android \u00a0Abre Google Play Store en tu tel\u00e9fono o [&hellip;]<\/p>\n","protected":false},"author":2,"featured_media":0,"parent":1707,"menu_order":0,"comment_status":"closed","ping_status":"closed","template":"elementor_header_footer","meta":{"footnotes":""},"class_list":["post-1755","page","type-page","status-publish","hentry"],"yoast_head":"<!-- This site is optimized with the Yoast SEO plugin v27.0 - https:\/\/yoast.com\/product\/yoast-seo-wordpress\/ -->\n<title>Instalar Rembrr - Rembrr<\/title>\n<meta name=\"robots\" content=\"index, follow, max-snippet:-1, max-image-preview:large, max-video-preview:-1\" \/>\n<link rel=\"canonical\" href=\"https:\/\/rembrr.com\/en\/help\/primeros-pasos\/instalar-rembrr\/\" \/>\n<meta property=\"og:locale\" content=\"en_US\" \/>\n<meta property=\"og:type\" content=\"article\" \/>\n<meta property=\"og:title\" content=\"Instalar Rembrr - Rembrr\" \/>\n<meta property=\"og:description\" content=\"En este art\u00edculo aprender\u00e1s c\u00f3mo descargar, instalar y activar la aplicaci\u00f3n Rembrr en tu dispositivo m\u00f3vil. La app est\u00e1 disponible para sistemas Android y iOS, y te permitir\u00e1 acceder f\u00e1cilmente a tus servicios, gestionar tus suscripciones y recibir notificaciones importantes desde cualquier lugar. Instalar Rembrr en Android \u00a0Abre Google Play Store en tu tel\u00e9fono o [&hellip;]\" \/>\n<meta property=\"og:url\" content=\"https:\/\/rembrr.com\/en\/help\/primeros-pasos\/instalar-rembrr\/\" \/>\n<meta property=\"og:site_name\" content=\"Rembrr\" \/>\n<meta property=\"article:modified_time\" content=\"2026-03-13T21:58:50+00:00\" \/>\n<meta property=\"og:image\" content=\"https:\/\/rembrr.com\/wp-content\/uploads\/2025\/10\/play-store.jpg\" \/>\n\t<meta property=\"og:image:width\" content=\"600\" \/>\n\t<meta property=\"og:image:height\" content=\"564\" \/>\n\t<meta property=\"og:image:type\" content=\"image\/jpeg\" \/>\n<meta name=\"twitter:card\" content=\"summary_large_image\" \/>\n<meta name=\"twitter:label1\" content=\"Est. reading time\" \/>\n\t<meta name=\"twitter:data1\" content=\"2 minutes\" \/>\n<script type=\"application\/ld+json\" class=\"yoast-schema-graph\">{\"@context\":\"https:\/\/schema.org\",\"@graph\":[{\"@type\":\"WebPage\",\"@id\":\"https:\/\/rembrr.com\/help\/primeros-pasos\/instalar-rembrr\/\",\"url\":\"https:\/\/rembrr.com\/help\/primeros-pasos\/instalar-rembrr\/\",\"name\":\"Instalar Rembrr - Rembrr\",\"isPartOf\":{\"@id\":\"https:\/\/rembrr.com\/#website\"},\"primaryImageOfPage\":{\"@id\":\"https:\/\/rembrr.com\/help\/primeros-pasos\/instalar-rembrr\/#primaryimage\"},\"image\":{\"@id\":\"https:\/\/rembrr.com\/help\/primeros-pasos\/instalar-rembrr\/#primaryimage\"},\"thumbnailUrl\":\"https:\/\/rembrr.com\/wp-content\/uploads\/2025\/10\/play-store.jpg\",\"datePublished\":\"2025-10-13T04:41:53+00:00\",\"dateModified\":\"2026-03-13T21:58:50+00:00\",\"breadcrumb\":{\"@id\":\"https:\/\/rembrr.com\/help\/primeros-pasos\/instalar-rembrr\/#breadcrumb\"},\"inLanguage\":\"en-US\",\"potentialAction\":[{\"@type\":\"ReadAction\",\"target\":[\"https:\/\/rembrr.com\/help\/primeros-pasos\/instalar-rembrr\/\"]}]},{\"@type\":\"ImageObject\",\"inLanguage\":\"en-US\",\"@id\":\"https:\/\/rembrr.com\/help\/primeros-pasos\/instalar-rembrr\/#primaryimage\",\"url\":\"https:\/\/rembrr.com\/wp-content\/uploads\/2025\/10\/play-store.jpg\",\"contentUrl\":\"https:\/\/rembrr.com\/wp-content\/uploads\/2025\/10\/play-store.jpg\"},{\"@type\":\"BreadcrumbList\",\"@id\":\"https:\/\/rembrr.com\/help\/primeros-pasos\/instalar-rembrr\/#breadcrumb\",\"itemListElement\":[{\"@type\":\"ListItem\",\"position\":1,\"name\":\"Portada\",\"item\":\"https:\/\/rembrr.com\/\"},{\"@type\":\"ListItem\",\"position\":2,\"name\":\"Help\",\"item\":\"https:\/\/rembrr.com\/help\/\"},{\"@type\":\"ListItem\",\"position\":3,\"name\":\"Primeros pasos\",\"item\":\"https:\/\/rembrr.com\/help\/primeros-pasos\/\"},{\"@type\":\"ListItem\",\"position\":4,\"name\":\"Instalar Rembrr\"}]},{\"@type\":\"WebSite\",\"@id\":\"https:\/\/rembrr.com\/#website\",\"url\":\"https:\/\/rembrr.com\/\",\"name\":\"Rembrr\",\"description\":\"Logra m\u00e1s\",\"publisher\":{\"@id\":\"https:\/\/rembrr.com\/#organization\"},\"potentialAction\":[{\"@type\":\"SearchAction\",\"target\":{\"@type\":\"EntryPoint\",\"urlTemplate\":\"https:\/\/rembrr.com\/?s={search_term_string}\"},\"query-input\":{\"@type\":\"PropertyValueSpecification\",\"valueRequired\":true,\"valueName\":\"search_term_string\"}}],\"inLanguage\":\"en-US\"},{\"@type\":\"Organization\",\"@id\":\"https:\/\/rembrr.com\/#organization\",\"name\":\"Rembrr\",\"url\":\"https:\/\/rembrr.com\/\",\"logo\":{\"@type\":\"ImageObject\",\"inLanguage\":\"en-US\",\"@id\":\"https:\/\/rembrr.com\/#\/schema\/logo\/image\/\",\"url\":\"https:\/\/rembrr.com\/wp-content\/uploads\/2025\/06\/logo-horizontal.webp\",\"contentUrl\":\"https:\/\/rembrr.com\/wp-content\/uploads\/2025\/06\/logo-horizontal.webp\",\"width\":500,\"height\":112,\"caption\":\"Rembrr\"},\"image\":{\"@id\":\"https:\/\/rembrr.com\/#\/schema\/logo\/image\/\"}}]}<\/script>\n<!-- \/ Yoast SEO plugin. -->","yoast_head_json":{"title":"Instalar Rembrr - Rembrr","robots":{"index":"index","follow":"follow","max-snippet":"max-snippet:-1","max-image-preview":"max-image-preview:large","max-video-preview":"max-video-preview:-1"},"canonical":"https:\/\/rembrr.com\/en\/help\/primeros-pasos\/instalar-rembrr\/","og_locale":"en_US","og_type":"article","og_title":"Instalar Rembrr - Rembrr","og_description":"En este art\u00edculo aprender\u00e1s c\u00f3mo descargar, instalar y activar la aplicaci\u00f3n Rembrr en tu dispositivo m\u00f3vil. La app est\u00e1 disponible para sistemas Android y iOS, y te permitir\u00e1 acceder f\u00e1cilmente a tus servicios, gestionar tus suscripciones y recibir notificaciones importantes desde cualquier lugar. Instalar Rembrr en Android \u00a0Abre Google Play Store en tu tel\u00e9fono o [&hellip;]","og_url":"https:\/\/rembrr.com\/en\/help\/primeros-pasos\/instalar-rembrr\/","og_site_name":"Rembrr","article_modified_time":"2026-03-13T21:58:50+00:00","og_image":[{"width":600,"height":564,"url":"https:\/\/rembrr.com\/wp-content\/uploads\/2025\/10\/play-store.jpg","type":"image\/jpeg"}],"twitter_card":"summary_large_image","twitter_misc":{"Est. reading time":"2 minutes"},"schema":{"@context":"https:\/\/schema.org","@graph":[{"@type":"WebPage","@id":"https:\/\/rembrr.com\/help\/primeros-pasos\/instalar-rembrr\/","url":"https:\/\/rembrr.com\/help\/primeros-pasos\/instalar-rembrr\/","name":"Instalar Rembrr - Rembrr","isPartOf":{"@id":"https:\/\/rembrr.com\/#website"},"primaryImageOfPage":{"@id":"https:\/\/rembrr.com\/help\/primeros-pasos\/instalar-rembrr\/#primaryimage"},"image":{"@id":"https:\/\/rembrr.com\/help\/primeros-pasos\/instalar-rembrr\/#primaryimage"},"thumbnailUrl":"https:\/\/rembrr.com\/wp-content\/uploads\/2025\/10\/play-store.jpg","datePublished":"2025-10-13T04:41:53+00:00","dateModified":"2026-03-13T21:58:50+00:00","breadcrumb":{"@id":"https:\/\/rembrr.com\/help\/primeros-pasos\/instalar-rembrr\/#breadcrumb"},"inLanguage":"en-US","potentialAction":[{"@type":"ReadAction","target":["https:\/\/rembrr.com\/help\/primeros-pasos\/instalar-rembrr\/"]}]},{"@type":"ImageObject","inLanguage":"en-US","@id":"https:\/\/rembrr.com\/help\/primeros-pasos\/instalar-rembrr\/#primaryimage","url":"https:\/\/rembrr.com\/wp-content\/uploads\/2025\/10\/play-store.jpg","contentUrl":"https:\/\/rembrr.com\/wp-content\/uploads\/2025\/10\/play-store.jpg"},{"@type":"BreadcrumbList","@id":"https:\/\/rembrr.com\/help\/primeros-pasos\/instalar-rembrr\/#breadcrumb","itemListElement":[{"@type":"ListItem","position":1,"name":"Portada","item":"https:\/\/rembrr.com\/"},{"@type":"ListItem","position":2,"name":"Help","item":"https:\/\/rembrr.com\/help\/"},{"@type":"ListItem","position":3,"name":"Primeros pasos","item":"https:\/\/rembrr.com\/help\/primeros-pasos\/"},{"@type":"ListItem","position":4,"name":"Instalar Rembrr"}]},{"@type":"WebSite","@id":"https:\/\/rembrr.com\/#website","url":"https:\/\/rembrr.com\/","name":"Rembrr","description":"Logra m\u00e1s","publisher":{"@id":"https:\/\/rembrr.com\/#organization"},"potentialAction":[{"@type":"SearchAction","target":{"@type":"EntryPoint","urlTemplate":"https:\/\/rembrr.com\/?s={search_term_string}"},"query-input":{"@type":"PropertyValueSpecification","valueRequired":true,"valueName":"search_term_string"}}],"inLanguage":"en-US"},{"@type":"Organization","@id":"https:\/\/rembrr.com\/#organization","name":"Rembrr","url":"https:\/\/rembrr.com\/","logo":{"@type":"ImageObject","inLanguage":"en-US","@id":"https:\/\/rembrr.com\/#\/schema\/logo\/image\/","url":"https:\/\/rembrr.com\/wp-content\/uploads\/2025\/06\/logo-horizontal.webp","contentUrl":"https:\/\/rembrr.com\/wp-content\/uploads\/2025\/06\/logo-horizontal.webp","width":500,"height":112,"caption":"Rembrr"},"image":{"@id":"https:\/\/rembrr.com\/#\/schema\/logo\/image\/"}}]}},"_links":{"self":[{"href":"https:\/\/rembrr.com\/en\/wp-json\/wp\/v2\/pages\/1755","targetHints":{"allow":["GET"]}}],"collection":[{"href":"https:\/\/rembrr.com\/en\/wp-json\/wp\/v2\/pages"}],"about":[{"href":"https:\/\/rembrr.com\/en\/wp-json\/wp\/v2\/types\/page"}],"author":[{"embeddable":true,"href":"https:\/\/rembrr.com\/en\/wp-json\/wp\/v2\/users\/2"}],"replies":[{"embeddable":true,"href":"https:\/\/rembrr.com\/en\/wp-json\/wp\/v2\/comments?post=1755"}],"version-history":[{"count":82,"href":"https:\/\/rembrr.com\/en\/wp-json\/wp\/v2\/pages\/1755\/revisions"}],"predecessor-version":[{"id":6351,"href":"https:\/\/rembrr.com\/en\/wp-json\/wp\/v2\/pages\/1755\/revisions\/6351"}],"up":[{"embeddable":true,"href":"https:\/\/rembrr.com\/en\/wp-json\/wp\/v2\/pages\/1707"}],"wp:attachment":[{"href":"https:\/\/rembrr.com\/en\/wp-json\/wp\/v2\/media?parent=1755"}],"curies":[{"name":"wp","href":"https:\/\/api.w.org\/{rel}","templated":true}]}}