{"id":2014,"date":"2025-10-14T17:55:29","date_gmt":"2025-10-14T22:55:29","guid":{"rendered":"https:\/\/rembrr.com\/?page_id=2014"},"modified":"2025-10-22T20:08:45","modified_gmt":"2025-10-23T01:08:45","slug":"user-rights","status":"publish","type":"page","link":"https:\/\/rembrr.com\/en\/derechos-del-usuario\/","title":{"rendered":"User Rights"},"content":{"rendered":"<div data-elementor-type=\"wp-page\" data-elementor-id=\"2014\" class=\"elementor elementor-2014\" data-elementor-post-type=\"page\">\n\t\t\t\t<div class=\"elementor-element elementor-element-5355f6c e-flex e-con-boxed e-con e-parent\" data-id=\"5355f6c\" data-element_type=\"container\" data-e-type=\"container\" data-settings=\"{&quot;background_background&quot;:&quot;classic&quot;}\">\n\t\t\t\t\t<div class=\"e-con-inner\">\n\t\t<div class=\"elementor-element elementor-element-e8249ad e-con-full e-flex e-con e-child\" data-id=\"e8249ad\" data-element_type=\"container\" data-e-type=\"container\" data-settings=\"{&quot;background_background&quot;:&quot;classic&quot;}\">\n\t\t<div class=\"elementor-element elementor-element-75f769a e-con-full e-flex e-con e-child\" data-id=\"75f769a\" data-element_type=\"container\" data-e-type=\"container\">\n\t\t\t\t<\/div>\n\t\t\t\t<div class=\"elementor-element elementor-element-9478734 elementor-widget elementor-widget-text-editor\" data-id=\"9478734\" data-element_type=\"widget\" data-e-type=\"widget\" data-widget_type=\"text-editor.default\">\n\t\t\t\t<div class=\"elementor-widget-container\">\n\t\t\t\t\t\t\t\t\t<p>You have the right to access, correct, delete, object to, or request the portability of your personal data.<\/p><p>To exercise these rights, write to info@rembrr.com<br \/>Subject: User Data Request\u201c<\/p><p>Responses will be provided within 15 business days, at no cost, unless the request is manifestly excessive or unfounded.<\/p>\t\t\t\t\t\t\t\t<\/div>\n\t\t\t\t<\/div>\n\t\t\t\t<\/div>\n\t\t\t\t\t<\/div>\n\t\t\t\t<\/div>\n\t\t\t\t<\/div>","protected":false},"excerpt":{"rendered":"<p>You have the right to access, rectify, erase, object to, or request the portability of your personal data. To exercise these rights, write to info@rembrr.com with the subject line \u201cUser Data Request.\u201d Responses will be provided within 15 business days, free of charge, unless the request is manifestly excessive or unfounded.<\/p>","protected":false},"author":2,"featured_media":0,"parent":0,"menu_order":0,"comment_status":"closed","ping_status":"closed","template":"elementor_header_footer","meta":{"footnotes":""},"class_list":["post-2014","page","type-page","status-publish","hentry"],"yoast_head":"<!-- This site is optimized with the Yoast SEO plugin v27.0 - https:\/\/yoast.com\/product\/yoast-seo-wordpress\/ -->\n<title>Derechos del Usuario - Rembrr<\/title>\n<meta name=\"robots\" content=\"index, follow, max-snippet:-1, max-image-preview:large, max-video-preview:-1\" \/>\n<link rel=\"canonical\" href=\"https:\/\/rembrr.com\/en\/user-rights\/\" \/>\n<meta property=\"og:locale\" content=\"en_US\" \/>\n<meta property=\"og:type\" content=\"article\" \/>\n<meta property=\"og:title\" content=\"Derechos del Usuario - Rembrr\" \/>\n<meta property=\"og:description\" content=\"Tienes derecho a acceder, corregir, eliminar, oponerte o solicitar la portabilidad de tus datos personales. Para ejercer estos derechos, escribe a info@rembrr.comcon el asunto \u201cSolicitud de Datos del Usuario.\u201d Las respuestas se brindar\u00e1n dentro de 15 d\u00edas h\u00e1biles, sin costo, salvo que la solicitud sea manifiestamente excesiva o infundada.\" \/>\n<meta property=\"og:url\" content=\"https:\/\/rembrr.com\/en\/user-rights\/\" \/>\n<meta property=\"og:site_name\" content=\"Rembrr\" \/>\n<meta property=\"article:modified_time\" content=\"2025-10-23T01:08:45+00:00\" \/>\n<meta name=\"twitter:card\" content=\"summary_large_image\" \/>\n<script type=\"application\/ld+json\" class=\"yoast-schema-graph\">{\"@context\":\"https:\/\/schema.org\",\"@graph\":[{\"@type\":\"WebPage\",\"@id\":\"https:\/\/rembrr.com\/derechos-del-usuario\/\",\"url\":\"https:\/\/rembrr.com\/derechos-del-usuario\/\",\"name\":\"Derechos del Usuario - Rembrr\",\"isPartOf\":{\"@id\":\"https:\/\/rembrr.com\/#website\"},\"datePublished\":\"2025-10-14T22:55:29+00:00\",\"dateModified\":\"2025-10-23T01:08:45+00:00\",\"breadcrumb\":{\"@id\":\"https:\/\/rembrr.com\/derechos-del-usuario\/#breadcrumb\"},\"inLanguage\":\"en-US\",\"potentialAction\":[{\"@type\":\"ReadAction\",\"target\":[\"https:\/\/rembrr.com\/derechos-del-usuario\/\"]}]},{\"@type\":\"BreadcrumbList\",\"@id\":\"https:\/\/rembrr.com\/derechos-del-usuario\/#breadcrumb\",\"itemListElement\":[{\"@type\":\"ListItem\",\"position\":1,\"name\":\"Portada\",\"item\":\"https:\/\/rembrr.com\/\"},{\"@type\":\"ListItem\",\"position\":2,\"name\":\"Derechos del Usuario\"}]},{\"@type\":\"WebSite\",\"@id\":\"https:\/\/rembrr.com\/#website\",\"url\":\"https:\/\/rembrr.com\/\",\"name\":\"Rembrr\",\"description\":\"Logra m\u00e1s\",\"publisher\":{\"@id\":\"https:\/\/rembrr.com\/#organization\"},\"potentialAction\":[{\"@type\":\"SearchAction\",\"target\":{\"@type\":\"EntryPoint\",\"urlTemplate\":\"https:\/\/rembrr.com\/?s={search_term_string}\"},\"query-input\":{\"@type\":\"PropertyValueSpecification\",\"valueRequired\":true,\"valueName\":\"search_term_string\"}}],\"inLanguage\":\"en-US\"},{\"@type\":\"Organization\",\"@id\":\"https:\/\/rembrr.com\/#organization\",\"name\":\"Rembrr\",\"url\":\"https:\/\/rembrr.com\/\",\"logo\":{\"@type\":\"ImageObject\",\"inLanguage\":\"en-US\",\"@id\":\"https:\/\/rembrr.com\/#\/schema\/logo\/image\/\",\"url\":\"https:\/\/rembrr.com\/wp-content\/uploads\/2025\/06\/logo-horizontal.webp\",\"contentUrl\":\"https:\/\/rembrr.com\/wp-content\/uploads\/2025\/06\/logo-horizontal.webp\",\"width\":500,\"height\":112,\"caption\":\"Rembrr\"},\"image\":{\"@id\":\"https:\/\/rembrr.com\/#\/schema\/logo\/image\/\"}}]}<\/script>\n<!-- \/ Yoast SEO plugin. -->","yoast_head_json":{"title":"User Rights - Rembrr","robots":{"index":"index","follow":"follow","max-snippet":"max-snippet:-1","max-image-preview":"max-image-preview:large","max-video-preview":"max-video-preview:-1"},"canonical":"https:\/\/rembrr.com\/en\/user-rights\/","og_locale":"en_US","og_type":"article","og_title":"Derechos del Usuario - Rembrr","og_description":"Tienes derecho a acceder, corregir, eliminar, oponerte o solicitar la portabilidad de tus datos personales. Para ejercer estos derechos, escribe a info@rembrr.comcon el asunto \u201cSolicitud de Datos del Usuario.\u201d Las respuestas se brindar\u00e1n dentro de 15 d\u00edas h\u00e1biles, sin costo, salvo que la solicitud sea manifiestamente excesiva o infundada.","og_url":"https:\/\/rembrr.com\/en\/user-rights\/","og_site_name":"Rembrr","article_modified_time":"2025-10-23T01:08:45+00:00","twitter_card":"summary_large_image","schema":{"@context":"https:\/\/schema.org","@graph":[{"@type":"WebPage","@id":"https:\/\/rembrr.com\/derechos-del-usuario\/","url":"https:\/\/rembrr.com\/derechos-del-usuario\/","name":"User Rights - Rembrr","isPartOf":{"@id":"https:\/\/rembrr.com\/#website"},"datePublished":"2025-10-14T22:55:29+00:00","dateModified":"2025-10-23T01:08:45+00:00","breadcrumb":{"@id":"https:\/\/rembrr.com\/derechos-del-usuario\/#breadcrumb"},"inLanguage":"en-US","potentialAction":[{"@type":"ReadAction","target":["https:\/\/rembrr.com\/derechos-del-usuario\/"]}]},{"@type":"BreadcrumbList","@id":"https:\/\/rembrr.com\/derechos-del-usuario\/#breadcrumb","itemListElement":[{"@type":"ListItem","position":1,"name":"Portada","item":"https:\/\/rembrr.com\/"},{"@type":"ListItem","position":2,"name":"Derechos del Usuario"}]},{"@type":"WebSite","@id":"https:\/\/rembrr.com\/#website","url":"https:\/\/rembrr.com\/","name":"Remember","description":"Achieve more","publisher":{"@id":"https:\/\/rembrr.com\/#organization"},"potentialAction":[{"@type":"SearchAction","target":{"@type":"EntryPoint","urlTemplate":"https:\/\/rembrr.com\/?s={search_term_string}"},"query-input":{"@type":"PropertyValueSpecification","valueRequired":true,"valueName":"search_term_string"}}],"inLanguage":"en-US"},{"@type":"Organization","@id":"https:\/\/rembrr.com\/#organization","name":"Remember","url":"https:\/\/rembrr.com\/","logo":{"@type":"ImageObject","inLanguage":"en-US","@id":"https:\/\/rembrr.com\/#\/schema\/logo\/image\/","url":"https:\/\/rembrr.com\/wp-content\/uploads\/2025\/06\/logo-horizontal.webp","contentUrl":"https:\/\/rembrr.com\/wp-content\/uploads\/2025\/06\/logo-horizontal.webp","width":500,"height":112,"caption":"Rembrr"},"image":{"@id":"https:\/\/rembrr.com\/#\/schema\/logo\/image\/"}}]}},"_links":{"self":[{"href":"https:\/\/rembrr.com\/en\/wp-json\/wp\/v2\/pages\/2014","targetHints":{"allow":["GET"]}}],"collection":[{"href":"https:\/\/rembrr.com\/en\/wp-json\/wp\/v2\/pages"}],"about":[{"href":"https:\/\/rembrr.com\/en\/wp-json\/wp\/v2\/types\/page"}],"author":[{"embeddable":true,"href":"https:\/\/rembrr.com\/en\/wp-json\/wp\/v2\/users\/2"}],"replies":[{"embeddable":true,"href":"https:\/\/rembrr.com\/en\/wp-json\/wp\/v2\/comments?post=2014"}],"version-history":[{"count":16,"href":"https:\/\/rembrr.com\/en\/wp-json\/wp\/v2\/pages\/2014\/revisions"}],"predecessor-version":[{"id":2402,"href":"https:\/\/rembrr.com\/en\/wp-json\/wp\/v2\/pages\/2014\/revisions\/2402"}],"wp:attachment":[{"href":"https:\/\/rembrr.com\/en\/wp-json\/wp\/v2\/media?parent=2014"}],"curies":[{"name":"wp","href":"https:\/\/api.w.org\/{rel}","templated":true}]}}