{"id":3365,"date":"2025-11-16T16:11:17","date_gmt":"2025-11-16T21:11:17","guid":{"rendered":"https:\/\/rembrr.com\/?page_id=3365"},"modified":"2026-03-14T23:58:34","modified_gmt":"2026-03-15T04:58:34","slug":"politicas-de-privacidad","status":"publish","type":"page","link":"https:\/\/rembrr.com\/en\/help\/primeros-pasos\/politicas-de-privacidad\/","title":{"rendered":"Privacy Policies"},"content":{"rendered":"\t\t<div data-elementor-type=\"wp-page\" data-elementor-id=\"3365\" class=\"elementor elementor-3365\" data-elementor-post-type=\"page\">\n\t\t\t\t<div class=\"elementor-element elementor-element-1ff3cc7 e-flex e-con-boxed e-con e-parent\" data-id=\"1ff3cc7\" data-element_type=\"container\" data-e-type=\"container\">\n\t\t\t\t\t<div class=\"e-con-inner\">\n\t\t\t\t<div class=\"elementor-element elementor-element-66b2a9f elementor-widget elementor-widget-breadcrumbs\" data-id=\"66b2a9f\" data-element_type=\"widget\" data-e-type=\"widget\" data-widget_type=\"breadcrumbs.default\">\n\t\t\t\t<div class=\"elementor-widget-container\">\n\t\t\t\t\t<p id=\"breadcrumbs\"><span><span><a href=\"https:\/\/rembrr.com\/\">Portada<\/a><\/span><\/span><\/p>\t\t\t\t<\/div>\n\t\t\t\t<\/div>\n\t\t\t\t\t<\/div>\n\t\t\t\t<\/div>\n\t\t<div class=\"elementor-element elementor-element-651ea72 e-flex e-con-boxed e-con e-parent\" data-id=\"651ea72\" data-element_type=\"container\" data-e-type=\"container\">\n\t\t\t\t\t<div class=\"e-con-inner\">\n\t\t<div class=\"elementor-element elementor-element-2742793 e-con-full e-flex e-con e-child\" data-id=\"2742793\" data-element_type=\"container\" data-e-type=\"container\">\n\t\t\t\t<div class=\"elementor-element elementor-element-5b948dc elementor-widget elementor-widget-heading\" data-id=\"5b948dc\" data-element_type=\"widget\" data-e-type=\"widget\" data-widget_type=\"heading.default\">\n\t\t\t\t<div class=\"elementor-widget-container\">\n\t\t\t\t\t<p class=\"elementor-heading-title elementor-size-default\">November 16, 2025<\/p>\t\t\t\t<\/div>\n\t\t\t\t<\/div>\n\t\t\t\t<div class=\"elementor-element elementor-element-4b670d1 elementor-widget-divider--view-line elementor-widget elementor-widget-divider\" data-id=\"4b670d1\" data-element_type=\"widget\" data-e-type=\"widget\" data-widget_type=\"divider.default\">\n\t\t\t\t<div class=\"elementor-widget-container\">\n\t\t\t\t\t\t\t<div class=\"elementor-divider\">\n\t\t\t<span class=\"elementor-divider-separator\">\n\t\t\t\t\t\t<\/span>\n\t\t<\/div>\n\t\t\t\t\t\t<\/div>\n\t\t\t\t<\/div>\n\t\t\t\t<div class=\"elementor-element elementor-element-cff8cfb elementor-widget elementor-widget-text-editor\" data-id=\"cff8cfb\" data-element_type=\"widget\" data-e-type=\"widget\" data-widget_type=\"text-editor.default\">\n\t\t\t\t<div class=\"elementor-widget-container\">\n\t\t\t\t\t\t\t\t\t<p data-start=\"299\" data-end=\"605\">La Pol\u00edtica de Privacidad explica c\u00f3mo Rembrr recopila, utiliza y protege tus datos personales. Nuestro compromiso es ofrecerte una experiencia segura, transparente y respetuosa con las leyes de protecci\u00f3n de datos de Estados Unidos, Europa y Colombia.<\/p>\t\t\t\t\t\t\t\t<\/div>\n\t\t\t\t<\/div>\n\t\t\t\t<div class=\"elementor-element elementor-element-b1eb266 elementor-widget elementor-widget-heading\" data-id=\"b1eb266\" data-element_type=\"widget\" data-e-type=\"widget\" data-widget_type=\"heading.default\">\n\t\t\t\t<div class=\"elementor-widget-container\">\n\t\t\t\t\t<h2 class=\"elementor-heading-title elementor-size-default\">1. \u00bfQui\u00e9n es responsable de tus datos?<\/h2>\t\t\t\t<\/div>\n\t\t\t\t<\/div>\n\t\t\t\t<div class=\"elementor-element elementor-element-94feefd elementor-widget elementor-widget-text-editor\" data-id=\"94feefd\" data-element_type=\"widget\" data-e-type=\"widget\" data-widget_type=\"text-editor.default\">\n\t\t\t\t<div class=\"elementor-widget-container\">\n\t\t\t\t\t\t\t\t\t<p data-start=\"812\" data-end=\"1078\">REMBRR INC. es una empresa tecnol\u00f3gica registrada legalmente en el estado de <strong data-start=\"889\" data-end=\"916\">Florida, Estados Unidos<\/strong>.<br data-start=\"917\" data-end=\"920\" \/>Desarrollamos herramientas impulsadas por <strong data-start=\"962\" data-end=\"989\">inteligencia artificial<\/strong> que ayudan a personas y organizaciones a gestionar tareas, comunicaci\u00f3n y productividad.<\/p><p data-start=\"1080\" data-end=\"1102\">La empresa cumple con:<\/p><ul data-start=\"1104\" data-end=\"1229\"><li data-start=\"1104\" data-end=\"1143\"><p data-start=\"1106\" data-end=\"1143\">Est\u00e1ndares de privacidad de EE. UU.<\/p><\/li><li data-start=\"1144\" data-end=\"1190\"><p data-start=\"1146\" data-end=\"1190\">Regulaciones internacionales como <strong data-start=\"1180\" data-end=\"1188\">GDPR<\/strong><\/p><\/li><li data-start=\"1191\" data-end=\"1229\"><p data-start=\"1193\" data-end=\"1229\">Ley de <strong data-start=\"1200\" data-end=\"1215\">Habeas Data<\/strong> de Colombia<\/p><\/li><\/ul>\t\t\t\t\t\t\t\t<\/div>\n\t\t\t\t<\/div>\n\t\t\t\t<div class=\"elementor-element elementor-element-81d95d4 elementor-widget elementor-widget-heading\" data-id=\"81d95d4\" data-element_type=\"widget\" data-e-type=\"widget\" data-widget_type=\"heading.default\">\n\t\t\t\t<div class=\"elementor-widget-container\">\n\t\t\t\t\t<h2 class=\"elementor-heading-title elementor-size-default\">2. Qu\u00e9 datos recopilamos<\/h2>\t\t\t\t<\/div>\n\t\t\t\t<\/div>\n\t\t\t\t<div class=\"elementor-element elementor-element-6ab7d4f elementor-widget elementor-widget-text-editor\" data-id=\"6ab7d4f\" data-element_type=\"widget\" data-e-type=\"widget\" data-widget_type=\"text-editor.default\">\n\t\t\t\t<div class=\"elementor-widget-container\">\n\t\t\t\t\t\t\t\t\t<p data-start=\"1344\" data-end=\"1458\">Rembrr recopila \u00fanicamente la informaci\u00f3n necesaria para que la plataforma funcione correctamente.<br \/><br data-start=\"1442\" data-end=\"1445\" \/>Esto incluye:<\/p><ul data-start=\"1460\" data-end=\"1598\"><li data-start=\"1460\" data-end=\"1474\"><p data-start=\"1462\" data-end=\"1474\">Nombre<\/p><\/li><li data-start=\"1475\" data-end=\"1501\"><p data-start=\"1477\" data-end=\"1501\">Correo electr\u00f3nico<\/p><\/li><li data-start=\"1502\" data-end=\"1531\"><p data-start=\"1504\" data-end=\"1531\">Datos del dispositivo<\/p><\/li><li data-start=\"1532\" data-end=\"1598\"><p data-start=\"1534\" data-end=\"1598\">Contenido de interacci\u00f3n (voz o texto que ingresas a la app)<\/p><\/li><\/ul><p data-start=\"1600\" data-end=\"1687\"><strong>Importante:<\/strong><br data-start=\"1611\" data-end=\"1614\" \/>No recopilamos informaci\u00f3n de menores de edad de forma intencional.<\/p>\t\t\t\t\t\t\t\t<\/div>\n\t\t\t\t<\/div>\n\t\t\t\t<div class=\"elementor-element elementor-element-4c1bd36 elementor-widget elementor-widget-heading\" data-id=\"4c1bd36\" data-element_type=\"widget\" data-e-type=\"widget\" data-widget_type=\"heading.default\">\n\t\t\t\t<div class=\"elementor-widget-container\">\n\t\t\t\t\t<h2 class=\"elementor-heading-title elementor-size-default\">3. Para qu\u00e9 usamos tus datos<\/h2>\t\t\t\t<\/div>\n\t\t\t\t<\/div>\n\t\t\t\t<div class=\"elementor-element elementor-element-7d12e2b elementor-widget elementor-widget-text-editor\" data-id=\"7d12e2b\" data-element_type=\"widget\" data-e-type=\"widget\" data-widget_type=\"text-editor.default\">\n\t\t\t\t<div class=\"elementor-widget-container\">\n\t\t\t\t\t\t\t\t\t<p data-start=\"1733\" data-end=\"1775\">Los datos se utilizan exclusivamente para:<\/p><ul data-start=\"1777\" data-end=\"1988\"><li data-start=\"1777\" data-end=\"1816\"><p data-start=\"1779\" data-end=\"1816\">Mejorar las funciones del asistente<\/p><\/li><li data-start=\"1817\" data-end=\"1854\"><p data-start=\"1819\" data-end=\"1854\">Ofrecer respuestas personalizadas<\/p><\/li><li data-start=\"1855\" data-end=\"1893\"><p data-start=\"1857\" data-end=\"1893\">Optimizar el rendimiento de la app<\/p><\/li><li data-start=\"1894\" data-end=\"1927\"><p data-start=\"1896\" data-end=\"1927\">Brindar soporte personalizado<\/p><\/li><li data-start=\"1928\" data-end=\"1955\"><p data-start=\"1930\" data-end=\"1955\">Gestionar suscripciones<\/p><\/li><li data-start=\"1956\" data-end=\"1988\"><p data-start=\"1958\" data-end=\"1988\">Cumplir obligaciones legales<\/p><\/li><\/ul><p data-start=\"1990\" data-end=\"2057\">Jam\u00e1s se usan con fines comerciales externos o publicidad invasiva.<\/p>\t\t\t\t\t\t\t\t<\/div>\n\t\t\t\t<\/div>\n\t\t\t\t<div class=\"elementor-element elementor-element-58874ed elementor-widget elementor-widget-heading\" data-id=\"58874ed\" data-element_type=\"widget\" data-e-type=\"widget\" data-widget_type=\"heading.default\">\n\t\t\t\t<div class=\"elementor-widget-container\">\n\t\t\t\t\t<h2 class=\"elementor-heading-title elementor-size-default\">4. Interacci\u00f3n por voz o texto<\/h2>\t\t\t\t<\/div>\n\t\t\t\t<\/div>\n\t\t\t\t<div class=\"elementor-element elementor-element-7f1be8b elementor-widget elementor-widget-text-editor\" data-id=\"7f1be8b\" data-element_type=\"widget\" data-e-type=\"widget\" data-widget_type=\"text-editor.default\">\n\t\t\t\t<div class=\"elementor-widget-container\">\n\t\t\t\t\t\t\t\t\t<p data-start=\"2170\" data-end=\"2212\">Si utilizas el micr\u00f3fono para interactuar:<\/p><ul data-start=\"2214\" data-end=\"2384\"><li data-start=\"2214\" data-end=\"2272\"><p data-start=\"2216\" data-end=\"2272\">Tu voz se procesa \u00fanicamente para convertirla en texto<\/p><\/li><li data-start=\"2273\" data-end=\"2319\"><p data-start=\"2275\" data-end=\"2319\">No almacenamos grabaciones permanentemente<\/p><\/li><li data-start=\"2320\" data-end=\"2384\"><p data-start=\"2322\" data-end=\"2384\">No compartimos tus interacciones con terceros no autorizados<\/p><\/li><\/ul><p data-start=\"2386\" data-end=\"2490\">La informaci\u00f3n de interacci\u00f3n se usa solo para operar la plataforma.<\/p>\t\t\t\t\t\t\t\t<\/div>\n\t\t\t\t<\/div>\n\t\t\t\t<div class=\"elementor-element elementor-element-4eb514d elementor-widget elementor-widget-heading\" data-id=\"4eb514d\" data-element_type=\"widget\" data-e-type=\"widget\" data-widget_type=\"heading.default\">\n\t\t\t\t<div class=\"elementor-widget-container\">\n\t\t\t\t\t<h2 class=\"elementor-heading-title elementor-size-default\">5. Derechos del usuario<\/h2>\t\t\t\t<\/div>\n\t\t\t\t<\/div>\n\t\t\t\t<div class=\"elementor-element elementor-element-eb7ad9b elementor-widget elementor-widget-text-editor\" data-id=\"eb7ad9b\" data-element_type=\"widget\" data-e-type=\"widget\" data-widget_type=\"text-editor.default\">\n\t\t\t\t<div class=\"elementor-widget-container\">\n\t\t\t\t\t\t\t\t\t<p data-start=\"2531\" data-end=\"2583\">Los usuarios pueden ejercer los siguientes derechos:<\/p><ul data-start=\"2585\" data-end=\"2730\"><li data-start=\"2585\" data-end=\"2608\"><p data-start=\"2587\" data-end=\"2608\">Acceder a sus datos<\/p><\/li><li data-start=\"2609\" data-end=\"2633\"><p data-start=\"2611\" data-end=\"2633\">Corregir informaci\u00f3n<\/p><\/li><li data-start=\"2634\" data-end=\"2665\"><p data-start=\"2636\" data-end=\"2665\">Solicitar eliminaci\u00f3n total<\/p><\/li><li data-start=\"2666\" data-end=\"2694\"><p data-start=\"2668\" data-end=\"2694\">Oponerse al uso de datos<\/p><\/li><li data-start=\"2695\" data-end=\"2730\"><p data-start=\"2697\" data-end=\"2730\">Descargar o consultar informaci\u00f3n<\/p><\/li><\/ul><p data-start=\"2732\" data-end=\"2850\">Para hacerlo, debes enviar un correo a:<br data-start=\"2771\" data-end=\"2774\" \/><a class=\"decorated-link cursor-pointer\" rel=\"noopener\" data-start=\"2779\" data-end=\"2794\">info@rembrr.com c<\/a>on el asunto: \u201cSolicitud de Datos del Usuario\u201d<\/p><p data-start=\"2852\" data-end=\"2930\">Rembrr se compromete a responder en un plazo m\u00e1ximo de 30 d\u00edas calendario.<\/p>\t\t\t\t\t\t\t\t<\/div>\n\t\t\t\t<\/div>\n\t\t\t\t<div class=\"elementor-element elementor-element-8751b64 elementor-widget elementor-widget-heading\" data-id=\"8751b64\" data-element_type=\"widget\" data-e-type=\"widget\" data-widget_type=\"heading.default\">\n\t\t\t\t<div class=\"elementor-widget-container\">\n\t\t\t\t\t<h2 class=\"elementor-heading-title elementor-size-default\">6. Transparencia y \u00e9tica<\/h2>\t\t\t\t<\/div>\n\t\t\t\t<\/div>\n\t\t\t\t<div class=\"elementor-element elementor-element-036d4ad elementor-widget elementor-widget-text-editor\" data-id=\"036d4ad\" data-element_type=\"widget\" data-e-type=\"widget\" data-widget_type=\"text-editor.default\">\n\t\t\t\t<div class=\"elementor-widget-container\">\n\t\t\t\t\t\t\t\t\t<p>Rembrr se compromete con la <strong data-start=\"3082\" data-end=\"3099\">transparencia<\/strong>, la <strong data-start=\"3104\" data-end=\"3113\">\u00e9tica<\/strong>, la <strong data-start=\"3118\" data-end=\"3131\">seguridad<\/strong> y el <strong data-start=\"3137\" data-end=\"3156\">uso responsable<\/strong> de los datos personales, ofreciendo est\u00e1ndares equivalentes a plataformas internacionales.<\/p>\t\t\t\t\t\t\t\t<\/div>\n\t\t\t\t<\/div>\n\t\t\t\t<div class=\"elementor-element elementor-element-bf198c7 elementor-widget elementor-widget-heading\" data-id=\"bf198c7\" data-element_type=\"widget\" data-e-type=\"widget\" data-widget_type=\"heading.default\">\n\t\t\t\t<div class=\"elementor-widget-container\">\n\t\t\t\t\t<h2 class=\"elementor-heading-title elementor-size-default\">7. Enlaces legales adicionales<\/h2>\t\t\t\t<\/div>\n\t\t\t\t<\/div>\n\t\t\t\t<div class=\"elementor-element elementor-element-78b6a78 elementor-widget elementor-widget-text-editor\" data-id=\"78b6a78\" data-element_type=\"widget\" data-e-type=\"widget\" data-widget_type=\"text-editor.default\">\n\t\t\t\t<div class=\"elementor-widget-container\">\n\t\t\t\t\t\t\t\t\t<p data-start=\"3295\" data-end=\"3356\">En el sitio puedes encontrar otras pol\u00edticas complementarias:<\/p><ul data-start=\"3358\" data-end=\"3480\"><li data-start=\"3358\" data-end=\"3390\"><p data-start=\"3360\" data-end=\"3390\">Pol\u00edtica de Datos Google API<\/p><\/li><li data-start=\"3391\" data-end=\"3414\"><p data-start=\"3393\" data-end=\"3414\">Pol\u00edtica de Cookies<\/p><\/li><li data-start=\"3415\" data-end=\"3439\"><p data-start=\"3417\" data-end=\"3439\">Eliminaci\u00f3n de Datos<\/p><\/li><li data-start=\"3440\" data-end=\"3464\"><p data-start=\"3442\" data-end=\"3464\">Derechos del Usuario<\/p><\/li><li data-start=\"3465\" data-end=\"3480\"><p data-start=\"3467\" data-end=\"3480\">Aviso Legal<\/p><\/li><\/ul><p data-start=\"3482\" data-end=\"3553\">Estas pol\u00edticas ampl\u00edan la informaci\u00f3n sobre c\u00f3mo protegemos tus datos.<\/p>\t\t\t\t\t\t\t\t<\/div>\n\t\t\t\t<\/div>\n\t\t\t\t<\/div>\n\t\t<div class=\"elementor-element elementor-element-8f3adc9 e-con-full e-flex e-con e-child\" data-id=\"8f3adc9\" data-element_type=\"container\" data-e-type=\"container\">\n\t\t\t\t<div class=\"elementor-element elementor-element-25cfcfa elementor-widget elementor-widget-table-of-contents\" data-id=\"25cfcfa\" data-element_type=\"widget\" data-e-type=\"widget\" data-settings=\"{&quot;headings_by_tags&quot;:[&quot;h2&quot;],&quot;exclude_headings_by_selector&quot;:[],&quot;marker_view&quot;:&quot;bullets&quot;,&quot;icon&quot;:{&quot;value&quot;:&quot;far fa-circle&quot;,&quot;library&quot;:&quot;fa-regular&quot;,&quot;rendered_tag&quot;:&quot;&lt;svg class=\\&quot;e-font-icon-svg e-far-circle\\&quot; viewBox=\\&quot;0 0 512 512\\&quot; xmlns=\\&quot;http:\\\/\\\/www.w3.org\\\/2000\\\/svg\\&quot;&gt;&lt;path d=\\&quot;M256 8C119 8 8 119 8 256s111 248 248 248 248-111 248-248S393 8 256 8zm0 448c-110.5 0-200-89.5-200-200S145.5 56 256 56s200 89.5 200 200-89.5 200-200 200z\\&quot;&gt;&lt;\\\/path&gt;&lt;\\\/svg&gt;&quot;},&quot;no_headings_message&quot;:&quot;No se ha encontrado ning\\u00fan encabezado en esta p\\u00e1gina.&quot;,&quot;hierarchical_view&quot;:&quot;yes&quot;,&quot;min_height&quot;:{&quot;unit&quot;:&quot;px&quot;,&quot;size&quot;:&quot;&quot;,&quot;sizes&quot;:[]},&quot;min_height_widescreen&quot;:{&quot;unit&quot;:&quot;px&quot;,&quot;size&quot;:&quot;&quot;,&quot;sizes&quot;:[]},&quot;min_height_laptop&quot;:{&quot;unit&quot;:&quot;px&quot;,&quot;size&quot;:&quot;&quot;,&quot;sizes&quot;:[]},&quot;min_height_tablet_extra&quot;:{&quot;unit&quot;:&quot;px&quot;,&quot;size&quot;:&quot;&quot;,&quot;sizes&quot;:[]},&quot;min_height_tablet&quot;:{&quot;unit&quot;:&quot;px&quot;,&quot;size&quot;:&quot;&quot;,&quot;sizes&quot;:[]},&quot;min_height_mobile_extra&quot;:{&quot;unit&quot;:&quot;px&quot;,&quot;size&quot;:&quot;&quot;,&quot;sizes&quot;:[]},&quot;min_height_mobile&quot;:{&quot;unit&quot;:&quot;px&quot;,&quot;size&quot;:&quot;&quot;,&quot;sizes&quot;:[]}}\" data-widget_type=\"table-of-contents.default\">\n\t\t\t\t<div class=\"elementor-widget-container\">\n\t\t\t\t\t\t\t\t\t<div class=\"elementor-toc__header\">\n\t\t\t\t\t\t<h2 class=\"elementor-toc__header-title\">\n\t\t\t\tEn esta p\u00e1gina\t\t\t<\/h2>\n\t\t\t\t\t\t\t\t<\/div>\n\t\t\t\t<div id=\"elementor-toc__25cfcfa\" class=\"elementor-toc__body\">\n\t\t\t<div class=\"elementor-toc__spinner-container\">\n\t\t\t\t<svg class=\"elementor-toc__spinner eicon-animation-spin e-font-icon-svg e-eicon-loading\" aria-hidden=\"true\" viewBox=\"0 0 1000 1000\" xmlns=\"http:\/\/www.w3.org\/2000\/svg\"><path d=\"M500 975V858C696 858 858 696 858 500S696 142 500 142 142 304 142 500H25C25 237 238 25 500 25S975 237 975 500 763 975 500 975Z\"><\/path><\/svg>\t\t\t<\/div>\n\t\t<\/div>\n\t\t\t\t\t\t<\/div>\n\t\t\t\t<\/div>\n\t\t\t\t<\/div>\n\t\t\t\t\t<\/div>\n\t\t\t\t<\/div>\n\t\t\t\t<\/div>\n\t\t","protected":false},"excerpt":{"rendered":"<p>La Pol\u00edtica de Privacidad explica c\u00f3mo Rembrr recopila, utiliza y protege tus datos personales. Nuestro compromiso es ofrecerte una experiencia segura, transparente y respetuosa con las leyes de protecci\u00f3n de datos de Estados Unidos, Europa y Colombia. 1. \u00bfQui\u00e9n es responsable de tus datos? REMBRR INC. es una empresa tecnol\u00f3gica registrada legalmente en el estado [&hellip;]<\/p>\n","protected":false},"author":2,"featured_media":0,"parent":1707,"menu_order":0,"comment_status":"closed","ping_status":"closed","template":"elementor_header_footer","meta":{"footnotes":""},"class_list":["post-3365","page","type-page","status-publish","hentry"],"yoast_head":"<!-- This site is optimized with the Yoast SEO plugin v27.0 - https:\/\/yoast.com\/product\/yoast-seo-wordpress\/ -->\n<title>Pol\u00edticas de privacidad - Rembrr<\/title>\n<meta name=\"robots\" content=\"index, follow, max-snippet:-1, max-image-preview:large, max-video-preview:-1\" \/>\n<link rel=\"canonical\" href=\"https:\/\/rembrr.com\/en\/help\/primeros-pasos\/politicas-de-privacidad\/\" \/>\n<meta property=\"og:locale\" content=\"en_US\" \/>\n<meta property=\"og:type\" content=\"article\" \/>\n<meta property=\"og:title\" content=\"Pol\u00edticas de privacidad - Rembrr\" \/>\n<meta property=\"og:description\" content=\"La Pol\u00edtica de Privacidad explica c\u00f3mo Rembrr recopila, utiliza y protege tus datos personales. Nuestro compromiso es ofrecerte una experiencia segura, transparente y respetuosa con las leyes de protecci\u00f3n de datos de Estados Unidos, Europa y Colombia. 1. \u00bfQui\u00e9n es responsable de tus datos? REMBRR INC. es una empresa tecnol\u00f3gica registrada legalmente en el estado [&hellip;]\" \/>\n<meta property=\"og:url\" content=\"https:\/\/rembrr.com\/en\/help\/primeros-pasos\/politicas-de-privacidad\/\" \/>\n<meta property=\"og:site_name\" content=\"Rembrr\" \/>\n<meta property=\"article:modified_time\" content=\"2026-03-15T04:58:34+00:00\" \/>\n<meta name=\"twitter:card\" content=\"summary_large_image\" \/>\n<meta name=\"twitter:label1\" content=\"Est. reading time\" \/>\n\t<meta name=\"twitter:data1\" content=\"2 minutes\" \/>\n<script type=\"application\/ld+json\" class=\"yoast-schema-graph\">{\"@context\":\"https:\/\/schema.org\",\"@graph\":[{\"@type\":\"WebPage\",\"@id\":\"https:\/\/rembrr.com\/help\/primeros-pasos\/politicas-de-privacidad\/\",\"url\":\"https:\/\/rembrr.com\/help\/primeros-pasos\/politicas-de-privacidad\/\",\"name\":\"Pol\u00edticas de privacidad - Rembrr\",\"isPartOf\":{\"@id\":\"https:\/\/rembrr.com\/#website\"},\"datePublished\":\"2025-11-16T21:11:17+00:00\",\"dateModified\":\"2026-03-15T04:58:34+00:00\",\"breadcrumb\":{\"@id\":\"https:\/\/rembrr.com\/help\/primeros-pasos\/politicas-de-privacidad\/#breadcrumb\"},\"inLanguage\":\"en-US\",\"potentialAction\":[{\"@type\":\"ReadAction\",\"target\":[\"https:\/\/rembrr.com\/help\/primeros-pasos\/politicas-de-privacidad\/\"]}]},{\"@type\":\"BreadcrumbList\",\"@id\":\"https:\/\/rembrr.com\/help\/primeros-pasos\/politicas-de-privacidad\/#breadcrumb\",\"itemListElement\":[{\"@type\":\"ListItem\",\"position\":1,\"name\":\"Portada\",\"item\":\"https:\/\/rembrr.com\/\"},{\"@type\":\"ListItem\",\"position\":2,\"name\":\"Help\",\"item\":\"https:\/\/rembrr.com\/help\/\"},{\"@type\":\"ListItem\",\"position\":3,\"name\":\"Primeros pasos\",\"item\":\"https:\/\/rembrr.com\/help\/primeros-pasos\/\"},{\"@type\":\"ListItem\",\"position\":4,\"name\":\"Pol\u00edticas de privacidad\"}]},{\"@type\":\"WebSite\",\"@id\":\"https:\/\/rembrr.com\/#website\",\"url\":\"https:\/\/rembrr.com\/\",\"name\":\"Rembrr\",\"description\":\"Logra m\u00e1s\",\"publisher\":{\"@id\":\"https:\/\/rembrr.com\/#organization\"},\"potentialAction\":[{\"@type\":\"SearchAction\",\"target\":{\"@type\":\"EntryPoint\",\"urlTemplate\":\"https:\/\/rembrr.com\/?s={search_term_string}\"},\"query-input\":{\"@type\":\"PropertyValueSpecification\",\"valueRequired\":true,\"valueName\":\"search_term_string\"}}],\"inLanguage\":\"en-US\"},{\"@type\":\"Organization\",\"@id\":\"https:\/\/rembrr.com\/#organization\",\"name\":\"Rembrr\",\"url\":\"https:\/\/rembrr.com\/\",\"logo\":{\"@type\":\"ImageObject\",\"inLanguage\":\"en-US\",\"@id\":\"https:\/\/rembrr.com\/#\/schema\/logo\/image\/\",\"url\":\"https:\/\/rembrr.com\/wp-content\/uploads\/2025\/06\/logo-horizontal.webp\",\"contentUrl\":\"https:\/\/rembrr.com\/wp-content\/uploads\/2025\/06\/logo-horizontal.webp\",\"width\":500,\"height\":112,\"caption\":\"Rembrr\"},\"image\":{\"@id\":\"https:\/\/rembrr.com\/#\/schema\/logo\/image\/\"}}]}<\/script>\n<!-- \/ Yoast SEO plugin. -->","yoast_head_json":{"title":"Pol\u00edticas de privacidad - Rembrr","robots":{"index":"index","follow":"follow","max-snippet":"max-snippet:-1","max-image-preview":"max-image-preview:large","max-video-preview":"max-video-preview:-1"},"canonical":"https:\/\/rembrr.com\/en\/help\/primeros-pasos\/politicas-de-privacidad\/","og_locale":"en_US","og_type":"article","og_title":"Pol\u00edticas de privacidad - Rembrr","og_description":"La Pol\u00edtica de Privacidad explica c\u00f3mo Rembrr recopila, utiliza y protege tus datos personales. Nuestro compromiso es ofrecerte una experiencia segura, transparente y respetuosa con las leyes de protecci\u00f3n de datos de Estados Unidos, Europa y Colombia. 1. \u00bfQui\u00e9n es responsable de tus datos? REMBRR INC. es una empresa tecnol\u00f3gica registrada legalmente en el estado [&hellip;]","og_url":"https:\/\/rembrr.com\/en\/help\/primeros-pasos\/politicas-de-privacidad\/","og_site_name":"Rembrr","article_modified_time":"2026-03-15T04:58:34+00:00","twitter_card":"summary_large_image","twitter_misc":{"Est. reading time":"2 minutes"},"schema":{"@context":"https:\/\/schema.org","@graph":[{"@type":"WebPage","@id":"https:\/\/rembrr.com\/help\/primeros-pasos\/politicas-de-privacidad\/","url":"https:\/\/rembrr.com\/help\/primeros-pasos\/politicas-de-privacidad\/","name":"Pol\u00edticas de privacidad - Rembrr","isPartOf":{"@id":"https:\/\/rembrr.com\/#website"},"datePublished":"2025-11-16T21:11:17+00:00","dateModified":"2026-03-15T04:58:34+00:00","breadcrumb":{"@id":"https:\/\/rembrr.com\/help\/primeros-pasos\/politicas-de-privacidad\/#breadcrumb"},"inLanguage":"en-US","potentialAction":[{"@type":"ReadAction","target":["https:\/\/rembrr.com\/help\/primeros-pasos\/politicas-de-privacidad\/"]}]},{"@type":"BreadcrumbList","@id":"https:\/\/rembrr.com\/help\/primeros-pasos\/politicas-de-privacidad\/#breadcrumb","itemListElement":[{"@type":"ListItem","position":1,"name":"Portada","item":"https:\/\/rembrr.com\/"},{"@type":"ListItem","position":2,"name":"Help","item":"https:\/\/rembrr.com\/help\/"},{"@type":"ListItem","position":3,"name":"Primeros pasos","item":"https:\/\/rembrr.com\/help\/primeros-pasos\/"},{"@type":"ListItem","position":4,"name":"Pol\u00edticas de privacidad"}]},{"@type":"WebSite","@id":"https:\/\/rembrr.com\/#website","url":"https:\/\/rembrr.com\/","name":"Rembrr","description":"Logra m\u00e1s","publisher":{"@id":"https:\/\/rembrr.com\/#organization"},"potentialAction":[{"@type":"SearchAction","target":{"@type":"EntryPoint","urlTemplate":"https:\/\/rembrr.com\/?s={search_term_string}"},"query-input":{"@type":"PropertyValueSpecification","valueRequired":true,"valueName":"search_term_string"}}],"inLanguage":"en-US"},{"@type":"Organization","@id":"https:\/\/rembrr.com\/#organization","name":"Rembrr","url":"https:\/\/rembrr.com\/","logo":{"@type":"ImageObject","inLanguage":"en-US","@id":"https:\/\/rembrr.com\/#\/schema\/logo\/image\/","url":"https:\/\/rembrr.com\/wp-content\/uploads\/2025\/06\/logo-horizontal.webp","contentUrl":"https:\/\/rembrr.com\/wp-content\/uploads\/2025\/06\/logo-horizontal.webp","width":500,"height":112,"caption":"Rembrr"},"image":{"@id":"https:\/\/rembrr.com\/#\/schema\/logo\/image\/"}}]}},"_links":{"self":[{"href":"https:\/\/rembrr.com\/en\/wp-json\/wp\/v2\/pages\/3365","targetHints":{"allow":["GET"]}}],"collection":[{"href":"https:\/\/rembrr.com\/en\/wp-json\/wp\/v2\/pages"}],"about":[{"href":"https:\/\/rembrr.com\/en\/wp-json\/wp\/v2\/types\/page"}],"author":[{"embeddable":true,"href":"https:\/\/rembrr.com\/en\/wp-json\/wp\/v2\/users\/2"}],"replies":[{"embeddable":true,"href":"https:\/\/rembrr.com\/en\/wp-json\/wp\/v2\/comments?post=3365"}],"version-history":[{"count":16,"href":"https:\/\/rembrr.com\/en\/wp-json\/wp\/v2\/pages\/3365\/revisions"}],"predecessor-version":[{"id":6411,"href":"https:\/\/rembrr.com\/en\/wp-json\/wp\/v2\/pages\/3365\/revisions\/6411"}],"up":[{"embeddable":true,"href":"https:\/\/rembrr.com\/en\/wp-json\/wp\/v2\/pages\/1707"}],"wp:attachment":[{"href":"https:\/\/rembrr.com\/en\/wp-json\/wp\/v2\/media?parent=3365"}],"curies":[{"name":"wp","href":"https:\/\/api.w.org\/{rel}","templated":true}]}}