{"id":3390,"date":"2025-11-16T10:52:35","date_gmt":"2025-11-16T15:52:35","guid":{"rendered":"https:\/\/rembrr.com\/?page_id=3390"},"modified":"2026-03-16T08:23:14","modified_gmt":"2026-03-16T13:23:14","slug":"asistente-ai-por-voz","status":"publish","type":"page","link":"https:\/\/rembrr.com\/en\/help\/funciones-clave\/asistente-ai-por-voz\/","title":{"rendered":"AI Voice Assistant"},"content":{"rendered":"\t\t<div data-elementor-type=\"wp-page\" data-elementor-id=\"3390\" class=\"elementor elementor-3390\" data-elementor-post-type=\"page\">\n\t\t\t\t<div class=\"elementor-element elementor-element-db69832 e-flex e-con-boxed e-con e-parent\" data-id=\"db69832\" data-element_type=\"container\" data-e-type=\"container\">\n\t\t\t\t\t<div class=\"e-con-inner\">\n\t\t\t\t<div class=\"elementor-element elementor-element-37ec3a7 elementor-widget elementor-widget-breadcrumbs\" data-id=\"37ec3a7\" data-element_type=\"widget\" data-e-type=\"widget\" data-widget_type=\"breadcrumbs.default\">\n\t\t\t\t<div class=\"elementor-widget-container\">\n\t\t\t\t\t<p id=\"breadcrumbs\"><span><span><a href=\"https:\/\/rembrr.com\/\">Portada<\/a><\/span><\/span><\/p>\t\t\t\t<\/div>\n\t\t\t\t<\/div>\n\t\t\t\t\t<\/div>\n\t\t\t\t<\/div>\n\t\t<div class=\"elementor-element elementor-element-24488db e-flex e-con-boxed e-con e-parent\" data-id=\"24488db\" data-element_type=\"container\" data-e-type=\"container\">\n\t\t\t\t\t<div class=\"e-con-inner\">\n\t\t<div class=\"elementor-element elementor-element-7e25cb6 e-con-full e-flex e-con e-child\" data-id=\"7e25cb6\" data-element_type=\"container\" data-e-type=\"container\">\n\t\t\t\t<div class=\"elementor-element elementor-element-52a89c3 elementor-widget elementor-widget-heading\" data-id=\"52a89c3\" data-element_type=\"widget\" data-e-type=\"widget\" data-widget_type=\"heading.default\">\n\t\t\t\t<div class=\"elementor-widget-container\">\n\t\t\t\t\t<p class=\"elementor-heading-title elementor-size-default\">November 16, 2025<\/p>\t\t\t\t<\/div>\n\t\t\t\t<\/div>\n\t\t\t\t<div class=\"elementor-element elementor-element-056ac0c elementor-widget-divider--view-line elementor-widget elementor-widget-divider\" data-id=\"056ac0c\" data-element_type=\"widget\" data-e-type=\"widget\" data-widget_type=\"divider.default\">\n\t\t\t\t<div class=\"elementor-widget-container\">\n\t\t\t\t\t\t\t<div class=\"elementor-divider\">\n\t\t\t<span class=\"elementor-divider-separator\">\n\t\t\t\t\t\t<\/span>\n\t\t<\/div>\n\t\t\t\t\t\t<\/div>\n\t\t\t\t<\/div>\n\t\t\t\t<div class=\"elementor-element elementor-element-f40eb74 elementor-widget elementor-widget-text-editor\" data-id=\"f40eb74\" data-element_type=\"widget\" data-e-type=\"widget\" data-widget_type=\"text-editor.default\">\n\t\t\t\t<div class=\"elementor-widget-container\">\n\t\t\t\t\t\t\t\t\t<p data-start=\"299\" data-end=\"605\">El Asistente AI por voz de Rembrr te permite realizar tareas, crear tableros, programar eventos y obtener informaci\u00f3n usando \u00fanicamente tu voz. Habla con Rembrr de forma natural, como si hablaras con un asistente personal, y la app interpretar\u00e1 tus instrucciones usando inteligencia artificial para ejecutarlas autom\u00e1ticamente.<\/p>\t\t\t\t\t\t\t\t<\/div>\n\t\t\t\t<\/div>\n\t\t\t\t<div class=\"elementor-element elementor-element-7c50a11 elementor-widget elementor-widget-heading\" data-id=\"7c50a11\" data-element_type=\"widget\" data-e-type=\"widget\" data-widget_type=\"heading.default\">\n\t\t\t\t<div class=\"elementor-widget-container\">\n\t\t\t\t\t<h2 class=\"elementor-heading-title elementor-size-default\">1. \u00bfQu\u00e9 es el Asistente AI por voz?<\/h2>\t\t\t\t<\/div>\n\t\t\t\t<\/div>\n\t\t\t\t<div class=\"elementor-element elementor-element-327db37 elementor-widget elementor-widget-text-editor\" data-id=\"327db37\" data-element_type=\"widget\" data-e-type=\"widget\" data-widget_type=\"text-editor.default\">\n\t\t\t\t<div class=\"elementor-widget-container\">\n\t\t\t\t\t\t\t\t\t<p data-start=\"628\" data-end=\"751\">Es la funci\u00f3n que permite comunicarte con Rembrr hablando en lenguaje natural.<br data-start=\"706\" data-end=\"709\" \/>A diferencia del simple \u201cdictado\u201d, Rembrr:<\/p><ul><li data-start=\"753\" data-end=\"781\"><p data-start=\"755\" data-end=\"781\"><strong data-start=\"755\" data-end=\"766\">Escucha<\/strong> lo que dices<\/p><\/li><li data-start=\"782\" data-end=\"815\"><p data-start=\"784\" data-end=\"815\"><strong data-start=\"784\" data-end=\"798\">Transcribe<\/strong> tu voz a texto<\/p><\/li><li data-start=\"816\" data-end=\"874\"><p data-start=\"818\" data-end=\"874\"><strong data-start=\"818\" data-end=\"843\">Entiende tu intenci\u00f3n<\/strong> (interpretaci\u00f3n inteligente)<\/p><\/li><li><strong data-start=\"818\" data-end=\"843\">Te responde por voz<br \/><\/strong>Procesa tu solicitud y la convierte a texto y luego a voz (TTS).<\/li><li data-start=\"875\" data-end=\"944\"><p data-start=\"877\" data-end=\"944\"><strong data-start=\"877\" data-end=\"903\">Act\u00faa dentro de la app<\/strong> creando o consultando informaci\u00f3n real<\/p><\/li><\/ul><p data-start=\"946\" data-end=\"1039\">No necesitas memorizar comandos ni frases exactas: solo habla como lo har\u00edas con una persona.<\/p>\t\t\t\t\t\t\t\t<\/div>\n\t\t\t\t<\/div>\n\t\t\t\t<div class=\"elementor-element elementor-element-c6b8511 elementor-widget elementor-widget-heading\" data-id=\"c6b8511\" data-element_type=\"widget\" data-e-type=\"widget\" data-widget_type=\"heading.default\">\n\t\t\t\t<div class=\"elementor-widget-container\">\n\t\t\t\t\t<h2 class=\"elementor-heading-title elementor-size-default\">2. \u00bfPara qu\u00e9 sirve el Asistente AI por voz?<\/h2>\t\t\t\t<\/div>\n\t\t\t\t<\/div>\n\t\t\t\t<div class=\"elementor-element elementor-element-3349bae elementor-widget elementor-widget-text-editor\" data-id=\"3349bae\" data-element_type=\"widget\" data-e-type=\"widget\" data-widget_type=\"text-editor.default\">\n\t\t\t\t<div class=\"elementor-widget-container\">\n\t\t\t\t\t\t\t\t\t<p>Puedes usar tu voz para:<\/p><p><strong>Crear tareas<\/strong><\/p><p>\u201cRembrr, crea una tarea para ma\u00f1ana: enviar propuesta.\u201d<\/p><p><strong>Programar eventos<\/strong><\/p><p>\u201cAgrega un evento el viernes a las 10: reuni\u00f3n de planeaci\u00f3n.\u201d<\/p><p><strong>Consultar informaci\u00f3n<\/strong><\/p><p>\u201c\u00bfQu\u00e9 pendientes tengo hoy?\u201d<br \/>\u201c\u00bfCu\u00e1les tareas vencen pronto?\u201d<\/p><p><strong>Crear tableros completos<\/strong><\/p><p>\u201cCrea un tablero para mis proyectos de dise\u00f1o.\u201d<\/p><p><strong>Buscar dentro de la app<\/strong><\/p><p>\u201cBusca mi tablero de reuniones.\u201d<\/p><p><strong>Acciones contextuales del d\u00eda<\/strong><\/p><p>\u201cOrganiza mi semana.\u201d<br \/>\u201cDime qu\u00e9 me recomiendas hacer primero.\u201d<\/p>\t\t\t\t\t\t\t\t<\/div>\n\t\t\t\t<\/div>\n\t\t\t\t<div class=\"elementor-element elementor-element-84651a6 elementor-widget elementor-widget-heading\" data-id=\"84651a6\" data-element_type=\"widget\" data-e-type=\"widget\" data-widget_type=\"heading.default\">\n\t\t\t\t<div class=\"elementor-widget-container\">\n\t\t\t\t\t<h2 class=\"elementor-heading-title elementor-size-default\">3. C\u00f3mo activar el Asistente AI por voz<\/h2>\t\t\t\t<\/div>\n\t\t\t\t<\/div>\n\t\t\t\t<div class=\"elementor-element elementor-element-07b0a56 elementor-widget elementor-widget-text-editor\" data-id=\"07b0a56\" data-element_type=\"widget\" data-e-type=\"widget\" data-widget_type=\"text-editor.default\">\n\t\t\t\t<div class=\"elementor-widget-container\">\n\t\t\t\t\t\t\t\t\t<p>Tienes dos formas:<\/p><p><strong>A) Bot\u00f3n de micr\u00f3fono<\/strong> (comandos r\u00e1pidos)<\/p><p>Ideal para instrucciones cortas o directas.<\/p><p>(Captura sugerida: \u00cdcono del micr\u00f3fono resaltado en la barra inferior)<\/p><p><strong>B) Bot\u00f3n de ondas de voz<\/strong> (modo conversaci\u00f3n)<\/p><p>Activa un modo m\u00e1s avanzado donde el asistente escucha frases largas o conversaciones naturales para luego convertirlas a texto, procesarlas y luego convierte la respuesta en texto y de texto a voz (TTS).<\/p>\t\t\t\t\t\t\t\t<\/div>\n\t\t\t\t<\/div>\n\t\t\t\t<div class=\"elementor-element elementor-element-e247aec elementor-widget elementor-widget-heading\" data-id=\"e247aec\" data-element_type=\"widget\" data-e-type=\"widget\" data-widget_type=\"heading.default\">\n\t\t\t\t<div class=\"elementor-widget-container\">\n\t\t\t\t\t<h2 class=\"elementor-heading-title elementor-size-default\">4. C\u00f3mo usarlo paso a paso<\/h2>\t\t\t\t<\/div>\n\t\t\t\t<\/div>\n\t\t\t\t<div class=\"elementor-element elementor-element-a458da8 elementor-widget elementor-widget-text-editor\" data-id=\"a458da8\" data-element_type=\"widget\" data-e-type=\"widget\" data-widget_type=\"text-editor.default\">\n\t\t\t\t<div class=\"elementor-widget-container\">\n\t\t\t\t\t\t\t\t\t<p><strong>Paso 1:<\/strong><br \/>Abre la app en la pantalla principal del asistente.<\/p><p><strong>Paso 2:<\/strong><br \/>Toca el micr\u00f3fono o el bot\u00f3n de ondas, seg\u00fan prefieras.<\/p><p><strong>Paso 3:<\/strong><br \/>Habla normalmente. No necesitas comandos r\u00edgidos.<br \/>Ejemplo:<br \/>\u201cQuiero crear una tarea para revisar mi correo m\u00e1s tarde.\u201d<\/p><p><strong>Paso 4:<\/strong> <br \/>Rembrr procesar\u00e1 tu voz y mostrar\u00e1 lo que entendi\u00f3 en pantalla.<\/p><p><strong>Paso 5:<\/strong> <br \/>Confirma la acci\u00f3n (si corresponde), y la app la realizar\u00e1 autom\u00e1ticamente.<\/p>\t\t\t\t\t\t\t\t<\/div>\n\t\t\t\t<\/div>\n\t\t\t\t<div class=\"elementor-element elementor-element-666c664 elementor-widget elementor-widget-heading\" data-id=\"666c664\" data-element_type=\"widget\" data-e-type=\"widget\" data-widget_type=\"heading.default\">\n\t\t\t\t<div class=\"elementor-widget-container\">\n\t\t\t\t\t<h2 class=\"elementor-heading-title elementor-size-default\">5. Ejemplos \u00fatiles para el d\u00eda a d\u00eda<\/h2>\t\t\t\t<\/div>\n\t\t\t\t<\/div>\n\t\t\t\t<div class=\"elementor-element elementor-element-2da073d elementor-widget elementor-widget-text-editor\" data-id=\"2da073d\" data-element_type=\"widget\" data-e-type=\"widget\" data-widget_type=\"text-editor.default\">\n\t\t\t\t<div class=\"elementor-widget-container\">\n\t\t\t\t\t\t\t\t\t<p><strong>Organizaci\u00f3n personal<\/strong><br \/>\u201cRembrr, crea un tablero para mis finanzas.\u201d<\/p><p><strong>Trabajo<\/strong><br \/>\u201cAgrega una tarea: terminar el informe de ventas.\u201d<\/p><p><strong>Recordatorios<\/strong><br \/>\u201cRecu\u00e9rdame que llame a Juan a las 3 pm.\u201d<\/p><p><strong>Productividad<\/strong><br \/>\u201c\u00bfQu\u00e9 tengo pendiente esta semana?\u201d<br \/>\u201c\u00bfQu\u00e9 deber\u00eda hacer primero hoy?\u201d<\/p><p><strong>Sugerencias inteligentes<\/strong><br \/>\u201c\u00bfQu\u00e9 me recomiendas adelantar?\u201d<\/p>\t\t\t\t\t\t\t\t<\/div>\n\t\t\t\t<\/div>\n\t\t\t\t<div class=\"elementor-element elementor-element-8420bd9 elementor-widget elementor-widget-heading\" data-id=\"8420bd9\" data-element_type=\"widget\" data-e-type=\"widget\" data-widget_type=\"heading.default\">\n\t\t\t\t<div class=\"elementor-widget-container\">\n\t\t\t\t\t<h2 class=\"elementor-heading-title elementor-size-default\">6. Consejos para obtener mejores resultados<\/h2>\t\t\t\t<\/div>\n\t\t\t\t<\/div>\n\t\t\t\t<div class=\"elementor-element elementor-element-ef01468 elementor-widget elementor-widget-text-editor\" data-id=\"ef01468\" data-element_type=\"widget\" data-e-type=\"widget\" data-widget_type=\"text-editor.default\">\n\t\t\t\t<div class=\"elementor-widget-container\">\n\t\t\t\t\t\t\t\t\t<ul><li data-start=\"3383\" data-end=\"3418\"><p data-start=\"3385\" data-end=\"3418\">Habla de forma natural y clara.<\/p><\/li><li data-start=\"3419\" data-end=\"3483\"><p data-start=\"3421\" data-end=\"3483\">Incluye fechas o horarios cuando programes eventos o tareas.<\/p><\/li><li data-start=\"3484\" data-end=\"3538\"><p data-start=\"3486\" data-end=\"3538\">Si la instrucci\u00f3n es larga, usa el bot\u00f3n de ondas.<\/p><\/li><li data-start=\"3539\" data-end=\"3604\"><p data-start=\"3541\" data-end=\"3604\">Evita ruidos fuertes alrededor para mejorar la transcripci\u00f3n.<\/p><\/li><\/ul>\t\t\t\t\t\t\t\t<\/div>\n\t\t\t\t<\/div>\n\t\t\t\t<div class=\"elementor-element elementor-element-805299d elementor-widget elementor-widget-heading\" data-id=\"805299d\" data-element_type=\"widget\" data-e-type=\"widget\" data-widget_type=\"heading.default\">\n\t\t\t\t<div class=\"elementor-widget-container\">\n\t\t\t\t\t<h2 class=\"elementor-heading-title elementor-size-default\">7. \u00bfEs seguro usar el asistente por voz?<\/h2>\t\t\t\t<\/div>\n\t\t\t\t<\/div>\n\t\t\t\t<div class=\"elementor-element elementor-element-7a52842 elementor-widget elementor-widget-text-editor\" data-id=\"7a52842\" data-element_type=\"widget\" data-e-type=\"widget\" data-widget_type=\"text-editor.default\">\n\t\t\t\t<div class=\"elementor-widget-container\">\n\t\t\t\t\t\t\t\t\t<p data-start=\"3662\" data-end=\"3694\">S\u00ed. Las interacciones por voz:<\/p><ul><li data-start=\"3698\" data-end=\"3749\">se procesan \u00fanicamente para convertirlas a texto,<\/li><li data-start=\"3752\" data-end=\"3790\">no se almacenan permanentemente,<\/li><li data-start=\"3793\" data-end=\"3824\">no se comparten con terceros,<\/li><li data-start=\"3827\" data-end=\"3878\">no se usan para publicidad o entrenamiento externo.<\/li><\/ul>\t\t\t\t\t\t\t\t<\/div>\n\t\t\t\t<\/div>\n\t\t\t\t<\/div>\n\t\t<div class=\"elementor-element elementor-element-4a1af36 e-con-full e-flex e-con e-child\" data-id=\"4a1af36\" data-element_type=\"container\" data-e-type=\"container\">\n\t\t\t\t<div class=\"elementor-element elementor-element-95ee914 elementor-widget elementor-widget-table-of-contents\" data-id=\"95ee914\" data-element_type=\"widget\" data-e-type=\"widget\" data-settings=\"{&quot;headings_by_tags&quot;:[&quot;h2&quot;],&quot;exclude_headings_by_selector&quot;:[],&quot;marker_view&quot;:&quot;bullets&quot;,&quot;icon&quot;:{&quot;value&quot;:&quot;far fa-circle&quot;,&quot;library&quot;:&quot;fa-regular&quot;,&quot;rendered_tag&quot;:&quot;&lt;svg class=\\&quot;e-font-icon-svg e-far-circle\\&quot; viewBox=\\&quot;0 0 512 512\\&quot; xmlns=\\&quot;http:\\\/\\\/www.w3.org\\\/2000\\\/svg\\&quot;&gt;&lt;path d=\\&quot;M256 8C119 8 8 119 8 256s111 248 248 248 248-111 248-248S393 8 256 8zm0 448c-110.5 0-200-89.5-200-200S145.5 56 256 56s200 89.5 200 200-89.5 200-200 200z\\&quot;&gt;&lt;\\\/path&gt;&lt;\\\/svg&gt;&quot;},&quot;no_headings_message&quot;:&quot;No se ha encontrado ning\\u00fan encabezado en esta p\\u00e1gina.&quot;,&quot;hierarchical_view&quot;:&quot;yes&quot;,&quot;min_height&quot;:{&quot;unit&quot;:&quot;px&quot;,&quot;size&quot;:&quot;&quot;,&quot;sizes&quot;:[]},&quot;min_height_widescreen&quot;:{&quot;unit&quot;:&quot;px&quot;,&quot;size&quot;:&quot;&quot;,&quot;sizes&quot;:[]},&quot;min_height_laptop&quot;:{&quot;unit&quot;:&quot;px&quot;,&quot;size&quot;:&quot;&quot;,&quot;sizes&quot;:[]},&quot;min_height_tablet_extra&quot;:{&quot;unit&quot;:&quot;px&quot;,&quot;size&quot;:&quot;&quot;,&quot;sizes&quot;:[]},&quot;min_height_tablet&quot;:{&quot;unit&quot;:&quot;px&quot;,&quot;size&quot;:&quot;&quot;,&quot;sizes&quot;:[]},&quot;min_height_mobile_extra&quot;:{&quot;unit&quot;:&quot;px&quot;,&quot;size&quot;:&quot;&quot;,&quot;sizes&quot;:[]},&quot;min_height_mobile&quot;:{&quot;unit&quot;:&quot;px&quot;,&quot;size&quot;:&quot;&quot;,&quot;sizes&quot;:[]}}\" data-widget_type=\"table-of-contents.default\">\n\t\t\t\t<div class=\"elementor-widget-container\">\n\t\t\t\t\t\t\t\t\t<div class=\"elementor-toc__header\">\n\t\t\t\t\t\t<h2 class=\"elementor-toc__header-title\">\n\t\t\t\tEn esta p\u00e1gina\t\t\t<\/h2>\n\t\t\t\t\t\t\t\t<\/div>\n\t\t\t\t<div id=\"elementor-toc__95ee914\" class=\"elementor-toc__body\">\n\t\t\t<div class=\"elementor-toc__spinner-container\">\n\t\t\t\t<svg class=\"elementor-toc__spinner eicon-animation-spin e-font-icon-svg e-eicon-loading\" aria-hidden=\"true\" viewBox=\"0 0 1000 1000\" xmlns=\"http:\/\/www.w3.org\/2000\/svg\"><path d=\"M500 975V858C696 858 858 696 858 500S696 142 500 142 142 304 142 500H25C25 237 238 25 500 25S975 237 975 500 763 975 500 975Z\"><\/path><\/svg>\t\t\t<\/div>\n\t\t<\/div>\n\t\t\t\t\t\t<\/div>\n\t\t\t\t<\/div>\n\t\t\t\t<\/div>\n\t\t\t\t\t<\/div>\n\t\t\t\t<\/div>\n\t\t\t\t<\/div>\n\t\t","protected":false},"excerpt":{"rendered":"<p>El Asistente AI por voz de Rembrr te permite realizar tareas, crear tableros, programar eventos y obtener informaci\u00f3n usando \u00fanicamente tu voz. Habla con Rembrr de forma natural, como si hablaras con un asistente personal, y la app interpretar\u00e1 tus instrucciones usando inteligencia artificial para ejecutarlas autom\u00e1ticamente. 1. \u00bfQu\u00e9 es el Asistente AI por voz? [&hellip;]<\/p>\n","protected":false},"author":2,"featured_media":0,"parent":1821,"menu_order":0,"comment_status":"closed","ping_status":"closed","template":"elementor_header_footer","meta":{"footnotes":""},"class_list":["post-3390","page","type-page","status-publish","hentry"],"yoast_head":"<!-- This site is optimized with the Yoast SEO plugin v27.0 - https:\/\/yoast.com\/product\/yoast-seo-wordpress\/ -->\n<title>Asistente AI por voz - Rembrr<\/title>\n<meta name=\"robots\" content=\"index, follow, max-snippet:-1, max-image-preview:large, max-video-preview:-1\" \/>\n<link rel=\"canonical\" href=\"https:\/\/rembrr.com\/en\/help\/funciones-clave\/asistente-ai-por-voz\/\" \/>\n<meta property=\"og:locale\" content=\"en_US\" \/>\n<meta property=\"og:type\" content=\"article\" \/>\n<meta property=\"og:title\" content=\"Asistente AI por voz - Rembrr\" \/>\n<meta property=\"og:description\" content=\"El Asistente AI por voz de Rembrr te permite realizar tareas, crear tableros, programar eventos y obtener informaci\u00f3n usando \u00fanicamente tu voz. Habla con Rembrr de forma natural, como si hablaras con un asistente personal, y la app interpretar\u00e1 tus instrucciones usando inteligencia artificial para ejecutarlas autom\u00e1ticamente. 1. \u00bfQu\u00e9 es el Asistente AI por voz? [&hellip;]\" \/>\n<meta property=\"og:url\" content=\"https:\/\/rembrr.com\/en\/help\/funciones-clave\/asistente-ai-por-voz\/\" \/>\n<meta property=\"og:site_name\" content=\"Rembrr\" \/>\n<meta property=\"article:modified_time\" content=\"2026-03-16T13:23:14+00:00\" \/>\n<meta name=\"twitter:card\" content=\"summary_large_image\" \/>\n<meta name=\"twitter:label1\" content=\"Est. reading time\" \/>\n\t<meta name=\"twitter:data1\" content=\"3 minutes\" \/>\n<script type=\"application\/ld+json\" class=\"yoast-schema-graph\">{\"@context\":\"https:\/\/schema.org\",\"@graph\":[{\"@type\":\"WebPage\",\"@id\":\"https:\/\/rembrr.com\/help\/funciones-clave\/asistente-ai-por-voz\/\",\"url\":\"https:\/\/rembrr.com\/help\/funciones-clave\/asistente-ai-por-voz\/\",\"name\":\"Asistente AI por voz - Rembrr\",\"isPartOf\":{\"@id\":\"https:\/\/rembrr.com\/#website\"},\"datePublished\":\"2025-11-16T15:52:35+00:00\",\"dateModified\":\"2026-03-16T13:23:14+00:00\",\"breadcrumb\":{\"@id\":\"https:\/\/rembrr.com\/help\/funciones-clave\/asistente-ai-por-voz\/#breadcrumb\"},\"inLanguage\":\"en-US\",\"potentialAction\":[{\"@type\":\"ReadAction\",\"target\":[\"https:\/\/rembrr.com\/help\/funciones-clave\/asistente-ai-por-voz\/\"]}]},{\"@type\":\"BreadcrumbList\",\"@id\":\"https:\/\/rembrr.com\/help\/funciones-clave\/asistente-ai-por-voz\/#breadcrumb\",\"itemListElement\":[{\"@type\":\"ListItem\",\"position\":1,\"name\":\"Portada\",\"item\":\"https:\/\/rembrr.com\/\"},{\"@type\":\"ListItem\",\"position\":2,\"name\":\"Help\",\"item\":\"https:\/\/rembrr.com\/help\/\"},{\"@type\":\"ListItem\",\"position\":3,\"name\":\"Funciones clave\",\"item\":\"https:\/\/rembrr.com\/help\/funciones-clave\/\"},{\"@type\":\"ListItem\",\"position\":4,\"name\":\"Asistente AI por voz\"}]},{\"@type\":\"WebSite\",\"@id\":\"https:\/\/rembrr.com\/#website\",\"url\":\"https:\/\/rembrr.com\/\",\"name\":\"Rembrr\",\"description\":\"Logra m\u00e1s\",\"publisher\":{\"@id\":\"https:\/\/rembrr.com\/#organization\"},\"potentialAction\":[{\"@type\":\"SearchAction\",\"target\":{\"@type\":\"EntryPoint\",\"urlTemplate\":\"https:\/\/rembrr.com\/?s={search_term_string}\"},\"query-input\":{\"@type\":\"PropertyValueSpecification\",\"valueRequired\":true,\"valueName\":\"search_term_string\"}}],\"inLanguage\":\"en-US\"},{\"@type\":\"Organization\",\"@id\":\"https:\/\/rembrr.com\/#organization\",\"name\":\"Rembrr\",\"url\":\"https:\/\/rembrr.com\/\",\"logo\":{\"@type\":\"ImageObject\",\"inLanguage\":\"en-US\",\"@id\":\"https:\/\/rembrr.com\/#\/schema\/logo\/image\/\",\"url\":\"https:\/\/rembrr.com\/wp-content\/uploads\/2025\/06\/logo-horizontal.webp\",\"contentUrl\":\"https:\/\/rembrr.com\/wp-content\/uploads\/2025\/06\/logo-horizontal.webp\",\"width\":500,\"height\":112,\"caption\":\"Rembrr\"},\"image\":{\"@id\":\"https:\/\/rembrr.com\/#\/schema\/logo\/image\/\"}}]}<\/script>\n<!-- \/ Yoast SEO plugin. -->","yoast_head_json":{"title":"Asistente AI por voz - Rembrr","robots":{"index":"index","follow":"follow","max-snippet":"max-snippet:-1","max-image-preview":"max-image-preview:large","max-video-preview":"max-video-preview:-1"},"canonical":"https:\/\/rembrr.com\/en\/help\/funciones-clave\/asistente-ai-por-voz\/","og_locale":"en_US","og_type":"article","og_title":"Asistente AI por voz - Rembrr","og_description":"El Asistente AI por voz de Rembrr te permite realizar tareas, crear tableros, programar eventos y obtener informaci\u00f3n usando \u00fanicamente tu voz. Habla con Rembrr de forma natural, como si hablaras con un asistente personal, y la app interpretar\u00e1 tus instrucciones usando inteligencia artificial para ejecutarlas autom\u00e1ticamente. 1. \u00bfQu\u00e9 es el Asistente AI por voz? [&hellip;]","og_url":"https:\/\/rembrr.com\/en\/help\/funciones-clave\/asistente-ai-por-voz\/","og_site_name":"Rembrr","article_modified_time":"2026-03-16T13:23:14+00:00","twitter_card":"summary_large_image","twitter_misc":{"Est. reading time":"3 minutes"},"schema":{"@context":"https:\/\/schema.org","@graph":[{"@type":"WebPage","@id":"https:\/\/rembrr.com\/help\/funciones-clave\/asistente-ai-por-voz\/","url":"https:\/\/rembrr.com\/help\/funciones-clave\/asistente-ai-por-voz\/","name":"Asistente AI por voz - Rembrr","isPartOf":{"@id":"https:\/\/rembrr.com\/#website"},"datePublished":"2025-11-16T15:52:35+00:00","dateModified":"2026-03-16T13:23:14+00:00","breadcrumb":{"@id":"https:\/\/rembrr.com\/help\/funciones-clave\/asistente-ai-por-voz\/#breadcrumb"},"inLanguage":"en-US","potentialAction":[{"@type":"ReadAction","target":["https:\/\/rembrr.com\/help\/funciones-clave\/asistente-ai-por-voz\/"]}]},{"@type":"BreadcrumbList","@id":"https:\/\/rembrr.com\/help\/funciones-clave\/asistente-ai-por-voz\/#breadcrumb","itemListElement":[{"@type":"ListItem","position":1,"name":"Portada","item":"https:\/\/rembrr.com\/"},{"@type":"ListItem","position":2,"name":"Help","item":"https:\/\/rembrr.com\/help\/"},{"@type":"ListItem","position":3,"name":"Funciones clave","item":"https:\/\/rembrr.com\/help\/funciones-clave\/"},{"@type":"ListItem","position":4,"name":"Asistente AI por voz"}]},{"@type":"WebSite","@id":"https:\/\/rembrr.com\/#website","url":"https:\/\/rembrr.com\/","name":"Rembrr","description":"Logra m\u00e1s","publisher":{"@id":"https:\/\/rembrr.com\/#organization"},"potentialAction":[{"@type":"SearchAction","target":{"@type":"EntryPoint","urlTemplate":"https:\/\/rembrr.com\/?s={search_term_string}"},"query-input":{"@type":"PropertyValueSpecification","valueRequired":true,"valueName":"search_term_string"}}],"inLanguage":"en-US"},{"@type":"Organization","@id":"https:\/\/rembrr.com\/#organization","name":"Rembrr","url":"https:\/\/rembrr.com\/","logo":{"@type":"ImageObject","inLanguage":"en-US","@id":"https:\/\/rembrr.com\/#\/schema\/logo\/image\/","url":"https:\/\/rembrr.com\/wp-content\/uploads\/2025\/06\/logo-horizontal.webp","contentUrl":"https:\/\/rembrr.com\/wp-content\/uploads\/2025\/06\/logo-horizontal.webp","width":500,"height":112,"caption":"Rembrr"},"image":{"@id":"https:\/\/rembrr.com\/#\/schema\/logo\/image\/"}}]}},"_links":{"self":[{"href":"https:\/\/rembrr.com\/en\/wp-json\/wp\/v2\/pages\/3390","targetHints":{"allow":["GET"]}}],"collection":[{"href":"https:\/\/rembrr.com\/en\/wp-json\/wp\/v2\/pages"}],"about":[{"href":"https:\/\/rembrr.com\/en\/wp-json\/wp\/v2\/types\/page"}],"author":[{"embeddable":true,"href":"https:\/\/rembrr.com\/en\/wp-json\/wp\/v2\/users\/2"}],"replies":[{"embeddable":true,"href":"https:\/\/rembrr.com\/en\/wp-json\/wp\/v2\/comments?post=3390"}],"version-history":[{"count":32,"href":"https:\/\/rembrr.com\/en\/wp-json\/wp\/v2\/pages\/3390\/revisions"}],"predecessor-version":[{"id":6433,"href":"https:\/\/rembrr.com\/en\/wp-json\/wp\/v2\/pages\/3390\/revisions\/6433"}],"up":[{"embeddable":true,"href":"https:\/\/rembrr.com\/en\/wp-json\/wp\/v2\/pages\/1821"}],"wp:attachment":[{"href":"https:\/\/rembrr.com\/en\/wp-json\/wp\/v2\/media?parent=3390"}],"curies":[{"name":"wp","href":"https:\/\/api.w.org\/{rel}","templated":true}]}}