{"id":381,"date":"2025-07-03T17:06:07","date_gmt":"2025-07-03T17:06:07","guid":{"rendered":"https:\/\/rembrr.com\/?page_id=381"},"modified":"2025-10-22T19:51:42","modified_gmt":"2025-10-23T00:51:42","slug":"terms-and-conditions","status":"publish","type":"page","link":"https:\/\/rembrr.com\/en\/terminos-condiciones\/","title":{"rendered":"Terms of Service"},"content":{"rendered":"<div data-elementor-type=\"wp-page\" data-elementor-id=\"381\" class=\"elementor elementor-381\" data-elementor-post-type=\"page\">\n\t\t\t\t<div class=\"elementor-element elementor-element-1e07d43 e-flex e-con-boxed e-con e-parent\" data-id=\"1e07d43\" data-element_type=\"container\" data-e-type=\"container\" data-settings=\"{&quot;background_background&quot;:&quot;classic&quot;}\">\n\t\t\t\t\t<div class=\"e-con-inner\">\n\t\t<div class=\"elementor-element elementor-element-9a43cdf e-con-full e-flex e-con e-child\" data-id=\"9a43cdf\" data-element_type=\"container\" data-e-type=\"container\" data-settings=\"{&quot;background_background&quot;:&quot;classic&quot;}\">\n\t\t<div class=\"elementor-element elementor-element-c07d202 e-con-full e-flex e-con e-child\" data-id=\"c07d202\" data-element_type=\"container\" data-e-type=\"container\">\n\t\t\t\t<\/div>\n\t\t\t\t<div class=\"elementor-element elementor-element-9e35de6 elementor-widget elementor-widget-text-editor\" data-id=\"9e35de6\" data-element_type=\"widget\" data-e-type=\"widget\" data-widget_type=\"text-editor.default\">\n\t\t\t\t<div class=\"elementor-widget-container\">\n\t\t\t\t\t\t\t\t\t<p>When accessing the platform <strong>REMBRR<\/strong>, you agree to these Terms of Use. Access is limited to users over 18 years of age.<br \/><br \/><strong>REMBRR<\/strong> offers AI-powered services for task management, smart scheduling, communication and professional networking.<br \/><br \/>Users receive a limited, non-transferable license for personal or internal use. Unauthorized reproduction or redistribution is prohibited.<br \/><br \/>All platform content is the property of <strong>REMBRR INC<\/strong>. And it is protected by intellectual property laws.<br \/>Illegal use, fraudulent activity, reverse engineering, or resale is prohibited. Paid subscriptions are managed through secure providers such as <strong>Stripe.<\/strong><br \/><br \/>Use of the platform is governed by the laws of the State of Florida, USA.<\/p>\t\t\t\t\t\t\t\t<\/div>\n\t\t\t\t<\/div>\n\t\t\t\t<\/div>\n\t\t\t\t\t<\/div>\n\t\t\t\t<\/div>\n\t\t\t\t<\/div>","protected":false},"excerpt":{"rendered":"<p>Al acceder a la plataforma REMBRR, usted acepta estos T\u00e9rminos de Uso. El acceso est\u00e1 limitado a usuarios mayores de 18 a\u00f1os. REMBRR ofrece servicios impulsados por IA para gesti\u00f3n de tareas, agenda inteligente, comunicaci\u00f3n y redes profesionales. Los usuarios reciben una licencia limitada y no transferible para uso personal o interno. Est\u00e1 prohibida la [&hellip;]<\/p>\n","protected":false},"author":2,"featured_media":0,"parent":0,"menu_order":0,"comment_status":"closed","ping_status":"closed","template":"elementor_header_footer","meta":{"footnotes":""},"class_list":["post-381","page","type-page","status-publish","hentry"],"yoast_head":"<!-- This site is optimized with the Yoast SEO plugin v27.0 - https:\/\/yoast.com\/product\/yoast-seo-wordpress\/ -->\n<title>T\u00e9rminos de Uso - Rembrr<\/title>\n<meta name=\"robots\" content=\"index, follow, max-snippet:-1, max-image-preview:large, max-video-preview:-1\" \/>\n<link rel=\"canonical\" href=\"https:\/\/rembrr.com\/en\/terms-and-conditions\/\" \/>\n<meta property=\"og:locale\" content=\"en_US\" \/>\n<meta property=\"og:type\" content=\"article\" \/>\n<meta property=\"og:title\" content=\"T\u00e9rminos de Uso - Rembrr\" \/>\n<meta property=\"og:description\" content=\"Al acceder a la plataforma REMBRR, usted acepta estos T\u00e9rminos de Uso. El acceso est\u00e1 limitado a usuarios mayores de 18 a\u00f1os. REMBRR ofrece servicios impulsados por IA para gesti\u00f3n de tareas, agenda inteligente, comunicaci\u00f3n y redes profesionales. Los usuarios reciben una licencia limitada y no transferible para uso personal o interno. Est\u00e1 prohibida la [&hellip;]\" \/>\n<meta property=\"og:url\" content=\"https:\/\/rembrr.com\/en\/terms-and-conditions\/\" \/>\n<meta property=\"og:site_name\" content=\"Rembrr\" \/>\n<meta property=\"article:modified_time\" content=\"2025-10-23T00:51:42+00:00\" \/>\n<meta name=\"twitter:card\" content=\"summary_large_image\" \/>\n<meta name=\"twitter:label1\" content=\"Est. reading time\" \/>\n\t<meta name=\"twitter:data1\" content=\"1 minute\" \/>\n<script type=\"application\/ld+json\" class=\"yoast-schema-graph\">{\"@context\":\"https:\/\/schema.org\",\"@graph\":[{\"@type\":\"WebPage\",\"@id\":\"https:\/\/rembrr.com\/pt\/terminos-condiciones\/\",\"url\":\"https:\/\/rembrr.com\/pt\/terminos-condiciones\/\",\"name\":\"T\u00e9rminos de Uso - Rembrr\",\"isPartOf\":{\"@id\":\"https:\/\/rembrr.com\/#website\"},\"datePublished\":\"2025-07-03T17:06:07+00:00\",\"dateModified\":\"2025-10-23T00:51:42+00:00\",\"breadcrumb\":{\"@id\":\"https:\/\/rembrr.com\/pt\/terminos-condiciones\/#breadcrumb\"},\"inLanguage\":\"en-US\",\"potentialAction\":[{\"@type\":\"ReadAction\",\"target\":[\"https:\/\/rembrr.com\/pt\/terminos-condiciones\/\"]}]},{\"@type\":\"BreadcrumbList\",\"@id\":\"https:\/\/rembrr.com\/pt\/terminos-condiciones\/#breadcrumb\",\"itemListElement\":[{\"@type\":\"ListItem\",\"position\":1,\"name\":\"Portada\",\"item\":\"https:\/\/rembrr.com\/\"},{\"@type\":\"ListItem\",\"position\":2,\"name\":\"T\u00e9rminos de Uso\"}]},{\"@type\":\"WebSite\",\"@id\":\"https:\/\/rembrr.com\/#website\",\"url\":\"https:\/\/rembrr.com\/\",\"name\":\"Rembrr\",\"description\":\"Logra m\u00e1s\",\"publisher\":{\"@id\":\"https:\/\/rembrr.com\/#organization\"},\"potentialAction\":[{\"@type\":\"SearchAction\",\"target\":{\"@type\":\"EntryPoint\",\"urlTemplate\":\"https:\/\/rembrr.com\/?s={search_term_string}\"},\"query-input\":{\"@type\":\"PropertyValueSpecification\",\"valueRequired\":true,\"valueName\":\"search_term_string\"}}],\"inLanguage\":\"en-US\"},{\"@type\":\"Organization\",\"@id\":\"https:\/\/rembrr.com\/#organization\",\"name\":\"Rembrr\",\"url\":\"https:\/\/rembrr.com\/\",\"logo\":{\"@type\":\"ImageObject\",\"inLanguage\":\"en-US\",\"@id\":\"https:\/\/rembrr.com\/#\/schema\/logo\/image\/\",\"url\":\"https:\/\/rembrr.com\/wp-content\/uploads\/2025\/06\/logo-horizontal.webp\",\"contentUrl\":\"https:\/\/rembrr.com\/wp-content\/uploads\/2025\/06\/logo-horizontal.webp\",\"width\":500,\"height\":112,\"caption\":\"Rembrr\"},\"image\":{\"@id\":\"https:\/\/rembrr.com\/#\/schema\/logo\/image\/\"}}]}<\/script>\n<!-- \/ Yoast SEO plugin. -->","yoast_head_json":{"title":"Terms of Use - Rembrr","robots":{"index":"index","follow":"follow","max-snippet":"max-snippet:-1","max-image-preview":"max-image-preview:large","max-video-preview":"max-video-preview:-1"},"canonical":"https:\/\/rembrr.com\/en\/terms-and-conditions\/","og_locale":"en_US","og_type":"article","og_title":"T\u00e9rminos de Uso - Rembrr","og_description":"Al acceder a la plataforma REMBRR, usted acepta estos T\u00e9rminos de Uso. El acceso est\u00e1 limitado a usuarios mayores de 18 a\u00f1os. REMBRR ofrece servicios impulsados por IA para gesti\u00f3n de tareas, agenda inteligente, comunicaci\u00f3n y redes profesionales. Los usuarios reciben una licencia limitada y no transferible para uso personal o interno. Est\u00e1 prohibida la [&hellip;]","og_url":"https:\/\/rembrr.com\/en\/terms-and-conditions\/","og_site_name":"Rembrr","article_modified_time":"2025-10-23T00:51:42+00:00","twitter_card":"summary_large_image","twitter_misc":{"Est. reading time":"1 minute"},"schema":{"@context":"https:\/\/schema.org","@graph":[{"@type":"WebPage","@id":"https:\/\/rembrr.com\/pt\/terminos-condiciones\/","url":"https:\/\/rembrr.com\/pt\/terminos-condiciones\/","name":"Terms of Use - Rembrr","isPartOf":{"@id":"https:\/\/rembrr.com\/#website"},"datePublished":"2025-07-03T17:06:07+00:00","dateModified":"2025-10-23T00:51:42+00:00","breadcrumb":{"@id":"https:\/\/rembrr.com\/pt\/terminos-condiciones\/#breadcrumb"},"inLanguage":"en-US","potentialAction":[{"@type":"ReadAction","target":["https:\/\/rembrr.com\/pt\/terminos-condiciones\/"]}]},{"@type":"BreadcrumbList","@id":"https:\/\/rembrr.com\/pt\/terminos-condiciones\/#breadcrumb","itemListElement":[{"@type":"ListItem","position":1,"name":"Portada","item":"https:\/\/rembrr.com\/"},{"@type":"ListItem","position":2,"name":"T\u00e9rminos de Uso"}]},{"@type":"WebSite","@id":"https:\/\/rembrr.com\/#website","url":"https:\/\/rembrr.com\/","name":"Remember","description":"Achieve more","publisher":{"@id":"https:\/\/rembrr.com\/#organization"},"potentialAction":[{"@type":"SearchAction","target":{"@type":"EntryPoint","urlTemplate":"https:\/\/rembrr.com\/?s={search_term_string}"},"query-input":{"@type":"PropertyValueSpecification","valueRequired":true,"valueName":"search_term_string"}}],"inLanguage":"en-US"},{"@type":"Organization","@id":"https:\/\/rembrr.com\/#organization","name":"Remember","url":"https:\/\/rembrr.com\/","logo":{"@type":"ImageObject","inLanguage":"en-US","@id":"https:\/\/rembrr.com\/#\/schema\/logo\/image\/","url":"https:\/\/rembrr.com\/wp-content\/uploads\/2025\/06\/logo-horizontal.webp","contentUrl":"https:\/\/rembrr.com\/wp-content\/uploads\/2025\/06\/logo-horizontal.webp","width":500,"height":112,"caption":"Rembrr"},"image":{"@id":"https:\/\/rembrr.com\/#\/schema\/logo\/image\/"}}]}},"_links":{"self":[{"href":"https:\/\/rembrr.com\/en\/wp-json\/wp\/v2\/pages\/381","targetHints":{"allow":["GET"]}}],"collection":[{"href":"https:\/\/rembrr.com\/en\/wp-json\/wp\/v2\/pages"}],"about":[{"href":"https:\/\/rembrr.com\/en\/wp-json\/wp\/v2\/types\/page"}],"author":[{"embeddable":true,"href":"https:\/\/rembrr.com\/en\/wp-json\/wp\/v2\/users\/2"}],"replies":[{"embeddable":true,"href":"https:\/\/rembrr.com\/en\/wp-json\/wp\/v2\/comments?post=381"}],"version-history":[{"count":28,"href":"https:\/\/rembrr.com\/en\/wp-json\/wp\/v2\/pages\/381\/revisions"}],"predecessor-version":[{"id":2399,"href":"https:\/\/rembrr.com\/en\/wp-json\/wp\/v2\/pages\/381\/revisions\/2399"}],"wp:attachment":[{"href":"https:\/\/rembrr.com\/en\/wp-json\/wp\/v2\/media?parent=381"}],"curies":[{"name":"wp","href":"https:\/\/api.w.org\/{rel}","templated":true}]}}