{"id":4842,"date":"2026-01-06T09:44:59","date_gmt":"2026-01-06T14:44:59","guid":{"rendered":"https:\/\/rembrr.com\/?page_id=4842"},"modified":"2026-03-25T10:45:36","modified_gmt":"2026-03-25T15:45:36","slug":"soporte-personas","status":"publish","type":"page","link":"https:\/\/rembrr.com\/en\/help\/cuenta-soporte\/soporte-personas\/","title":{"rendered":"Soporte personas"},"content":{"rendered":"<div data-elementor-type=\"wp-page\" data-elementor-id=\"4842\" class=\"elementor elementor-4842\" data-elementor-post-type=\"page\">\n\t\t\t\t<div class=\"elementor-element elementor-element-cdd5580 e-flex e-con-boxed e-con e-parent\" data-id=\"cdd5580\" data-element_type=\"container\" data-e-type=\"container\">\n\t\t\t\t\t<div class=\"e-con-inner\">\n\t\t\t\t<div class=\"elementor-element elementor-element-8fac5d9 elementor-widget elementor-widget-breadcrumbs\" data-id=\"8fac5d9\" data-element_type=\"widget\" data-e-type=\"widget\" data-widget_type=\"breadcrumbs.default\">\n\t\t\t\t<div class=\"elementor-widget-container\">\n\t\t\t\t\t<p id=\"breadcrumbs\"><span><span><a href=\"https:\/\/rembrr.com\/en\/\">Home<\/a><\/span><\/span><\/p>\t\t\t\t<\/div>\n\t\t\t\t<\/div>\n\t\t<div class=\"elementor-element elementor-element-e1a3ed9 e-con-full e-flex e-con e-child\" data-id=\"e1a3ed9\" data-element_type=\"container\" data-e-type=\"container\">\n\t\t\t\t<div class=\"elementor-element elementor-element-cc7e894 elementor-widget__width-initial elementor-view-default elementor-widget elementor-widget-icon\" data-id=\"cc7e894\" data-element_type=\"widget\" data-e-type=\"widget\" data-widget_type=\"icon.default\">\n\t\t\t\t<div class=\"elementor-widget-container\">\n\t\t\t\t\t\t\t<div class=\"elementor-icon-wrapper\">\n\t\t\t<div class=\"elementor-icon\">\n\t\t\t<svg xmlns=\"http:\/\/www.w3.org\/2000\/svg\" xmlns:xlink=\"http:\/\/www.w3.org\/1999\/xlink\" id=\"Capa_1\" x=\"0px\" y=\"0px\" viewbox=\"0 0 50 50\" style=\"enable-background:new 0 0 50 50;\" xml:space=\"preserve\"><g>\t<path style=\"fill:#4E4D4D;\" d=\"M39,29.6c3.4,0,6.2-2.8,6.2-6.2v-0.3c0-3.4-2.8-6.2-6.2-6.2c-3.4,0-6.2,2.8-6.2,6.2v0.3  C32.8,26.7,35.5,29.6,39,29.6z M34.4,23.4v-0.3c0-2.5,2-4.6,4.6-4.6c2.5,0,4.6,2,4.6,4.6v0.3c0,2.4-2,4.4-4.6,4.5  c-1.2,0.1-2.4-0.4-3.2-1.3C34.9,25.7,34.4,24.6,34.4,23.4L34.4,23.4z\"><\/path>\t<path style=\"fill:#4E4D4D;\" d=\"M44.6,31.2H34c-0.4,0-0.7,0.3-0.7,0.7l0,0c0,0.4,0.3,0.7,0.7,0.7h10.6c1,0,2,0.4,2.7,1.2  c0.7,0.7,1.1,1.7,1.1,2.8c0,0.4,0.4,0.8,0.8,0.8S50,37,50,36.5C50,33.5,47.5,31.2,44.6,31.2z\"><\/path><\/g><g>\t<path style=\"fill:#4E4D4D;\" d=\"M25,34.4c3.9,0,7.1-3.2,7.1-7.1V27c0-3.9-3.2-7.1-7.1-7.1c-3.9,0-7.1,3.2-7.1,7.1v0.3H8.1  c-2.8,0-5.1,2.3-5.1,5.1c0,0.4,0.3,0.8,0.7,0.8c0.4,0,0.8-0.3,0.8-0.7c0-1,0.4-1.9,1-2.6c0.6-0.7,1.6-1.1,2.5-1.1H18  C18.7,31.9,21.5,34.4,25,34.4z M19.7,27c0-2.9,2.3-5.3,5.3-5.3s5.3,2.3,5.3,5.3v0.3c0,2.8-2.3,5.1-5.3,5.2  c-1.4,0.1-2.7-0.4-3.7-1.5c-1-1-1.5-2.3-1.6-3.7V27z\"><\/path>\t<path style=\"fill:#4E4D4D;\" d=\"M31.5,36.2H18.4c-3.4,0-6.2,2.8-6.2,6.2c0,0.5,0.4,0.9,1,0.9s0.9-0.4,0.9-1c0-2.5,2-4.4,4.3-4.4  h13.1c1.1,0,2.3,0.4,3,1.3c0.8,0.8,1.3,1.9,1.3,3.2c0,0.5,0.4,0.9,1,0.9s0.9-0.4,0.9-1C37.6,39,34.8,36.2,31.5,36.2z\"><\/path>\t<path style=\"fill:#4E4D4D;\" d=\"M13.4,25.7c3.3,0,5.9-2.7,5.9-5.9v-0.3c0-3.2-2.7-5.9-5.9-5.9s-5.9,2.6-5.9,5.9v0.3  C7.5,23.1,10.2,25.7,13.4,25.7z M9.1,19.6c0-2.4,1.9-4.4,4.4-4.4s4.4,1.9,4.4,4.4v0.3c-0.1,1.2-0.5,2.3-1.3,3.1  c-0.8,0.8-1.9,1.3-3,1.2c-2.4-0.1-4.4-2-4.4-4.3V19.6z\"><\/path><\/g><\/svg>\t\t\t<\/div>\n\t\t<\/div>\n\t\t\t\t\t\t<\/div>\n\t\t\t\t<\/div>\n\t\t\t\t<div class=\"elementor-element elementor-element-a7a0904 elementor-widget__width-initial elementor-widget elementor-widget-heading\" data-id=\"a7a0904\" data-element_type=\"widget\" data-e-type=\"widget\" data-widget_type=\"heading.default\">\n\t\t\t\t<div class=\"elementor-widget-container\">\n\t\t\t\t\t<h2 class=\"elementor-heading-title elementor-size-default\">Personal Support<\/h2>\t\t\t\t<\/div>\n\t\t\t\t<\/div>\n\t\t<div class=\"elementor-element elementor-element-7d12c94 e-con-full e-flex e-con e-child\" data-id=\"7d12c94\" data-element_type=\"container\" data-e-type=\"container\">\n\t\t\t\t<div class=\"elementor-element elementor-element-9c2cebc elementor-widget__width-initial elementor-view-default elementor-position-block-start elementor-mobile-position-block-start elementor-widget elementor-widget-icon-box\" data-id=\"9c2cebc\" data-element_type=\"widget\" data-e-type=\"widget\" data-widget_type=\"icon-box.default\">\n\t\t\t\t<div class=\"elementor-widget-container\">\n\t\t\t\t\t\t\t<div class=\"elementor-icon-box-wrapper\">\n\n\t\t\t\t\t\t<div class=\"elementor-icon-box-icon\">\n\t\t\t\t<a href=\"#elementor-action%3Aaction%3Dpopup%3Aopen%26settings%3DeyJpZCI6IjMyMTQiLCJ0b2dnbGUiOmZhbHNlfQ%3D%3D\" class=\"elementor-icon\" tabindex=\"-1\" aria-label=\"General inquiries\">\n\t\t\t\t<svg xmlns=\"http:\/\/www.w3.org\/2000\/svg\" xmlns:xlink=\"http:\/\/www.w3.org\/1999\/xlink\" id=\"Capa_1\" x=\"0px\" y=\"0px\" viewbox=\"0 0 50 50\" xml:space=\"preserve\"><g>\t<g>\t\t<path fill=\"#4E4D4D\" d=\"M46.9,47.7c-0.4,0-0.7-0.1-1-0.3L41,43.9H22.3c-2,0-3.7-1.7-3.7-3.7V28.1c0-2,1.7-3.7,3.7-3.7h22.6   c2,0,3.7,1.7,3.7,3.7V46c0,0.7-0.4,1.3-1,1.6C47.4,47.7,47.1,47.7,46.9,47.7z M22.3,26.1c-1.1,0-2,0.9-2,2v12.1c0,1.1,0.9,2,2,2   h19.2l5.3,3.8h0.1c0.1,0,0.1,0,0.1,0V28.1c0-1.1-0.9-2-2-2H22.3z\"><\/path>\t<\/g>\t<g>\t\t<path fill=\"#4E4D4D\" d=\"M4.4,26.8c-0.3,0-0.6-0.1-0.8-0.2c-0.6-0.3-1-0.9-1-1.6V7.2c0-2,1.7-3.7,3.7-3.7h22.6c2,0,3.7,1.7,3.7,3.7   v12.1c0,2-1.7,3.7-3.7,3.7H10.2l-4.8,3.5C5.1,26.7,4.7,26.8,4.4,26.8z M6.3,5.2c-1.1,0-2,0.9-2,2V25c0,0,0,0.1,0.1,0.1   s0.1,0,0.1,0l5.3-3.8H29c1.1,0,2-0.9,2-2V7.2c0-1.1-0.9-2-2-2H6.3z\"><\/path>\t<\/g>\t<g>\t\t<g>\t\t\t<circle fill=\"#4E4D4D\" cx=\"10.7\" cy=\"13\" r=\"2.2\"><\/circle>\t\t<\/g>\t\t<g>\t\t\t<circle fill=\"#4E4D4D\" cx=\"17.6\" cy=\"13\" r=\"2.2\"><\/circle>\t\t<\/g>\t\t<g>\t\t\t<circle fill=\"#4E4D4D\" cx=\"24.6\" cy=\"13\" r=\"2.2\"><\/circle>\t\t<\/g>\t<\/g>\t<g>\t\t<g>\t\t\t<path fill=\"#4E4D4D\" d=\"M34.1,29.4c0.8,0,1.5,0.1,2.1,0.3c0.6,0.2,1.1,0.6,1.4,1c0.3,0.4,0.5,1,0.5,1.6c0,0.7-0.1,1.2-0.4,1.6    c-0.3,0.4-0.7,0.7-1.1,0.9c-0.5,0.2-1,0.4-1.6,0.4l-0.1,1.5h-2v-2.5c0.7-0.1,1.3-0.2,1.7-0.4c0.4-0.1,0.7-0.3,0.9-0.6    s0.3-0.5,0.3-0.8s-0.1-0.6-0.2-0.8c-0.1-0.2-0.3-0.4-0.6-0.5s-0.6-0.2-1-0.2c-0.6,0-1,0.2-1.4,0.5c-0.3,0.3-0.5,0.8-0.6,1.4    L29.9,32c0.1-0.6,0.4-1.1,0.7-1.5c0.3-0.4,0.8-0.8,1.4-1C32.5,29.6,33.3,29.4,34.1,29.4z M33.9,38c0.4,0,0.8,0.1,1,0.3    c0.3,0.2,0.4,0.5,0.4,0.9s-0.1,0.7-0.4,0.9c-0.3,0.2-0.6,0.3-1,0.3s-0.8-0.1-1-0.3c-0.3-0.2-0.4-0.5-0.4-0.9s0.1-0.7,0.4-0.9    C33.1,38.1,33.4,38,33.9,38z\"><\/path>\t\t<\/g>\t<\/g><\/g><\/svg>\t\t\t\t<\/a>\n\t\t\t<\/div>\n\t\t\t\n\t\t\t\t\t\t<div class=\"elementor-icon-box-content\">\n\n\t\t\t\t\t\t\t\t\t<h3 class=\"elementor-icon-box-title\">\n\t\t\t\t\t\t<a href=\"#elementor-action%3Aaction%3Dpopup%3Aopen%26settings%3DeyJpZCI6IjMyMTQiLCJ0b2dnbGUiOmZhbHNlfQ%3D%3D\" >\n\t\t\t\t\t\t\tGeneral inquiries\t\t\t\t\t\t<\/a>\n\t\t\t\t\t<\/h3>\n\t\t\t\t\n\t\t\t\t\t\t\t\t\t<p class=\"elementor-icon-box-description\">\n\t\t\t\t\t\tGet quick answers to your questions before making a purchase. We are here to help you!\t\t\t\t\t<\/p>\n\t\t\t\t\n\t\t\t<\/div>\n\t\t\t\n\t\t<\/div>\n\t\t\t\t\t\t<\/div>\n\t\t\t\t<\/div>\n\t\t\t\t<div class=\"elementor-element elementor-element-4312e07 elementor-widget__width-initial elementor-view-default elementor-position-block-start elementor-mobile-position-block-start elementor-widget elementor-widget-icon-box\" data-id=\"4312e07\" data-element_type=\"widget\" data-e-type=\"widget\" data-widget_type=\"icon-box.default\">\n\t\t\t\t<div class=\"elementor-widget-container\">\n\t\t\t\t\t\t\t<div class=\"elementor-icon-box-wrapper\">\n\n\t\t\t\t\t\t<div class=\"elementor-icon-box-icon\">\n\t\t\t\t<a href=\"#elementor-action%3Aaction%3Dpopup%3Aopen%26settings%3DeyJpZCI6IjQ5NTciLCJ0b2dnbGUiOmZhbHNlfQ%3D%3D\" class=\"elementor-icon\" tabindex=\"-1\" aria-label=\"Ventas &amp; facturaci\u00f3n\">\n\t\t\t\t<svg xmlns=\"http:\/\/www.w3.org\/2000\/svg\" xmlns:xlink=\"http:\/\/www.w3.org\/1999\/xlink\" id=\"Capa_1\" x=\"0px\" y=\"0px\" viewbox=\"0 0 50 50\" xml:space=\"preserve\"><g>\t<path fill=\"#4E4D4D\" d=\"M40.8,8.6c0-2.2-1.8-3.9-3.9-3.9H13.1c-2.2,0-4,1.8-4,4v35.9c0,0.4,0.3,0.8,0.8,0.8h23.9  c0.4,0,0.8-0.3,0.8-0.8V23.4h6.3L40.8,8.6L40.8,8.6z M33,43.8H10.7V8.7c0-1.4,1.1-2.5,2.5-2.5h20.7C33.4,6.8,33,7.7,33,8.6V43.8z   M39.3,21.9h-4.8V8.6c0-1.3,1.1-2.4,2.4-2.4c1.3,0,2.4,1.1,2.4,2.4C39.3,8.6,39.3,21.9,39.3,21.9z\"><\/path>\t<g>\t\t<path fill=\"#4E4D4D\" d=\"M21.8,10.8c-3.1,0-5.6,2.5-5.6,5.6s2.5,5.6,5.6,5.6s5.6-2.5,5.6-5.6S24.9,10.8,21.8,10.8z M22.6,16.1   c0.6,0.1,1.1,0.3,1.4,0.6c0.3,0.3,0.4,0.6,0.4,1.1c0,0.4-0.1,0.8-0.3,1.1c-0.2,0.3-0.5,0.5-0.9,0.7c-0.3,0.1-0.6,0.2-0.9,0.2v1   h-0.9v-1c-0.3,0-0.5-0.1-0.8-0.1c-0.4-0.1-0.7-0.3-1-0.4s-0.5-0.4-0.7-0.7l0.8-0.9c0.1,0.2,0.3,0.4,0.6,0.6   c0.2,0.2,0.5,0.3,0.8,0.4c0.1,0,0.2,0.1,0.4,0.1V17l-0.4-0.1c-0.4-0.1-0.7-0.2-1-0.4s-0.5-0.3-0.6-0.6S19,15.5,19,15.2   c0-0.4,0.1-0.7,0.3-1c0.2-0.3,0.5-0.5,0.9-0.7c0.3-0.1,0.6-0.2,1-0.2v-1h0.9v1c0.4,0,0.7,0.1,1.1,0.3s0.8,0.5,1.1,0.9l-0.7,0.8   c-0.3-0.3-0.6-0.6-0.9-0.8c-0.2-0.1-0.4-0.1-0.6-0.2V16L22.6,16.1z\"><\/path>\t\t<path fill=\"#4E4D4D\" d=\"M22.2,18.8c0.2,0,0.4-0.1,0.6-0.2s0.4-0.3,0.4-0.6c0-0.2-0.1-0.3-0.2-0.4s-0.4-0.2-0.7-0.3h-0.1   C22.2,17.3,22.2,18.8,22.2,18.8z\"><\/path>\t\t<path fill=\"#4E4D4D\" d=\"M20.5,14.6c-0.1,0.1-0.1,0.3-0.1,0.4c0,0.1,0,0.2,0.1,0.3s0.2,0.2,0.3,0.3c0.1,0.1,0.3,0.1,0.5,0.2v-1.5   c-0.1,0-0.3,0-0.4,0.1C20.7,14.4,20.5,14.5,20.5,14.6z\"><\/path>\t<\/g>\t<g>\t\t<path fill=\"#4E4D4D\" d=\"M30.1,27.9H13.7c-0.4,0-0.8-0.3-0.8-0.8s0.3-0.8,0.8-0.8h16.4c0.4,0,0.8,0.3,0.8,0.8S30.5,27.9,30.1,27.9z   \"><\/path>\t<\/g>\t<g>\t\t<path fill=\"#4E4D4D\" d=\"M30.1,32.2H13.7c-0.4,0-0.8-0.3-0.8-0.8s0.3-0.8,0.8-0.8h16.4c0.4,0,0.8,0.3,0.8,0.8S30.5,32.2,30.1,32.2z   \"><\/path>\t<\/g>\t<g>\t\t<path fill=\"#4E4D4D\" d=\"M30.1,36.4H13.7c-0.4,0-0.8-0.3-0.8-0.8s0.3-0.8,0.8-0.8h16.4c0.4,0,0.8,0.3,0.8,0.8S30.5,36.4,30.1,36.4z   \"><\/path>\t<\/g><\/g><\/svg>\t\t\t\t<\/a>\n\t\t\t<\/div>\n\t\t\t\n\t\t\t\t\t\t<div class=\"elementor-icon-box-content\">\n\n\t\t\t\t\t\t\t\t\t<h3 class=\"elementor-icon-box-title\">\n\t\t\t\t\t\t<a href=\"#elementor-action%3Aaction%3Dpopup%3Aopen%26settings%3DeyJpZCI6IjQ5NTciLCJ0b2dnbGUiOmZhbHNlfQ%3D%3D\" >\n\t\t\t\t\t\t\tSales &amp; Billing\t\t\t\t\t\t<\/a>\n\t\t\t\t\t<\/h3>\n\t\t\t\t\n\t\t\t\t\t\t\t\t\t<p class=\"elementor-icon-box-description\">\n\t\t\t\t\t\tDo you have questions about your billing or issues accessing your account? Our team is ready to assist you.\t\t\t\t\t<\/p>\n\t\t\t\t\n\t\t\t<\/div>\n\t\t\t\n\t\t<\/div>\n\t\t\t\t\t\t<\/div>\n\t\t\t\t<\/div>\n\t\t\t\t<div class=\"elementor-element elementor-element-cbc018b elementor-widget__width-initial elementor-view-default elementor-position-block-start elementor-mobile-position-block-start elementor-widget elementor-widget-icon-box\" data-id=\"cbc018b\" data-element_type=\"widget\" data-e-type=\"widget\" data-widget_type=\"icon-box.default\">\n\t\t\t\t<div class=\"elementor-widget-container\">\n\t\t\t\t\t\t\t<div class=\"elementor-icon-box-wrapper\">\n\n\t\t\t\t\t\t<div class=\"elementor-icon-box-icon\">\n\t\t\t\t<a href=\"#elementor-action%3Aaction%3Dpopup%3Aopen%26settings%3DeyJpZCI6IjQ5NjgiLCJ0b2dnbGUiOmZhbHNlfQ%3D%3D\" class=\"elementor-icon\" tabindex=\"-1\" aria-label=\"Technical support\">\n\t\t\t\t<svg xmlns=\"http:\/\/www.w3.org\/2000\/svg\" xmlns:xlink=\"http:\/\/www.w3.org\/1999\/xlink\" id=\"Capa_1\" x=\"0px\" y=\"0px\" viewbox=\"0 0 50 50\" xml:space=\"preserve\"><g>\t<g>\t\t<path fill=\"#4E4D4D\" d=\"M42.7,43.4h-1.8c-1.6,0-2.9-1.3-2.9-2.9V30.3c0-1.6,1.3-2.9,2.9-2.9h2.7c-0.3-9.3-8-16.8-17.4-16.8   S9,18.1,8.7,27.4h2.7c1.6,0,2.9,1.3,2.9,2.9v10.2c0,1.6-1.3,2.9-2.9,2.9H9.6c-1,0-1.9-0.5-2.4-1.3L5.1,39c-0.3-0.5-0.5-1-0.5-1.6   V28c0-11.9,9.7-21.5,21.5-21.5C38,6.5,47.6,16.2,47.6,28v9.4c0,0.6-0.2,1.1-0.5,1.6L45,42.1C44.5,43,43.6,43.4,42.7,43.4z    M40.9,28.7c-0.9,0-1.6,0.7-1.6,1.6v10.2c0,0.9,0.7,1.6,1.6,1.6h1.8c0.5,0,1-0.3,1.3-0.7l2.1-3.1c0.2-0.3,0.3-0.6,0.3-0.9V28   c0-11.1-9.1-20.2-20.2-20.2S5.9,16.9,5.9,28.1v9.4c0,0.3,0.1,0.6,0.3,0.9l2.1,3.1c0.3,0.4,0.8,0.7,1.3,0.7h1.8   c0.9,0,1.6-0.7,1.6-1.6V30.3c0-0.9-0.7-1.6-1.6-1.6h-4V28c0-10.3,8.4-18.7,18.7-18.7S44.8,17.7,44.8,28v0.7   C44.8,28.7,40.9,28.7,40.9,28.7z\"><\/path>\t<\/g>\t<g>\t\t<path fill=\"#4E4D4D\" d=\"M30.2,43.4H22v-6.1c0-0.5-0.3-1-0.7-1.3c-2-1.5-3.1-3.8-3.1-6.3c0-2.2,0.9-4.4,2.6-5.9   c0.3-0.3,0.8-0.4,1.2-0.2c0.4,0.2,0.7,0.6,0.7,1v5.1c0,0.8,0.6,1.4,1.4,1.4h4.2c0.8,0,1.4-0.6,1.4-1.4v-5.1c0-0.4,0.3-0.8,0.7-1   c0.4-0.2,0.9-0.1,1.2,0.2c1.6,1.5,2.6,3.6,2.6,5.9c0,2.5-1.1,4.8-3.1,6.3c-0.4,0.3-0.7,0.8-0.7,1.3v6.1H30.2z M23.3,42.1h5.6v-4.8   c0-0.9,0.4-1.8,1.2-2.4c1.7-1.3,2.6-3.2,2.6-5.3c0-1.7-0.7-3.4-1.8-4.6v4.7c0,1.5-1.2,2.7-2.7,2.7H24c-1.5,0-2.7-1.2-2.7-2.7V25   c-1.2,1.2-1.8,2.9-1.8,4.6c0,2.1,1,4,2.6,5.3c0.8,0.6,1.2,1.5,1.2,2.4C23.3,37.3,23.3,42.1,23.3,42.1z\"><\/path>\t<\/g><\/g><\/svg>\t\t\t\t<\/a>\n\t\t\t<\/div>\n\t\t\t\n\t\t\t\t\t\t<div class=\"elementor-icon-box-content\">\n\n\t\t\t\t\t\t\t\t\t<h3 class=\"elementor-icon-box-title\">\n\t\t\t\t\t\t<a href=\"#elementor-action%3Aaction%3Dpopup%3Aopen%26settings%3DeyJpZCI6IjQ5NjgiLCJ0b2dnbGUiOmZhbHNlfQ%3D%3D\" >\n\t\t\t\t\t\t\tTechnical support\t\t\t\t\t\t<\/a>\n\t\t\t\t\t<\/h3>\n\t\t\t\t\n\t\t\t\t\t\t\t\t\t<p class=\"elementor-icon-box-description\">\n\t\t\t\t\t\tIf you experience technical issues, report them through this channel and receive prompt assistance to resolve any technical problem.\t\t\t\t\t<\/p>\n\t\t\t\t\n\t\t\t<\/div>\n\t\t\t\n\t\t<\/div>\n\t\t\t\t\t\t<\/div>\n\t\t\t\t<\/div>\n\t\t\t\t<div class=\"elementor-element elementor-element-c3cbd50 elementor-widget__width-initial elementor-view-default elementor-position-block-start elementor-mobile-position-block-start elementor-widget elementor-widget-icon-box\" data-id=\"c3cbd50\" data-element_type=\"widget\" data-e-type=\"widget\" data-widget_type=\"icon-box.default\">\n\t\t\t\t<div class=\"elementor-widget-container\">\n\t\t\t\t\t\t\t<div class=\"elementor-icon-box-wrapper\">\n\n\t\t\t\t\t\t<div class=\"elementor-icon-box-icon\">\n\t\t\t\t<a href=\"#elementor-action%3Aaction%3Dpopup%3Aopen%26settings%3DeyJpZCI6IjQ5NzQiLCJ0b2dnbGUiOmZhbHNlfQ%3D%3D\" class=\"elementor-icon\" tabindex=\"-1\" aria-label=\"Legal department\">\n\t\t\t\t<svg xmlns=\"http:\/\/www.w3.org\/2000\/svg\" xmlns:xlink=\"http:\/\/www.w3.org\/1999\/xlink\" id=\"Capa_1\" x=\"0px\" y=\"0px\" viewbox=\"0 0 50 50\" xml:space=\"preserve\"><g>\t<path fill=\"#4E4D4D\" d=\"M38,25.4V7.3c0-1.4-1.2-2.6-2.6-2.6H11.3c-1.4,0-2.6,1.2-2.6,2.6v31.3c0,1.4,1.2,2.6,2.6,2.6h11  c0.7,0,1.3-0.3,1.8-0.8l13.2-13.2C37.8,26.7,38,26.1,38,25.4z M11.3,39.9c-0.7,0-1.3-0.6-1.3-1.3V7.3C10,6.6,10.6,6,11.3,6h24.2  c0.7,0,1.3,0.6,1.3,1.3v18.1c0,0.1,0,0.2,0,0.2H25c-1.4,0-2.6,1.2-2.6,2.6v11.6c-0.1,0-0.1,0-0.2,0L11.3,39.9L11.3,39.9z M23.7,39  V28.2c0-0.7,0.6-1.3,1.3-1.3h10.7L23.7,39z\"><\/path>\t<path fill=\"#4E4D4D\" d=\"M44.4,45.4l-5-5l3.3-3.3c0.6-0.6,0.9-1.4,0.9-2.3s-0.3-1.7-0.9-2.3L40.2,30c-1.3-1.3-3.3-1.3-4.6,0L28,37.6  c-0.6,0.6-0.9,1.4-0.9,2.3s0.3,1.7,0.9,2.3l2.5,2.5c0.6,0.6,1.5,0.9,2.3,0.9s1.7-0.3,2.3-0.9l3.3-3.3l5,5c0.1,0.1,0.3,0.2,0.5,0.2  s0.3-0.1,0.5-0.2C44.6,46,44.6,45.6,44.4,45.4z M34.2,43.7c-0.8,0.8-2,0.8-2.7,0L29,41.2c-0.4-0.4-0.6-0.8-0.6-1.4s0.2-1,0.6-1.4  l7.6-7.6c0.4-0.4,0.9-0.6,1.4-0.6s1,0.2,1.4,0.6l2.5,2.5c0.4,0.4,0.6,0.8,0.6,1.4s-0.2,1-0.6,1.4L34.2,43.7z\"><\/path>\t<path fill=\"#4E4D4D\" d=\"M14.4,12.5h17.9c0.4,0,0.7-0.3,0.7-0.6s-0.3-0.6-0.7-0.6H14.4c-0.4,0-0.6,0.3-0.6,0.6S14.1,12.5,14.4,12.5z  \"><\/path>\t<path fill=\"#4E4D4D\" d=\"M14.4,17.7h17.9c0.4,0,0.7-0.3,0.7-0.6s-0.3-0.6-0.7-0.6H14.4c-0.4,0-0.6,0.3-0.6,0.6S14.1,17.7,14.4,17.7z  \"><\/path>\t<path fill=\"#4E4D4D\" d=\"M33,22.1c0-0.4-0.3-0.6-0.7-0.6H14.4c-0.4,0-0.6,0.3-0.6,0.6s0.3,0.6,0.6,0.6h17.9  C32.7,22.8,33,22.5,33,22.1z\"><\/path><\/g><\/svg>\t\t\t\t<\/a>\n\t\t\t<\/div>\n\t\t\t\n\t\t\t\t\t\t<div class=\"elementor-icon-box-content\">\n\n\t\t\t\t\t\t\t\t\t<h3 class=\"elementor-icon-box-title\">\n\t\t\t\t\t\t<a href=\"#elementor-action%3Aaction%3Dpopup%3Aopen%26settings%3DeyJpZCI6IjQ5NzQiLCJ0b2dnbGUiOmZhbHNlfQ%3D%3D\" >\n\t\t\t\t\t\t\tLegal department\t\t\t\t\t\t<\/a>\n\t\t\t\t\t<\/h3>\n\t\t\t\t\n\t\t\t\t\t\t\t\t\t<p class=\"elementor-icon-box-description\">\n\t\t\t\t\t\tContact us for legal inquiries related to our terms of service, privacy policies, or other legal matters.\t\t\t\t\t<\/p>\n\t\t\t\t\n\t\t\t<\/div>\n\t\t\t\n\t\t<\/div>\n\t\t\t\t\t\t<\/div>\n\t\t\t\t<\/div>\n\t\t\t\t<\/div>\n\t\t\t\t<\/div>\n\t\t\t\t<div class=\"elementor-element elementor-element-1fbefa3 elementor-widget elementor-widget-html\" data-id=\"1fbefa3\" data-element_type=\"widget\" data-e-type=\"widget\" data-widget_type=\"html.default\">\n\t\t\t\t<div class=\"elementor-widget-container\">\n\t\t\t\t\t<style>\r\n\/* Manito en toda la caja de icono *\/\r\n.elementor-icon-box-wrapper,\r\n.elementor-icon-box-wrapper * {\r\n    cursor: pointer !important;\r\n}\r\n<\/style>\r\n\r\n<script>\r\n\/\/ Delegaci\u00f3n global: cualquier clic en una caja de icono\r\ndocument.addEventListener('click', function (e) {\r\n    \/\/ \u00bfHiciste clic dentro de una caja de \u00edcono?\r\n    const box = e.target.closest('.elementor-icon-box-wrapper');\r\n    if (!box) return;\r\n\r\n    \/\/ Si ya est\u00e1s clicando directamente en un enlace, deja que Elementor haga lo suyo\r\n    if (e.target.closest('a')) return;\r\n\r\n    \/\/ Busca el enlace interno que ya abre el popup (el de icono\/t\u00edtulo)\r\n    const link = box.querySelector('a');\r\n    if (!link) return;\r\n\r\n    \/\/ Simula el clic en ese enlace: esto dispara el popup\r\n    link.click();\r\n});\r\n<\/script>\r\n\t\t\t\t<\/div>\n\t\t\t\t<\/div>\n\t\t\t\t\t<\/div>\n\t\t\t\t<\/div>\n\t\t\t\t<\/div>","protected":false},"excerpt":{"rendered":"<p>Soporte Personas Consultas generales Obt\u00e9n respuestas r\u00e1pidas a tus preguntas antes de realizar una compra. \u00a1Estamos aqu\u00ed para ayudarte con gusto! Ventas &amp; facturaci\u00f3n \u00bfTienes dudas sobre tu facturaci\u00f3n o alg\u00fan inconveniente para acceder a tu cuenta? Nuestro equipo est\u00e1 listo para asistirte. Soporte t\u00e9cnico Si presentas problemas t\u00e9cnicos reportarlos por este canal y recibe [&hellip;]<\/p>\n","protected":false},"author":2,"featured_media":0,"parent":1838,"menu_order":0,"comment_status":"closed","ping_status":"closed","template":"elementor_header_footer","meta":{"footnotes":""},"class_list":["post-4842","page","type-page","status-publish","hentry"],"yoast_head":"<!-- This site is optimized with the Yoast SEO plugin v27.0 - https:\/\/yoast.com\/product\/yoast-seo-wordpress\/ -->\n<title>Soporte personas - Rembrr<\/title>\n<meta name=\"robots\" content=\"index, follow, max-snippet:-1, max-image-preview:large, max-video-preview:-1\" \/>\n<link rel=\"canonical\" href=\"https:\/\/rembrr.com\/en\/help\/cuenta-soporte\/soporte-personas\/\" \/>\n<meta property=\"og:locale\" content=\"en_US\" \/>\n<meta property=\"og:type\" content=\"article\" \/>\n<meta property=\"og:title\" content=\"Soporte personas - Rembrr\" \/>\n<meta property=\"og:description\" content=\"Soporte Personas Consultas generales Obt\u00e9n respuestas r\u00e1pidas a tus preguntas antes de realizar una compra. \u00a1Estamos aqu\u00ed para ayudarte con gusto! Ventas &amp; facturaci\u00f3n \u00bfTienes dudas sobre tu facturaci\u00f3n o alg\u00fan inconveniente para acceder a tu cuenta? Nuestro equipo est\u00e1 listo para asistirte. Soporte t\u00e9cnico Si presentas problemas t\u00e9cnicos reportarlos por este canal y recibe [&hellip;]\" \/>\n<meta property=\"og:url\" content=\"https:\/\/rembrr.com\/en\/help\/cuenta-soporte\/soporte-personas\/\" \/>\n<meta property=\"og:site_name\" content=\"Rembrr\" \/>\n<meta property=\"article:modified_time\" content=\"2026-03-25T15:45:36+00:00\" \/>\n<meta name=\"twitter:card\" content=\"summary_large_image\" \/>\n<meta name=\"twitter:label1\" content=\"Est. reading time\" \/>\n\t<meta name=\"twitter:data1\" content=\"1 minute\" \/>\n<script type=\"application\/ld+json\" class=\"yoast-schema-graph\">{\"@context\":\"https:\/\/schema.org\",\"@graph\":[{\"@type\":\"WebPage\",\"@id\":\"https:\/\/rembrr.com\/help\/cuenta-soporte\/soporte-personas\/\",\"url\":\"https:\/\/rembrr.com\/help\/cuenta-soporte\/soporte-personas\/\",\"name\":\"Soporte personas - Rembrr\",\"isPartOf\":{\"@id\":\"https:\/\/rembrr.com\/#website\"},\"datePublished\":\"2026-01-06T14:44:59+00:00\",\"dateModified\":\"2026-03-25T15:45:36+00:00\",\"breadcrumb\":{\"@id\":\"https:\/\/rembrr.com\/help\/cuenta-soporte\/soporte-personas\/#breadcrumb\"},\"inLanguage\":\"en-US\",\"potentialAction\":[{\"@type\":\"ReadAction\",\"target\":[\"https:\/\/rembrr.com\/help\/cuenta-soporte\/soporte-personas\/\"]}]},{\"@type\":\"BreadcrumbList\",\"@id\":\"https:\/\/rembrr.com\/help\/cuenta-soporte\/soporte-personas\/#breadcrumb\",\"itemListElement\":[{\"@type\":\"ListItem\",\"position\":1,\"name\":\"Portada\",\"item\":\"https:\/\/rembrr.com\/\"},{\"@type\":\"ListItem\",\"position\":2,\"name\":\"Help\",\"item\":\"https:\/\/rembrr.com\/help\/\"},{\"@type\":\"ListItem\",\"position\":3,\"name\":\"Cuenta &#038; Soporte\",\"item\":\"https:\/\/rembrr.com\/help\/cuenta-soporte\/\"},{\"@type\":\"ListItem\",\"position\":4,\"name\":\"Soporte personas\"}]},{\"@type\":\"WebSite\",\"@id\":\"https:\/\/rembrr.com\/#website\",\"url\":\"https:\/\/rembrr.com\/\",\"name\":\"Rembrr\",\"description\":\"Logra m\u00e1s\",\"publisher\":{\"@id\":\"https:\/\/rembrr.com\/#organization\"},\"potentialAction\":[{\"@type\":\"SearchAction\",\"target\":{\"@type\":\"EntryPoint\",\"urlTemplate\":\"https:\/\/rembrr.com\/?s={search_term_string}\"},\"query-input\":{\"@type\":\"PropertyValueSpecification\",\"valueRequired\":true,\"valueName\":\"search_term_string\"}}],\"inLanguage\":\"en-US\"},{\"@type\":\"Organization\",\"@id\":\"https:\/\/rembrr.com\/#organization\",\"name\":\"Rembrr\",\"url\":\"https:\/\/rembrr.com\/\",\"logo\":{\"@type\":\"ImageObject\",\"inLanguage\":\"en-US\",\"@id\":\"https:\/\/rembrr.com\/#\/schema\/logo\/image\/\",\"url\":\"https:\/\/rembrr.com\/wp-content\/uploads\/2025\/06\/logo-horizontal.webp\",\"contentUrl\":\"https:\/\/rembrr.com\/wp-content\/uploads\/2025\/06\/logo-horizontal.webp\",\"width\":500,\"height\":112,\"caption\":\"Rembrr\"},\"image\":{\"@id\":\"https:\/\/rembrr.com\/#\/schema\/logo\/image\/\"}}]}<\/script>\n<!-- \/ Yoast SEO plugin. -->","yoast_head_json":{"title":"Soporte personas - Rembrr","robots":{"index":"index","follow":"follow","max-snippet":"max-snippet:-1","max-image-preview":"max-image-preview:large","max-video-preview":"max-video-preview:-1"},"canonical":"https:\/\/rembrr.com\/en\/help\/cuenta-soporte\/soporte-personas\/","og_locale":"en_US","og_type":"article","og_title":"Soporte personas - Rembrr","og_description":"Soporte Personas Consultas generales Obt\u00e9n respuestas r\u00e1pidas a tus preguntas antes de realizar una compra. \u00a1Estamos aqu\u00ed para ayudarte con gusto! Ventas &amp; facturaci\u00f3n \u00bfTienes dudas sobre tu facturaci\u00f3n o alg\u00fan inconveniente para acceder a tu cuenta? Nuestro equipo est\u00e1 listo para asistirte. Soporte t\u00e9cnico Si presentas problemas t\u00e9cnicos reportarlos por este canal y recibe [&hellip;]","og_url":"https:\/\/rembrr.com\/en\/help\/cuenta-soporte\/soporte-personas\/","og_site_name":"Rembrr","article_modified_time":"2026-03-25T15:45:36+00:00","twitter_card":"summary_large_image","twitter_misc":{"Est. reading time":"1 minute"},"schema":{"@context":"https:\/\/schema.org","@graph":[{"@type":"WebPage","@id":"https:\/\/rembrr.com\/help\/cuenta-soporte\/soporte-personas\/","url":"https:\/\/rembrr.com\/help\/cuenta-soporte\/soporte-personas\/","name":"Soporte personas - Rembrr","isPartOf":{"@id":"https:\/\/rembrr.com\/#website"},"datePublished":"2026-01-06T14:44:59+00:00","dateModified":"2026-03-25T15:45:36+00:00","breadcrumb":{"@id":"https:\/\/rembrr.com\/help\/cuenta-soporte\/soporte-personas\/#breadcrumb"},"inLanguage":"en-US","potentialAction":[{"@type":"ReadAction","target":["https:\/\/rembrr.com\/help\/cuenta-soporte\/soporte-personas\/"]}]},{"@type":"BreadcrumbList","@id":"https:\/\/rembrr.com\/help\/cuenta-soporte\/soporte-personas\/#breadcrumb","itemListElement":[{"@type":"ListItem","position":1,"name":"Portada","item":"https:\/\/rembrr.com\/"},{"@type":"ListItem","position":2,"name":"Help","item":"https:\/\/rembrr.com\/help\/"},{"@type":"ListItem","position":3,"name":"Cuenta &#038; Soporte","item":"https:\/\/rembrr.com\/help\/cuenta-soporte\/"},{"@type":"ListItem","position":4,"name":"Soporte personas"}]},{"@type":"WebSite","@id":"https:\/\/rembrr.com\/#website","url":"https:\/\/rembrr.com\/","name":"Rembrr","description":"Logra m\u00e1s","publisher":{"@id":"https:\/\/rembrr.com\/#organization"},"potentialAction":[{"@type":"SearchAction","target":{"@type":"EntryPoint","urlTemplate":"https:\/\/rembrr.com\/?s={search_term_string}"},"query-input":{"@type":"PropertyValueSpecification","valueRequired":true,"valueName":"search_term_string"}}],"inLanguage":"en-US"},{"@type":"Organization","@id":"https:\/\/rembrr.com\/#organization","name":"Rembrr","url":"https:\/\/rembrr.com\/","logo":{"@type":"ImageObject","inLanguage":"en-US","@id":"https:\/\/rembrr.com\/#\/schema\/logo\/image\/","url":"https:\/\/rembrr.com\/wp-content\/uploads\/2025\/06\/logo-horizontal.webp","contentUrl":"https:\/\/rembrr.com\/wp-content\/uploads\/2025\/06\/logo-horizontal.webp","width":500,"height":112,"caption":"Rembrr"},"image":{"@id":"https:\/\/rembrr.com\/#\/schema\/logo\/image\/"}}]}},"_links":{"self":[{"href":"https:\/\/rembrr.com\/en\/wp-json\/wp\/v2\/pages\/4842","targetHints":{"allow":["GET"]}}],"collection":[{"href":"https:\/\/rembrr.com\/en\/wp-json\/wp\/v2\/pages"}],"about":[{"href":"https:\/\/rembrr.com\/en\/wp-json\/wp\/v2\/types\/page"}],"author":[{"embeddable":true,"href":"https:\/\/rembrr.com\/en\/wp-json\/wp\/v2\/users\/2"}],"replies":[{"embeddable":true,"href":"https:\/\/rembrr.com\/en\/wp-json\/wp\/v2\/comments?post=4842"}],"version-history":[{"count":23,"href":"https:\/\/rembrr.com\/en\/wp-json\/wp\/v2\/pages\/4842\/revisions"}],"predecessor-version":[{"id":6588,"href":"https:\/\/rembrr.com\/en\/wp-json\/wp\/v2\/pages\/4842\/revisions\/6588"}],"up":[{"embeddable":true,"href":"https:\/\/rembrr.com\/en\/wp-json\/wp\/v2\/pages\/1838"}],"wp:attachment":[{"href":"https:\/\/rembrr.com\/en\/wp-json\/wp\/v2\/media?parent=4842"}],"curies":[{"name":"wp","href":"https:\/\/api.w.org\/{rel}","templated":true}]}}