{"id":6128,"date":"2026-02-20T16:54:27","date_gmt":"2026-02-20T21:54:27","guid":{"rendered":"https:\/\/rembrr.com\/?page_id=6128"},"modified":"2026-02-26T07:47:02","modified_gmt":"2026-02-26T12:47:02","slug":"blog","status":"publish","type":"page","link":"https:\/\/rembrr.com\/en\/blog\/","title":{"rendered":"Blog"},"content":{"rendered":"<div data-elementor-type=\"wp-page\" data-elementor-id=\"6128\" class=\"elementor elementor-6128\" data-elementor-post-type=\"page\">\n\t\t\t\t<div class=\"elementor-element elementor-element-b6f0484 e-flex e-con-boxed e-con e-parent\" data-id=\"b6f0484\" data-element_type=\"container\" data-e-type=\"container\" data-settings=\"{&quot;background_background&quot;:&quot;gradient&quot;}\">\n\t\t\t\t\t<div class=\"e-con-inner\">\n\t\t<div class=\"elementor-element elementor-element-e49165c e-con-full e-flex e-con e-child\" data-id=\"e49165c\" data-element_type=\"container\" data-e-type=\"container\">\n\t\t<div class=\"elementor-element elementor-element-08e0d37 e-con-full e-flex e-con e-child\" data-id=\"08e0d37\" data-element_type=\"container\" data-e-type=\"container\" data-settings=\"{&quot;background_background&quot;:&quot;classic&quot;}\">\n\t\t\t\t<\/div>\n\t\t\t\t<\/div>\n\t\t\t\t\t<\/div>\n\t\t\t\t<\/div>\n\t\t<div class=\"elementor-element elementor-element-303acf9 e-flex e-con-boxed e-con e-parent\" data-id=\"303acf9\" data-element_type=\"container\" data-e-type=\"container\" data-settings=\"{&quot;background_background&quot;:&quot;classic&quot;}\">\n\t\t\t\t\t<div class=\"e-con-inner\">\n\t\t\t\t<div class=\"elementor-element elementor-element-16bc8c2 elementor-grid-2 elementor-grid-tablet-2 elementor-grid-mobile-1 elementor-posts--thumbnail-top elementor-posts--show-avatar elementor-card-shadow-yes elementor-posts__hover-gradient elementor-widget elementor-widget-posts\" data-id=\"16bc8c2\" data-element_type=\"widget\" data-e-type=\"widget\" data-settings=\"{&quot;cards_columns&quot;:&quot;2&quot;,&quot;cards_columns_tablet&quot;:&quot;2&quot;,&quot;cards_columns_mobile&quot;:&quot;1&quot;,&quot;cards_row_gap&quot;:{&quot;unit&quot;:&quot;px&quot;,&quot;size&quot;:35,&quot;sizes&quot;:[]},&quot;cards_row_gap_widescreen&quot;:{&quot;unit&quot;:&quot;px&quot;,&quot;size&quot;:&quot;&quot;,&quot;sizes&quot;:[]},&quot;cards_row_gap_laptop&quot;:{&quot;unit&quot;:&quot;px&quot;,&quot;size&quot;:&quot;&quot;,&quot;sizes&quot;:[]},&quot;cards_row_gap_tablet_extra&quot;:{&quot;unit&quot;:&quot;px&quot;,&quot;size&quot;:&quot;&quot;,&quot;sizes&quot;:[]},&quot;cards_row_gap_tablet&quot;:{&quot;unit&quot;:&quot;px&quot;,&quot;size&quot;:&quot;&quot;,&quot;sizes&quot;:[]},&quot;cards_row_gap_mobile_extra&quot;:{&quot;unit&quot;:&quot;px&quot;,&quot;size&quot;:&quot;&quot;,&quot;sizes&quot;:[]},&quot;cards_row_gap_mobile&quot;:{&quot;unit&quot;:&quot;px&quot;,&quot;size&quot;:&quot;&quot;,&quot;sizes&quot;:[]}}\" data-widget_type=\"posts.cards\">\n\t\t\t\t<div class=\"elementor-widget-container\">\n\t\t\t\t\t\t\t<div class=\"elementor-posts-container elementor-posts elementor-posts--skin-cards elementor-grid\" role=\"list\">\n\t\t\t\t<article class=\"elementor-post elementor-grid-item post-7626 post type-post status-publish format-standard has-post-thumbnail hentry category-herramientas-digitales\" role=\"listitem\">\n\t\t\t<div class=\"elementor-post__card\">\n\t\t\t\t<a class=\"elementor-post__thumbnail__link\" href=\"https:\/\/rembrr.com\/en\/asistente-virtual-vs-aplicaciones-separadas\/\" tabindex=\"-1\" ><div class=\"elementor-post__thumbnail\"><img fetchpriority=\"high\" decoding=\"async\" width=\"300\" height=\"200\" src=\"https:\/\/rembrr.com\/wp-content\/uploads\/2026\/04\/mejor-asistente-virtual-organizacion-trabajo-300x200.webp\" class=\"attachment-medium size-medium wp-image-7627\" alt=\"Professional using the best virtual assistant to organize tasks, emails, and calendar without distractions\" srcset=\"https:\/\/rembrr.com\/wp-content\/uploads\/2026\/04\/mejor-asistente-virtual-organizacion-trabajo-300x200.webp 300w, https:\/\/rembrr.com\/wp-content\/uploads\/2026\/04\/mejor-asistente-virtual-organizacion-trabajo-18x12.webp 18w, https:\/\/rembrr.com\/wp-content\/uploads\/2026\/04\/mejor-asistente-virtual-organizacion-trabajo.webp 750w\" sizes=\"(max-width: 300px) 100vw, 300px\" \/><\/div><\/a>\n\t\t\t\t<div class=\"elementor-post__badge\">Digital Tools<\/div>\n\t\t\t\t<div class=\"elementor-post__avatar\">\n\t\t\t<img alt='administrator' src='https:\/\/secure.gravatar.com\/avatar\/3633d846ad02c69d1b6f2593c179395dd82c479eaa2b3726ea3a8dc3e304858d?s=128&#038;d=mm&#038;r=g' srcset='https:\/\/secure.gravatar.com\/avatar\/3633d846ad02c69d1b6f2593c179395dd82c479eaa2b3726ea3a8dc3e304858d?s=256&#038;d=mm&#038;r=g 2x' class='avatar avatar-128 photo' height='128' width='128' \/>\t\t<\/div>\n\t\t\t\t<div class=\"elementor-post__text\">\n\t\t\t\t<h3 class=\"elementor-post__title\">\n\t\t\t<a href=\"https:\/\/rembrr.com\/en\/asistente-virtual-vs-aplicaciones-separadas\/\" >\n\t\t\t\tVirtual assistant vs. separate apps: what's best for you?\t\t\t<\/a>\n\t\t<\/h3>\n\t\t\t\t<div class=\"elementor-post__excerpt\">\n\t\t\t<p>Have you stopped to count how many apps you open before you actually start working? Between the task manager, Google Calendar, notepad, email client, and that \u00abfocus\u00bb app that promised to save your life, your morning turns into a marathon of clicks. This digital fragmentation isn't just annoying; it's a silent drain on mental energy. The big question that separates<\/p>\n\t\t<\/div>\n\t\t\n\t\t<a class=\"elementor-post__read-more\" href=\"https:\/\/rembrr.com\/en\/asistente-virtual-vs-aplicaciones-separadas\/\" aria-label=\"Read more about Asistente virtual vs aplicaciones separadas: \u00bfqu\u00e9 te conviene m\u00e1s?\" tabindex=\"-1\" >\n\t\t\tRead more \u00bb\t\t<\/a>\n\n\t\t\t\t<\/div>\n\t\t\t\t<div class=\"elementor-post__meta-data\">\n\t\t\t\t\t<span class=\"elementor-post-date\">\n\t\t\tApril 15, 2026\t\t<\/span>\n\t\t\t\t<span class=\"elementor-post-avatar\">\n\t\t\tNo Comments\t\t<\/span>\n\t\t\t\t<\/div>\n\t\t\t\t\t<\/div>\n\t\t<\/article>\n\t\t\t\t<article class=\"elementor-post elementor-grid-item post-7619 post type-post status-publish format-standard has-post-thumbnail hentry category-gestion-de-tareas-inteligente\" role=\"listitem\">\n\t\t\t<div class=\"elementor-post__card\">\n\t\t\t\t<a class=\"elementor-post__thumbnail__link\" href=\"https:\/\/rembrr.com\/en\/5-cosas-voz-productividad-sin-celular\/\" tabindex=\"-1\" ><div class=\"elementor-post__thumbnail\"><img decoding=\"async\" width=\"300\" height=\"200\" src=\"https:\/\/rembrr.com\/wp-content\/uploads\/2026\/04\/productividad-voz-rembrr-escritorio-300x200.webp\" class=\"attachment-medium size-medium wp-image-7621\" alt=\"\" srcset=\"https:\/\/rembrr.com\/wp-content\/uploads\/2026\/04\/productividad-voz-rembrr-escritorio-300x200.webp 300w, https:\/\/rembrr.com\/wp-content\/uploads\/2026\/04\/productividad-voz-rembrr-escritorio-18x12.webp 18w, https:\/\/rembrr.com\/wp-content\/uploads\/2026\/04\/productividad-voz-rembrr-escritorio.webp 750w\" sizes=\"(max-width: 300px) 100vw, 300px\" \/><\/div><\/a>\n\t\t\t\t<div class=\"elementor-post__badge\">Intelligent task management<\/div>\n\t\t\t\t<div class=\"elementor-post__avatar\">\n\t\t\t<img alt='administrator' src='https:\/\/secure.gravatar.com\/avatar\/3633d846ad02c69d1b6f2593c179395dd82c479eaa2b3726ea3a8dc3e304858d?s=128&#038;d=mm&#038;r=g' srcset='https:\/\/secure.gravatar.com\/avatar\/3633d846ad02c69d1b6f2593c179395dd82c479eaa2b3726ea3a8dc3e304858d?s=256&#038;d=mm&#038;r=g 2x' class='avatar avatar-128 photo' height='128' width='128' \/>\t\t<\/div>\n\t\t\t\t<div class=\"elementor-post__text\">\n\t\t\t\t<h3 class=\"elementor-post__title\">\n\t\t\t<a href=\"https:\/\/rembrr.com\/en\/5-cosas-voz-productividad-sin-celular\/\" >\n\t\t\t\tHow to Organize Your Work Using Only Your Voice? | Rembrr\t\t\t<\/a>\n\t\t<\/h3>\n\t\t\t\t<div class=\"elementor-post__excerpt\">\n\t\t\t<p>5 things you can do with your voice without touching your cell phone. Description: Integrating voice into your workflow allows you to manage your operational pillars without taking your hands off what really matters. Have you ever had a brilliant idea while driving, cooking, or exercising, only for it to disappear because you couldn't write it down at that moment? In a world that moves at the<\/p>\n\t\t<\/div>\n\t\t\n\t\t<a class=\"elementor-post__read-more\" href=\"https:\/\/rembrr.com\/en\/5-cosas-voz-productividad-sin-celular\/\" aria-label=\"Read more about \u00bfC\u00f3mo Organizar tu Trabajo Solo con la Voz? | Rembrr\" tabindex=\"-1\" >\n\t\t\tRead more \u00bb\t\t<\/a>\n\n\t\t\t\t<\/div>\n\t\t\t\t<div class=\"elementor-post__meta-data\">\n\t\t\t\t\t<span class=\"elementor-post-date\">\n\t\t\tApril 15, 2026\t\t<\/span>\n\t\t\t\t<span class=\"elementor-post-avatar\">\n\t\t\tNo Comments\t\t<\/span>\n\t\t\t\t<\/div>\n\t\t\t\t\t<\/div>\n\t\t<\/article>\n\t\t\t\t<article class=\"elementor-post elementor-grid-item post-6313 post type-post status-publish format-standard has-post-thumbnail hentry category-gestion-de-tareas-inteligente\" role=\"listitem\">\n\t\t\t<div class=\"elementor-post__card\">\n\t\t\t\t<a class=\"elementor-post__thumbnail__link\" href=\"https:\/\/rembrr.com\/en\/como-rembrr-transforma-tus-ideas-en-accion\/\" tabindex=\"-1\" ><div class=\"elementor-post__thumbnail\"><img decoding=\"async\" width=\"300\" height=\"300\" src=\"https:\/\/rembrr.com\/wp-content\/uploads\/2026\/03\/blog-2-img-1-300x300.jpg\" class=\"attachment-medium size-medium wp-image-6315\" alt=\"\" srcset=\"https:\/\/rembrr.com\/wp-content\/uploads\/2026\/03\/blog-2-img-1-300x300.jpg 300w, https:\/\/rembrr.com\/wp-content\/uploads\/2026\/03\/blog-2-img-1-150x150.jpg 150w, https:\/\/rembrr.com\/wp-content\/uploads\/2026\/03\/blog-2-img-1-12x12.jpg 12w, https:\/\/rembrr.com\/wp-content\/uploads\/2026\/03\/blog-2-img-1.jpg 750w\" sizes=\"(max-width: 300px) 100vw, 300px\" \/><\/div><\/a>\n\t\t\t\t<div class=\"elementor-post__badge\">Intelligent task management<\/div>\n\t\t\t\t<div class=\"elementor-post__avatar\">\n\t\t\t<img alt='administrator' src='https:\/\/secure.gravatar.com\/avatar\/3633d846ad02c69d1b6f2593c179395dd82c479eaa2b3726ea3a8dc3e304858d?s=128&#038;d=mm&#038;r=g' srcset='https:\/\/secure.gravatar.com\/avatar\/3633d846ad02c69d1b6f2593c179395dd82c479eaa2b3726ea3a8dc3e304858d?s=256&#038;d=mm&#038;r=g 2x' class='avatar avatar-128 photo' height='128' width='128' \/>\t\t<\/div>\n\t\t\t\t<div class=\"elementor-post__text\">\n\t\t\t\t<h3 class=\"elementor-post__title\">\n\t\t\t<a href=\"https:\/\/rembrr.com\/en\/como-rembrr-transforma-tus-ideas-en-accion\/\" >\n\t\t\t\tFrom Mental Saturation to Total Clarity: How Rembrr Transforms Your Ideas into Action\t\t\t<\/a>\n\t\t<\/h3>\n\t\t\t\t<div class=\"elementor-post__excerpt\">\n\t\t\t<p>How Rembrr Turns Your Ideas into Action: Have you ever felt your best idea slip away because you had nowhere to write it down? We live in an era of infinite distraction. Between social media notifications, urgent emails, and personal commitments, our brains have become tireless processors. The problem isn't a lack of time; the problem is an excess of noise. In this article,<\/p>\n\t\t<\/div>\n\t\t\n\t\t<a class=\"elementor-post__read-more\" href=\"https:\/\/rembrr.com\/en\/como-rembrr-transforma-tus-ideas-en-accion\/\" aria-label=\"Read more about De la saturaci\u00f3n mental a la claridad total: C\u00f3mo Rembrr transforma tus ideas en acci\u00f3n\" tabindex=\"-1\" >\n\t\t\tRead more \u00bb\t\t<\/a>\n\n\t\t\t\t<\/div>\n\t\t\t\t<div class=\"elementor-post__meta-data\">\n\t\t\t\t\t<span class=\"elementor-post-date\">\n\t\t\tMarch 5, 2026\t\t<\/span>\n\t\t\t\t<span class=\"elementor-post-avatar\">\n\t\t\tNo Comments\t\t<\/span>\n\t\t\t\t<\/div>\n\t\t\t\t\t<\/div>\n\t\t<\/article>\n\t\t\t\t<article class=\"elementor-post elementor-grid-item post-6297 post type-post status-publish format-standard has-post-thumbnail hentry category-herramientas-digitales\" role=\"listitem\">\n\t\t\t<div class=\"elementor-post__card\">\n\t\t\t\t<a class=\"elementor-post__thumbnail__link\" href=\"https:\/\/rembrr.com\/en\/beneficios-de-usar-rembrr\/\" tabindex=\"-1\" ><div class=\"elementor-post__thumbnail\"><img loading=\"lazy\" decoding=\"async\" width=\"300\" height=\"200\" src=\"https:\/\/rembrr.com\/wp-content\/uploads\/2026\/03\/Beneficios-de-usar-Rembrr-300x200.jpg\" class=\"attachment-medium size-medium wp-image-6584\" alt=\"\" srcset=\"https:\/\/rembrr.com\/wp-content\/uploads\/2026\/03\/Beneficios-de-usar-Rembrr-300x200.jpg 300w, https:\/\/rembrr.com\/wp-content\/uploads\/2026\/03\/Beneficios-de-usar-Rembrr-18x12.jpg 18w, https:\/\/rembrr.com\/wp-content\/uploads\/2026\/03\/Beneficios-de-usar-Rembrr.jpg 750w\" sizes=\"(max-width: 300px) 100vw, 300px\" \/><\/div><\/a>\n\t\t\t\t<div class=\"elementor-post__badge\">Digital Tools<\/div>\n\t\t\t\t<div class=\"elementor-post__avatar\">\n\t\t\t<img alt='administrator' src='https:\/\/secure.gravatar.com\/avatar\/3633d846ad02c69d1b6f2593c179395dd82c479eaa2b3726ea3a8dc3e304858d?s=128&#038;d=mm&#038;r=g' srcset='https:\/\/secure.gravatar.com\/avatar\/3633d846ad02c69d1b6f2593c179395dd82c479eaa2b3726ea3a8dc3e304858d?s=256&#038;d=mm&#038;r=g 2x' class='avatar avatar-128 photo' height='128' width='128' \/>\t\t<\/div>\n\t\t\t\t<div class=\"elementor-post__text\">\n\t\t\t\t<h3 class=\"elementor-post__title\">\n\t\t\t<a href=\"https:\/\/rembrr.com\/en\/beneficios-de-usar-rembrr\/\" >\n\t\t\t\tBenefits of using Rembrr: the new way to organize your life and your work\t\t\t<\/a>\n\t\t<\/h3>\n\t\t\t\t<div class=\"elementor-post__excerpt\">\n\t\t\t<p>Benefits of using Rembrr: Have you ever felt like your brain has too many tabs open at the same time? In a world where information overload is the norm, the feeling of \u00abalways busy but never moving forward\u00bb has become a silent epidemic. The problem isn't your lack of discipline, but the lack of a system that acts as your external support. This is where Rembrr redefines<\/p>\n\t\t<\/div>\n\t\t\n\t\t<a class=\"elementor-post__read-more\" href=\"https:\/\/rembrr.com\/en\/beneficios-de-usar-rembrr\/\" aria-label=\"Read more about Beneficios de usar Rembrr: la nueva forma de organizar tu vida y tu trabajo\" tabindex=\"-1\" >\n\t\t\tRead more \u00bb\t\t<\/a>\n\n\t\t\t\t<\/div>\n\t\t\t\t<div class=\"elementor-post__meta-data\">\n\t\t\t\t\t<span class=\"elementor-post-date\">\n\t\t\tMarch 2, 2026\t\t<\/span>\n\t\t\t\t<span class=\"elementor-post-avatar\">\n\t\t\tNo Comments\t\t<\/span>\n\t\t\t\t<\/div>\n\t\t\t\t\t<\/div>\n\t\t<\/article>\n\t\t\t\t<article class=\"elementor-post elementor-grid-item post-6156 post type-post status-publish format-standard has-post-thumbnail hentry category-herramientas-digitales\" role=\"listitem\">\n\t\t\t<div class=\"elementor-post__card\">\n\t\t\t\t<a class=\"elementor-post__thumbnail__link\" href=\"https:\/\/rembrr.com\/en\/cuando-tus-ideas-dejan-de-perderse\/\" tabindex=\"-1\" ><div class=\"elementor-post__thumbnail\"><img loading=\"lazy\" decoding=\"async\" width=\"200\" height=\"300\" src=\"https:\/\/rembrr.com\/wp-content\/uploads\/2025\/12\/telefono-movil-200x300.jpg\" class=\"attachment-medium size-medium wp-image-4486\" alt=\"\" srcset=\"https:\/\/rembrr.com\/wp-content\/uploads\/2025\/12\/telefono-movil-200x300.jpg 200w, https:\/\/rembrr.com\/wp-content\/uploads\/2025\/12\/telefono-movil.jpg 467w\" sizes=\"(max-width: 200px) 100vw, 200px\" \/><\/div><\/a>\n\t\t\t\t<div class=\"elementor-post__badge\">Digital Tools<\/div>\n\t\t\t\t<div class=\"elementor-post__avatar\">\n\t\t\t<img alt='administrator' src='https:\/\/secure.gravatar.com\/avatar\/3633d846ad02c69d1b6f2593c179395dd82c479eaa2b3726ea3a8dc3e304858d?s=128&#038;d=mm&#038;r=g' srcset='https:\/\/secure.gravatar.com\/avatar\/3633d846ad02c69d1b6f2593c179395dd82c479eaa2b3726ea3a8dc3e304858d?s=256&#038;d=mm&#038;r=g 2x' class='avatar avatar-128 photo' height='128' width='128' \/>\t\t<\/div>\n\t\t\t\t<div class=\"elementor-post__text\">\n\t\t\t\t<h3 class=\"elementor-post__title\">\n\t\t\t<a href=\"https:\/\/rembrr.com\/en\/cuando-tus-ideas-dejan-de-perderse\/\" >\n\t\t\t\tWhen your ideas stop getting lost\t\t\t<\/a>\n\t\t<\/h3>\n\t\t\t\t<div class=\"elementor-post__excerpt\">\n\t\t\t<p>We live surrounded by notifications, pending items, commitments, and thoughts that appear when we least expect them. An idea while driving. A task right before sleeping. A reminder you know is important\u2026 but you don't write down. And what isn't written down, is lost. Rembrr was born to solve that little invisible chaos that builds up in your head. It's not just a task app. It's a space where you can talk,<\/p>\n\t\t<\/div>\n\t\t\n\t\t<a class=\"elementor-post__read-more\" href=\"https:\/\/rembrr.com\/en\/cuando-tus-ideas-dejan-de-perderse\/\" aria-label=\"Read more about Cuando tus ideas dejan de perderse\" tabindex=\"-1\" >\n\t\t\tRead more \u00bb\t\t<\/a>\n\n\t\t\t\t<\/div>\n\t\t\t\t<div class=\"elementor-post__meta-data\">\n\t\t\t\t\t<span class=\"elementor-post-date\">\n\t\t\tFebruary 20, 2026\t\t<\/span>\n\t\t\t\t<span class=\"elementor-post-avatar\">\n\t\t\tNo Comments\t\t<\/span>\n\t\t\t\t<\/div>\n\t\t\t\t\t<\/div>\n\t\t<\/article>\n\t\t\t\t<\/div>\n\t\t\n\t\t\t\t\t\t<\/div>\n\t\t\t\t<\/div>\n\t\t\t\t\t<\/div>\n\t\t\t\t<\/div>\n\t\t<div class=\"elementor-element elementor-element-e9dc8ca e-flex e-con-boxed e-con e-parent\" data-id=\"e9dc8ca\" data-element_type=\"container\" data-e-type=\"container\">\n\t\t\t\t\t<div class=\"e-con-inner\">\n\t\t\t\t<div class=\"elementor-element elementor-element-3efc7c3 elementor-widget elementor-widget-html\" data-id=\"3efc7c3\" data-element_type=\"widget\" data-e-type=\"widget\" data-widget_type=\"html.default\">\n\t\t\t\t<div class=\"elementor-widget-container\">\n\t\t\t\t\t<script>\n(function () {\n  function openRembrr() {\n    var ua = navigator.userAgent || navigator.vendor || window.opera;\n\n    var isAndroid = \/android\/i.test(ua);\n    var isIOS = \/iPad|iPhone|iPod\/.test(ua);\n\n    var appLink = \"rembrr:\/\/open\";\n    var androidStore = \"https:\/\/play.google.com\/store\/apps\/details?id=com.rembrr.app\";\n    var iosStore = \"https:\/\/apps.apple.com\/app\/id000000000\";\n    var desktopLanding = \"https:\/\/rembrr.com\/app\";\n\n    if (!isAndroid && !isIOS) {\n      window.location.href = desktopLanding;\n      return;\n    }\n\n    setTimeout(function () {\n      if (isAndroid) window.location.href = androidStore;\n      else if (isIOS) window.location.href = iosStore;\n    }, 900);\n\n    window.location.href = appLink;\n  }\n\n  function bind() {\n    var buttons = document.querySelectorAll(\".cta-open-rembrr\");\n    if (!buttons || !buttons.length) return;\n\n    buttons.forEach(function (btn) {\n      \/\/ Evita duplicar listeners si Elementor re-renderiza\n      if (btn.dataset.rembrrBound === \"1\") return;\n      btn.dataset.rembrrBound = \"1\";\n\n      btn.addEventListener(\"click\", function (e) {\n        e.preventDefault();\n        openRembrr();\n      });\n    });\n  }\n\n  if (document.readyState === \"loading\") {\n    document.addEventListener(\"DOMContentLoaded\", bind);\n  } else {\n    bind();\n  }\n  setTimeout(bind, 500);\n  setTimeout(bind, 1500);\n})();\n<\/script>\n\t\t\t\t<\/div>\n\t\t\t\t<\/div>\n\t\t\t\t\t<\/div>\n\t\t\t\t<\/div>\n\t\t\t\t<\/div>","protected":false},"excerpt":{"rendered":"","protected":false},"author":2,"featured_media":0,"parent":0,"menu_order":0,"comment_status":"closed","ping_status":"closed","template":"","meta":{"footnotes":""},"class_list":["post-6128","page","type-page","status-publish","hentry"],"yoast_head":"<!-- This site is optimized with the Yoast SEO plugin v27.0 - https:\/\/yoast.com\/product\/yoast-seo-wordpress\/ -->\n<title>Blog - Rembrr<\/title>\n<meta name=\"robots\" content=\"index, follow, max-snippet:-1, max-image-preview:large, max-video-preview:-1\" \/>\n<link rel=\"canonical\" href=\"https:\/\/rembrr.com\/en\/blog\/\" \/>\n<meta property=\"og:locale\" content=\"en_US\" \/>\n<meta property=\"og:type\" content=\"article\" \/>\n<meta property=\"og:title\" content=\"Blog - Rembrr\" \/>\n<meta property=\"og:url\" content=\"https:\/\/rembrr.com\/en\/blog\/\" \/>\n<meta property=\"og:site_name\" content=\"Rembrr\" \/>\n<meta property=\"article:modified_time\" content=\"2026-02-26T12:47:02+00:00\" \/>\n<meta name=\"twitter:card\" content=\"summary_large_image\" \/>\n<script type=\"application\/ld+json\" class=\"yoast-schema-graph\">{\"@context\":\"https:\/\/schema.org\",\"@graph\":[{\"@type\":\"WebPage\",\"@id\":\"https:\/\/rembrr.com\/blog\/\",\"url\":\"https:\/\/rembrr.com\/blog\/\",\"name\":\"Blog - Rembrr\",\"isPartOf\":{\"@id\":\"https:\/\/rembrr.com\/#website\"},\"datePublished\":\"2026-02-20T21:54:27+00:00\",\"dateModified\":\"2026-02-26T12:47:02+00:00\",\"breadcrumb\":{\"@id\":\"https:\/\/rembrr.com\/blog\/#breadcrumb\"},\"inLanguage\":\"en-US\",\"potentialAction\":[{\"@type\":\"ReadAction\",\"target\":[\"https:\/\/rembrr.com\/blog\/\"]}]},{\"@type\":\"BreadcrumbList\",\"@id\":\"https:\/\/rembrr.com\/blog\/#breadcrumb\",\"itemListElement\":[{\"@type\":\"ListItem\",\"position\":1,\"name\":\"Portada\",\"item\":\"https:\/\/rembrr.com\/\"},{\"@type\":\"ListItem\",\"position\":2,\"name\":\"Blog\"}]},{\"@type\":\"WebSite\",\"@id\":\"https:\/\/rembrr.com\/#website\",\"url\":\"https:\/\/rembrr.com\/\",\"name\":\"Rembrr\",\"description\":\"Logra m\u00e1s\",\"publisher\":{\"@id\":\"https:\/\/rembrr.com\/#organization\"},\"potentialAction\":[{\"@type\":\"SearchAction\",\"target\":{\"@type\":\"EntryPoint\",\"urlTemplate\":\"https:\/\/rembrr.com\/?s={search_term_string}\"},\"query-input\":{\"@type\":\"PropertyValueSpecification\",\"valueRequired\":true,\"valueName\":\"search_term_string\"}}],\"inLanguage\":\"en-US\"},{\"@type\":\"Organization\",\"@id\":\"https:\/\/rembrr.com\/#organization\",\"name\":\"Rembrr\",\"url\":\"https:\/\/rembrr.com\/\",\"logo\":{\"@type\":\"ImageObject\",\"inLanguage\":\"en-US\",\"@id\":\"https:\/\/rembrr.com\/#\/schema\/logo\/image\/\",\"url\":\"https:\/\/rembrr.com\/wp-content\/uploads\/2025\/06\/logo-horizontal.webp\",\"contentUrl\":\"https:\/\/rembrr.com\/wp-content\/uploads\/2025\/06\/logo-horizontal.webp\",\"width\":500,\"height\":112,\"caption\":\"Rembrr\"},\"image\":{\"@id\":\"https:\/\/rembrr.com\/#\/schema\/logo\/image\/\"}}]}<\/script>\n<!-- \/ Yoast SEO plugin. -->","yoast_head_json":{"title":"Blog - Rembrr","robots":{"index":"index","follow":"follow","max-snippet":"max-snippet:-1","max-image-preview":"max-image-preview:large","max-video-preview":"max-video-preview:-1"},"canonical":"https:\/\/rembrr.com\/en\/blog\/","og_locale":"en_US","og_type":"article","og_title":"Blog - Rembrr","og_url":"https:\/\/rembrr.com\/en\/blog\/","og_site_name":"Rembrr","article_modified_time":"2026-02-26T12:47:02+00:00","twitter_card":"summary_large_image","schema":{"@context":"https:\/\/schema.org","@graph":[{"@type":"WebPage","@id":"https:\/\/rembrr.com\/blog\/","url":"https:\/\/rembrr.com\/blog\/","name":"Blog - Rembrr","isPartOf":{"@id":"https:\/\/rembrr.com\/#website"},"datePublished":"2026-02-20T21:54:27+00:00","dateModified":"2026-02-26T12:47:02+00:00","breadcrumb":{"@id":"https:\/\/rembrr.com\/blog\/#breadcrumb"},"inLanguage":"en-US","potentialAction":[{"@type":"ReadAction","target":["https:\/\/rembrr.com\/blog\/"]}]},{"@type":"BreadcrumbList","@id":"https:\/\/rembrr.com\/blog\/#breadcrumb","itemListElement":[{"@type":"ListItem","position":1,"name":"Portada","item":"https:\/\/rembrr.com\/"},{"@type":"ListItem","position":2,"name":"Blog"}]},{"@type":"WebSite","@id":"https:\/\/rembrr.com\/#website","url":"https:\/\/rembrr.com\/","name":"Remember","description":"Achieve more","publisher":{"@id":"https:\/\/rembrr.com\/#organization"},"potentialAction":[{"@type":"SearchAction","target":{"@type":"EntryPoint","urlTemplate":"https:\/\/rembrr.com\/?s={search_term_string}"},"query-input":{"@type":"PropertyValueSpecification","valueRequired":true,"valueName":"search_term_string"}}],"inLanguage":"en-US"},{"@type":"Organization","@id":"https:\/\/rembrr.com\/#organization","name":"Remember","url":"https:\/\/rembrr.com\/","logo":{"@type":"ImageObject","inLanguage":"en-US","@id":"https:\/\/rembrr.com\/#\/schema\/logo\/image\/","url":"https:\/\/rembrr.com\/wp-content\/uploads\/2025\/06\/logo-horizontal.webp","contentUrl":"https:\/\/rembrr.com\/wp-content\/uploads\/2025\/06\/logo-horizontal.webp","width":500,"height":112,"caption":"Rembrr"},"image":{"@id":"https:\/\/rembrr.com\/#\/schema\/logo\/image\/"}}]}},"_links":{"self":[{"href":"https:\/\/rembrr.com\/en\/wp-json\/wp\/v2\/pages\/6128","targetHints":{"allow":["GET"]}}],"collection":[{"href":"https:\/\/rembrr.com\/en\/wp-json\/wp\/v2\/pages"}],"about":[{"href":"https:\/\/rembrr.com\/en\/wp-json\/wp\/v2\/types\/page"}],"author":[{"embeddable":true,"href":"https:\/\/rembrr.com\/en\/wp-json\/wp\/v2\/users\/2"}],"replies":[{"embeddable":true,"href":"https:\/\/rembrr.com\/en\/wp-json\/wp\/v2\/comments?post=6128"}],"version-history":[{"count":16,"href":"https:\/\/rembrr.com\/en\/wp-json\/wp\/v2\/pages\/6128\/revisions"}],"predecessor-version":[{"id":6271,"href":"https:\/\/rembrr.com\/en\/wp-json\/wp\/v2\/pages\/6128\/revisions\/6271"}],"wp:attachment":[{"href":"https:\/\/rembrr.com\/en\/wp-json\/wp\/v2\/media?parent=6128"}],"curies":[{"name":"wp","href":"https:\/\/api.w.org\/{rel}","templated":true}]}}