{"id":3345,"date":"2025-11-16T15:19:52","date_gmt":"2025-11-16T20:19:52","guid":{"rendered":"https:\/\/rembrr.com\/?page_id=3345"},"modified":"2026-03-14T23:20:17","modified_gmt":"2026-03-15T04:20:17","slug":"terminos-condiciones-2","status":"publish","type":"page","link":"https:\/\/rembrr.com\/pt\/help\/primeros-pasos\/terminos-condiciones-2\/","title":{"rendered":"Termos e Condi\u00e7\u00f5es"},"content":{"rendered":"\t\t<div data-elementor-type=\"wp-page\" data-elementor-id=\"3345\" class=\"elementor elementor-3345\" data-elementor-post-type=\"page\">\n\t\t\t\t<div class=\"elementor-element elementor-element-6c88f15 e-flex e-con-boxed e-con e-parent\" data-id=\"6c88f15\" data-element_type=\"container\" data-e-type=\"container\">\n\t\t\t\t\t<div class=\"e-con-inner\">\n\t\t\t\t<div class=\"elementor-element elementor-element-4870d6f elementor-widget elementor-widget-breadcrumbs\" data-id=\"4870d6f\" data-element_type=\"widget\" data-e-type=\"widget\" data-widget_type=\"breadcrumbs.default\">\n\t\t\t\t<div class=\"elementor-widget-container\">\n\t\t\t\t\t<p id=\"breadcrumbs\"><span><span><a href=\"https:\/\/rembrr.com\/\">Portada<\/a><\/span><\/span><\/p>\t\t\t\t<\/div>\n\t\t\t\t<\/div>\n\t\t\t\t\t<\/div>\n\t\t\t\t<\/div>\n\t\t<div class=\"elementor-element elementor-element-505c38f e-flex e-con-boxed e-con e-parent\" data-id=\"505c38f\" data-element_type=\"container\" data-e-type=\"container\">\n\t\t\t\t\t<div class=\"e-con-inner\">\n\t\t<div class=\"elementor-element elementor-element-0399b46 e-con-full e-flex e-con e-child\" data-id=\"0399b46\" data-element_type=\"container\" data-e-type=\"container\">\n\t\t\t\t<div class=\"elementor-element elementor-element-ff1da61 elementor-widget elementor-widget-heading\" data-id=\"ff1da61\" data-element_type=\"widget\" data-e-type=\"widget\" data-widget_type=\"heading.default\">\n\t\t\t\t<div class=\"elementor-widget-container\">\n\t\t\t\t\t<p class=\"elementor-heading-title elementor-size-default\">novembro 16, 2025<\/p>\t\t\t\t<\/div>\n\t\t\t\t<\/div>\n\t\t\t\t<div class=\"elementor-element elementor-element-747578f elementor-widget-divider--view-line elementor-widget elementor-widget-divider\" data-id=\"747578f\" data-element_type=\"widget\" data-e-type=\"widget\" data-widget_type=\"divider.default\">\n\t\t\t\t<div class=\"elementor-widget-container\">\n\t\t\t\t\t\t\t<div class=\"elementor-divider\">\n\t\t\t<span class=\"elementor-divider-separator\">\n\t\t\t\t\t\t<\/span>\n\t\t<\/div>\n\t\t\t\t\t\t<\/div>\n\t\t\t\t<\/div>\n\t\t\t\t<div class=\"elementor-element elementor-element-18b3572 elementor-widget elementor-widget-text-editor\" data-id=\"18b3572\" data-element_type=\"widget\" data-e-type=\"widget\" data-widget_type=\"text-editor.default\">\n\t\t\t\t<div class=\"elementor-widget-container\">\n\t\t\t\t\t\t\t\t\t<p data-start=\"299\" data-end=\"605\">Los T\u00e9rminos de Uso establecen las reglas b\u00e1sicas para utilizar Rembrr. Aqu\u00ed encontrar\u00e1s un resumen claro de lo que se permite, lo que est\u00e1 prohibido y bajo qu\u00e9 condiciones puedes usar la plataforma. Te recomendamos leerlos para comprender tus derechos y responsabilidades como usuario.<\/p>\t\t\t\t\t\t\t\t<\/div>\n\t\t\t\t<\/div>\n\t\t\t\t<div class=\"elementor-element elementor-element-7067a43 elementor-widget elementor-widget-heading\" data-id=\"7067a43\" data-element_type=\"widget\" data-e-type=\"widget\" data-widget_type=\"heading.default\">\n\t\t\t\t<div class=\"elementor-widget-container\">\n\t\t\t\t\t<h2 class=\"elementor-heading-title elementor-size-default\">1. \u00bfQu\u00e9 aceptas al usar Rembrr?<\/h2>\t\t\t\t<\/div>\n\t\t\t\t<\/div>\n\t\t\t\t<div class=\"elementor-element elementor-element-7d73d82 elementor-widget elementor-widget-text-editor\" data-id=\"7d73d82\" data-element_type=\"widget\" data-e-type=\"widget\" data-widget_type=\"text-editor.default\">\n\t\t\t\t<div class=\"elementor-widget-container\">\n\t\t\t\t\t\t\t\t\t<p data-start=\"659\" data-end=\"750\">Al acceder a la plataforma Rembrr, aceptas autom\u00e1ticamente los T\u00e9rminos de Uso. El acceso est\u00e1 permitido \u00fanicamente a usuarios mayores de 18 a\u00f1os.<\/p>\t\t\t\t\t\t\t\t<\/div>\n\t\t\t\t<\/div>\n\t\t\t\t<div class=\"elementor-element elementor-element-99e0bf5 elementor-widget elementor-widget-heading\" data-id=\"99e0bf5\" data-element_type=\"widget\" data-e-type=\"widget\" data-widget_type=\"heading.default\">\n\t\t\t\t<div class=\"elementor-widget-container\">\n\t\t\t\t\t<h2 class=\"elementor-heading-title elementor-size-default\">2. Qu\u00e9 servicios ofrece Rembrr<\/h2>\t\t\t\t<\/div>\n\t\t\t\t<\/div>\n\t\t\t\t<div class=\"elementor-element elementor-element-d25374b elementor-widget elementor-widget-text-editor\" data-id=\"d25374b\" data-element_type=\"widget\" data-e-type=\"widget\" data-widget_type=\"text-editor.default\">\n\t\t\t\t<div class=\"elementor-widget-container\">\n\t\t\t\t\t\t\t\t\t<p data-start=\"2443\" data-end=\"2519\">Rembrr proporciona herramientas impulsadas por inteligencia artificial para:<\/p><ul data-start=\"2521\" data-end=\"2665\"><li data-start=\"2521\" data-end=\"2545\"><p data-start=\"2523\" data-end=\"2545\">Gestionar tus tareas<\/p><\/li><li data-start=\"2546\" data-end=\"2569\"><p data-start=\"2548\" data-end=\"2569\">Organizar tu agenda<\/p><\/li><li data-start=\"2570\" data-end=\"2615\"><p data-start=\"2572\" data-end=\"2615\">Ayudarte con comunicaci\u00f3n y recordatorios<\/p><\/li><li data-start=\"2616\" data-end=\"2665\"><p data-start=\"2618\" data-end=\"2665\">Conectarte con redes o entornos profesionales<\/p><\/li><\/ul>\t\t\t\t\t\t\t\t<\/div>\n\t\t\t\t<\/div>\n\t\t\t\t<div class=\"elementor-element elementor-element-a6c4615 elementor-widget elementor-widget-heading\" data-id=\"a6c4615\" data-element_type=\"widget\" data-e-type=\"widget\" data-widget_type=\"heading.default\">\n\t\t\t\t<div class=\"elementor-widget-container\">\n\t\t\t\t\t<h2 class=\"elementor-heading-title elementor-size-default\">3. Licencia de uso<\/h2>\t\t\t\t<\/div>\n\t\t\t\t<\/div>\n\t\t\t\t<div class=\"elementor-element elementor-element-0bac9ed elementor-widget elementor-widget-text-editor\" data-id=\"0bac9ed\" data-element_type=\"widget\" data-e-type=\"widget\" data-widget_type=\"text-editor.default\">\n\t\t\t\t<div class=\"elementor-widget-container\">\n\t\t\t\t\t\t\t\t\t<p data-start=\"2762\" data-end=\"2870\">Cuando utilizas Rembrr, recibes una licencia personal, limitada y no transferible.<br data-start=\"2848\" data-end=\"2851\" \/>Esto significa que:<\/p><ul data-start=\"2872\" data-end=\"3071\"><li data-start=\"2872\" data-end=\"2945\"><p data-start=\"2874\" data-end=\"2945\">Puedes usar la plataforma para tu organizaci\u00f3n personal o profesional<\/p><\/li><li data-start=\"2946\" data-end=\"3004\"><p data-start=\"2948\" data-end=\"3004\">No puedes revender, redistribuir o copiar el contenido<\/p><\/li><li data-start=\"3005\" data-end=\"3071\"><p data-start=\"3007\" data-end=\"3071\">No puedes usar la plataforma con fines ilegales o fraudulentos<\/p><\/li><\/ul>\t\t\t\t\t\t\t\t<\/div>\n\t\t\t\t<\/div>\n\t\t\t\t<div class=\"elementor-element elementor-element-d465386 elementor-widget elementor-widget-heading\" data-id=\"d465386\" data-element_type=\"widget\" data-e-type=\"widget\" data-widget_type=\"heading.default\">\n\t\t\t\t<div class=\"elementor-widget-container\">\n\t\t\t\t\t<h2 class=\"elementor-heading-title elementor-size-default\">4. Propiedad intelectual<\/h2>\t\t\t\t<\/div>\n\t\t\t\t<\/div>\n\t\t\t\t<div class=\"elementor-element elementor-element-124f3bd elementor-widget elementor-widget-text-editor\" data-id=\"124f3bd\" data-element_type=\"widget\" data-e-type=\"widget\" data-widget_type=\"text-editor.default\">\n\t\t\t\t<div class=\"elementor-widget-container\">\n\t\t\t\t\t\t\t\t\t<p data-start=\"3187\" data-end=\"3234\">Todo el contenido de la plataforma, incluyendo:<\/p><ul data-start=\"3236\" data-end=\"3322\"><li data-start=\"3236\" data-end=\"3245\"><p data-start=\"3238\" data-end=\"3245\">marca<\/p><\/li><li data-start=\"3246\" data-end=\"3256\"><p data-start=\"3248\" data-end=\"3256\">dise\u00f1o<\/p><\/li><li data-start=\"3257\" data-end=\"3267\"><p data-start=\"3259\" data-end=\"3267\">textos<\/p><\/li><li data-start=\"3268\" data-end=\"3287\"><p data-start=\"3270\" data-end=\"3287\">funcionalidades<\/p><\/li><li data-start=\"3288\" data-end=\"3298\"><p data-start=\"3290\" data-end=\"3298\">c\u00f3digo<\/p><\/li><li data-start=\"3299\" data-end=\"3322\"><p data-start=\"3301\" data-end=\"3322\">materiales visuales<\/p><\/li><\/ul><p data-start=\"3324\" data-end=\"3408\">es propiedad de <strong data-start=\"3340\" data-end=\"3355\">REMBRR INC.<\/strong> y est\u00e1 protegido por leyes de propiedad intelectual.<\/p><p data-start=\"3410\" data-end=\"3425\">Est\u00e1 prohibido:<\/p><ul data-start=\"3427\" data-end=\"3519\"><li data-start=\"3427\" data-end=\"3437\"><p data-start=\"3429\" data-end=\"3437\">copiar<\/p><\/li><li data-start=\"3438\" data-end=\"3451\"><p data-start=\"3440\" data-end=\"3451\">modificar<\/p><\/li><li data-start=\"3452\" data-end=\"3483\"><p data-start=\"3454\" data-end=\"3483\">realizar ingenier\u00eda inversa<\/p><\/li><li data-start=\"3484\" data-end=\"3519\"><p data-start=\"3486\" data-end=\"3519\">usar contenido sin autorizaci\u00f3n<\/p><\/li><\/ul>\t\t\t\t\t\t\t\t<\/div>\n\t\t\t\t<\/div>\n\t\t\t\t<div class=\"elementor-element elementor-element-c5eed91 elementor-widget elementor-widget-heading\" data-id=\"c5eed91\" data-element_type=\"widget\" data-e-type=\"widget\" data-widget_type=\"heading.default\">\n\t\t\t\t<div class=\"elementor-widget-container\">\n\t\t\t\t\t<h2 class=\"elementor-heading-title elementor-size-default\">5. Pagos y suscripciones\u200b<\/h2>\t\t\t\t<\/div>\n\t\t\t\t<\/div>\n\t\t\t\t<div class=\"elementor-element elementor-element-075043f elementor-widget elementor-widget-text-editor\" data-id=\"075043f\" data-element_type=\"widget\" data-e-type=\"widget\" data-widget_type=\"text-editor.default\">\n\t\t\t\t<div class=\"elementor-widget-container\">\n\t\t\t\t\t\t\t\t\t<p data-start=\"3561\" data-end=\"3694\">Las suscripciones y pagos dentro de Rembrr se gestionan de forma segura mediante <strong data-start=\"3642\" data-end=\"3652\">Stripe<\/strong>, un proveedor reconocido a nivel mundial.<\/p><p data-start=\"3696\" data-end=\"3711\">Esto garantiza:<\/p><ul data-start=\"3713\" data-end=\"3815\"><li data-start=\"3713\" data-end=\"3739\"><p data-start=\"3715\" data-end=\"3739\">seguridad en tus pagos<\/p><\/li><li data-start=\"3740\" data-end=\"3765\"><p data-start=\"3742\" data-end=\"3765\">encriptaci\u00f3n de datos<\/p><\/li><li data-start=\"3766\" data-end=\"3815\"><p data-start=\"3768\" data-end=\"3815\">manejo confiable de la informaci\u00f3n financiera<\/p><\/li><\/ul>\t\t\t\t\t\t\t\t<\/div>\n\t\t\t\t<\/div>\n\t\t\t\t<div class=\"elementor-element elementor-element-65730f0 elementor-widget elementor-widget-heading\" data-id=\"65730f0\" data-element_type=\"widget\" data-e-type=\"widget\" data-widget_type=\"heading.default\">\n\t\t\t\t<div class=\"elementor-widget-container\">\n\t\t\t\t\t<h2 class=\"elementor-heading-title elementor-size-default\">6. Uso permitido y prohibido<\/h2>\t\t\t\t<\/div>\n\t\t\t\t<\/div>\n\t\t\t\t<div class=\"elementor-element elementor-element-f479916 elementor-widget elementor-widget-text-editor\" data-id=\"f479916\" data-element_type=\"widget\" data-e-type=\"widget\" data-widget_type=\"text-editor.default\">\n\t\t\t\t<div class=\"elementor-widget-container\">\n\t\t\t\t\t\t\t\t\t<p><strong>Permitido<\/strong>:<\/p><p>Usar Rembrr para tu gesti\u00f3n personal y profesional<\/p><p>Crear tableros, tareas, eventos y contenido personal<\/p><p>Personalizar tu experiencia dentro de la app<\/p><p><strong>Prohibido<\/strong>:<\/p><p>Usar la app con fines ilegales o fraudulentos<\/p><p>Reproducir o redistribuir contenido sin permiso<\/p><p>Manipular, hackear o intentar acceder al c\u00f3digo<\/p><p>Revender el servicio a terceros<\/p>\t\t\t\t\t\t\t\t<\/div>\n\t\t\t\t<\/div>\n\t\t\t\t<div class=\"elementor-element elementor-element-3ef2457 elementor-widget elementor-widget-heading\" data-id=\"3ef2457\" data-element_type=\"widget\" data-e-type=\"widget\" data-widget_type=\"heading.default\">\n\t\t\t\t<div class=\"elementor-widget-container\">\n\t\t\t\t\t<h2 class=\"elementor-heading-title elementor-size-default\">7. Marco legal<\/h2>\t\t\t\t<\/div>\n\t\t\t\t<\/div>\n\t\t\t\t<div class=\"elementor-element elementor-element-03306d8 elementor-widget elementor-widget-text-editor\" data-id=\"03306d8\" data-element_type=\"widget\" data-e-type=\"widget\" data-widget_type=\"text-editor.default\">\n\t\t\t\t<div class=\"elementor-widget-container\">\n\t\t\t\t\t\t\t\t\t<p>El uso de Rembrr se rige por las leyes del <strong data-start=\"4383\" data-end=\"4420\">estado de Florida, Estados Unidos<\/strong>, donde se encuentra registrada la compa\u00f1\u00eda <strong data-start=\"4464\" data-end=\"4479\">REMBRR INC.<\/strong><\/p>\t\t\t\t\t\t\t\t<\/div>\n\t\t\t\t<\/div>\n\t\t\t\t<div class=\"elementor-element elementor-element-a6e5f03 elementor-widget elementor-widget-heading\" data-id=\"a6e5f03\" data-element_type=\"widget\" data-e-type=\"widget\" data-widget_type=\"heading.default\">\n\t\t\t\t<div class=\"elementor-widget-container\">\n\t\t\t\t\t<h2 class=\"elementor-heading-title elementor-size-default\">8. Enlaces legales adicionales<\/h2>\t\t\t\t<\/div>\n\t\t\t\t<\/div>\n\t\t\t\t<div class=\"elementor-element elementor-element-13c92c7 elementor-widget elementor-widget-text-editor\" data-id=\"13c92c7\" data-element_type=\"widget\" data-e-type=\"widget\" data-widget_type=\"text-editor.default\">\n\t\t\t\t<div class=\"elementor-widget-container\">\n\t\t\t\t\t\t\t\t\t<p data-start=\"4527\" data-end=\"4575\">Desde la web de Rembrr puedes consultar tambi\u00e9n:<\/p><ul data-start=\"4577\" data-end=\"4726\"><li data-start=\"4577\" data-end=\"4603\"><p data-start=\"4579\" data-end=\"4603\">Pol\u00edtica de Privacidad<\/p><\/li><li data-start=\"4577\" data-end=\"4603\"><p data-start=\"4579\" data-end=\"4603\">Pol\u00edtica de Cookies<\/p><\/li><li data-start=\"4628\" data-end=\"4660\"><p data-start=\"4630\" data-end=\"4660\">Pol\u00edtica de Datos Google API<\/p><\/li><li data-start=\"4661\" data-end=\"4685\"><p data-start=\"4663\" data-end=\"4685\">Eliminaci\u00f3n de Datos<\/p><\/li><li data-start=\"4686\" data-end=\"4710\"><p data-start=\"4688\" data-end=\"4710\">Derechos del Usuario<\/p><\/li><li data-start=\"4711\" data-end=\"4726\"><p data-start=\"4713\" data-end=\"4726\">Aviso Legal<\/p><\/li><\/ul>\t\t\t\t\t\t\t\t<\/div>\n\t\t\t\t<\/div>\n\t\t\t\t<\/div>\n\t\t<div class=\"elementor-element elementor-element-9106aa8 e-con-full e-flex e-con e-child\" data-id=\"9106aa8\" data-element_type=\"container\" data-e-type=\"container\">\n\t\t\t\t<div class=\"elementor-element elementor-element-e2d224e elementor-widget elementor-widget-table-of-contents\" data-id=\"e2d224e\" data-element_type=\"widget\" data-e-type=\"widget\" data-settings=\"{&quot;headings_by_tags&quot;:[&quot;h2&quot;],&quot;exclude_headings_by_selector&quot;:[],&quot;marker_view&quot;:&quot;bullets&quot;,&quot;icon&quot;:{&quot;value&quot;:&quot;far fa-circle&quot;,&quot;library&quot;:&quot;fa-regular&quot;,&quot;rendered_tag&quot;:&quot;&lt;svg class=\\&quot;e-font-icon-svg e-far-circle\\&quot; viewBox=\\&quot;0 0 512 512\\&quot; xmlns=\\&quot;http:\\\/\\\/www.w3.org\\\/2000\\\/svg\\&quot;&gt;&lt;path d=\\&quot;M256 8C119 8 8 119 8 256s111 248 248 248 248-111 248-248S393 8 256 8zm0 448c-110.5 0-200-89.5-200-200S145.5 56 256 56s200 89.5 200 200-89.5 200-200 200z\\&quot;&gt;&lt;\\\/path&gt;&lt;\\\/svg&gt;&quot;},&quot;no_headings_message&quot;:&quot;No se ha encontrado ning\\u00fan encabezado en esta p\\u00e1gina.&quot;,&quot;hierarchical_view&quot;:&quot;yes&quot;,&quot;min_height&quot;:{&quot;unit&quot;:&quot;px&quot;,&quot;size&quot;:&quot;&quot;,&quot;sizes&quot;:[]},&quot;min_height_widescreen&quot;:{&quot;unit&quot;:&quot;px&quot;,&quot;size&quot;:&quot;&quot;,&quot;sizes&quot;:[]},&quot;min_height_laptop&quot;:{&quot;unit&quot;:&quot;px&quot;,&quot;size&quot;:&quot;&quot;,&quot;sizes&quot;:[]},&quot;min_height_tablet_extra&quot;:{&quot;unit&quot;:&quot;px&quot;,&quot;size&quot;:&quot;&quot;,&quot;sizes&quot;:[]},&quot;min_height_tablet&quot;:{&quot;unit&quot;:&quot;px&quot;,&quot;size&quot;:&quot;&quot;,&quot;sizes&quot;:[]},&quot;min_height_mobile_extra&quot;:{&quot;unit&quot;:&quot;px&quot;,&quot;size&quot;:&quot;&quot;,&quot;sizes&quot;:[]},&quot;min_height_mobile&quot;:{&quot;unit&quot;:&quot;px&quot;,&quot;size&quot;:&quot;&quot;,&quot;sizes&quot;:[]}}\" data-widget_type=\"table-of-contents.default\">\n\t\t\t\t<div class=\"elementor-widget-container\">\n\t\t\t\t\t\t\t\t\t<div class=\"elementor-toc__header\">\n\t\t\t\t\t\t<h2 class=\"elementor-toc__header-title\">\n\t\t\t\tEn esta p\u00e1gina\t\t\t<\/h2>\n\t\t\t\t\t\t\t\t<\/div>\n\t\t\t\t<div id=\"elementor-toc__e2d224e\" class=\"elementor-toc__body\">\n\t\t\t<div class=\"elementor-toc__spinner-container\">\n\t\t\t\t<svg class=\"elementor-toc__spinner eicon-animation-spin e-font-icon-svg e-eicon-loading\" aria-hidden=\"true\" viewBox=\"0 0 1000 1000\" xmlns=\"http:\/\/www.w3.org\/2000\/svg\"><path d=\"M500 975V858C696 858 858 696 858 500S696 142 500 142 142 304 142 500H25C25 237 238 25 500 25S975 237 975 500 763 975 500 975Z\"><\/path><\/svg>\t\t\t<\/div>\n\t\t<\/div>\n\t\t\t\t\t\t<\/div>\n\t\t\t\t<\/div>\n\t\t\t\t<\/div>\n\t\t\t\t\t<\/div>\n\t\t\t\t<\/div>\n\t\t\t\t<\/div>\n\t\t","protected":false},"excerpt":{"rendered":"<p>Los T\u00e9rminos de Uso establecen las reglas b\u00e1sicas para utilizar Rembrr. Aqu\u00ed encontrar\u00e1s un resumen claro de lo que se permite, lo que est\u00e1 prohibido y bajo qu\u00e9 condiciones puedes usar la plataforma. Te recomendamos leerlos para comprender tus derechos y responsabilidades como usuario. 1. \u00bfQu\u00e9 aceptas al usar Rembrr? Al acceder a la plataforma [&hellip;]<\/p>\n","protected":false},"author":2,"featured_media":0,"parent":1707,"menu_order":0,"comment_status":"closed","ping_status":"closed","template":"elementor_header_footer","meta":{"footnotes":""},"class_list":["post-3345","page","type-page","status-publish","hentry"],"yoast_head":"<!-- This site is optimized with the Yoast SEO plugin v27.0 - https:\/\/yoast.com\/product\/yoast-seo-wordpress\/ -->\n<title>T\u00e9rminos &amp; condiciones - Rembrr<\/title>\n<meta name=\"robots\" content=\"index, follow, max-snippet:-1, max-image-preview:large, max-video-preview:-1\" \/>\n<link rel=\"canonical\" href=\"https:\/\/rembrr.com\/pt\/help\/primeros-pasos\/terminos-condiciones-2\/\" \/>\n<meta property=\"og:locale\" content=\"pt_BR\" \/>\n<meta property=\"og:type\" content=\"article\" \/>\n<meta property=\"og:title\" content=\"T\u00e9rminos &amp; condiciones - Rembrr\" \/>\n<meta property=\"og:description\" content=\"Los T\u00e9rminos de Uso establecen las reglas b\u00e1sicas para utilizar Rembrr. Aqu\u00ed encontrar\u00e1s un resumen claro de lo que se permite, lo que est\u00e1 prohibido y bajo qu\u00e9 condiciones puedes usar la plataforma. Te recomendamos leerlos para comprender tus derechos y responsabilidades como usuario. 1. \u00bfQu\u00e9 aceptas al usar Rembrr? Al acceder a la plataforma [&hellip;]\" \/>\n<meta property=\"og:url\" content=\"https:\/\/rembrr.com\/pt\/help\/primeros-pasos\/terminos-condiciones-2\/\" \/>\n<meta property=\"og:site_name\" content=\"Rembrr\" \/>\n<meta property=\"article:modified_time\" content=\"2026-03-15T04:20:17+00:00\" \/>\n<meta name=\"twitter:card\" content=\"summary_large_image\" \/>\n<meta name=\"twitter:label1\" content=\"Est. tempo de leitura\" \/>\n\t<meta name=\"twitter:data1\" content=\"2 minutos\" \/>\n<script type=\"application\/ld+json\" class=\"yoast-schema-graph\">{\"@context\":\"https:\/\/schema.org\",\"@graph\":[{\"@type\":\"WebPage\",\"@id\":\"https:\/\/rembrr.com\/help\/primeros-pasos\/terminos-condiciones-2\/\",\"url\":\"https:\/\/rembrr.com\/help\/primeros-pasos\/terminos-condiciones-2\/\",\"name\":\"T\u00e9rminos &amp; condiciones - Rembrr\",\"isPartOf\":{\"@id\":\"https:\/\/rembrr.com\/#website\"},\"datePublished\":\"2025-11-16T20:19:52+00:00\",\"dateModified\":\"2026-03-15T04:20:17+00:00\",\"breadcrumb\":{\"@id\":\"https:\/\/rembrr.com\/help\/primeros-pasos\/terminos-condiciones-2\/#breadcrumb\"},\"inLanguage\":\"pt-BR\",\"potentialAction\":[{\"@type\":\"ReadAction\",\"target\":[\"https:\/\/rembrr.com\/help\/primeros-pasos\/terminos-condiciones-2\/\"]}]},{\"@type\":\"BreadcrumbList\",\"@id\":\"https:\/\/rembrr.com\/help\/primeros-pasos\/terminos-condiciones-2\/#breadcrumb\",\"itemListElement\":[{\"@type\":\"ListItem\",\"position\":1,\"name\":\"Portada\",\"item\":\"https:\/\/rembrr.com\/\"},{\"@type\":\"ListItem\",\"position\":2,\"name\":\"Help\",\"item\":\"https:\/\/rembrr.com\/help\/\"},{\"@type\":\"ListItem\",\"position\":3,\"name\":\"Primeros pasos\",\"item\":\"https:\/\/rembrr.com\/help\/primeros-pasos\/\"},{\"@type\":\"ListItem\",\"position\":4,\"name\":\"T\u00e9rminos &amp; condiciones\"}]},{\"@type\":\"WebSite\",\"@id\":\"https:\/\/rembrr.com\/#website\",\"url\":\"https:\/\/rembrr.com\/\",\"name\":\"Rembrr\",\"description\":\"Logra m\u00e1s\",\"publisher\":{\"@id\":\"https:\/\/rembrr.com\/#organization\"},\"potentialAction\":[{\"@type\":\"SearchAction\",\"target\":{\"@type\":\"EntryPoint\",\"urlTemplate\":\"https:\/\/rembrr.com\/?s={search_term_string}\"},\"query-input\":{\"@type\":\"PropertyValueSpecification\",\"valueRequired\":true,\"valueName\":\"search_term_string\"}}],\"inLanguage\":\"pt-BR\"},{\"@type\":\"Organization\",\"@id\":\"https:\/\/rembrr.com\/#organization\",\"name\":\"Rembrr\",\"url\":\"https:\/\/rembrr.com\/\",\"logo\":{\"@type\":\"ImageObject\",\"inLanguage\":\"pt-BR\",\"@id\":\"https:\/\/rembrr.com\/#\/schema\/logo\/image\/\",\"url\":\"https:\/\/rembrr.com\/wp-content\/uploads\/2025\/06\/logo-horizontal.webp\",\"contentUrl\":\"https:\/\/rembrr.com\/wp-content\/uploads\/2025\/06\/logo-horizontal.webp\",\"width\":500,\"height\":112,\"caption\":\"Rembrr\"},\"image\":{\"@id\":\"https:\/\/rembrr.com\/#\/schema\/logo\/image\/\"}}]}<\/script>\n<!-- \/ Yoast SEO plugin. -->","yoast_head_json":{"title":"T\u00e9rminos &amp; condiciones - Rembrr","robots":{"index":"index","follow":"follow","max-snippet":"max-snippet:-1","max-image-preview":"max-image-preview:large","max-video-preview":"max-video-preview:-1"},"canonical":"https:\/\/rembrr.com\/pt\/help\/primeros-pasos\/terminos-condiciones-2\/","og_locale":"pt_BR","og_type":"article","og_title":"T\u00e9rminos &amp; condiciones - Rembrr","og_description":"Los T\u00e9rminos de Uso establecen las reglas b\u00e1sicas para utilizar Rembrr. Aqu\u00ed encontrar\u00e1s un resumen claro de lo que se permite, lo que est\u00e1 prohibido y bajo qu\u00e9 condiciones puedes usar la plataforma. Te recomendamos leerlos para comprender tus derechos y responsabilidades como usuario. 1. \u00bfQu\u00e9 aceptas al usar Rembrr? Al acceder a la plataforma [&hellip;]","og_url":"https:\/\/rembrr.com\/pt\/help\/primeros-pasos\/terminos-condiciones-2\/","og_site_name":"Rembrr","article_modified_time":"2026-03-15T04:20:17+00:00","twitter_card":"summary_large_image","twitter_misc":{"Est. tempo de leitura":"2 minutos"},"schema":{"@context":"https:\/\/schema.org","@graph":[{"@type":"WebPage","@id":"https:\/\/rembrr.com\/help\/primeros-pasos\/terminos-condiciones-2\/","url":"https:\/\/rembrr.com\/help\/primeros-pasos\/terminos-condiciones-2\/","name":"T\u00e9rminos &amp; condiciones - Rembrr","isPartOf":{"@id":"https:\/\/rembrr.com\/#website"},"datePublished":"2025-11-16T20:19:52+00:00","dateModified":"2026-03-15T04:20:17+00:00","breadcrumb":{"@id":"https:\/\/rembrr.com\/help\/primeros-pasos\/terminos-condiciones-2\/#breadcrumb"},"inLanguage":"pt-BR","potentialAction":[{"@type":"ReadAction","target":["https:\/\/rembrr.com\/help\/primeros-pasos\/terminos-condiciones-2\/"]}]},{"@type":"BreadcrumbList","@id":"https:\/\/rembrr.com\/help\/primeros-pasos\/terminos-condiciones-2\/#breadcrumb","itemListElement":[{"@type":"ListItem","position":1,"name":"Portada","item":"https:\/\/rembrr.com\/"},{"@type":"ListItem","position":2,"name":"Help","item":"https:\/\/rembrr.com\/help\/"},{"@type":"ListItem","position":3,"name":"Primeros pasos","item":"https:\/\/rembrr.com\/help\/primeros-pasos\/"},{"@type":"ListItem","position":4,"name":"T\u00e9rminos &amp; condiciones"}]},{"@type":"WebSite","@id":"https:\/\/rembrr.com\/#website","url":"https:\/\/rembrr.com\/","name":"Rembrr","description":"Logra m\u00e1s","publisher":{"@id":"https:\/\/rembrr.com\/#organization"},"potentialAction":[{"@type":"SearchAction","target":{"@type":"EntryPoint","urlTemplate":"https:\/\/rembrr.com\/?s={search_term_string}"},"query-input":{"@type":"PropertyValueSpecification","valueRequired":true,"valueName":"search_term_string"}}],"inLanguage":"pt-BR"},{"@type":"Organization","@id":"https:\/\/rembrr.com\/#organization","name":"Rembrr","url":"https:\/\/rembrr.com\/","logo":{"@type":"ImageObject","inLanguage":"pt-BR","@id":"https:\/\/rembrr.com\/#\/schema\/logo\/image\/","url":"https:\/\/rembrr.com\/wp-content\/uploads\/2025\/06\/logo-horizontal.webp","contentUrl":"https:\/\/rembrr.com\/wp-content\/uploads\/2025\/06\/logo-horizontal.webp","width":500,"height":112,"caption":"Rembrr"},"image":{"@id":"https:\/\/rembrr.com\/#\/schema\/logo\/image\/"}}]}},"_links":{"self":[{"href":"https:\/\/rembrr.com\/pt\/wp-json\/wp\/v2\/pages\/3345","targetHints":{"allow":["GET"]}}],"collection":[{"href":"https:\/\/rembrr.com\/pt\/wp-json\/wp\/v2\/pages"}],"about":[{"href":"https:\/\/rembrr.com\/pt\/wp-json\/wp\/v2\/types\/page"}],"author":[{"embeddable":true,"href":"https:\/\/rembrr.com\/pt\/wp-json\/wp\/v2\/users\/2"}],"replies":[{"embeddable":true,"href":"https:\/\/rembrr.com\/pt\/wp-json\/wp\/v2\/comments?post=3345"}],"version-history":[{"count":13,"href":"https:\/\/rembrr.com\/pt\/wp-json\/wp\/v2\/pages\/3345\/revisions"}],"predecessor-version":[{"id":6408,"href":"https:\/\/rembrr.com\/pt\/wp-json\/wp\/v2\/pages\/3345\/revisions\/6408"}],"up":[{"embeddable":true,"href":"https:\/\/rembrr.com\/pt\/wp-json\/wp\/v2\/pages\/1707"}],"wp:attachment":[{"href":"https:\/\/rembrr.com\/pt\/wp-json\/wp\/v2\/media?parent=3345"}],"curies":[{"name":"wp","href":"https:\/\/api.w.org\/{rel}","templated":true}]}}