{"id":3373,"date":"2025-11-16T08:26:43","date_gmt":"2025-11-16T13:26:43","guid":{"rendered":"https:\/\/rembrr.com\/?page_id=3373"},"modified":"2026-03-15T20:39:42","modified_gmt":"2026-03-16T01:39:42","slug":"tableros-de-sugerencias","status":"publish","type":"page","link":"https:\/\/rembrr.com\/pt\/help\/funciones-clave\/tableros-de-sugerencias\/","title":{"rendered":"Quadros de sugest\u00f5es"},"content":{"rendered":"\t\t<div data-elementor-type=\"wp-page\" data-elementor-id=\"3373\" class=\"elementor elementor-3373\" data-elementor-post-type=\"page\">\n\t\t\t\t<div class=\"elementor-element elementor-element-80ca175 e-flex e-con-boxed e-con e-parent\" data-id=\"80ca175\" data-element_type=\"container\" data-e-type=\"container\">\n\t\t\t\t\t<div class=\"e-con-inner\">\n\t\t\t\t<div class=\"elementor-element elementor-element-c3cbc6e elementor-widget elementor-widget-breadcrumbs\" data-id=\"c3cbc6e\" data-element_type=\"widget\" data-e-type=\"widget\" data-widget_type=\"breadcrumbs.default\">\n\t\t\t\t<div class=\"elementor-widget-container\">\n\t\t\t\t\t<p id=\"breadcrumbs\"><span><span><a href=\"https:\/\/rembrr.com\/\">Portada<\/a><\/span><\/span><\/p>\t\t\t\t<\/div>\n\t\t\t\t<\/div>\n\t\t\t\t\t<\/div>\n\t\t\t\t<\/div>\n\t\t<div class=\"elementor-element elementor-element-582fedf e-flex e-con-boxed e-con e-parent\" data-id=\"582fedf\" data-element_type=\"container\" data-e-type=\"container\">\n\t\t\t\t\t<div class=\"e-con-inner\">\n\t\t<div class=\"elementor-element elementor-element-ae1b8b3 e-con-full e-flex e-con e-child\" data-id=\"ae1b8b3\" data-element_type=\"container\" data-e-type=\"container\">\n\t\t\t\t<div class=\"elementor-element elementor-element-12f8d6c elementor-widget elementor-widget-heading\" data-id=\"12f8d6c\" data-element_type=\"widget\" data-e-type=\"widget\" data-widget_type=\"heading.default\">\n\t\t\t\t<div class=\"elementor-widget-container\">\n\t\t\t\t\t<p class=\"elementor-heading-title elementor-size-default\">novembro 16, 2025<\/p>\t\t\t\t<\/div>\n\t\t\t\t<\/div>\n\t\t\t\t<div class=\"elementor-element elementor-element-b8ca50e elementor-widget-divider--view-line elementor-widget elementor-widget-divider\" data-id=\"b8ca50e\" data-element_type=\"widget\" data-e-type=\"widget\" data-widget_type=\"divider.default\">\n\t\t\t\t<div class=\"elementor-widget-container\">\n\t\t\t\t\t\t\t<div class=\"elementor-divider\">\n\t\t\t<span class=\"elementor-divider-separator\">\n\t\t\t\t\t\t<\/span>\n\t\t<\/div>\n\t\t\t\t\t\t<\/div>\n\t\t\t\t<\/div>\n\t\t\t\t<div class=\"elementor-element elementor-element-b9299a2 elementor-widget elementor-widget-text-editor\" data-id=\"b9299a2\" data-element_type=\"widget\" data-e-type=\"widget\" data-widget_type=\"text-editor.default\">\n\t\t\t\t<div class=\"elementor-widget-container\">\n\t\t\t\t\t\t\t\t\t<p data-start=\"299\" data-end=\"605\">El Tablero de Sugerencias es un tablero inteligente generado autom\u00e1ticamente por Rembrr. A diferencia de los tableros de tareas y eventos, este tablero no lo creas t\u00fa manualmente; surge de lo que la app aprende sobre tus actividades, h\u00e1bitos, experiencias y tableros existentes. Aqu\u00ed encuentras recomendaciones \u00fatiles para organizar tu d\u00eda, mejorar tu productividad o adelantar tareas importantes.<\/p>\t\t\t\t\t\t\t\t<\/div>\n\t\t\t\t<\/div>\n\t\t\t\t<div class=\"elementor-element elementor-element-0808cc1 elementor-widget elementor-widget-heading\" data-id=\"0808cc1\" data-element_type=\"widget\" data-e-type=\"widget\" data-widget_type=\"heading.default\">\n\t\t\t\t<div class=\"elementor-widget-container\">\n\t\t\t\t\t<h2 class=\"elementor-heading-title elementor-size-default\">1. \u00bfQu\u00e9 es el Tablero de Sugerencias?<\/h2>\t\t\t\t<\/div>\n\t\t\t\t<\/div>\n\t\t\t\t<div class=\"elementor-element elementor-element-516eb1c elementor-widget elementor-widget-text-editor\" data-id=\"516eb1c\" data-element_type=\"widget\" data-e-type=\"widget\" data-widget_type=\"text-editor.default\">\n\t\t\t\t<div class=\"elementor-widget-container\">\n\t\t\t\t\t\t\t\t\t<p data-start=\"989\" data-end=\"1077\">Es un tablero generado por la IA de Rembrr. No tienes que crearlo manualmente.<br data-start=\"1067\" data-end=\"1070\" \/>La app:<\/p><ul data-start=\"1079\" data-end=\"1245\"><li data-start=\"1079\" data-end=\"1102\"><p data-start=\"1081\" data-end=\"1102\">analiza tus tareas,<\/p><\/li><li data-start=\"1103\" data-end=\"1128\"><p data-start=\"1105\" data-end=\"1128\">entiende tus h\u00e1bitos,<\/p><\/li><li data-start=\"1129\" data-end=\"1158\"><p data-start=\"1131\" data-end=\"1158\">reconoce tus prioridades,<\/p><\/li><li data-start=\"1159\" data-end=\"1183\"><p data-start=\"1161\" data-end=\"1183\">observa tus eventos,<\/p><\/li><li data-start=\"1184\" data-end=\"1216\"><p data-start=\"1186\" data-end=\"1216\">aprende de tus experiencias,<\/p><\/li><li data-start=\"1217\" data-end=\"1245\"><p data-start=\"1219\" data-end=\"1245\">y propone acciones \u00fatiles.<\/p><\/li><\/ul><p data-start=\"1247\" data-end=\"1271\">Ejemplos de sugerencias:<\/p><ul data-start=\"1273\" data-end=\"1523\"><li data-start=\"1273\" data-end=\"1318\"><p data-start=\"1275\" data-end=\"1318\">\u201cPodr\u00edas agrupar estas tareas similares.\u201d<\/p><\/li><li data-start=\"1319\" data-end=\"1387\"><p data-start=\"1321\" data-end=\"1387\">\u201cParece que hoy tu agenda est\u00e1 ligera, \u00bfquieres adelantar algo?\u201d<\/p><\/li><li data-start=\"1388\" data-end=\"1469\"><p data-start=\"1390\" data-end=\"1469\">\u201cNot\u00e9 que llevas 2 d\u00edas sin revisar tus tareas. \u00bfDeseas organizar tu semana?\u201d<\/p><\/li><li data-start=\"1470\" data-end=\"1523\"><p data-start=\"1472\" data-end=\"1523\">\u201cEste evento podr\u00eda requerir preparaci\u00f3n previa.\u201d<\/p><\/li><\/ul>\t\t\t\t\t\t\t\t<\/div>\n\t\t\t\t<\/div>\n\t\t\t\t<div class=\"elementor-element elementor-element-cbdbe32 elementor-widget elementor-widget-heading\" data-id=\"cbdbe32\" data-element_type=\"widget\" data-e-type=\"widget\" data-widget_type=\"heading.default\">\n\t\t\t\t<div class=\"elementor-widget-container\">\n\t\t\t\t\t<h2 class=\"elementor-heading-title elementor-size-default\">2. C\u00f3mo ingresar al Tablero de Sugerencias<\/h2>\t\t\t\t<\/div>\n\t\t\t\t<\/div>\n\t\t\t\t<div class=\"elementor-element elementor-element-0e63230 elementor-widget elementor-widget-text-editor\" data-id=\"0e63230\" data-element_type=\"widget\" data-e-type=\"widget\" data-widget_type=\"text-editor.default\">\n\t\t\t\t<div class=\"elementor-widget-container\">\n\t\t\t\t\t\t\t\t\t<p>Paso 1:<\/p><p>Desde la barra inferior de navegaci\u00f3n, toca Tableros.<\/p><p>Paso 2:<\/p><p>En la lista de tableros, ver\u00e1s uno llamado Sugerencias (con un \u00edcono distinto para identificar que es un tablero especial).<\/p><p>Paso 3:<\/p><p>Toca el tablero para entrar y ver todas las recomendaciones de la app.<\/p>\t\t\t\t\t\t\t\t<\/div>\n\t\t\t\t<\/div>\n\t\t\t\t<div class=\"elementor-element elementor-element-4327ce1 elementor-widget elementor-widget-heading\" data-id=\"4327ce1\" data-element_type=\"widget\" data-e-type=\"widget\" data-widget_type=\"heading.default\">\n\t\t\t\t<div class=\"elementor-widget-container\">\n\t\t\t\t\t<h2 class=\"elementor-heading-title elementor-size-default\">3. \u00bfQu\u00e9 tipo de sugerencias ver\u00e1s?<\/h2>\t\t\t\t<\/div>\n\t\t\t\t<\/div>\n\t\t\t\t<div class=\"elementor-element elementor-element-e919554 elementor-widget elementor-widget-text-editor\" data-id=\"e919554\" data-element_type=\"widget\" data-e-type=\"widget\" data-widget_type=\"text-editor.default\">\n\t\t\t\t<div class=\"elementor-widget-container\">\n\t\t\t\t\t\t\t\t\t<p><strong>Organizaci\u00f3n personal<\/strong><\/p><p>Tareas que podr\u00edas adelantar o reagrupar.<\/p><p><strong>Optimizaci\u00f3n de tiempo<\/strong><\/p><p>Recomendaciones basadas en tu d\u00eda, tu carga laboral o tus h\u00e1bitos.<\/p><p><strong>Recordatorios inteligentes<\/strong><\/p><p>Cosas que la app detecta que podr\u00edas estar pasando por alto.<\/p><p><strong>Consejos basados en experiencias<\/strong><\/p><p>Si la app detecta patrones, puede sugerirte acciones preventivas o estrat\u00e9gicas.<\/p><p><strong>Quick Wins<\/strong><\/p><p>Peque\u00f1os logros para motivarte, aumentar retenci\u00f3n y mantenerte activo.<\/p>\t\t\t\t\t\t\t\t<\/div>\n\t\t\t\t<\/div>\n\t\t\t\t<div class=\"elementor-element elementor-element-99f7606 elementor-widget elementor-widget-heading\" data-id=\"99f7606\" data-element_type=\"widget\" data-e-type=\"widget\" data-widget_type=\"heading.default\">\n\t\t\t\t<div class=\"elementor-widget-container\">\n\t\t\t\t\t<h2 class=\"elementor-heading-title elementor-size-default\">4. Interacci\u00f3n dentro del Tablero de Sugerencias<\/h2>\t\t\t\t<\/div>\n\t\t\t\t<\/div>\n\t\t\t\t<div class=\"elementor-element elementor-element-78bc8e1 elementor-widget elementor-widget-text-editor\" data-id=\"78bc8e1\" data-element_type=\"widget\" data-e-type=\"widget\" data-widget_type=\"text-editor.default\">\n\t\t\t\t<div class=\"elementor-widget-container\">\n\t\t\t\t\t\t\t\t\t<p data-start=\"2601\" data-end=\"2627\">Dentro del tablero puedes:<\/p><ul data-start=\"2629\" data-end=\"2878\"><li data-start=\"2629\" data-end=\"2702\"><p data-start=\"2631\" data-end=\"2702\"><strong data-start=\"2631\" data-end=\"2642\">Aceptar<\/strong> una sugerencia (se convierte en una tarea o acci\u00f3n real).<\/p><\/li><li data-start=\"2703\" data-end=\"2755\"><p data-start=\"2705\" data-end=\"2755\"><strong data-start=\"2705\" data-end=\"2718\">Descartar<\/strong> una sugerencia que no te interesa.<\/p><\/li><li data-start=\"2756\" data-end=\"2809\"><p data-start=\"2758\" data-end=\"2809\"><strong data-start=\"2758\" data-end=\"2771\">Convertir<\/strong> una sugerencia en un nuevo tablero.<\/p><\/li><li data-start=\"2810\" data-end=\"2878\"><p data-start=\"2812\" data-end=\"2878\"><strong data-start=\"2812\" data-end=\"2823\">Ampliar<\/strong> la informaci\u00f3n para ver por qu\u00e9 la app la recomend\u00f3.<\/p><\/li><\/ul>\t\t\t\t\t\t\t\t<\/div>\n\t\t\t\t<\/div>\n\t\t\t\t<div class=\"elementor-element elementor-element-4507114 elementor-widget elementor-widget-heading\" data-id=\"4507114\" data-element_type=\"widget\" data-e-type=\"widget\" data-widget_type=\"heading.default\">\n\t\t\t\t<div class=\"elementor-widget-container\">\n\t\t\t\t\t<h2 class=\"elementor-heading-title elementor-size-default\">5. \u00bfDe d\u00f3nde salen esas sugerencias?<\/h2>\t\t\t\t<\/div>\n\t\t\t\t<\/div>\n\t\t\t\t<div class=\"elementor-element elementor-element-0192ca7 elementor-widget elementor-widget-text-editor\" data-id=\"0192ca7\" data-element_type=\"widget\" data-e-type=\"widget\" data-widget_type=\"text-editor.default\">\n\t\t\t\t<div class=\"elementor-widget-container\">\n\t\t\t\t\t\t\t\t\t<p data-start=\"3013\" data-end=\"3051\">Rembrr genera sugerencias a partir de:<\/p><ul data-start=\"3053\" data-end=\"3256\"><li data-start=\"3053\" data-end=\"3079\"><p data-start=\"3055\" data-end=\"3079\">Los tableros que creas<\/p><\/li><li data-start=\"3080\" data-end=\"3108\"><p data-start=\"3082\" data-end=\"3108\">Las tareas que programas<\/p><\/li><li data-start=\"3109\" data-end=\"3139\"><p data-start=\"3111\" data-end=\"3139\">Tus eventos del calendario<\/p><\/li><li data-start=\"3140\" data-end=\"3165\"><p data-start=\"3142\" data-end=\"3165\">Lo que dictas por voz<\/p><\/li><li data-start=\"3166\" data-end=\"3195\"><p data-start=\"3168\" data-end=\"3195\">El contenido que adjuntas<\/p><\/li><li data-start=\"3196\" data-end=\"3234\"><p data-start=\"3198\" data-end=\"3234\">Tu comportamiento dentro de la app<\/p><\/li><li data-start=\"3235\" data-end=\"3256\"><p data-start=\"3237\" data-end=\"3256\">Tus h\u00e1bitos diarios<\/p><\/li><\/ul><p data-start=\"3258\" data-end=\"3324\"><strong data-start=\"3258\" data-end=\"3286\">No necesitas hacer nada:<\/strong> el tablero siempre se actualiza solo.<\/p>\t\t\t\t\t\t\t\t<\/div>\n\t\t\t\t<\/div>\n\t\t\t\t<div class=\"elementor-element elementor-element-2019bac elementor-widget elementor-widget-heading\" data-id=\"2019bac\" data-element_type=\"widget\" data-e-type=\"widget\" data-widget_type=\"heading.default\">\n\t\t\t\t<div class=\"elementor-widget-container\">\n\t\t\t\t\t<h2 class=\"elementor-heading-title elementor-size-default\">6. \u00bfSe pueden borrar sugerencias?<\/h2>\t\t\t\t<\/div>\n\t\t\t\t<\/div>\n\t\t\t\t<div class=\"elementor-element elementor-element-033e804 elementor-widget elementor-widget-text-editor\" data-id=\"033e804\" data-element_type=\"widget\" data-e-type=\"widget\" data-widget_type=\"text-editor.default\">\n\t\t\t\t<div class=\"elementor-widget-container\">\n\t\t\t\t\t\t\t\t\t<p data-start=\"3375\" data-end=\"3473\">S\u00ed.<br data-start=\"3378\" data-end=\"3381\" \/>Puedes descartar cualquier sugerencia y la app ir\u00e1 mejorando su entendimiento con el tiempo.<\/p><p data-start=\"3475\" data-end=\"3507\">Cuando descartas una sugerencia:<\/p><ul data-start=\"3509\" data-end=\"3637\"><li data-start=\"3509\" data-end=\"3582\"><p data-start=\"3511\" data-end=\"3582\">Rembrr aprende que ese tipo de recomendaci\u00f3n no es relevante para ti.<\/p><\/li><li data-start=\"3583\" data-end=\"3637\"><p data-start=\"3585\" data-end=\"3637\">Se evita mostrar sugerencias similares en el futuro.<\/p><\/li><\/ul>\t\t\t\t\t\t\t\t<\/div>\n\t\t\t\t<\/div>\n\t\t\t\t<div class=\"elementor-element elementor-element-88a65f5 elementor-widget elementor-widget-heading\" data-id=\"88a65f5\" data-element_type=\"widget\" data-e-type=\"widget\" data-widget_type=\"heading.default\">\n\t\t\t\t<div class=\"elementor-widget-container\">\n\t\t\t\t\t<h2 class=\"elementor-heading-title elementor-size-default\">7. Ventajas del Tablero de Sugerencias<\/h2>\t\t\t\t<\/div>\n\t\t\t\t<\/div>\n\t\t\t\t<div class=\"elementor-element elementor-element-b9887a6 elementor-widget elementor-widget-text-editor\" data-id=\"b9887a6\" data-element_type=\"widget\" data-e-type=\"widget\" data-widget_type=\"text-editor.default\">\n\t\t\t\t<div class=\"elementor-widget-container\">\n\t\t\t\t\t\t\t\t\t<ul data-start=\"3693\" data-end=\"3892\"><li data-start=\"3693\" data-end=\"3738\"><p data-start=\"3695\" data-end=\"3738\">Te ayuda a organizar tu vida sin esfuerzo<\/p><\/li><li data-start=\"3739\" data-end=\"3791\"><p data-start=\"3741\" data-end=\"3791\">Te propone ideas que quiz\u00e1 no hab\u00edas considerado<\/p><\/li><li data-start=\"3792\" data-end=\"3819\"><p data-start=\"3794\" data-end=\"3819\">Mejora la productividad<\/p><\/li><li data-start=\"3820\" data-end=\"3837\"><p data-start=\"3822\" data-end=\"3837\">Ahorra tiempo<\/p><\/li><li data-start=\"3838\" data-end=\"3864\"><p data-start=\"3840\" data-end=\"3864\">Aprende de tus h\u00e1bitos<\/p><\/li><li data-start=\"3865\" data-end=\"3892\"><p data-start=\"3867\" data-end=\"3892\">Refuerza tus Quick Wins<\/p><\/li><\/ul><p data-start=\"3894\" data-end=\"3962\">Este tablero convierte a Rembrr en un asistente realmente proactivo.<\/p>\t\t\t\t\t\t\t\t<\/div>\n\t\t\t\t<\/div>\n\t\t\t\t<\/div>\n\t\t<div class=\"elementor-element elementor-element-71be448 e-con-full e-flex e-con e-child\" data-id=\"71be448\" data-element_type=\"container\" data-e-type=\"container\">\n\t\t\t\t<div class=\"elementor-element elementor-element-70d6737 elementor-widget elementor-widget-table-of-contents\" data-id=\"70d6737\" data-element_type=\"widget\" data-e-type=\"widget\" data-settings=\"{&quot;headings_by_tags&quot;:[&quot;h2&quot;],&quot;exclude_headings_by_selector&quot;:[],&quot;marker_view&quot;:&quot;bullets&quot;,&quot;icon&quot;:{&quot;value&quot;:&quot;far fa-circle&quot;,&quot;library&quot;:&quot;fa-regular&quot;,&quot;rendered_tag&quot;:&quot;&lt;svg class=\\&quot;e-font-icon-svg e-far-circle\\&quot; viewBox=\\&quot;0 0 512 512\\&quot; xmlns=\\&quot;http:\\\/\\\/www.w3.org\\\/2000\\\/svg\\&quot;&gt;&lt;path d=\\&quot;M256 8C119 8 8 119 8 256s111 248 248 248 248-111 248-248S393 8 256 8zm0 448c-110.5 0-200-89.5-200-200S145.5 56 256 56s200 89.5 200 200-89.5 200-200 200z\\&quot;&gt;&lt;\\\/path&gt;&lt;\\\/svg&gt;&quot;},&quot;no_headings_message&quot;:&quot;No se ha encontrado ning\\u00fan encabezado en esta p\\u00e1gina.&quot;,&quot;hierarchical_view&quot;:&quot;yes&quot;,&quot;min_height&quot;:{&quot;unit&quot;:&quot;px&quot;,&quot;size&quot;:&quot;&quot;,&quot;sizes&quot;:[]},&quot;min_height_widescreen&quot;:{&quot;unit&quot;:&quot;px&quot;,&quot;size&quot;:&quot;&quot;,&quot;sizes&quot;:[]},&quot;min_height_laptop&quot;:{&quot;unit&quot;:&quot;px&quot;,&quot;size&quot;:&quot;&quot;,&quot;sizes&quot;:[]},&quot;min_height_tablet_extra&quot;:{&quot;unit&quot;:&quot;px&quot;,&quot;size&quot;:&quot;&quot;,&quot;sizes&quot;:[]},&quot;min_height_tablet&quot;:{&quot;unit&quot;:&quot;px&quot;,&quot;size&quot;:&quot;&quot;,&quot;sizes&quot;:[]},&quot;min_height_mobile_extra&quot;:{&quot;unit&quot;:&quot;px&quot;,&quot;size&quot;:&quot;&quot;,&quot;sizes&quot;:[]},&quot;min_height_mobile&quot;:{&quot;unit&quot;:&quot;px&quot;,&quot;size&quot;:&quot;&quot;,&quot;sizes&quot;:[]}}\" data-widget_type=\"table-of-contents.default\">\n\t\t\t\t<div class=\"elementor-widget-container\">\n\t\t\t\t\t\t\t\t\t<div class=\"elementor-toc__header\">\n\t\t\t\t\t\t<h2 class=\"elementor-toc__header-title\">\n\t\t\t\tEn esta p\u00e1gina\t\t\t<\/h2>\n\t\t\t\t\t\t\t\t<\/div>\n\t\t\t\t<div id=\"elementor-toc__70d6737\" class=\"elementor-toc__body\">\n\t\t\t<div class=\"elementor-toc__spinner-container\">\n\t\t\t\t<svg class=\"elementor-toc__spinner eicon-animation-spin e-font-icon-svg e-eicon-loading\" aria-hidden=\"true\" viewBox=\"0 0 1000 1000\" xmlns=\"http:\/\/www.w3.org\/2000\/svg\"><path d=\"M500 975V858C696 858 858 696 858 500S696 142 500 142 142 304 142 500H25C25 237 238 25 500 25S975 237 975 500 763 975 500 975Z\"><\/path><\/svg>\t\t\t<\/div>\n\t\t<\/div>\n\t\t\t\t\t\t<\/div>\n\t\t\t\t<\/div>\n\t\t\t\t<\/div>\n\t\t\t\t\t<\/div>\n\t\t\t\t<\/div>\n\t\t\t\t<\/div>\n\t\t","protected":false},"excerpt":{"rendered":"<p>El Tablero de Sugerencias es un tablero inteligente generado autom\u00e1ticamente por Rembrr. A diferencia de los tableros de tareas y eventos, este tablero no lo creas t\u00fa manualmente; surge de lo que la app aprende sobre tus actividades, h\u00e1bitos, experiencias y tableros existentes. Aqu\u00ed encuentras recomendaciones \u00fatiles para organizar tu d\u00eda, mejorar tu productividad o [&hellip;]<\/p>\n","protected":false},"author":2,"featured_media":0,"parent":1821,"menu_order":0,"comment_status":"closed","ping_status":"closed","template":"elementor_header_footer","meta":{"footnotes":""},"class_list":["post-3373","page","type-page","status-publish","hentry"],"yoast_head":"<!-- This site is optimized with the Yoast SEO plugin v27.0 - https:\/\/yoast.com\/product\/yoast-seo-wordpress\/ -->\n<title>Tableros de sugerencias - Rembrr<\/title>\n<meta name=\"robots\" content=\"index, follow, max-snippet:-1, max-image-preview:large, max-video-preview:-1\" \/>\n<link rel=\"canonical\" href=\"https:\/\/rembrr.com\/pt\/help\/funciones-clave\/tableros-de-sugerencias\/\" \/>\n<meta property=\"og:locale\" content=\"pt_BR\" \/>\n<meta property=\"og:type\" content=\"article\" \/>\n<meta property=\"og:title\" content=\"Tableros de sugerencias - Rembrr\" \/>\n<meta property=\"og:description\" content=\"El Tablero de Sugerencias es un tablero inteligente generado autom\u00e1ticamente por Rembrr. A diferencia de los tableros de tareas y eventos, este tablero no lo creas t\u00fa manualmente; surge de lo que la app aprende sobre tus actividades, h\u00e1bitos, experiencias y tableros existentes. Aqu\u00ed encuentras recomendaciones \u00fatiles para organizar tu d\u00eda, mejorar tu productividad o [&hellip;]\" \/>\n<meta property=\"og:url\" content=\"https:\/\/rembrr.com\/pt\/help\/funciones-clave\/tableros-de-sugerencias\/\" \/>\n<meta property=\"og:site_name\" content=\"Rembrr\" \/>\n<meta property=\"article:modified_time\" content=\"2026-03-16T01:39:42+00:00\" \/>\n<meta name=\"twitter:card\" content=\"summary_large_image\" \/>\n<meta name=\"twitter:label1\" content=\"Est. tempo de leitura\" \/>\n\t<meta name=\"twitter:data1\" content=\"3 minutos\" \/>\n<script type=\"application\/ld+json\" class=\"yoast-schema-graph\">{\"@context\":\"https:\/\/schema.org\",\"@graph\":[{\"@type\":\"WebPage\",\"@id\":\"https:\/\/rembrr.com\/help\/funciones-clave\/tableros-de-sugerencias\/\",\"url\":\"https:\/\/rembrr.com\/help\/funciones-clave\/tableros-de-sugerencias\/\",\"name\":\"Tableros de sugerencias - Rembrr\",\"isPartOf\":{\"@id\":\"https:\/\/rembrr.com\/#website\"},\"datePublished\":\"2025-11-16T13:26:43+00:00\",\"dateModified\":\"2026-03-16T01:39:42+00:00\",\"breadcrumb\":{\"@id\":\"https:\/\/rembrr.com\/help\/funciones-clave\/tableros-de-sugerencias\/#breadcrumb\"},\"inLanguage\":\"pt-BR\",\"potentialAction\":[{\"@type\":\"ReadAction\",\"target\":[\"https:\/\/rembrr.com\/help\/funciones-clave\/tableros-de-sugerencias\/\"]}]},{\"@type\":\"BreadcrumbList\",\"@id\":\"https:\/\/rembrr.com\/help\/funciones-clave\/tableros-de-sugerencias\/#breadcrumb\",\"itemListElement\":[{\"@type\":\"ListItem\",\"position\":1,\"name\":\"Portada\",\"item\":\"https:\/\/rembrr.com\/\"},{\"@type\":\"ListItem\",\"position\":2,\"name\":\"Help\",\"item\":\"https:\/\/rembrr.com\/help\/\"},{\"@type\":\"ListItem\",\"position\":3,\"name\":\"Funciones clave\",\"item\":\"https:\/\/rembrr.com\/help\/funciones-clave\/\"},{\"@type\":\"ListItem\",\"position\":4,\"name\":\"Tableros de sugerencias\"}]},{\"@type\":\"WebSite\",\"@id\":\"https:\/\/rembrr.com\/#website\",\"url\":\"https:\/\/rembrr.com\/\",\"name\":\"Rembrr\",\"description\":\"Logra m\u00e1s\",\"publisher\":{\"@id\":\"https:\/\/rembrr.com\/#organization\"},\"potentialAction\":[{\"@type\":\"SearchAction\",\"target\":{\"@type\":\"EntryPoint\",\"urlTemplate\":\"https:\/\/rembrr.com\/?s={search_term_string}\"},\"query-input\":{\"@type\":\"PropertyValueSpecification\",\"valueRequired\":true,\"valueName\":\"search_term_string\"}}],\"inLanguage\":\"pt-BR\"},{\"@type\":\"Organization\",\"@id\":\"https:\/\/rembrr.com\/#organization\",\"name\":\"Rembrr\",\"url\":\"https:\/\/rembrr.com\/\",\"logo\":{\"@type\":\"ImageObject\",\"inLanguage\":\"pt-BR\",\"@id\":\"https:\/\/rembrr.com\/#\/schema\/logo\/image\/\",\"url\":\"https:\/\/rembrr.com\/wp-content\/uploads\/2025\/06\/logo-horizontal.webp\",\"contentUrl\":\"https:\/\/rembrr.com\/wp-content\/uploads\/2025\/06\/logo-horizontal.webp\",\"width\":500,\"height\":112,\"caption\":\"Rembrr\"},\"image\":{\"@id\":\"https:\/\/rembrr.com\/#\/schema\/logo\/image\/\"}}]}<\/script>\n<!-- \/ Yoast SEO plugin. -->","yoast_head_json":{"title":"Tableros de sugerencias - Rembrr","robots":{"index":"index","follow":"follow","max-snippet":"max-snippet:-1","max-image-preview":"max-image-preview:large","max-video-preview":"max-video-preview:-1"},"canonical":"https:\/\/rembrr.com\/pt\/help\/funciones-clave\/tableros-de-sugerencias\/","og_locale":"pt_BR","og_type":"article","og_title":"Tableros de sugerencias - Rembrr","og_description":"El Tablero de Sugerencias es un tablero inteligente generado autom\u00e1ticamente por Rembrr. A diferencia de los tableros de tareas y eventos, este tablero no lo creas t\u00fa manualmente; surge de lo que la app aprende sobre tus actividades, h\u00e1bitos, experiencias y tableros existentes. Aqu\u00ed encuentras recomendaciones \u00fatiles para organizar tu d\u00eda, mejorar tu productividad o [&hellip;]","og_url":"https:\/\/rembrr.com\/pt\/help\/funciones-clave\/tableros-de-sugerencias\/","og_site_name":"Rembrr","article_modified_time":"2026-03-16T01:39:42+00:00","twitter_card":"summary_large_image","twitter_misc":{"Est. tempo de leitura":"3 minutos"},"schema":{"@context":"https:\/\/schema.org","@graph":[{"@type":"WebPage","@id":"https:\/\/rembrr.com\/help\/funciones-clave\/tableros-de-sugerencias\/","url":"https:\/\/rembrr.com\/help\/funciones-clave\/tableros-de-sugerencias\/","name":"Tableros de sugerencias - Rembrr","isPartOf":{"@id":"https:\/\/rembrr.com\/#website"},"datePublished":"2025-11-16T13:26:43+00:00","dateModified":"2026-03-16T01:39:42+00:00","breadcrumb":{"@id":"https:\/\/rembrr.com\/help\/funciones-clave\/tableros-de-sugerencias\/#breadcrumb"},"inLanguage":"pt-BR","potentialAction":[{"@type":"ReadAction","target":["https:\/\/rembrr.com\/help\/funciones-clave\/tableros-de-sugerencias\/"]}]},{"@type":"BreadcrumbList","@id":"https:\/\/rembrr.com\/help\/funciones-clave\/tableros-de-sugerencias\/#breadcrumb","itemListElement":[{"@type":"ListItem","position":1,"name":"Portada","item":"https:\/\/rembrr.com\/"},{"@type":"ListItem","position":2,"name":"Help","item":"https:\/\/rembrr.com\/help\/"},{"@type":"ListItem","position":3,"name":"Funciones clave","item":"https:\/\/rembrr.com\/help\/funciones-clave\/"},{"@type":"ListItem","position":4,"name":"Tableros de sugerencias"}]},{"@type":"WebSite","@id":"https:\/\/rembrr.com\/#website","url":"https:\/\/rembrr.com\/","name":"Rembrr","description":"Logra m\u00e1s","publisher":{"@id":"https:\/\/rembrr.com\/#organization"},"potentialAction":[{"@type":"SearchAction","target":{"@type":"EntryPoint","urlTemplate":"https:\/\/rembrr.com\/?s={search_term_string}"},"query-input":{"@type":"PropertyValueSpecification","valueRequired":true,"valueName":"search_term_string"}}],"inLanguage":"pt-BR"},{"@type":"Organization","@id":"https:\/\/rembrr.com\/#organization","name":"Rembrr","url":"https:\/\/rembrr.com\/","logo":{"@type":"ImageObject","inLanguage":"pt-BR","@id":"https:\/\/rembrr.com\/#\/schema\/logo\/image\/","url":"https:\/\/rembrr.com\/wp-content\/uploads\/2025\/06\/logo-horizontal.webp","contentUrl":"https:\/\/rembrr.com\/wp-content\/uploads\/2025\/06\/logo-horizontal.webp","width":500,"height":112,"caption":"Rembrr"},"image":{"@id":"https:\/\/rembrr.com\/#\/schema\/logo\/image\/"}}]}},"_links":{"self":[{"href":"https:\/\/rembrr.com\/pt\/wp-json\/wp\/v2\/pages\/3373","targetHints":{"allow":["GET"]}}],"collection":[{"href":"https:\/\/rembrr.com\/pt\/wp-json\/wp\/v2\/pages"}],"about":[{"href":"https:\/\/rembrr.com\/pt\/wp-json\/wp\/v2\/types\/page"}],"author":[{"embeddable":true,"href":"https:\/\/rembrr.com\/pt\/wp-json\/wp\/v2\/users\/2"}],"replies":[{"embeddable":true,"href":"https:\/\/rembrr.com\/pt\/wp-json\/wp\/v2\/comments?post=3373"}],"version-history":[{"count":19,"href":"https:\/\/rembrr.com\/pt\/wp-json\/wp\/v2\/pages\/3373\/revisions"}],"predecessor-version":[{"id":6423,"href":"https:\/\/rembrr.com\/pt\/wp-json\/wp\/v2\/pages\/3373\/revisions\/6423"}],"up":[{"embeddable":true,"href":"https:\/\/rembrr.com\/pt\/wp-json\/wp\/v2\/pages\/1821"}],"wp:attachment":[{"href":"https:\/\/rembrr.com\/pt\/wp-json\/wp\/v2\/media?parent=3373"}],"curies":[{"name":"wp","href":"https:\/\/api.w.org\/{rel}","templated":true}]}}