{"id":3437,"date":"2025-11-25T13:07:22","date_gmt":"2025-11-25T18:07:22","guid":{"rendered":"https:\/\/rembrr.com\/?page_id=3437"},"modified":"2026-03-17T14:08:35","modified_gmt":"2026-03-17T19:08:35","slug":"crear-tableros-por-voz","status":"publish","type":"page","link":"https:\/\/rembrr.com\/pt\/help\/funciones-clave\/crear-tableros-por-voz\/","title":{"rendered":"Criar quadros por voz"},"content":{"rendered":"\t\t<div data-elementor-type=\"wp-page\" data-elementor-id=\"3437\" class=\"elementor elementor-3437\" data-elementor-post-type=\"page\">\n\t\t\t\t<div class=\"elementor-element elementor-element-ced79ef e-flex e-con-boxed e-con e-parent\" data-id=\"ced79ef\" data-element_type=\"container\" data-e-type=\"container\">\n\t\t\t\t\t<div class=\"e-con-inner\">\n\t\t\t\t<div class=\"elementor-element elementor-element-6af8ff5 elementor-widget elementor-widget-breadcrumbs\" data-id=\"6af8ff5\" data-element_type=\"widget\" data-e-type=\"widget\" data-widget_type=\"breadcrumbs.default\">\n\t\t\t\t<div class=\"elementor-widget-container\">\n\t\t\t\t\t<p id=\"breadcrumbs\"><span><span><a href=\"https:\/\/rembrr.com\/\">Portada<\/a><\/span><\/span><\/p>\t\t\t\t<\/div>\n\t\t\t\t<\/div>\n\t\t\t\t\t<\/div>\n\t\t\t\t<\/div>\n\t\t<div class=\"elementor-element elementor-element-94141a4 e-flex e-con-boxed e-con e-parent\" data-id=\"94141a4\" data-element_type=\"container\" data-e-type=\"container\">\n\t\t\t\t\t<div class=\"e-con-inner\">\n\t\t<div class=\"elementor-element elementor-element-e8f4929 e-con-full e-flex e-con e-child\" data-id=\"e8f4929\" data-element_type=\"container\" data-e-type=\"container\">\n\t\t\t\t<div class=\"elementor-element elementor-element-e110b46 elementor-widget elementor-widget-heading\" data-id=\"e110b46\" data-element_type=\"widget\" data-e-type=\"widget\" data-widget_type=\"heading.default\">\n\t\t\t\t<div class=\"elementor-widget-container\">\n\t\t\t\t\t<p class=\"elementor-heading-title elementor-size-default\">novembro 25, 2025<\/p>\t\t\t\t<\/div>\n\t\t\t\t<\/div>\n\t\t\t\t<div class=\"elementor-element elementor-element-44efb13 elementor-widget-divider--view-line elementor-widget elementor-widget-divider\" data-id=\"44efb13\" data-element_type=\"widget\" data-e-type=\"widget\" data-widget_type=\"divider.default\">\n\t\t\t\t<div class=\"elementor-widget-container\">\n\t\t\t\t\t\t\t<div class=\"elementor-divider\">\n\t\t\t<span class=\"elementor-divider-separator\">\n\t\t\t\t\t\t<\/span>\n\t\t<\/div>\n\t\t\t\t\t\t<\/div>\n\t\t\t\t<\/div>\n\t\t\t\t<div class=\"elementor-element elementor-element-08b7eb5 elementor-widget elementor-widget-text-editor\" data-id=\"08b7eb5\" data-element_type=\"widget\" data-e-type=\"widget\" data-widget_type=\"text-editor.default\">\n\t\t\t\t<div class=\"elementor-widget-container\">\n\t\t\t\t\t\t\t\t\t<p>Rembrr te permite crear tableros completos utilizando solo tu voz. Esta funci\u00f3n facilita la organizaci\u00f3n de proyectos, categor\u00edas o actividades sin necesidad de escribir. Basta con decir qu\u00e9 tipo de tablero deseas y el asistente lo generar\u00e1 autom\u00e1ticamente, con nombre, estructura y primeras opciones sugeridas.<\/p>\t\t\t\t\t\t\t\t<\/div>\n\t\t\t\t<\/div>\n\t\t\t\t<div class=\"elementor-element elementor-element-2e473ec elementor-widget elementor-widget-heading\" data-id=\"2e473ec\" data-element_type=\"widget\" data-e-type=\"widget\" data-widget_type=\"heading.default\">\n\t\t\t\t<div class=\"elementor-widget-container\">\n\t\t\t\t\t<h2 class=\"elementor-heading-title elementor-size-default\">1. \u00bfQu\u00e9 significa \u201cCrear tableros por voz\u201d?<\/h2>\t\t\t\t<\/div>\n\t\t\t\t<\/div>\n\t\t\t\t<div class=\"elementor-element elementor-element-264fa40 elementor-widget elementor-widget-text-editor\" data-id=\"264fa40\" data-element_type=\"widget\" data-e-type=\"widget\" data-widget_type=\"text-editor.default\">\n\t\t\t\t<div class=\"elementor-widget-container\">\n\t\t\t\t\t\t\t\t\t<p data-start=\"603\" data-end=\"722\">Es la funci\u00f3n que permite generar un nuevo tablero (de tareas, eventos o mixto) hablando directamente con el asistente.<\/p><p data-start=\"724\" data-end=\"762\">Rembrr interpreta tu intenci\u00f3n y crea:<\/p><ul data-start=\"764\" data-end=\"939\"><li data-start=\"764\" data-end=\"793\"><p data-start=\"766\" data-end=\"793\">El nombre del tablero<\/p><\/li><li data-start=\"794\" data-end=\"814\"><p data-start=\"796\" data-end=\"814\">La categor\u00eda<\/p><\/li><li data-start=\"815\" data-end=\"871\"><p data-start=\"817\" data-end=\"871\">El tipo de contenido (tareas \/ eventos \/ combinados)<\/p><\/li><li data-start=\"872\" data-end=\"939\"><p data-start=\"874\" data-end=\"939\">Opcionalmente, las primeras tareas o actividades si las mencionas<\/p><\/li><\/ul>\t\t\t\t\t\t\t\t<\/div>\n\t\t\t\t<\/div>\n\t\t\t\t<div class=\"elementor-element elementor-element-0e38780 elementor-widget elementor-widget-heading\" data-id=\"0e38780\" data-element_type=\"widget\" data-e-type=\"widget\" data-widget_type=\"heading.default\">\n\t\t\t\t<div class=\"elementor-widget-container\">\n\t\t\t\t\t<h2 class=\"elementor-heading-title elementor-size-default\">2. \u00bfQu\u00e9 tipos de tableros puedes crear por voz?<\/h2>\t\t\t\t<\/div>\n\t\t\t\t<\/div>\n\t\t\t\t<div class=\"elementor-element elementor-element-1bade83 elementor-widget elementor-widget-text-editor\" data-id=\"1bade83\" data-element_type=\"widget\" data-e-type=\"widget\" data-widget_type=\"text-editor.default\">\n\t\t\t\t<div class=\"elementor-widget-container\">\n\t\t\t\t\t\t\t\t\t<p>Puedes crear cualquier tipo de tablero disponible en Rembrr:<\/p><p><strong>Tableros de tareas<br \/><\/strong>\u201cCrea un tablero para mis actividades del trabajo.\u201d<\/p><p><strong>Tableros de eventos<br \/><\/strong>\u201cCrea un tablero para mis reuniones de la semana.\u201d<\/p><p><strong>Tableros combinados<br \/><\/strong>\u201cCrea un tablero para organizar mi mudanza.\u201d<\/p><p><strong>Tableros personales<br \/><\/strong>\u201cCrea un tablero para mis metas personales.\u201d<\/p><p><strong>Tableros profesionales<br \/><\/strong>\u201cNuevo tablero para clientes.\u201d<\/p><p><strong>Tableros tem\u00e1ticos<br \/><\/strong>\u201cCrea un tablero fitness.\u201d<br \/>\u201cCrea un tablero de estudios.\u201d<\/p>\t\t\t\t\t\t\t\t<\/div>\n\t\t\t\t<\/div>\n\t\t\t\t<div class=\"elementor-element elementor-element-e8f4fbf elementor-widget elementor-widget-heading\" data-id=\"e8f4fbf\" data-element_type=\"widget\" data-e-type=\"widget\" data-widget_type=\"heading.default\">\n\t\t\t\t<div class=\"elementor-widget-container\">\n\t\t\t\t\t<h2 class=\"elementor-heading-title elementor-size-default\">3. C\u00f3mo crear un tablero por voz<\/h2>\t\t\t\t<\/div>\n\t\t\t\t<\/div>\n\t\t\t\t<div class=\"elementor-element elementor-element-9925aad elementor-widget elementor-widget-text-editor\" data-id=\"9925aad\" data-element_type=\"widget\" data-e-type=\"widget\" data-widget_type=\"text-editor.default\">\n\t\t\t\t<div class=\"elementor-widget-container\">\n\t\t\t\t\t\t\t\t\t<p><strong>Paso 1:<\/strong><br \/>Abre la pantalla principal del asistente en la app.<\/p><p><strong>Paso 2:<\/strong><br \/>Toca el micr\u00f3fono (comandos r\u00e1pidos) o el bot\u00f3n de ondas (modo conversaci\u00f3n).<\/p><p><strong>Paso 3:<\/strong><br \/>Di una instrucci\u00f3n como:<\/p><p>\u201cCrea un tablero llamado Proyectos de Dise\u00f1o.\u201d<\/p><p>\u201cNuevo tablero para planear mis viajes.\u201d<\/p><p>\u201cCrea un tablero de trabajo con tareas de hoy.\u201d<\/p><p><strong>Paso 4:<\/strong><br \/>Rembrr mostrar\u00e1 la tarjeta del tablero creado.<br \/>Si diste m\u00e1s detalles, a\u00f1adir\u00e1 autom\u00e1ticamente las primeras tareas o eventos.<\/p><p><strong>Paso 5:<\/strong><br \/>Confirma y empieza a usar tu tablero.<\/p>\t\t\t\t\t\t\t\t<\/div>\n\t\t\t\t<\/div>\n\t\t\t\t<div class=\"elementor-element elementor-element-d542334 elementor-widget elementor-widget-heading\" data-id=\"d542334\" data-element_type=\"widget\" data-e-type=\"widget\" data-widget_type=\"heading.default\">\n\t\t\t\t<div class=\"elementor-widget-container\">\n\t\t\t\t\t<h2 class=\"elementor-heading-title elementor-size-default\">4. Ejemplos pr\u00e1cticos<\/h2>\t\t\t\t<\/div>\n\t\t\t\t<\/div>\n\t\t\t\t<div class=\"elementor-element elementor-element-caaac50 elementor-widget elementor-widget-text-editor\" data-id=\"caaac50\" data-element_type=\"widget\" data-e-type=\"widget\" data-widget_type=\"text-editor.default\">\n\t\t\t\t<div class=\"elementor-widget-container\">\n\t\t\t\t\t\t\t\t\t<p><strong>Crear tablero con nombre<br \/><\/strong>\u201cRembrr, crea un tablero llamado Universidad.\u201d<\/p><p><strong>Crear tablero + contenido inicial<br \/><\/strong>\u201cCrea un tablero para mi viaje a Medell\u00edn y agrega tarea: comprar tiquetes.\u201d<\/p><p><strong>Crear tablero estructurado<br \/><\/strong>\u201cCrea un tablero para mis proyectos y agrega secci\u00f3n de ideas.\u201d<\/p><p><strong>Crear tablero r\u00e1pido<br \/><\/strong>\u201cNuevo tablero personal.\u201d<\/p>\t\t\t\t\t\t\t\t<\/div>\n\t\t\t\t<\/div>\n\t\t\t\t<div class=\"elementor-element elementor-element-da2ae18 elementor-widget elementor-widget-heading\" data-id=\"da2ae18\" data-element_type=\"widget\" data-e-type=\"widget\" data-widget_type=\"heading.default\">\n\t\t\t\t<div class=\"elementor-widget-container\">\n\t\t\t\t\t<h2 class=\"elementor-heading-title elementor-size-default\">5. \u00bfQu\u00e9 entiende Rembrr cuando creas un tablero?<\/h2>\t\t\t\t<\/div>\n\t\t\t\t<\/div>\n\t\t\t\t<div class=\"elementor-element elementor-element-2fabae7 elementor-widget elementor-widget-text-editor\" data-id=\"2fabae7\" data-element_type=\"widget\" data-e-type=\"widget\" data-widget_type=\"text-editor.default\">\n\t\t\t\t<div class=\"elementor-widget-container\">\n\t\t\t\t\t\t\t\t\t<p data-start=\"2775\" data-end=\"2799\">El asistente AI analiza:<\/p><ul data-start=\"2801\" data-end=\"2975\"><li data-start=\"2801\" data-end=\"2830\"><p data-start=\"2803\" data-end=\"2830\">El <strong data-start=\"2806\" data-end=\"2816\">nombre<\/strong> del tablero<\/p><\/li><li data-start=\"2831\" data-end=\"2858\"><p data-start=\"2833\" data-end=\"2858\">El <strong data-start=\"2836\" data-end=\"2844\">tema<\/strong> o categor\u00eda<\/p><\/li><li data-start=\"2859\" data-end=\"2891\"><p data-start=\"2861\" data-end=\"2891\">Las <strong data-start=\"2865\" data-end=\"2875\">tareas<\/strong> que mencionas<\/p><\/li><li data-start=\"2892\" data-end=\"2925\"><p data-start=\"2894\" data-end=\"2925\">Los <strong data-start=\"2898\" data-end=\"2909\">eventos<\/strong> que mencionas<\/p><\/li><li data-start=\"2926\" data-end=\"2975\"><p data-start=\"2928\" data-end=\"2975\">Tu <strong data-start=\"2931\" data-end=\"2951\">historial de uso<\/strong> (para contextualizar)<\/p><\/li><\/ul>\t\t\t\t\t\t\t\t<\/div>\n\t\t\t\t<\/div>\n\t\t\t\t<div class=\"elementor-element elementor-element-1ac055d elementor-widget elementor-widget-heading\" data-id=\"1ac055d\" data-element_type=\"widget\" data-e-type=\"widget\" data-widget_type=\"heading.default\">\n\t\t\t\t<div class=\"elementor-widget-container\">\n\t\t\t\t\t<h2 class=\"elementor-heading-title elementor-size-default\">6. Edici\u00f3n posterior del tablero<\/h2>\t\t\t\t<\/div>\n\t\t\t\t<\/div>\n\t\t\t\t<div class=\"elementor-element elementor-element-a4980d2 elementor-widget elementor-widget-text-editor\" data-id=\"a4980d2\" data-element_type=\"widget\" data-e-type=\"widget\" data-widget_type=\"text-editor.default\">\n\t\t\t\t<div class=\"elementor-widget-container\">\n\t\t\t\t\t\t\t\t\t<ul>\n \t<li>Despu\u00e9s de crear un tablero por voz, puedes:<\/li><p>\n \t<li>Renombrarlo<\/li><p>\n \t<li>Agregar o borrar tareas<\/li><p>\n \t<li>Agregar eventos<\/li><p>\n \t<li>Cambiar colores o categor\u00edas<\/li><p>\n \t<li>Convertirlo en tablero favorito<\/li><p>\n<\/ul>\t\t\t\t\t\t\t\t<\/div>\n\t\t\t\t<\/div>\n\t\t\t\t<div class=\"elementor-element elementor-element-f073749 elementor-widget elementor-widget-heading\" data-id=\"f073749\" data-element_type=\"widget\" data-e-type=\"widget\" data-widget_type=\"heading.default\">\n\t\t\t\t<div class=\"elementor-widget-container\">\n\t\t\t\t\t<h2 class=\"elementor-heading-title elementor-size-default\">7. Consejos para mejores resultados<\/h2>\t\t\t\t<\/div>\n\t\t\t\t<\/div>\n\t\t\t\t<div class=\"elementor-element elementor-element-8c9d5fb elementor-widget elementor-widget-text-editor\" data-id=\"8c9d5fb\" data-element_type=\"widget\" data-e-type=\"widget\" data-widget_type=\"text-editor.default\">\n\t\t\t\t<div class=\"elementor-widget-container\">\n\t\t\t\t\t\t\t\t\t<ul><li data-start=\"3374\" data-end=\"3422\"><p data-start=\"3376\" data-end=\"3422\">Di el <strong data-start=\"3382\" data-end=\"3404\">nombre del tablero<\/strong> desde el inicio<\/p><\/li><li data-start=\"3423\" data-end=\"3485\"><p data-start=\"3425\" data-end=\"3485\">Si quieres contenido inicial, menci\u00f3nalo en la misma frase<\/p><\/li><li data-start=\"3486\" data-end=\"3537\"><p data-start=\"3488\" data-end=\"3537\">Usa el bot\u00f3n de ondas para instrucciones largas<\/p><\/li><li data-start=\"3538\" data-end=\"3590\"><p data-start=\"3540\" data-end=\"3590\">Aseg\u00farate de estar en un ambiente con poco ruido<\/p><\/li><\/ul>\t\t\t\t\t\t\t\t<\/div>\n\t\t\t\t<\/div>\n\t\t\t\t<div class=\"elementor-element elementor-element-a478770 elementor-widget elementor-widget-heading\" data-id=\"a478770\" data-element_type=\"widget\" data-e-type=\"widget\" data-widget_type=\"heading.default\">\n\t\t\t\t<div class=\"elementor-widget-container\">\n\t\t\t\t\t<h2 class=\"elementor-heading-title elementor-size-default\">8. Privacidad al crear tableros por voz<\/h2>\t\t\t\t<\/div>\n\t\t\t\t<\/div>\n\t\t\t\t<div class=\"elementor-element elementor-element-dd8fe54 elementor-widget elementor-widget-text-editor\" data-id=\"dd8fe54\" data-element_type=\"widget\" data-e-type=\"widget\" data-widget_type=\"text-editor.default\">\n\t\t\t\t<div class=\"elementor-widget-container\">\n\t\t\t\t\t\t\t\t\t<p data-start=\"3647\" data-end=\"3685\">Rembrr procesa tu voz \u00fanicamente para:<\/p><ul data-start=\"3687\" data-end=\"3758\"><li data-start=\"3687\" data-end=\"3710\"><p data-start=\"3689\" data-end=\"3710\">Convertirla a texto<\/p><\/li><li data-start=\"3711\" data-end=\"3739\"><p data-start=\"3713\" data-end=\"3739\">Interpretar la intenci\u00f3n<\/p><\/li><li data-start=\"3740\" data-end=\"3758\"><p data-start=\"3742\" data-end=\"3758\">Crear tu tablero<\/p><\/li><\/ul><p data-start=\"3760\" data-end=\"3867\">Tu audio <strong data-start=\"3769\" data-end=\"3807\">no se almacena de forma permanente<\/strong>, no se comparte y no se usa para entrenar modelos externos.<\/p>\t\t\t\t\t\t\t\t<\/div>\n\t\t\t\t<\/div>\n\t\t\t\t<\/div>\n\t\t<div class=\"elementor-element elementor-element-b836df8 e-con-full e-flex e-con e-child\" data-id=\"b836df8\" data-element_type=\"container\" data-e-type=\"container\">\n\t\t\t\t<div class=\"elementor-element elementor-element-e53a17a elementor-widget elementor-widget-table-of-contents\" data-id=\"e53a17a\" data-element_type=\"widget\" data-e-type=\"widget\" data-settings=\"{&quot;headings_by_tags&quot;:[&quot;h2&quot;],&quot;exclude_headings_by_selector&quot;:[],&quot;marker_view&quot;:&quot;bullets&quot;,&quot;icon&quot;:{&quot;value&quot;:&quot;far fa-circle&quot;,&quot;library&quot;:&quot;fa-regular&quot;,&quot;rendered_tag&quot;:&quot;&lt;svg class=\\&quot;e-font-icon-svg e-far-circle\\&quot; viewBox=\\&quot;0 0 512 512\\&quot; xmlns=\\&quot;http:\\\/\\\/www.w3.org\\\/2000\\\/svg\\&quot;&gt;&lt;path d=\\&quot;M256 8C119 8 8 119 8 256s111 248 248 248 248-111 248-248S393 8 256 8zm0 448c-110.5 0-200-89.5-200-200S145.5 56 256 56s200 89.5 200 200-89.5 200-200 200z\\&quot;&gt;&lt;\\\/path&gt;&lt;\\\/svg&gt;&quot;},&quot;no_headings_message&quot;:&quot;No se ha encontrado ning\\u00fan encabezado en esta p\\u00e1gina.&quot;,&quot;hierarchical_view&quot;:&quot;yes&quot;,&quot;min_height&quot;:{&quot;unit&quot;:&quot;px&quot;,&quot;size&quot;:&quot;&quot;,&quot;sizes&quot;:[]},&quot;min_height_widescreen&quot;:{&quot;unit&quot;:&quot;px&quot;,&quot;size&quot;:&quot;&quot;,&quot;sizes&quot;:[]},&quot;min_height_laptop&quot;:{&quot;unit&quot;:&quot;px&quot;,&quot;size&quot;:&quot;&quot;,&quot;sizes&quot;:[]},&quot;min_height_tablet_extra&quot;:{&quot;unit&quot;:&quot;px&quot;,&quot;size&quot;:&quot;&quot;,&quot;sizes&quot;:[]},&quot;min_height_tablet&quot;:{&quot;unit&quot;:&quot;px&quot;,&quot;size&quot;:&quot;&quot;,&quot;sizes&quot;:[]},&quot;min_height_mobile_extra&quot;:{&quot;unit&quot;:&quot;px&quot;,&quot;size&quot;:&quot;&quot;,&quot;sizes&quot;:[]},&quot;min_height_mobile&quot;:{&quot;unit&quot;:&quot;px&quot;,&quot;size&quot;:&quot;&quot;,&quot;sizes&quot;:[]}}\" data-widget_type=\"table-of-contents.default\">\n\t\t\t\t<div class=\"elementor-widget-container\">\n\t\t\t\t\t\t\t\t\t<div class=\"elementor-toc__header\">\n\t\t\t\t\t\t<h2 class=\"elementor-toc__header-title\">\n\t\t\t\tEn esta p\u00e1gina\t\t\t<\/h2>\n\t\t\t\t\t\t\t\t<\/div>\n\t\t\t\t<div id=\"elementor-toc__e53a17a\" class=\"elementor-toc__body\">\n\t\t\t<div class=\"elementor-toc__spinner-container\">\n\t\t\t\t<svg class=\"elementor-toc__spinner eicon-animation-spin e-font-icon-svg e-eicon-loading\" aria-hidden=\"true\" viewBox=\"0 0 1000 1000\" xmlns=\"http:\/\/www.w3.org\/2000\/svg\"><path d=\"M500 975V858C696 858 858 696 858 500S696 142 500 142 142 304 142 500H25C25 237 238 25 500 25S975 237 975 500 763 975 500 975Z\"><\/path><\/svg>\t\t\t<\/div>\n\t\t<\/div>\n\t\t\t\t\t\t<\/div>\n\t\t\t\t<\/div>\n\t\t\t\t<\/div>\n\t\t\t\t\t<\/div>\n\t\t\t\t<\/div>\n\t\t\t\t<\/div>\n\t\t","protected":false},"excerpt":{"rendered":"<p>Rembrr te permite crear tableros completos utilizando solo tu voz. Esta funci\u00f3n facilita la organizaci\u00f3n de proyectos, categor\u00edas o actividades sin necesidad de escribir. Basta con decir qu\u00e9 tipo de tablero deseas y el asistente lo generar\u00e1 autom\u00e1ticamente, con nombre, estructura y primeras opciones sugeridas. 1. \u00bfQu\u00e9 significa \u201cCrear tableros por voz\u201d? Es la funci\u00f3n [&hellip;]<\/p>\n","protected":false},"author":2,"featured_media":0,"parent":1821,"menu_order":0,"comment_status":"closed","ping_status":"closed","template":"elementor_header_footer","meta":{"footnotes":""},"class_list":["post-3437","page","type-page","status-publish","hentry"],"yoast_head":"<!-- This site is optimized with the Yoast SEO plugin v27.0 - https:\/\/yoast.com\/product\/yoast-seo-wordpress\/ -->\n<title>Crear tableros por voz - Rembrr<\/title>\n<meta name=\"robots\" content=\"index, follow, max-snippet:-1, max-image-preview:large, max-video-preview:-1\" \/>\n<link rel=\"canonical\" href=\"https:\/\/rembrr.com\/pt\/help\/funciones-clave\/crear-tableros-por-voz\/\" \/>\n<meta property=\"og:locale\" content=\"pt_BR\" \/>\n<meta property=\"og:type\" content=\"article\" \/>\n<meta property=\"og:title\" content=\"Crear tableros por voz - Rembrr\" \/>\n<meta property=\"og:description\" content=\"Rembrr te permite crear tableros completos utilizando solo tu voz. Esta funci\u00f3n facilita la organizaci\u00f3n de proyectos, categor\u00edas o actividades sin necesidad de escribir. Basta con decir qu\u00e9 tipo de tablero deseas y el asistente lo generar\u00e1 autom\u00e1ticamente, con nombre, estructura y primeras opciones sugeridas. 1. \u00bfQu\u00e9 significa \u201cCrear tableros por voz\u201d? Es la funci\u00f3n [&hellip;]\" \/>\n<meta property=\"og:url\" content=\"https:\/\/rembrr.com\/pt\/help\/funciones-clave\/crear-tableros-por-voz\/\" \/>\n<meta property=\"og:site_name\" content=\"Rembrr\" \/>\n<meta property=\"article:modified_time\" content=\"2026-03-17T19:08:35+00:00\" \/>\n<meta name=\"twitter:card\" content=\"summary_large_image\" \/>\n<meta name=\"twitter:label1\" content=\"Est. tempo de leitura\" \/>\n\t<meta name=\"twitter:data1\" content=\"3 minutos\" \/>\n<script type=\"application\/ld+json\" class=\"yoast-schema-graph\">{\"@context\":\"https:\/\/schema.org\",\"@graph\":[{\"@type\":\"WebPage\",\"@id\":\"https:\/\/rembrr.com\/help\/funciones-clave\/crear-tableros-por-voz\/\",\"url\":\"https:\/\/rembrr.com\/help\/funciones-clave\/crear-tableros-por-voz\/\",\"name\":\"Crear tableros por voz - Rembrr\",\"isPartOf\":{\"@id\":\"https:\/\/rembrr.com\/#website\"},\"datePublished\":\"2025-11-25T18:07:22+00:00\",\"dateModified\":\"2026-03-17T19:08:35+00:00\",\"breadcrumb\":{\"@id\":\"https:\/\/rembrr.com\/help\/funciones-clave\/crear-tableros-por-voz\/#breadcrumb\"},\"inLanguage\":\"pt-BR\",\"potentialAction\":[{\"@type\":\"ReadAction\",\"target\":[\"https:\/\/rembrr.com\/help\/funciones-clave\/crear-tableros-por-voz\/\"]}]},{\"@type\":\"BreadcrumbList\",\"@id\":\"https:\/\/rembrr.com\/help\/funciones-clave\/crear-tableros-por-voz\/#breadcrumb\",\"itemListElement\":[{\"@type\":\"ListItem\",\"position\":1,\"name\":\"Portada\",\"item\":\"https:\/\/rembrr.com\/\"},{\"@type\":\"ListItem\",\"position\":2,\"name\":\"Help\",\"item\":\"https:\/\/rembrr.com\/help\/\"},{\"@type\":\"ListItem\",\"position\":3,\"name\":\"Funciones clave\",\"item\":\"https:\/\/rembrr.com\/help\/funciones-clave\/\"},{\"@type\":\"ListItem\",\"position\":4,\"name\":\"Crear tableros por voz\"}]},{\"@type\":\"WebSite\",\"@id\":\"https:\/\/rembrr.com\/#website\",\"url\":\"https:\/\/rembrr.com\/\",\"name\":\"Rembrr\",\"description\":\"Logra m\u00e1s\",\"publisher\":{\"@id\":\"https:\/\/rembrr.com\/#organization\"},\"potentialAction\":[{\"@type\":\"SearchAction\",\"target\":{\"@type\":\"EntryPoint\",\"urlTemplate\":\"https:\/\/rembrr.com\/?s={search_term_string}\"},\"query-input\":{\"@type\":\"PropertyValueSpecification\",\"valueRequired\":true,\"valueName\":\"search_term_string\"}}],\"inLanguage\":\"pt-BR\"},{\"@type\":\"Organization\",\"@id\":\"https:\/\/rembrr.com\/#organization\",\"name\":\"Rembrr\",\"url\":\"https:\/\/rembrr.com\/\",\"logo\":{\"@type\":\"ImageObject\",\"inLanguage\":\"pt-BR\",\"@id\":\"https:\/\/rembrr.com\/#\/schema\/logo\/image\/\",\"url\":\"https:\/\/rembrr.com\/wp-content\/uploads\/2025\/06\/logo-horizontal.webp\",\"contentUrl\":\"https:\/\/rembrr.com\/wp-content\/uploads\/2025\/06\/logo-horizontal.webp\",\"width\":500,\"height\":112,\"caption\":\"Rembrr\"},\"image\":{\"@id\":\"https:\/\/rembrr.com\/#\/schema\/logo\/image\/\"}}]}<\/script>\n<!-- \/ Yoast SEO plugin. -->","yoast_head_json":{"title":"Crear tableros por voz - Rembrr","robots":{"index":"index","follow":"follow","max-snippet":"max-snippet:-1","max-image-preview":"max-image-preview:large","max-video-preview":"max-video-preview:-1"},"canonical":"https:\/\/rembrr.com\/pt\/help\/funciones-clave\/crear-tableros-por-voz\/","og_locale":"pt_BR","og_type":"article","og_title":"Crear tableros por voz - Rembrr","og_description":"Rembrr te permite crear tableros completos utilizando solo tu voz. Esta funci\u00f3n facilita la organizaci\u00f3n de proyectos, categor\u00edas o actividades sin necesidad de escribir. Basta con decir qu\u00e9 tipo de tablero deseas y el asistente lo generar\u00e1 autom\u00e1ticamente, con nombre, estructura y primeras opciones sugeridas. 1. \u00bfQu\u00e9 significa \u201cCrear tableros por voz\u201d? Es la funci\u00f3n [&hellip;]","og_url":"https:\/\/rembrr.com\/pt\/help\/funciones-clave\/crear-tableros-por-voz\/","og_site_name":"Rembrr","article_modified_time":"2026-03-17T19:08:35+00:00","twitter_card":"summary_large_image","twitter_misc":{"Est. tempo de leitura":"3 minutos"},"schema":{"@context":"https:\/\/schema.org","@graph":[{"@type":"WebPage","@id":"https:\/\/rembrr.com\/help\/funciones-clave\/crear-tableros-por-voz\/","url":"https:\/\/rembrr.com\/help\/funciones-clave\/crear-tableros-por-voz\/","name":"Crear tableros por voz - Rembrr","isPartOf":{"@id":"https:\/\/rembrr.com\/#website"},"datePublished":"2025-11-25T18:07:22+00:00","dateModified":"2026-03-17T19:08:35+00:00","breadcrumb":{"@id":"https:\/\/rembrr.com\/help\/funciones-clave\/crear-tableros-por-voz\/#breadcrumb"},"inLanguage":"pt-BR","potentialAction":[{"@type":"ReadAction","target":["https:\/\/rembrr.com\/help\/funciones-clave\/crear-tableros-por-voz\/"]}]},{"@type":"BreadcrumbList","@id":"https:\/\/rembrr.com\/help\/funciones-clave\/crear-tableros-por-voz\/#breadcrumb","itemListElement":[{"@type":"ListItem","position":1,"name":"Portada","item":"https:\/\/rembrr.com\/"},{"@type":"ListItem","position":2,"name":"Help","item":"https:\/\/rembrr.com\/help\/"},{"@type":"ListItem","position":3,"name":"Funciones clave","item":"https:\/\/rembrr.com\/help\/funciones-clave\/"},{"@type":"ListItem","position":4,"name":"Crear tableros por voz"}]},{"@type":"WebSite","@id":"https:\/\/rembrr.com\/#website","url":"https:\/\/rembrr.com\/","name":"Rembrr","description":"Logra m\u00e1s","publisher":{"@id":"https:\/\/rembrr.com\/#organization"},"potentialAction":[{"@type":"SearchAction","target":{"@type":"EntryPoint","urlTemplate":"https:\/\/rembrr.com\/?s={search_term_string}"},"query-input":{"@type":"PropertyValueSpecification","valueRequired":true,"valueName":"search_term_string"}}],"inLanguage":"pt-BR"},{"@type":"Organization","@id":"https:\/\/rembrr.com\/#organization","name":"Rembrr","url":"https:\/\/rembrr.com\/","logo":{"@type":"ImageObject","inLanguage":"pt-BR","@id":"https:\/\/rembrr.com\/#\/schema\/logo\/image\/","url":"https:\/\/rembrr.com\/wp-content\/uploads\/2025\/06\/logo-horizontal.webp","contentUrl":"https:\/\/rembrr.com\/wp-content\/uploads\/2025\/06\/logo-horizontal.webp","width":500,"height":112,"caption":"Rembrr"},"image":{"@id":"https:\/\/rembrr.com\/#\/schema\/logo\/image\/"}}]}},"_links":{"self":[{"href":"https:\/\/rembrr.com\/pt\/wp-json\/wp\/v2\/pages\/3437","targetHints":{"allow":["GET"]}}],"collection":[{"href":"https:\/\/rembrr.com\/pt\/wp-json\/wp\/v2\/pages"}],"about":[{"href":"https:\/\/rembrr.com\/pt\/wp-json\/wp\/v2\/types\/page"}],"author":[{"embeddable":true,"href":"https:\/\/rembrr.com\/pt\/wp-json\/wp\/v2\/users\/2"}],"replies":[{"embeddable":true,"href":"https:\/\/rembrr.com\/pt\/wp-json\/wp\/v2\/comments?post=3437"}],"version-history":[{"count":25,"href":"https:\/\/rembrr.com\/pt\/wp-json\/wp\/v2\/pages\/3437\/revisions"}],"predecessor-version":[{"id":6482,"href":"https:\/\/rembrr.com\/pt\/wp-json\/wp\/v2\/pages\/3437\/revisions\/6482"}],"up":[{"embeddable":true,"href":"https:\/\/rembrr.com\/pt\/wp-json\/wp\/v2\/pages\/1821"}],"wp:attachment":[{"href":"https:\/\/rembrr.com\/pt\/wp-json\/wp\/v2\/media?parent=3437"}],"curies":[{"name":"wp","href":"https:\/\/api.w.org\/{rel}","templated":true}]}}