{"id":3523,"date":"2025-11-27T09:36:04","date_gmt":"2025-11-27T14:36:04","guid":{"rendered":"https:\/\/rembrr.com\/?page_id=3523"},"modified":"2026-03-17T19:41:05","modified_gmt":"2026-03-18T00:41:05","slug":"otras-funciones","status":"publish","type":"page","link":"https:\/\/rembrr.com\/pt\/help\/funciones-clave\/otras-funciones\/","title":{"rendered":"Outras funcionalidades"},"content":{"rendered":"\t\t<div data-elementor-type=\"wp-page\" data-elementor-id=\"3523\" class=\"elementor elementor-3523\" data-elementor-post-type=\"page\">\n\t\t\t\t<div class=\"elementor-element elementor-element-eae5f11 e-flex e-con-boxed e-con e-parent\" data-id=\"eae5f11\" data-element_type=\"container\" data-e-type=\"container\">\n\t\t\t\t\t<div class=\"e-con-inner\">\n\t\t\t\t<div class=\"elementor-element elementor-element-ae96887 elementor-widget elementor-widget-breadcrumbs\" data-id=\"ae96887\" data-element_type=\"widget\" data-e-type=\"widget\" data-widget_type=\"breadcrumbs.default\">\n\t\t\t\t<div class=\"elementor-widget-container\">\n\t\t\t\t\t<p id=\"breadcrumbs\"><span><span><a href=\"https:\/\/rembrr.com\/\">Portada<\/a><\/span><\/span><\/p>\t\t\t\t<\/div>\n\t\t\t\t<\/div>\n\t\t\t\t\t<\/div>\n\t\t\t\t<\/div>\n\t\t<div class=\"elementor-element elementor-element-1a9a82c e-flex e-con-boxed e-con e-parent\" data-id=\"1a9a82c\" data-element_type=\"container\" data-e-type=\"container\">\n\t\t\t\t\t<div class=\"e-con-inner\">\n\t\t<div class=\"elementor-element elementor-element-3970e12 e-con-full e-flex e-con e-child\" data-id=\"3970e12\" data-element_type=\"container\" data-e-type=\"container\">\n\t\t\t\t<div class=\"elementor-element elementor-element-e46b5f6 elementor-widget elementor-widget-heading\" data-id=\"e46b5f6\" data-element_type=\"widget\" data-e-type=\"widget\" data-widget_type=\"heading.default\">\n\t\t\t\t<div class=\"elementor-widget-container\">\n\t\t\t\t\t<p class=\"elementor-heading-title elementor-size-default\">novembro 27, 2025<\/p>\t\t\t\t<\/div>\n\t\t\t\t<\/div>\n\t\t\t\t<div class=\"elementor-element elementor-element-caf8b48 elementor-widget-divider--view-line elementor-widget elementor-widget-divider\" data-id=\"caf8b48\" data-element_type=\"widget\" data-e-type=\"widget\" data-widget_type=\"divider.default\">\n\t\t\t\t<div class=\"elementor-widget-container\">\n\t\t\t\t\t\t\t<div class=\"elementor-divider\">\n\t\t\t<span class=\"elementor-divider-separator\">\n\t\t\t\t\t\t<\/span>\n\t\t<\/div>\n\t\t\t\t\t\t<\/div>\n\t\t\t\t<\/div>\n\t\t\t\t<div class=\"elementor-element elementor-element-2210361 elementor-widget elementor-widget-text-editor\" data-id=\"2210361\" data-element_type=\"widget\" data-e-type=\"widget\" data-widget_type=\"text-editor.default\">\n\t\t\t\t<div class=\"elementor-widget-container\">\n\t\t\t\t\t\t\t\t\t<p data-start=\"299\" data-end=\"605\">Adem\u00e1s de crear tareas, eventos y tableros, Rembrr incluye otras funciones \u00fatiles que puedes activar usando tu voz. Estas acciones complementan tu experiencia con el asistente y te permiten acceder a diferentes secciones, realizar b\u00fasquedas, obtener ayuda o navegar dentro de la app sin necesidad de tocar la pantalla.<\/p>\t\t\t\t\t\t\t\t<\/div>\n\t\t\t\t<\/div>\n\t\t\t\t<div class=\"elementor-element elementor-element-1a6363e elementor-widget elementor-widget-heading\" data-id=\"1a6363e\" data-element_type=\"widget\" data-e-type=\"widget\" data-widget_type=\"heading.default\">\n\t\t\t\t<div class=\"elementor-widget-container\">\n\t\t\t\t\t<h2 class=\"elementor-heading-title elementor-size-default\">1. \u00bfQu\u00e9 son las \u201cotras funciones\u201d por voz?<\/h2>\t\t\t\t<\/div>\n\t\t\t\t<\/div>\n\t\t\t\t<div class=\"elementor-element elementor-element-44ea8af elementor-widget elementor-widget-text-editor\" data-id=\"44ea8af\" data-element_type=\"widget\" data-e-type=\"widget\" data-widget_type=\"text-editor.default\">\n\t\t\t\t<div class=\"elementor-widget-container\">\n\t\t\t\t\t\t\t\t\t<p data-start=\"634\" data-end=\"769\">Son acciones adicionales que puedes ejecutar en Rembrr hablando directamente con el asistente, m\u00e1s all\u00e1 de crear contenido.<br data-start=\"757\" data-end=\"760\" \/>Permiten:<\/p><ul data-start=\"771\" data-end=\"965\"><li data-start=\"771\" data-end=\"799\"><p data-start=\"773\" data-end=\"799\">Navegar dentro de la app<\/p><\/li><li data-start=\"800\" data-end=\"822\"><p data-start=\"802\" data-end=\"822\">Buscar informaci\u00f3n<\/p><\/li><li data-start=\"823\" data-end=\"842\"><p data-start=\"825\" data-end=\"842\">Abrir secciones<\/p><\/li><li data-start=\"843\" data-end=\"872\"><p data-start=\"845\" data-end=\"872\">Consultar configuraciones<\/p><\/li><li data-start=\"873\" data-end=\"901\"><p data-start=\"875\" data-end=\"901\">Recibir ayuda contextual<\/p><\/li><li data-start=\"902\" data-end=\"930\"><p data-start=\"904\" data-end=\"930\">Activar o cerrar paneles<\/p><\/li><li data-start=\"931\" data-end=\"965\"><p data-start=\"933\" data-end=\"965\">Ver informaci\u00f3n r\u00e1pida del d\u00eda<\/p><\/li><\/ul>\t\t\t\t\t\t\t\t<\/div>\n\t\t\t\t<\/div>\n\t\t\t\t<div class=\"elementor-element elementor-element-f32b535 elementor-widget elementor-widget-heading\" data-id=\"f32b535\" data-element_type=\"widget\" data-e-type=\"widget\" data-widget_type=\"heading.default\">\n\t\t\t\t<div class=\"elementor-widget-container\">\n\t\t\t\t\t<h2 class=\"elementor-heading-title elementor-size-default\">2. \u00bfPara qu\u00e9 sirven estas funciones?<\/h2>\t\t\t\t<\/div>\n\t\t\t\t<\/div>\n\t\t\t\t<div class=\"elementor-element elementor-element-4ca341b elementor-widget elementor-widget-text-editor\" data-id=\"4ca341b\" data-element_type=\"widget\" data-e-type=\"widget\" data-widget_type=\"text-editor.default\">\n\t\t\t\t<div class=\"elementor-widget-container\">\n\t\t\t\t\t\t\t\t\t<p>Estas funciones te permiten usar Rembrr completamente manos libres. Puedes:<\/p><p><strong>Abrir secciones internas<\/strong><\/p><p>\u201cAbre el tablero de sugerencias.\u201d<br \/>\u201cVe a mis tareas de hoy.\u201d<br \/>\u201cAbrir alertas.\u201d<\/p><p><strong>Buscar dentro de la app<\/strong><\/p><p>\u201cBusca mi tablero de reuniones.\u201d<br \/>\u201cEncuentra mis tareas de este mes.\u201d<\/p><p><strong>Obtener ayuda r\u00e1pida<\/strong><\/p><p>\u201c\u00bfQu\u00e9 puedo hacer aqu\u00ed?\u201d<br \/>\u201cMu\u00e9strame c\u00f3mo crear un tablero.\u201d<br \/>\u201cNecesito ayuda con notificaciones.\u201d<\/p><p><strong>Ver informaci\u00f3n contextual<\/strong><\/p><p>\u201c\u00bfQu\u00e9 tengo pendiente hoy?\u201d<br \/>\u201c\u00bfCu\u00e1l es mi pr\u00f3ximo evento?\u201d<br \/>\u201c\u00bfQu\u00e9 recomienda hoy el asistente?\u201d<\/p><p><strong>Acciones del sistema<\/strong><\/p><p>\u201cCerrar asistente.\u201d<br \/>\u201cVolver atr\u00e1s.\u201d<br \/>\u201cAbrir configuraci\u00f3n.\u201d<\/p>\t\t\t\t\t\t\t\t<\/div>\n\t\t\t\t<\/div>\n\t\t\t\t<div class=\"elementor-element elementor-element-d5b4c5f elementor-widget elementor-widget-heading\" data-id=\"d5b4c5f\" data-element_type=\"widget\" data-e-type=\"widget\" data-widget_type=\"heading.default\">\n\t\t\t\t<div class=\"elementor-widget-container\">\n\t\t\t\t\t<h2 class=\"elementor-heading-title elementor-size-default\">3. C\u00f3mo usar estas funciones<\/h2>\t\t\t\t<\/div>\n\t\t\t\t<\/div>\n\t\t\t\t<div class=\"elementor-element elementor-element-7cb725c elementor-widget elementor-widget-text-editor\" data-id=\"7cb725c\" data-element_type=\"widget\" data-e-type=\"widget\" data-widget_type=\"text-editor.default\">\n\t\t\t\t<div class=\"elementor-widget-container\">\n\t\t\t\t\t\t\t\t\t<p><strong>Paso 1:<\/strong><br \/>Toca el bot\u00f3n de ondas de voz para activar el modo conversaci\u00f3n (ideal para instrucciones complejas).<\/p><p><strong>Paso 2:<\/strong><br \/>Habla con normalidad y da la orden que necesites.<\/p><p><strong>Paso 3:<\/strong><br \/>Rembrr interpretar\u00e1 tu instrucci\u00f3n y ejecutar\u00e1 la acci\u00f3n de inmediato o mostrar\u00e1 una confirmaci\u00f3n cuando sea necesario.<\/p><p><strong>Paso 4:<\/strong><br \/>Contin\u00faa interactuando por voz o cierra el modo conversaci\u00f3n cuando prefieras.<\/p>\t\t\t\t\t\t\t\t<\/div>\n\t\t\t\t<\/div>\n\t\t\t\t<div class=\"elementor-element elementor-element-1933276 elementor-widget elementor-widget-heading\" data-id=\"1933276\" data-element_type=\"widget\" data-e-type=\"widget\" data-widget_type=\"heading.default\">\n\t\t\t\t<div class=\"elementor-widget-container\">\n\t\t\t\t\t<h2 class=\"elementor-heading-title elementor-size-default\">4. Ejemplos de funciones adicionales por voz<\/h2>\t\t\t\t<\/div>\n\t\t\t\t<\/div>\n\t\t\t\t<div class=\"elementor-element elementor-element-b38ff1a elementor-widget elementor-widget-text-editor\" data-id=\"b38ff1a\" data-element_type=\"widget\" data-e-type=\"widget\" data-widget_type=\"text-editor.default\">\n\t\t\t\t<div class=\"elementor-widget-container\">\n\t\t\t\t\t\t\t\t\t<p><strong>Navegaci\u00f3n interna<\/strong><\/p><p>\u201cVe a Inicio.\u201d<br \/>\u201cAbre mis tableros.\u201d<br \/>\u201cMu\u00e9strame las notificaciones.\u201d<\/p><p><strong>Consulta de informaci\u00f3n<\/strong><\/p><p>\u201c\u00bfQu\u00e9 tengo para ma\u00f1ana?\u201d<br \/>\u201c\u00bfQu\u00e9 eventos hay esta semana?\u201d<br \/>\u201c\u00bfCu\u00e1les tareas vencen pronto?\u201d<\/p><p><strong>Acciones de control<\/strong><\/p><p>\u201cCierra este tablero.\u201d<br \/>\u201cRegresa.\u201d<br \/>\u201cActualizar.\u201d<\/p><p><strong>Ayuda interactiva<\/strong><\/p><p>\u201c\u00bfC\u00f3mo creo una tarea?\u201d<br \/>\u201cExpl\u00edcame c\u00f3mo funciona este tablero.\u201d<br \/>\u201c\u00bfQu\u00e9 significa esta opci\u00f3n?\u201d<\/p><p><strong>Acciones r\u00e1pidas<\/strong><\/p><p>\u201cBuscar en mis tableros.\u201d<br \/>\u201cBuscar pendientes.\u201d<br \/>\u201cMostrar resumen de hoy.\u201d<\/p>\t\t\t\t\t\t\t\t<\/div>\n\t\t\t\t<\/div>\n\t\t\t\t<div class=\"elementor-element elementor-element-b17a803 elementor-widget elementor-widget-heading\" data-id=\"b17a803\" data-element_type=\"widget\" data-e-type=\"widget\" data-widget_type=\"heading.default\">\n\t\t\t\t<div class=\"elementor-widget-container\">\n\t\t\t\t\t<h2 class=\"elementor-heading-title elementor-size-default\">5. Consejos para aprovechar estas funciones<\/h2>\t\t\t\t<\/div>\n\t\t\t\t<\/div>\n\t\t\t\t<div class=\"elementor-element elementor-element-ed86d1d elementor-widget elementor-widget-text-editor\" data-id=\"ed86d1d\" data-element_type=\"widget\" data-e-type=\"widget\" data-widget_type=\"text-editor.default\">\n\t\t\t\t<div class=\"elementor-widget-container\">\n\t\t\t\t\t\t\t\t\t<ul data-start=\"3044\" data-end=\"3306\"><li data-start=\"3044\" data-end=\"3094\"><p data-start=\"3046\" data-end=\"3094\">Usa frases breves pero claras para navegaci\u00f3n.<\/p><\/li><li data-start=\"3095\" data-end=\"3166\"><p data-start=\"3097\" data-end=\"3166\">Para instrucciones largas o contextuales, activa el bot\u00f3n de ondas.<\/p><\/li><li data-start=\"3167\" data-end=\"3225\"><p data-start=\"3169\" data-end=\"3225\">Si no recuerdas un comando, p\u00eddele ayuda al asistente.<\/p><\/li><li data-start=\"3226\" data-end=\"3306\"><p data-start=\"3228\" data-end=\"3306\">Las funciones de ayuda funcionan tambi\u00e9n por voz: <em data-start=\"3278\" data-end=\"3304\">\u201c\u00bfQu\u00e9 puedo hacer aqu\u00ed?\u201d<\/em><\/p><\/li><\/ul>\t\t\t\t\t\t\t\t<\/div>\n\t\t\t\t<\/div>\n\t\t\t\t<div class=\"elementor-element elementor-element-5ccd2c0 elementor-widget elementor-widget-heading\" data-id=\"5ccd2c0\" data-element_type=\"widget\" data-e-type=\"widget\" data-widget_type=\"heading.default\">\n\t\t\t\t<div class=\"elementor-widget-container\">\n\t\t\t\t\t<h2 class=\"elementor-heading-title elementor-size-default\">6. Privacidad y manejo de datos<\/h2>\t\t\t\t<\/div>\n\t\t\t\t<\/div>\n\t\t\t\t<div class=\"elementor-element elementor-element-141a694 elementor-widget elementor-widget-text-editor\" data-id=\"141a694\" data-element_type=\"widget\" data-e-type=\"widget\" data-widget_type=\"text-editor.default\">\n\t\t\t\t<div class=\"elementor-widget-container\">\n\t\t\t\t\t\t\t\t\t<p>Como en todas las funciones de voz:<\/p><ul><li>Tu audio se procesa solo para convertirlo en texto.<\/li><li>No se guarda de forma permanente.<\/li><li>No se comparte con terceros no autorizados.<\/li><li>No se usa para publicidad ni entrenamiento externo.<\/li><\/ul>\t\t\t\t\t\t\t\t<\/div>\n\t\t\t\t<\/div>\n\t\t\t\t<\/div>\n\t\t<div class=\"elementor-element elementor-element-a0c3a8a e-con-full e-flex e-con e-child\" data-id=\"a0c3a8a\" data-element_type=\"container\" data-e-type=\"container\">\n\t\t\t\t<div class=\"elementor-element elementor-element-be6c6bd elementor-widget elementor-widget-table-of-contents\" data-id=\"be6c6bd\" data-element_type=\"widget\" data-e-type=\"widget\" data-settings=\"{&quot;headings_by_tags&quot;:[&quot;h2&quot;],&quot;exclude_headings_by_selector&quot;:[],&quot;marker_view&quot;:&quot;bullets&quot;,&quot;icon&quot;:{&quot;value&quot;:&quot;far fa-circle&quot;,&quot;library&quot;:&quot;fa-regular&quot;,&quot;rendered_tag&quot;:&quot;&lt;svg class=\\&quot;e-font-icon-svg e-far-circle\\&quot; viewBox=\\&quot;0 0 512 512\\&quot; xmlns=\\&quot;http:\\\/\\\/www.w3.org\\\/2000\\\/svg\\&quot;&gt;&lt;path d=\\&quot;M256 8C119 8 8 119 8 256s111 248 248 248 248-111 248-248S393 8 256 8zm0 448c-110.5 0-200-89.5-200-200S145.5 56 256 56s200 89.5 200 200-89.5 200-200 200z\\&quot;&gt;&lt;\\\/path&gt;&lt;\\\/svg&gt;&quot;},&quot;no_headings_message&quot;:&quot;No se ha encontrado ning\\u00fan encabezado en esta p\\u00e1gina.&quot;,&quot;hierarchical_view&quot;:&quot;yes&quot;,&quot;min_height&quot;:{&quot;unit&quot;:&quot;px&quot;,&quot;size&quot;:&quot;&quot;,&quot;sizes&quot;:[]},&quot;min_height_widescreen&quot;:{&quot;unit&quot;:&quot;px&quot;,&quot;size&quot;:&quot;&quot;,&quot;sizes&quot;:[]},&quot;min_height_laptop&quot;:{&quot;unit&quot;:&quot;px&quot;,&quot;size&quot;:&quot;&quot;,&quot;sizes&quot;:[]},&quot;min_height_tablet_extra&quot;:{&quot;unit&quot;:&quot;px&quot;,&quot;size&quot;:&quot;&quot;,&quot;sizes&quot;:[]},&quot;min_height_tablet&quot;:{&quot;unit&quot;:&quot;px&quot;,&quot;size&quot;:&quot;&quot;,&quot;sizes&quot;:[]},&quot;min_height_mobile_extra&quot;:{&quot;unit&quot;:&quot;px&quot;,&quot;size&quot;:&quot;&quot;,&quot;sizes&quot;:[]},&quot;min_height_mobile&quot;:{&quot;unit&quot;:&quot;px&quot;,&quot;size&quot;:&quot;&quot;,&quot;sizes&quot;:[]}}\" data-widget_type=\"table-of-contents.default\">\n\t\t\t\t<div class=\"elementor-widget-container\">\n\t\t\t\t\t\t\t\t\t<div class=\"elementor-toc__header\">\n\t\t\t\t\t\t<h2 class=\"elementor-toc__header-title\">\n\t\t\t\tEn esta p\u00e1gina\t\t\t<\/h2>\n\t\t\t\t\t\t\t\t<\/div>\n\t\t\t\t<div id=\"elementor-toc__be6c6bd\" class=\"elementor-toc__body\">\n\t\t\t<div class=\"elementor-toc__spinner-container\">\n\t\t\t\t<svg class=\"elementor-toc__spinner eicon-animation-spin e-font-icon-svg e-eicon-loading\" aria-hidden=\"true\" viewBox=\"0 0 1000 1000\" xmlns=\"http:\/\/www.w3.org\/2000\/svg\"><path d=\"M500 975V858C696 858 858 696 858 500S696 142 500 142 142 304 142 500H25C25 237 238 25 500 25S975 237 975 500 763 975 500 975Z\"><\/path><\/svg>\t\t\t<\/div>\n\t\t<\/div>\n\t\t\t\t\t\t<\/div>\n\t\t\t\t<\/div>\n\t\t\t\t<\/div>\n\t\t\t\t\t<\/div>\n\t\t\t\t<\/div>\n\t\t\t\t<\/div>\n\t\t","protected":false},"excerpt":{"rendered":"<p>Adem\u00e1s de crear tareas, eventos y tableros, Rembrr incluye otras funciones \u00fatiles que puedes activar usando tu voz. Estas acciones complementan tu experiencia con el asistente y te permiten acceder a diferentes secciones, realizar b\u00fasquedas, obtener ayuda o navegar dentro de la app sin necesidad de tocar la pantalla. 1. \u00bfQu\u00e9 son las \u201cotras funciones\u201d [&hellip;]<\/p>\n","protected":false},"author":2,"featured_media":0,"parent":1821,"menu_order":0,"comment_status":"closed","ping_status":"closed","template":"elementor_header_footer","meta":{"footnotes":""},"class_list":["post-3523","page","type-page","status-publish","hentry"],"yoast_head":"<!-- This site is optimized with the Yoast SEO plugin v27.0 - https:\/\/yoast.com\/product\/yoast-seo-wordpress\/ -->\n<title>Otras funciones - Rembrr<\/title>\n<meta name=\"robots\" content=\"index, follow, max-snippet:-1, max-image-preview:large, max-video-preview:-1\" \/>\n<link rel=\"canonical\" href=\"https:\/\/rembrr.com\/pt\/help\/funciones-clave\/otras-funciones\/\" \/>\n<meta property=\"og:locale\" content=\"pt_BR\" \/>\n<meta property=\"og:type\" content=\"article\" \/>\n<meta property=\"og:title\" content=\"Otras funciones - Rembrr\" \/>\n<meta property=\"og:description\" content=\"Adem\u00e1s de crear tareas, eventos y tableros, Rembrr incluye otras funciones \u00fatiles que puedes activar usando tu voz. Estas acciones complementan tu experiencia con el asistente y te permiten acceder a diferentes secciones, realizar b\u00fasquedas, obtener ayuda o navegar dentro de la app sin necesidad de tocar la pantalla. 1. \u00bfQu\u00e9 son las \u201cotras funciones\u201d [&hellip;]\" \/>\n<meta property=\"og:url\" content=\"https:\/\/rembrr.com\/pt\/help\/funciones-clave\/otras-funciones\/\" \/>\n<meta property=\"og:site_name\" content=\"Rembrr\" \/>\n<meta property=\"article:modified_time\" content=\"2026-03-18T00:41:05+00:00\" \/>\n<meta name=\"twitter:card\" content=\"summary_large_image\" \/>\n<meta name=\"twitter:label1\" content=\"Est. tempo de leitura\" \/>\n\t<meta name=\"twitter:data1\" content=\"2 minutos\" \/>\n<script type=\"application\/ld+json\" class=\"yoast-schema-graph\">{\"@context\":\"https:\/\/schema.org\",\"@graph\":[{\"@type\":\"WebPage\",\"@id\":\"https:\/\/rembrr.com\/help\/funciones-clave\/otras-funciones\/\",\"url\":\"https:\/\/rembrr.com\/help\/funciones-clave\/otras-funciones\/\",\"name\":\"Otras funciones - Rembrr\",\"isPartOf\":{\"@id\":\"https:\/\/rembrr.com\/#website\"},\"datePublished\":\"2025-11-27T14:36:04+00:00\",\"dateModified\":\"2026-03-18T00:41:05+00:00\",\"breadcrumb\":{\"@id\":\"https:\/\/rembrr.com\/help\/funciones-clave\/otras-funciones\/#breadcrumb\"},\"inLanguage\":\"pt-BR\",\"potentialAction\":[{\"@type\":\"ReadAction\",\"target\":[\"https:\/\/rembrr.com\/help\/funciones-clave\/otras-funciones\/\"]}]},{\"@type\":\"BreadcrumbList\",\"@id\":\"https:\/\/rembrr.com\/help\/funciones-clave\/otras-funciones\/#breadcrumb\",\"itemListElement\":[{\"@type\":\"ListItem\",\"position\":1,\"name\":\"Portada\",\"item\":\"https:\/\/rembrr.com\/\"},{\"@type\":\"ListItem\",\"position\":2,\"name\":\"Help\",\"item\":\"https:\/\/rembrr.com\/help\/\"},{\"@type\":\"ListItem\",\"position\":3,\"name\":\"Funciones clave\",\"item\":\"https:\/\/rembrr.com\/help\/funciones-clave\/\"},{\"@type\":\"ListItem\",\"position\":4,\"name\":\"Otras funciones\"}]},{\"@type\":\"WebSite\",\"@id\":\"https:\/\/rembrr.com\/#website\",\"url\":\"https:\/\/rembrr.com\/\",\"name\":\"Rembrr\",\"description\":\"Logra m\u00e1s\",\"publisher\":{\"@id\":\"https:\/\/rembrr.com\/#organization\"},\"potentialAction\":[{\"@type\":\"SearchAction\",\"target\":{\"@type\":\"EntryPoint\",\"urlTemplate\":\"https:\/\/rembrr.com\/?s={search_term_string}\"},\"query-input\":{\"@type\":\"PropertyValueSpecification\",\"valueRequired\":true,\"valueName\":\"search_term_string\"}}],\"inLanguage\":\"pt-BR\"},{\"@type\":\"Organization\",\"@id\":\"https:\/\/rembrr.com\/#organization\",\"name\":\"Rembrr\",\"url\":\"https:\/\/rembrr.com\/\",\"logo\":{\"@type\":\"ImageObject\",\"inLanguage\":\"pt-BR\",\"@id\":\"https:\/\/rembrr.com\/#\/schema\/logo\/image\/\",\"url\":\"https:\/\/rembrr.com\/wp-content\/uploads\/2025\/06\/logo-horizontal.webp\",\"contentUrl\":\"https:\/\/rembrr.com\/wp-content\/uploads\/2025\/06\/logo-horizontal.webp\",\"width\":500,\"height\":112,\"caption\":\"Rembrr\"},\"image\":{\"@id\":\"https:\/\/rembrr.com\/#\/schema\/logo\/image\/\"}}]}<\/script>\n<!-- \/ Yoast SEO plugin. -->","yoast_head_json":{"title":"Otras funciones - Rembrr","robots":{"index":"index","follow":"follow","max-snippet":"max-snippet:-1","max-image-preview":"max-image-preview:large","max-video-preview":"max-video-preview:-1"},"canonical":"https:\/\/rembrr.com\/pt\/help\/funciones-clave\/otras-funciones\/","og_locale":"pt_BR","og_type":"article","og_title":"Otras funciones - Rembrr","og_description":"Adem\u00e1s de crear tareas, eventos y tableros, Rembrr incluye otras funciones \u00fatiles que puedes activar usando tu voz. Estas acciones complementan tu experiencia con el asistente y te permiten acceder a diferentes secciones, realizar b\u00fasquedas, obtener ayuda o navegar dentro de la app sin necesidad de tocar la pantalla. 1. \u00bfQu\u00e9 son las \u201cotras funciones\u201d [&hellip;]","og_url":"https:\/\/rembrr.com\/pt\/help\/funciones-clave\/otras-funciones\/","og_site_name":"Rembrr","article_modified_time":"2026-03-18T00:41:05+00:00","twitter_card":"summary_large_image","twitter_misc":{"Est. tempo de leitura":"2 minutos"},"schema":{"@context":"https:\/\/schema.org","@graph":[{"@type":"WebPage","@id":"https:\/\/rembrr.com\/help\/funciones-clave\/otras-funciones\/","url":"https:\/\/rembrr.com\/help\/funciones-clave\/otras-funciones\/","name":"Otras funciones - Rembrr","isPartOf":{"@id":"https:\/\/rembrr.com\/#website"},"datePublished":"2025-11-27T14:36:04+00:00","dateModified":"2026-03-18T00:41:05+00:00","breadcrumb":{"@id":"https:\/\/rembrr.com\/help\/funciones-clave\/otras-funciones\/#breadcrumb"},"inLanguage":"pt-BR","potentialAction":[{"@type":"ReadAction","target":["https:\/\/rembrr.com\/help\/funciones-clave\/otras-funciones\/"]}]},{"@type":"BreadcrumbList","@id":"https:\/\/rembrr.com\/help\/funciones-clave\/otras-funciones\/#breadcrumb","itemListElement":[{"@type":"ListItem","position":1,"name":"Portada","item":"https:\/\/rembrr.com\/"},{"@type":"ListItem","position":2,"name":"Help","item":"https:\/\/rembrr.com\/help\/"},{"@type":"ListItem","position":3,"name":"Funciones clave","item":"https:\/\/rembrr.com\/help\/funciones-clave\/"},{"@type":"ListItem","position":4,"name":"Otras funciones"}]},{"@type":"WebSite","@id":"https:\/\/rembrr.com\/#website","url":"https:\/\/rembrr.com\/","name":"Rembrr","description":"Logra m\u00e1s","publisher":{"@id":"https:\/\/rembrr.com\/#organization"},"potentialAction":[{"@type":"SearchAction","target":{"@type":"EntryPoint","urlTemplate":"https:\/\/rembrr.com\/?s={search_term_string}"},"query-input":{"@type":"PropertyValueSpecification","valueRequired":true,"valueName":"search_term_string"}}],"inLanguage":"pt-BR"},{"@type":"Organization","@id":"https:\/\/rembrr.com\/#organization","name":"Rembrr","url":"https:\/\/rembrr.com\/","logo":{"@type":"ImageObject","inLanguage":"pt-BR","@id":"https:\/\/rembrr.com\/#\/schema\/logo\/image\/","url":"https:\/\/rembrr.com\/wp-content\/uploads\/2025\/06\/logo-horizontal.webp","contentUrl":"https:\/\/rembrr.com\/wp-content\/uploads\/2025\/06\/logo-horizontal.webp","width":500,"height":112,"caption":"Rembrr"},"image":{"@id":"https:\/\/rembrr.com\/#\/schema\/logo\/image\/"}}]}},"_links":{"self":[{"href":"https:\/\/rembrr.com\/pt\/wp-json\/wp\/v2\/pages\/3523","targetHints":{"allow":["GET"]}}],"collection":[{"href":"https:\/\/rembrr.com\/pt\/wp-json\/wp\/v2\/pages"}],"about":[{"href":"https:\/\/rembrr.com\/pt\/wp-json\/wp\/v2\/types\/page"}],"author":[{"embeddable":true,"href":"https:\/\/rembrr.com\/pt\/wp-json\/wp\/v2\/users\/2"}],"replies":[{"embeddable":true,"href":"https:\/\/rembrr.com\/pt\/wp-json\/wp\/v2\/comments?post=3523"}],"version-history":[{"count":13,"href":"https:\/\/rembrr.com\/pt\/wp-json\/wp\/v2\/pages\/3523\/revisions"}],"predecessor-version":[{"id":6491,"href":"https:\/\/rembrr.com\/pt\/wp-json\/wp\/v2\/pages\/3523\/revisions\/6491"}],"up":[{"embeddable":true,"href":"https:\/\/rembrr.com\/pt\/wp-json\/wp\/v2\/pages\/1821"}],"wp:attachment":[{"href":"https:\/\/rembrr.com\/pt\/wp-json\/wp\/v2\/media?parent=3523"}],"curies":[{"name":"wp","href":"https:\/\/api.w.org\/{rel}","templated":true}]}}