{"id":3535,"date":"2025-11-27T17:19:21","date_gmt":"2025-11-27T22:19:21","guid":{"rendered":"https:\/\/rembrr.com\/?page_id=3535"},"modified":"2025-12-07T11:29:55","modified_gmt":"2025-12-07T16:29:55","slug":"integracion-con-google-calendar","status":"publish","type":"page","link":"https:\/\/rembrr.com\/pt\/help\/funciones-clave\/integracion-con-google-calendar\/","title":{"rendered":"Integra\u00e7\u00e3o com Google Calendar"},"content":{"rendered":"\t\t<div data-elementor-type=\"wp-page\" data-elementor-id=\"3535\" class=\"elementor elementor-3535\" data-elementor-post-type=\"page\">\n\t\t\t\t<div class=\"elementor-element elementor-element-6902a3f e-flex e-con-boxed e-con e-parent\" data-id=\"6902a3f\" data-element_type=\"container\" data-e-type=\"container\">\n\t\t\t\t\t<div class=\"e-con-inner\">\n\t\t\t\t<div class=\"elementor-element elementor-element-b7a045f elementor-widget elementor-widget-shortcode\" data-id=\"b7a045f\" data-element_type=\"widget\" data-e-type=\"widget\" data-widget_type=\"shortcode.default\">\n\t\t\t\t<div class=\"elementor-widget-container\">\n\t\t\t\t\t\t\t<div class=\"elementor-shortcode\">[rank_math_breadcrumb]\n<\/div>\n\t\t\t\t\t\t<\/div>\n\t\t\t\t<\/div>\n\t\t\t\t\t<\/div>\n\t\t\t\t<\/div>\n\t\t<div class=\"elementor-element elementor-element-f0a545d e-flex e-con-boxed e-con e-parent\" data-id=\"f0a545d\" data-element_type=\"container\" data-e-type=\"container\">\n\t\t\t\t\t<div class=\"e-con-inner\">\n\t\t<div class=\"elementor-element elementor-element-700e1b0 e-con-full e-flex e-con e-child\" data-id=\"700e1b0\" data-element_type=\"container\" data-e-type=\"container\">\n\t\t\t\t<div class=\"elementor-element elementor-element-6bb476d elementor-widget elementor-widget-heading\" data-id=\"6bb476d\" data-element_type=\"widget\" data-e-type=\"widget\" data-widget_type=\"heading.default\">\n\t\t\t\t<div class=\"elementor-widget-container\">\n\t\t\t\t\t<p class=\"elementor-heading-title elementor-size-default\">Ultima actualizaci\u00f3n novembro 27, 2025<\/p>\t\t\t\t<\/div>\n\t\t\t\t<\/div>\n\t\t\t\t<div class=\"elementor-element elementor-element-d05cb59 elementor-widget-divider--view-line elementor-widget elementor-widget-divider\" data-id=\"d05cb59\" data-element_type=\"widget\" data-e-type=\"widget\" data-widget_type=\"divider.default\">\n\t\t\t\t<div class=\"elementor-widget-container\">\n\t\t\t\t\t\t\t<div class=\"elementor-divider\">\n\t\t\t<span class=\"elementor-divider-separator\">\n\t\t\t\t\t\t<\/span>\n\t\t<\/div>\n\t\t\t\t\t\t<\/div>\n\t\t\t\t<\/div>\n\t\t\t\t<div class=\"elementor-element elementor-element-1f1e8b4 elementor-widget elementor-widget-text-editor\" data-id=\"1f1e8b4\" data-element_type=\"widget\" data-e-type=\"widget\" data-widget_type=\"text-editor.default\">\n\t\t\t\t<div class=\"elementor-widget-container\">\n\t\t\t\t\t\t\t\t\t<p data-start=\"299\" data-end=\"605\">La integraci\u00f3n con Google Calendar permite sincronizar tus <strong data-start=\"422\" data-end=\"433\">eventos<\/strong> y <strong data-start=\"436\" data-end=\"458\">tareas programadas<\/strong> desde Rembrr directamente en tu cuenta de Google Calendar. Cada vez que crees o edites un evento o una tarea con fecha y hora, se enviar\u00e1 autom\u00e1ticamente a Google Calendar para que puedas ver toda tu planificaci\u00f3n en un solo lugar.<\/p>\t\t\t\t\t\t\t\t<\/div>\n\t\t\t\t<\/div>\n\t\t\t\t<div class=\"elementor-element elementor-element-897bac8 elementor-widget elementor-widget-heading\" data-id=\"897bac8\" data-element_type=\"widget\" data-e-type=\"widget\" data-widget_type=\"heading.default\">\n\t\t\t\t<div class=\"elementor-widget-container\">\n\t\t\t\t\t<h2 class=\"elementor-heading-title elementor-size-default\">1. \u00bfQu\u00e9 es la integraci\u00f3n con Google Calendar?<\/h2>\t\t\t\t<\/div>\n\t\t\t\t<\/div>\n\t\t\t\t<div class=\"elementor-element elementor-element-85514c2 elementor-widget elementor-widget-text-editor\" data-id=\"85514c2\" data-element_type=\"widget\" data-e-type=\"widget\" data-widget_type=\"text-editor.default\">\n\t\t\t\t<div class=\"elementor-widget-container\">\n\t\t\t\t\t\t\t\t\t<p data-start=\"587\" data-end=\"660\">Es una conexi\u00f3n segura entre tu cuenta de Google y Rembrr que te permite:<\/p><ul data-start=\"662\" data-end=\"874\"><li data-start=\"662\" data-end=\"726\"><p data-start=\"664\" data-end=\"726\">Ver tus <strong data-start=\"672\" data-end=\"701\">eventos creados en Rembrr<\/strong> en tu Google Calendar.<\/p><\/li><li data-start=\"727\" data-end=\"811\"><p data-start=\"729\" data-end=\"811\">Ver tus <strong data-start=\"737\" data-end=\"764\">tareas con fecha y hora<\/strong> en Google Calendar como eventos programados.<\/p><\/li><li data-start=\"812\" data-end=\"874\"><p data-start=\"814\" data-end=\"874\">Mantener tu planificaci\u00f3n organizada sin duplicar trabajo.<\/p><\/li><\/ul><p data-start=\"876\" data-end=\"934\"><strong data-start=\"876\" data-end=\"891\">Importante:<\/strong><br data-start=\"891\" data-end=\"894\" \/>La sincronizaci\u00f3n es <strong data-start=\"915\" data-end=\"933\">unidireccional<\/strong>:<\/p><p data-start=\"936\" data-end=\"1000\"><strong data-start=\"939\" data-end=\"967\">Rembrr \u2192 Google Calendar<\/strong><br data-start=\"967\" data-end=\"970\" \/><strong data-start=\"972\" data-end=\"1000\">Google Calendar \u2192 Rembrr<\/strong><\/p><p data-start=\"1002\" data-end=\"1147\">Esto significa que <strong data-start=\"1021\" data-end=\"1081\">solo lo que crees en Rembrr se enviar\u00e1 a Google Calendar<\/strong>, pero lo que crees en Google Calendar no aparecer\u00e1 a\u00fan en la app.<\/p>\t\t\t\t\t\t\t\t<\/div>\n\t\t\t\t<\/div>\n\t\t\t\t<div class=\"elementor-element elementor-element-c4637d9 elementor-widget elementor-widget-heading\" data-id=\"c4637d9\" data-element_type=\"widget\" data-e-type=\"widget\" data-widget_type=\"heading.default\">\n\t\t\t\t<div class=\"elementor-widget-container\">\n\t\t\t\t\t<h2 class=\"elementor-heading-title elementor-size-default\">2. \u00bfQu\u00e9 elementos se sincronizan con Google Calendar?<\/h2>\t\t\t\t<\/div>\n\t\t\t\t<\/div>\n\t\t\t\t<div class=\"elementor-element elementor-element-e91c803 elementor-widget elementor-widget-text-editor\" data-id=\"e91c803\" data-element_type=\"widget\" data-e-type=\"widget\" data-widget_type=\"text-editor.default\">\n\t\t\t\t<div class=\"elementor-widget-container\">\n\t\t\t\t\t\t\t\t\t<p>Solo estos dos tipos de elementos se env\u00edan a Google Calendar:<\/p><p><strong>Eventos<\/strong><\/p><p>Creados desde tableros de tipo Eventos.<br \/>Incluyen:<\/p><ul><li>Fecha, Hora, Lugar, Descripci\u00f3n<\/li><li>Enlace de integraci\u00f3n (si aplica)<br \/><br \/><\/li><\/ul><p><strong>Tareas programadas<\/strong><\/p><p>\u00danicamente si tienen:<\/p><p>Fecha, y Hora<\/p><p>Estas tareas aparecer\u00e1n como eventos en tu Google Calendar.<\/p>\t\t\t\t\t\t\t\t<\/div>\n\t\t\t\t<\/div>\n\t\t\t\t<div class=\"elementor-element elementor-element-1d242d8 elementor-widget elementor-widget-heading\" data-id=\"1d242d8\" data-element_type=\"widget\" data-e-type=\"widget\" data-widget_type=\"heading.default\">\n\t\t\t\t<div class=\"elementor-widget-container\">\n\t\t\t\t\t<h2 class=\"elementor-heading-title elementor-size-default\">3. \u00bfQu\u00e9 NO se sincroniza?<\/h2>\t\t\t\t<\/div>\n\t\t\t\t<\/div>\n\t\t\t\t<div class=\"elementor-element elementor-element-81b9bee elementor-widget elementor-widget-text-editor\" data-id=\"81b9bee\" data-element_type=\"widget\" data-e-type=\"widget\" data-widget_type=\"text-editor.default\">\n\t\t\t\t<div class=\"elementor-widget-container\">\n\t\t\t\t\t\t\t\t\t<p>Para evitar confusiones, es importante aclarar que Google Calendar \u00fanicamente acepta elementos programados con fecha y hora.<br \/>Por eso, lo siguiente no se enviar\u00e1 desde Rembrr:<\/p><ul><li>Tareas sin fecha u hora (No tienen programaci\u00f3n exacta para Calendar)<\/li><li>Recordatorios sin hora espec\u00edfica (Ej. recordar algo durante el d\u00eda sin un horario concreto)<\/li><li>Sugerencias del asistente (Las recomendaciones del tablero inteligente no se sincronizan)<\/li><li>Notas o descripciones internas (Texto libre dentro del evento o tarea no se replica como nota en Calendar)<\/li><li>Archivos adjuntos (Google Calendar no recibe archivos desde apps externas)<\/li><li>Frecuencias sin hora (Ej. \u201cSemanales\u201d, \u201cMensuales\u201d sin especificar hora)<br \/><br \/><\/li><\/ul>\t\t\t\t\t\t\t\t<\/div>\n\t\t\t\t<\/div>\n\t\t\t\t<div class=\"elementor-element elementor-element-1999030 elementor-widget elementor-widget-heading\" data-id=\"1999030\" data-element_type=\"widget\" data-e-type=\"widget\" data-widget_type=\"heading.default\">\n\t\t\t\t<div class=\"elementor-widget-container\">\n\t\t\t\t\t<h2 class=\"elementor-heading-title elementor-size-default\">4. C\u00f3mo activar la integraci\u00f3n con Google Calendar<\/h2>\t\t\t\t<\/div>\n\t\t\t\t<\/div>\n\t\t\t\t<div class=\"elementor-element elementor-element-17e85b1 elementor-widget elementor-widget-text-editor\" data-id=\"17e85b1\" data-element_type=\"widget\" data-e-type=\"widget\" data-widget_type=\"text-editor.default\">\n\t\t\t\t<div class=\"elementor-widget-container\">\n\t\t\t\t\t\t\t\t\t<p><strong>Paso 1:<br \/><\/strong>Inicia sesi\u00f3n con tu cuenta de Google (Gmail) al registrarte o desde Ajustes.<\/p><p><strong>Paso 2:<br \/><\/strong>Otorga los permisos necesarios para sincronizar eventos y tareas.<\/p><ul><li>Permisos t\u00edpicos (simplificado para el usuario):<\/li><li>Acceder a tu calendario<\/li><li>Crear eventos en tu calendario<\/li><\/ul><p><strong>Paso 3:<\/strong><\/p><p>Una vez autorizado, ver\u00e1s la etiqueta \u201cIntegrado con (logo de Google Calendar)\u201d en los eventos y tareas programadas.<\/p>\t\t\t\t\t\t\t\t<\/div>\n\t\t\t\t<\/div>\n\t\t\t\t<div class=\"elementor-element elementor-element-410eea9 elementor-widget elementor-widget-heading\" data-id=\"410eea9\" data-element_type=\"widget\" data-e-type=\"widget\" data-widget_type=\"heading.default\">\n\t\t\t\t<div class=\"elementor-widget-container\">\n\t\t\t\t\t<h2 class=\"elementor-heading-title elementor-size-default\">5. C\u00f3mo crear un evento sincronizado<\/h2>\t\t\t\t<\/div>\n\t\t\t\t<\/div>\n\t\t\t\t<div class=\"elementor-element elementor-element-6d7ce07 elementor-widget elementor-widget-text-editor\" data-id=\"6d7ce07\" data-element_type=\"widget\" data-e-type=\"widget\" data-widget_type=\"text-editor.default\">\n\t\t\t\t<div class=\"elementor-widget-container\">\n\t\t\t\t\t\t\t\t\t<p><strong>Paso 1:<\/strong><br \/>En la barra inferior, entra a Tableros \u2192 selecciona un tablero de Eventos.<\/p><p><strong>Paso 2:<\/strong><br \/>Toca el bot\u00f3n + para crear un nuevo evento.<\/p><p><strong>Paso 3:<\/strong><br \/>Completa la informaci\u00f3n:<\/p><ul><li>Fecha y hora<\/li><li>Lugar<\/li><li>Descripci\u00f3n<\/li><li>(Opcional) Enlace de reuni\u00f3n o archivos<\/li><\/ul><p><strong>Paso 4:<\/strong><br \/>Aseg\u00farate de que la opci\u00f3n de integraci\u00f3n est\u00e9 activa.<br \/>Ver\u00e1s: \u201cIntegrado con (logo de Google Calendar)\u201d<\/p><p><strong>Paso 5:<\/strong><br \/>Presiona Guardar.<\/p><p>En pocos segundos, el evento se ver\u00e1 reflejado en tu Google Calendar.<\/p>\t\t\t\t\t\t\t\t<\/div>\n\t\t\t\t<\/div>\n\t\t\t\t<div class=\"elementor-element elementor-element-ac277d0 elementor-widget elementor-widget-heading\" data-id=\"ac277d0\" data-element_type=\"widget\" data-e-type=\"widget\" data-widget_type=\"heading.default\">\n\t\t\t\t<div class=\"elementor-widget-container\">\n\t\t\t\t\t<h2 class=\"elementor-heading-title elementor-size-default\">6. C\u00f3mo crear una tarea sincronizada<\/h2>\t\t\t\t<\/div>\n\t\t\t\t<\/div>\n\t\t\t\t<div class=\"elementor-element elementor-element-6bf5f55 elementor-widget elementor-widget-text-editor\" data-id=\"6bf5f55\" data-element_type=\"widget\" data-e-type=\"widget\" data-widget_type=\"text-editor.default\">\n\t\t\t\t<div class=\"elementor-widget-container\">\n\t\t\t\t\t\t\t\t\t<p><strong>Paso 1:<\/strong><br \/>Entra a un tablero de Tareas.<\/p><p><strong>Paso 2:<\/strong><br \/>Toca el bot\u00f3n + para crear una nueva tarea.<\/p><p><strong>Paso 3:<\/strong><\/p><ul><li>Agrega:<\/li><li>Fecha<\/li><li>Hora<\/li><li>Descripci\u00f3n<br \/><br \/><\/li><\/ul><p>(La frecuencia tambi\u00e9n se sincroniza, pero como eventos repetidos en Calendar.)<\/p><p><strong>Paso 4:<br \/><\/strong>Verifica la integraci\u00f3n: \u201cIntegrado con (logo de Google Calendar)\u201d<\/p><p><strong>Paso 5:<br \/><\/strong>Presiona Guardar.<\/p><p>Tu Google Calendar mostrar\u00e1 la tarea en forma de evento programado.<\/p>\t\t\t\t\t\t\t\t<\/div>\n\t\t\t\t<\/div>\n\t\t\t\t<div class=\"elementor-element elementor-element-370839f elementor-widget elementor-widget-heading\" data-id=\"370839f\" data-element_type=\"widget\" data-e-type=\"widget\" data-widget_type=\"heading.default\">\n\t\t\t\t<div class=\"elementor-widget-container\">\n\t\t\t\t\t<h2 class=\"elementor-heading-title elementor-size-default\">7. \u00bfD\u00f3nde ver los eventos sincronizados?<\/h2>\t\t\t\t<\/div>\n\t\t\t\t<\/div>\n\t\t\t\t<div class=\"elementor-element elementor-element-2158642 elementor-widget elementor-widget-text-editor\" data-id=\"2158642\" data-element_type=\"widget\" data-e-type=\"widget\" data-widget_type=\"text-editor.default\">\n\t\t\t\t<div class=\"elementor-widget-container\">\n\t\t\t\t\t\t\t\t\t<ol><li data-start=\"4654\" data-end=\"4695\">Abre <strong data-start=\"4659\" data-end=\"4678\">Google Calendar<\/strong> (m\u00f3vil o web).<\/li><li data-start=\"4699\" data-end=\"4761\">Busca tu calendario principal asociado a tu cuenta de Gmail.<\/li><li data-start=\"4765\" data-end=\"4838\">Los eventos y tareas enviadas por Rembrr aparecer\u00e1n all\u00ed autom\u00e1ticamente.<br \/><br \/><\/li><\/ol><p data-start=\"4840\" data-end=\"4847\">Puedes:<\/p><ul><li data-start=\"4851\" data-end=\"4906\">Editarlos en Calendar (\u00a1pero NO regresar\u00e1n a Rembrr!)<\/li><li data-start=\"4909\" data-end=\"4930\">Cambiar sus colores<\/li><li data-start=\"4933\" data-end=\"4953\">Agregar asistentes<\/li><li data-start=\"4956\" data-end=\"4987\">Verlos junto a tu agenda diaria<\/li><\/ul>\t\t\t\t\t\t\t\t<\/div>\n\t\t\t\t<\/div>\n\t\t\t\t<\/div>\n\t\t<div class=\"elementor-element elementor-element-39f515f e-con-full e-flex e-con e-child\" data-id=\"39f515f\" data-element_type=\"container\" data-e-type=\"container\">\n\t\t\t\t<div class=\"elementor-element elementor-element-400c342 elementor-widget elementor-widget-table-of-contents\" data-id=\"400c342\" data-element_type=\"widget\" data-e-type=\"widget\" data-settings=\"{&quot;headings_by_tags&quot;:[&quot;h2&quot;],&quot;exclude_headings_by_selector&quot;:[],&quot;marker_view&quot;:&quot;bullets&quot;,&quot;icon&quot;:{&quot;value&quot;:&quot;far fa-circle&quot;,&quot;library&quot;:&quot;fa-regular&quot;,&quot;rendered_tag&quot;:&quot;&lt;svg class=\\&quot;e-font-icon-svg e-far-circle\\&quot; viewBox=\\&quot;0 0 512 512\\&quot; xmlns=\\&quot;http:\\\/\\\/www.w3.org\\\/2000\\\/svg\\&quot;&gt;&lt;path d=\\&quot;M256 8C119 8 8 119 8 256s111 248 248 248 248-111 248-248S393 8 256 8zm0 448c-110.5 0-200-89.5-200-200S145.5 56 256 56s200 89.5 200 200-89.5 200-200 200z\\&quot;&gt;&lt;\\\/path&gt;&lt;\\\/svg&gt;&quot;},&quot;no_headings_message&quot;:&quot;No se ha encontrado ning\\u00fan encabezado en esta p\\u00e1gina.&quot;,&quot;hierarchical_view&quot;:&quot;yes&quot;,&quot;min_height&quot;:{&quot;unit&quot;:&quot;px&quot;,&quot;size&quot;:&quot;&quot;,&quot;sizes&quot;:[]},&quot;min_height_widescreen&quot;:{&quot;unit&quot;:&quot;px&quot;,&quot;size&quot;:&quot;&quot;,&quot;sizes&quot;:[]},&quot;min_height_laptop&quot;:{&quot;unit&quot;:&quot;px&quot;,&quot;size&quot;:&quot;&quot;,&quot;sizes&quot;:[]},&quot;min_height_tablet_extra&quot;:{&quot;unit&quot;:&quot;px&quot;,&quot;size&quot;:&quot;&quot;,&quot;sizes&quot;:[]},&quot;min_height_tablet&quot;:{&quot;unit&quot;:&quot;px&quot;,&quot;size&quot;:&quot;&quot;,&quot;sizes&quot;:[]},&quot;min_height_mobile_extra&quot;:{&quot;unit&quot;:&quot;px&quot;,&quot;size&quot;:&quot;&quot;,&quot;sizes&quot;:[]},&quot;min_height_mobile&quot;:{&quot;unit&quot;:&quot;px&quot;,&quot;size&quot;:&quot;&quot;,&quot;sizes&quot;:[]}}\" data-widget_type=\"table-of-contents.default\">\n\t\t\t\t<div class=\"elementor-widget-container\">\n\t\t\t\t\t\t\t\t\t<div class=\"elementor-toc__header\">\n\t\t\t\t\t\t<h2 class=\"elementor-toc__header-title\">\n\t\t\t\tEn esta p\u00e1gina\t\t\t<\/h2>\n\t\t\t\t\t\t\t\t<\/div>\n\t\t\t\t<div id=\"elementor-toc__400c342\" class=\"elementor-toc__body\">\n\t\t\t<div class=\"elementor-toc__spinner-container\">\n\t\t\t\t<svg class=\"elementor-toc__spinner eicon-animation-spin e-font-icon-svg e-eicon-loading\" aria-hidden=\"true\" viewBox=\"0 0 1000 1000\" xmlns=\"http:\/\/www.w3.org\/2000\/svg\"><path d=\"M500 975V858C696 858 858 696 858 500S696 142 500 142 142 304 142 500H25C25 237 238 25 500 25S975 237 975 500 763 975 500 975Z\"><\/path><\/svg>\t\t\t<\/div>\n\t\t<\/div>\n\t\t\t\t\t\t<\/div>\n\t\t\t\t<\/div>\n\t\t\t\t<\/div>\n\t\t\t\t\t<\/div>\n\t\t\t\t<\/div>\n\t\t\t\t<\/div>\n\t\t","protected":false},"excerpt":{"rendered":"<p>[rank_math_breadcrumb] La integraci\u00f3n con Google Calendar permite sincronizar tus eventos y tareas programadas desde Rembrr directamente en tu cuenta de Google Calendar. Cada vez que crees o edites un evento o una tarea con fecha y hora, se enviar\u00e1 autom\u00e1ticamente a Google Calendar para que puedas ver toda tu planificaci\u00f3n en un solo lugar. 1. [&hellip;]<\/p>\n","protected":false},"author":2,"featured_media":0,"parent":1821,"menu_order":0,"comment_status":"closed","ping_status":"closed","template":"elementor_header_footer","meta":{"footnotes":""},"class_list":["post-3535","page","type-page","status-publish","hentry"],"yoast_head":"<!-- This site is optimized with the Yoast SEO plugin v27.0 - https:\/\/yoast.com\/product\/yoast-seo-wordpress\/ -->\n<title>Integraci\u00f3n con Google Calendar - Rembrr<\/title>\n<meta name=\"robots\" content=\"index, follow, max-snippet:-1, max-image-preview:large, max-video-preview:-1\" \/>\n<link rel=\"canonical\" href=\"https:\/\/rembrr.com\/pt\/help\/funciones-clave\/integracion-con-google-calendar\/\" \/>\n<meta property=\"og:locale\" content=\"pt_BR\" \/>\n<meta property=\"og:type\" content=\"article\" \/>\n<meta property=\"og:title\" content=\"Integraci\u00f3n con Google Calendar - Rembrr\" \/>\n<meta property=\"og:description\" content=\"[rank_math_breadcrumb] La integraci\u00f3n con Google Calendar permite sincronizar tus eventos y tareas programadas desde Rembrr directamente en tu cuenta de Google Calendar. Cada vez que crees o edites un evento o una tarea con fecha y hora, se enviar\u00e1 autom\u00e1ticamente a Google Calendar para que puedas ver toda tu planificaci\u00f3n en un solo lugar. 1. [&hellip;]\" \/>\n<meta property=\"og:url\" content=\"https:\/\/rembrr.com\/pt\/help\/funciones-clave\/integracion-con-google-calendar\/\" \/>\n<meta property=\"og:site_name\" content=\"Rembrr\" \/>\n<meta property=\"article:modified_time\" content=\"2025-12-07T16:29:55+00:00\" \/>\n<meta name=\"twitter:card\" content=\"summary_large_image\" \/>\n<meta name=\"twitter:label1\" content=\"Est. tempo de leitura\" \/>\n\t<meta name=\"twitter:data1\" content=\"3 minutos\" \/>\n<script type=\"application\/ld+json\" class=\"yoast-schema-graph\">{\"@context\":\"https:\/\/schema.org\",\"@graph\":[{\"@type\":\"WebPage\",\"@id\":\"https:\/\/rembrr.com\/help\/funciones-clave\/integracion-con-google-calendar\/\",\"url\":\"https:\/\/rembrr.com\/help\/funciones-clave\/integracion-con-google-calendar\/\",\"name\":\"Integraci\u00f3n con Google Calendar - Rembrr\",\"isPartOf\":{\"@id\":\"https:\/\/rembrr.com\/#website\"},\"datePublished\":\"2025-11-27T22:19:21+00:00\",\"dateModified\":\"2025-12-07T16:29:55+00:00\",\"breadcrumb\":{\"@id\":\"https:\/\/rembrr.com\/help\/funciones-clave\/integracion-con-google-calendar\/#breadcrumb\"},\"inLanguage\":\"pt-BR\",\"potentialAction\":[{\"@type\":\"ReadAction\",\"target\":[\"https:\/\/rembrr.com\/help\/funciones-clave\/integracion-con-google-calendar\/\"]}]},{\"@type\":\"BreadcrumbList\",\"@id\":\"https:\/\/rembrr.com\/help\/funciones-clave\/integracion-con-google-calendar\/#breadcrumb\",\"itemListElement\":[{\"@type\":\"ListItem\",\"position\":1,\"name\":\"Portada\",\"item\":\"https:\/\/rembrr.com\/\"},{\"@type\":\"ListItem\",\"position\":2,\"name\":\"Help\",\"item\":\"https:\/\/rembrr.com\/help\/\"},{\"@type\":\"ListItem\",\"position\":3,\"name\":\"Funciones clave\",\"item\":\"https:\/\/rembrr.com\/help\/funciones-clave\/\"},{\"@type\":\"ListItem\",\"position\":4,\"name\":\"Integraci\u00f3n con Google Calendar\"}]},{\"@type\":\"WebSite\",\"@id\":\"https:\/\/rembrr.com\/#website\",\"url\":\"https:\/\/rembrr.com\/\",\"name\":\"Rembrr\",\"description\":\"Logra m\u00e1s\",\"publisher\":{\"@id\":\"https:\/\/rembrr.com\/#organization\"},\"potentialAction\":[{\"@type\":\"SearchAction\",\"target\":{\"@type\":\"EntryPoint\",\"urlTemplate\":\"https:\/\/rembrr.com\/?s={search_term_string}\"},\"query-input\":{\"@type\":\"PropertyValueSpecification\",\"valueRequired\":true,\"valueName\":\"search_term_string\"}}],\"inLanguage\":\"pt-BR\"},{\"@type\":\"Organization\",\"@id\":\"https:\/\/rembrr.com\/#organization\",\"name\":\"Rembrr\",\"url\":\"https:\/\/rembrr.com\/\",\"logo\":{\"@type\":\"ImageObject\",\"inLanguage\":\"pt-BR\",\"@id\":\"https:\/\/rembrr.com\/#\/schema\/logo\/image\/\",\"url\":\"https:\/\/rembrr.com\/wp-content\/uploads\/2025\/06\/logo-horizontal.webp\",\"contentUrl\":\"https:\/\/rembrr.com\/wp-content\/uploads\/2025\/06\/logo-horizontal.webp\",\"width\":500,\"height\":112,\"caption\":\"Rembrr\"},\"image\":{\"@id\":\"https:\/\/rembrr.com\/#\/schema\/logo\/image\/\"}}]}<\/script>\n<!-- \/ Yoast SEO plugin. -->","yoast_head_json":{"title":"Integraci\u00f3n con Google Calendar - Rembrr","robots":{"index":"index","follow":"follow","max-snippet":"max-snippet:-1","max-image-preview":"max-image-preview:large","max-video-preview":"max-video-preview:-1"},"canonical":"https:\/\/rembrr.com\/pt\/help\/funciones-clave\/integracion-con-google-calendar\/","og_locale":"pt_BR","og_type":"article","og_title":"Integraci\u00f3n con Google Calendar - Rembrr","og_description":"[rank_math_breadcrumb] La integraci\u00f3n con Google Calendar permite sincronizar tus eventos y tareas programadas desde Rembrr directamente en tu cuenta de Google Calendar. Cada vez que crees o edites un evento o una tarea con fecha y hora, se enviar\u00e1 autom\u00e1ticamente a Google Calendar para que puedas ver toda tu planificaci\u00f3n en un solo lugar. 1. [&hellip;]","og_url":"https:\/\/rembrr.com\/pt\/help\/funciones-clave\/integracion-con-google-calendar\/","og_site_name":"Rembrr","article_modified_time":"2025-12-07T16:29:55+00:00","twitter_card":"summary_large_image","twitter_misc":{"Est. tempo de leitura":"3 minutos"},"schema":{"@context":"https:\/\/schema.org","@graph":[{"@type":"WebPage","@id":"https:\/\/rembrr.com\/help\/funciones-clave\/integracion-con-google-calendar\/","url":"https:\/\/rembrr.com\/help\/funciones-clave\/integracion-con-google-calendar\/","name":"Integraci\u00f3n con Google Calendar - Rembrr","isPartOf":{"@id":"https:\/\/rembrr.com\/#website"},"datePublished":"2025-11-27T22:19:21+00:00","dateModified":"2025-12-07T16:29:55+00:00","breadcrumb":{"@id":"https:\/\/rembrr.com\/help\/funciones-clave\/integracion-con-google-calendar\/#breadcrumb"},"inLanguage":"pt-BR","potentialAction":[{"@type":"ReadAction","target":["https:\/\/rembrr.com\/help\/funciones-clave\/integracion-con-google-calendar\/"]}]},{"@type":"BreadcrumbList","@id":"https:\/\/rembrr.com\/help\/funciones-clave\/integracion-con-google-calendar\/#breadcrumb","itemListElement":[{"@type":"ListItem","position":1,"name":"Portada","item":"https:\/\/rembrr.com\/"},{"@type":"ListItem","position":2,"name":"Help","item":"https:\/\/rembrr.com\/help\/"},{"@type":"ListItem","position":3,"name":"Funciones clave","item":"https:\/\/rembrr.com\/help\/funciones-clave\/"},{"@type":"ListItem","position":4,"name":"Integraci\u00f3n con Google Calendar"}]},{"@type":"WebSite","@id":"https:\/\/rembrr.com\/#website","url":"https:\/\/rembrr.com\/","name":"Rembrr","description":"Logra m\u00e1s","publisher":{"@id":"https:\/\/rembrr.com\/#organization"},"potentialAction":[{"@type":"SearchAction","target":{"@type":"EntryPoint","urlTemplate":"https:\/\/rembrr.com\/?s={search_term_string}"},"query-input":{"@type":"PropertyValueSpecification","valueRequired":true,"valueName":"search_term_string"}}],"inLanguage":"pt-BR"},{"@type":"Organization","@id":"https:\/\/rembrr.com\/#organization","name":"Rembrr","url":"https:\/\/rembrr.com\/","logo":{"@type":"ImageObject","inLanguage":"pt-BR","@id":"https:\/\/rembrr.com\/#\/schema\/logo\/image\/","url":"https:\/\/rembrr.com\/wp-content\/uploads\/2025\/06\/logo-horizontal.webp","contentUrl":"https:\/\/rembrr.com\/wp-content\/uploads\/2025\/06\/logo-horizontal.webp","width":500,"height":112,"caption":"Rembrr"},"image":{"@id":"https:\/\/rembrr.com\/#\/schema\/logo\/image\/"}}]}},"_links":{"self":[{"href":"https:\/\/rembrr.com\/pt\/wp-json\/wp\/v2\/pages\/3535","targetHints":{"allow":["GET"]}}],"collection":[{"href":"https:\/\/rembrr.com\/pt\/wp-json\/wp\/v2\/pages"}],"about":[{"href":"https:\/\/rembrr.com\/pt\/wp-json\/wp\/v2\/types\/page"}],"author":[{"embeddable":true,"href":"https:\/\/rembrr.com\/pt\/wp-json\/wp\/v2\/users\/2"}],"replies":[{"embeddable":true,"href":"https:\/\/rembrr.com\/pt\/wp-json\/wp\/v2\/comments?post=3535"}],"version-history":[{"count":19,"href":"https:\/\/rembrr.com\/pt\/wp-json\/wp\/v2\/pages\/3535\/revisions"}],"predecessor-version":[{"id":3912,"href":"https:\/\/rembrr.com\/pt\/wp-json\/wp\/v2\/pages\/3535\/revisions\/3912"}],"up":[{"embeddable":true,"href":"https:\/\/rembrr.com\/pt\/wp-json\/wp\/v2\/pages\/1821"}],"wp:attachment":[{"href":"https:\/\/rembrr.com\/pt\/wp-json\/wp\/v2\/media?parent=3535"}],"curies":[{"name":"wp","href":"https:\/\/api.w.org\/{rel}","templated":true}]}}