{"id":3569,"date":"2025-11-27T18:47:05","date_gmt":"2025-11-27T23:47:05","guid":{"rendered":"https:\/\/rembrr.com\/?page_id=3569"},"modified":"2025-12-07T11:31:30","modified_gmt":"2025-12-07T16:31:30","slug":"integracion-con-google-meet","status":"publish","type":"page","link":"https:\/\/rembrr.com\/pt\/help\/funciones-clave\/integracion-con-google-meet\/","title":{"rendered":"Integra\u00e7\u00e3o com Google Meet"},"content":{"rendered":"\t\t<div data-elementor-type=\"wp-page\" data-elementor-id=\"3569\" class=\"elementor elementor-3569\" data-elementor-post-type=\"page\">\n\t\t\t\t<div class=\"elementor-element elementor-element-e1db6d1 e-flex e-con-boxed e-con e-parent\" data-id=\"e1db6d1\" data-element_type=\"container\" data-e-type=\"container\">\n\t\t\t\t\t<div class=\"e-con-inner\">\n\t\t\t\t<div class=\"elementor-element elementor-element-ff9c146 elementor-widget elementor-widget-shortcode\" data-id=\"ff9c146\" data-element_type=\"widget\" data-e-type=\"widget\" data-widget_type=\"shortcode.default\">\n\t\t\t\t<div class=\"elementor-widget-container\">\n\t\t\t\t\t\t\t<div class=\"elementor-shortcode\">[rank_math_breadcrumb]\n<\/div>\n\t\t\t\t\t\t<\/div>\n\t\t\t\t<\/div>\n\t\t\t\t\t<\/div>\n\t\t\t\t<\/div>\n\t\t<div class=\"elementor-element elementor-element-a959dd7 e-flex e-con-boxed e-con e-parent\" data-id=\"a959dd7\" data-element_type=\"container\" data-e-type=\"container\">\n\t\t\t\t\t<div class=\"e-con-inner\">\n\t\t<div class=\"elementor-element elementor-element-9b49a91 e-con-full e-flex e-con e-child\" data-id=\"9b49a91\" data-element_type=\"container\" data-e-type=\"container\">\n\t\t\t\t<div class=\"elementor-element elementor-element-345675c elementor-widget elementor-widget-heading\" data-id=\"345675c\" data-element_type=\"widget\" data-e-type=\"widget\" data-widget_type=\"heading.default\">\n\t\t\t\t<div class=\"elementor-widget-container\">\n\t\t\t\t\t<p class=\"elementor-heading-title elementor-size-default\">Ultima actualizaci\u00f3n novembro 27, 2025<\/p>\t\t\t\t<\/div>\n\t\t\t\t<\/div>\n\t\t\t\t<div class=\"elementor-element elementor-element-4dfcf06 elementor-widget-divider--view-line elementor-widget elementor-widget-divider\" data-id=\"4dfcf06\" data-element_type=\"widget\" data-e-type=\"widget\" data-widget_type=\"divider.default\">\n\t\t\t\t<div class=\"elementor-widget-container\">\n\t\t\t\t\t\t\t<div class=\"elementor-divider\">\n\t\t\t<span class=\"elementor-divider-separator\">\n\t\t\t\t\t\t<\/span>\n\t\t<\/div>\n\t\t\t\t\t\t<\/div>\n\t\t\t\t<\/div>\n\t\t\t\t<div class=\"elementor-element elementor-element-d68b735 elementor-widget elementor-widget-text-editor\" data-id=\"d68b735\" data-element_type=\"widget\" data-e-type=\"widget\" data-widget_type=\"text-editor.default\">\n\t\t\t\t<div class=\"elementor-widget-container\">\n\t\t\t\t\t\t\t\t\t<p data-start=\"299\" data-end=\"605\">La integraci\u00f3n con Google Meet permite que los eventos creados en Rembrr incluyan enlaces de reuni\u00f3n de Google Meet, los cuales aparecer\u00e1n autom\u00e1ticamente en tu Google Calendar. Esto facilita coordinar reuniones virtuales desde tus tableros de eventos, sin necesidad de crear enlaces manualmente en cada herramienta.<\/p>\t\t\t\t\t\t\t\t<\/div>\n\t\t\t\t<\/div>\n\t\t\t\t<div class=\"elementor-element elementor-element-386ec74 elementor-widget elementor-widget-heading\" data-id=\"386ec74\" data-element_type=\"widget\" data-e-type=\"widget\" data-widget_type=\"heading.default\">\n\t\t\t\t<div class=\"elementor-widget-container\">\n\t\t\t\t\t<h2 class=\"elementor-heading-title elementor-size-default\">1. \u00bfQu\u00e9 es la integraci\u00f3n con Google Meet?<\/h2>\t\t\t\t<\/div>\n\t\t\t\t<\/div>\n\t\t\t\t<div class=\"elementor-element elementor-element-5901416 elementor-widget elementor-widget-text-editor\" data-id=\"5901416\" data-element_type=\"widget\" data-e-type=\"widget\" data-widget_type=\"text-editor.default\">\n\t\t\t\t<div class=\"elementor-widget-container\">\n\t\t\t\t\t\t\t\t\t<p data-start=\"557\" data-end=\"722\">Es una funci\u00f3n que permite que Rembrr agregue enlaces de Google Meet a tus eventos programados.<br \/><br data-start=\"652\" data-end=\"655\" \/>Aunque actualmente la app <strong data-start=\"681\" data-end=\"717\">no abre Google Meet desde Rembrr<\/strong>, s\u00ed:<\/p><ul><li data-start=\"724\" data-end=\"757\"><p data-start=\"726\" data-end=\"757\">Agrega el enlace en el evento<\/p><\/li><li data-start=\"758\" data-end=\"809\"><p data-start=\"760\" data-end=\"809\">Env\u00eda ese evento al Google Calendar del usuario<\/p><\/li><li data-start=\"810\" data-end=\"881\"><p data-start=\"812\" data-end=\"881\">Permite que Google Calendar reconozca el enlace y habilite la reuni\u00f3n<\/p><\/li><\/ul><p>En esta etapa la integraci\u00f3n es pasiva:<\/p><ul><li>El enlace se env\u00eda a Google Calendar<\/li><li>Google Calendar se encarga de gestionarlo y permitir unirse a la reuni\u00f3n<br \/><strong data-start=\"883\" data-end=\"926\"><br \/><\/strong><\/li><\/ul>\t\t\t\t\t\t\t\t<\/div>\n\t\t\t\t<\/div>\n\t\t\t\t<div class=\"elementor-element elementor-element-c035f74 elementor-widget elementor-widget-heading\" data-id=\"c035f74\" data-element_type=\"widget\" data-e-type=\"widget\" data-widget_type=\"heading.default\">\n\t\t\t\t<div class=\"elementor-widget-container\">\n\t\t\t\t\t<h2 class=\"elementor-heading-title elementor-size-default\">2. \u00bfQu\u00e9 se sincroniza con Google Meet?<\/h2>\t\t\t\t<\/div>\n\t\t\t\t<\/div>\n\t\t\t\t<div class=\"elementor-element elementor-element-78dbec2 elementor-widget elementor-widget-text-editor\" data-id=\"78dbec2\" data-element_type=\"widget\" data-e-type=\"widget\" data-widget_type=\"text-editor.default\">\n\t\t\t\t<div class=\"elementor-widget-container\">\n\t\t\t\t\t\t\t\t\t<p>La sincronizaci\u00f3n funciona as\u00ed:<\/p><p><strong>Si creas un evento en Rembrr <\/strong>y este incluye un enlace de Google Meet, ese enlace aparecer\u00e1 en Google Calendar como parte del evento.<\/p><p><strong>Si creas un evento en Rembrr<\/strong> y deseas agregar un enlace de Meet m\u00e1s adelante, puedes editarlo y a\u00f1adir el enlace manualmente en el campo de descripci\u00f3n o integraci\u00f3n.<br \/><br \/><strong>Google Calendar<\/strong> reconoce autom\u00e1ticamente los enlaces de Meet<\/p><p>Cualquier enlace a\u00f1adido en Rembrr ser\u00e1 interpretado correctamente por Calendar.<\/p>\t\t\t\t\t\t\t\t<\/div>\n\t\t\t\t<\/div>\n\t\t\t\t<div class=\"elementor-element elementor-element-bed27ad elementor-widget elementor-widget-heading\" data-id=\"bed27ad\" data-element_type=\"widget\" data-e-type=\"widget\" data-widget_type=\"heading.default\">\n\t\t\t\t<div class=\"elementor-widget-container\">\n\t\t\t\t\t<h2 class=\"elementor-heading-title elementor-size-default\">3. Lo que NO est\u00e1 disponible por ahora<\/h2>\t\t\t\t<\/div>\n\t\t\t\t<\/div>\n\t\t\t\t<div class=\"elementor-element elementor-element-b98e9ef elementor-widget elementor-widget-text-editor\" data-id=\"b98e9ef\" data-element_type=\"widget\" data-e-type=\"widget\" data-widget_type=\"text-editor.default\">\n\t\t\t\t<div class=\"elementor-widget-container\">\n\t\t\t\t\t\t\t\t\t<p>Para evitar confusiones, es importante aclarar:<\/p><p>Rembrr NO genera autom\u00e1ticamente enlaces de Google Meet<br \/>(la generaci\u00f3n autom\u00e1tica podr\u00eda llegar m\u00e1s adelante)<\/p><p>Rembrr NO abre directamente Google Meet<br \/>(el usuario debe abrir la reuni\u00f3n desde Google Calendar)<\/p><p>Rembrr NO sincroniza enlaces creados directamente en Calendar<\/p><p>Rembrr NO gestiona participantes ni env\u00eda invitaciones<\/p><p>Eso lo hace Calendar.<\/p>\t\t\t\t\t\t\t\t<\/div>\n\t\t\t\t<\/div>\n\t\t\t\t<div class=\"elementor-element elementor-element-ba6f2f7 elementor-widget elementor-widget-heading\" data-id=\"ba6f2f7\" data-element_type=\"widget\" data-e-type=\"widget\" data-widget_type=\"heading.default\">\n\t\t\t\t<div class=\"elementor-widget-container\">\n\t\t\t\t\t<h2 class=\"elementor-heading-title elementor-size-default\">4. C\u00f3mo agregar un enlace de Google Meet a un evento<\/h2>\t\t\t\t<\/div>\n\t\t\t\t<\/div>\n\t\t\t\t<div class=\"elementor-element elementor-element-4311208 elementor-widget elementor-widget-text-editor\" data-id=\"4311208\" data-element_type=\"widget\" data-e-type=\"widget\" data-widget_type=\"text-editor.default\">\n\t\t\t\t<div class=\"elementor-widget-container\">\n\t\t\t\t\t\t\t\t\t<p>Existen dos formas:<\/p><p><strong>M\u00e9todo 1: Agregar un enlace manualmente<\/strong><br \/><br \/><strong>Paso 1:<br \/><\/strong>Crea un evento desde un tablero de Eventos.<\/p><p><strong>Paso 2:<br \/><\/strong>En el campo de Descripci\u00f3n, pega el enlace de Google Meet.<\/p><p>Ejemplo:<br \/>https:\/\/meet.google.com\/abc-defg-hij<\/p><p><strong>Paso 3:<\/strong><br \/>Guarda el evento.<\/p><p><strong>Paso 4<\/strong>:<br \/>Una vez sincronizado, ver\u00e1s ese enlace directamente en Google Calendar.<\/p><p><strong>M\u00e9todo 2: Crear el enlace desde Google Calendar (alternativo)<\/strong><br \/><br \/><strong>Paso 1:<br \/><\/strong>Crea el evento en Rembrr (sin enlace).<br \/>Este se sincronizar\u00e1 con Google Calendar.<\/p><p><strong>Paso 2:<\/strong><br \/>Abre Google Calendar y selecciona el evento.<\/p><p><strong>Paso 3:<\/strong><br \/>Toca \u201cA\u00f1adir reuni\u00f3n de Google Meet\u201d.<\/p><p>Google Calendar agregar\u00e1 el enlace autom\u00e1ticamente.<\/p>\t\t\t\t\t\t\t\t<\/div>\n\t\t\t\t<\/div>\n\t\t\t\t<div class=\"elementor-element elementor-element-d2025a5 elementor-widget elementor-widget-heading\" data-id=\"d2025a5\" data-element_type=\"widget\" data-e-type=\"widget\" data-widget_type=\"heading.default\">\n\t\t\t\t<div class=\"elementor-widget-container\">\n\t\t\t\t\t<h2 class=\"elementor-heading-title elementor-size-default\">5. C\u00f3mo se ve el enlace de Meet en Google Calendar<\/h2>\t\t\t\t<\/div>\n\t\t\t\t<\/div>\n\t\t\t\t<div class=\"elementor-element elementor-element-ad429a7 elementor-widget elementor-widget-text-editor\" data-id=\"ad429a7\" data-element_type=\"widget\" data-e-type=\"widget\" data-widget_type=\"text-editor.default\">\n\t\t\t\t<div class=\"elementor-widget-container\">\n\t\t\t\t\t\t\t\t\t<p data-start=\"3164\" data-end=\"3185\">Una vez sincronizado:<\/p><p data-start=\"3189\" data-end=\"3260\">El evento en Calendar mostrar\u00e1 el enlace <strong data-start=\"3230\" data-end=\"3258\">\u201cUnirse con Google Meet\u201d<\/strong><\/p><p data-start=\"3263\" data-end=\"3303\">Google Calendar a\u00f1adir\u00e1 autom\u00e1ticamente:<\/p><ul><li data-start=\"3308\" data-end=\"3327\">Bot\u00f3n para unirse<\/li><li data-start=\"3332\" data-end=\"3351\">N\u00famero de reuni\u00f3n<\/li><li data-start=\"3356\" data-end=\"3379\">Opciones de compartir<\/li><li data-start=\"3384\" data-end=\"3437\">Informaci\u00f3n para invitados (si el usuario los agrega)<br \/><br \/><\/li><\/ul>\t\t\t\t\t\t\t\t<\/div>\n\t\t\t\t<\/div>\n\t\t\t\t<div class=\"elementor-element elementor-element-2cee44a elementor-widget elementor-widget-heading\" data-id=\"2cee44a\" data-element_type=\"widget\" data-e-type=\"widget\" data-widget_type=\"heading.default\">\n\t\t\t\t<div class=\"elementor-widget-container\">\n\t\t\t\t\t<h2 class=\"elementor-heading-title elementor-size-default\">6. Uso por voz (opcional)<\/h2>\t\t\t\t<\/div>\n\t\t\t\t<\/div>\n\t\t\t\t<div class=\"elementor-element elementor-element-138f852 elementor-widget elementor-widget-text-editor\" data-id=\"138f852\" data-element_type=\"widget\" data-e-type=\"widget\" data-widget_type=\"text-editor.default\">\n\t\t\t\t<div class=\"elementor-widget-container\">\n\t\t\t\t\t\t\t\t\t<p data-start=\"3566\" data-end=\"3655\">El asistente por voz de Rembrr puede ayudarte a preparar eventos con reuniones virtuales:<\/p><p data-start=\"3657\" data-end=\"3731\">Ejemplo:<br data-start=\"3665\" data-end=\"3668\" \/>\u201cCrea un evento ma\u00f1ana a las 3 pm: reuni\u00f3n virtual con Carlos.\u201d<\/p><p data-start=\"3733\" data-end=\"3792\">Luego puedes editar el evento para pegar tu enlace de Meet.<\/p><p data-start=\"3794\" data-end=\"3908\">En futuras versiones podr\u00e1s decir:<br data-start=\"3828\" data-end=\"3831\" \/>\u201cCrea una reuni\u00f3n por Google Meet\u201d<br data-start=\"3865\" data-end=\"3868\" \/>y el enlace se generar\u00e1 autom\u00e1ticamente.<\/p>\t\t\t\t\t\t\t\t<\/div>\n\t\t\t\t<\/div>\n\t\t\t\t<div class=\"elementor-element elementor-element-862bc37 elementor-widget elementor-widget-heading\" data-id=\"862bc37\" data-element_type=\"widget\" data-e-type=\"widget\" data-widget_type=\"heading.default\">\n\t\t\t\t<div class=\"elementor-widget-container\">\n\t\t\t\t\t<h2 class=\"elementor-heading-title elementor-size-default\">7. Buenas pr\u00e1cticas<\/h2>\t\t\t\t<\/div>\n\t\t\t\t<\/div>\n\t\t\t\t<div class=\"elementor-element elementor-element-6a505bf elementor-widget elementor-widget-text-editor\" data-id=\"6a505bf\" data-element_type=\"widget\" data-e-type=\"widget\" data-widget_type=\"text-editor.default\">\n\t\t\t\t<div class=\"elementor-widget-container\">\n\t\t\t\t\t\t\t\t\t<ul><li data-start=\"3945\" data-end=\"4030\"><p data-start=\"3947\" data-end=\"4030\">Pega el enlace siempre en el campo de descripci\u00f3n para garantizar compatibilidad.<\/p><\/li><li data-start=\"4031\" data-end=\"4096\"><p data-start=\"4033\" data-end=\"4096\">Abre las reuniones desde Google Calendar para evitar errores.<\/p><\/li><li data-start=\"4097\" data-end=\"4162\"><p data-start=\"4099\" data-end=\"4162\">Si editas un evento, revisa si el enlace sigue siendo v\u00e1lido.<\/p><\/li><li data-start=\"4163\" data-end=\"4217\"><p data-start=\"4165\" data-end=\"4217\">Evita duplicar enlaces al copiar\/pegar varias veces.<\/p><\/li><\/ul>\t\t\t\t\t\t\t\t<\/div>\n\t\t\t\t<\/div>\n\t\t\t\t<\/div>\n\t\t<div class=\"elementor-element elementor-element-4aea854 e-con-full e-flex e-con e-child\" data-id=\"4aea854\" data-element_type=\"container\" data-e-type=\"container\">\n\t\t\t\t<div class=\"elementor-element elementor-element-f6d25da elementor-widget elementor-widget-table-of-contents\" data-id=\"f6d25da\" data-element_type=\"widget\" data-e-type=\"widget\" data-settings=\"{&quot;headings_by_tags&quot;:[&quot;h2&quot;],&quot;exclude_headings_by_selector&quot;:[],&quot;marker_view&quot;:&quot;bullets&quot;,&quot;icon&quot;:{&quot;value&quot;:&quot;far fa-circle&quot;,&quot;library&quot;:&quot;fa-regular&quot;,&quot;rendered_tag&quot;:&quot;&lt;svg class=\\&quot;e-font-icon-svg e-far-circle\\&quot; viewBox=\\&quot;0 0 512 512\\&quot; xmlns=\\&quot;http:\\\/\\\/www.w3.org\\\/2000\\\/svg\\&quot;&gt;&lt;path d=\\&quot;M256 8C119 8 8 119 8 256s111 248 248 248 248-111 248-248S393 8 256 8zm0 448c-110.5 0-200-89.5-200-200S145.5 56 256 56s200 89.5 200 200-89.5 200-200 200z\\&quot;&gt;&lt;\\\/path&gt;&lt;\\\/svg&gt;&quot;},&quot;no_headings_message&quot;:&quot;No se ha encontrado ning\\u00fan encabezado en esta p\\u00e1gina.&quot;,&quot;hierarchical_view&quot;:&quot;yes&quot;,&quot;min_height&quot;:{&quot;unit&quot;:&quot;px&quot;,&quot;size&quot;:&quot;&quot;,&quot;sizes&quot;:[]},&quot;min_height_widescreen&quot;:{&quot;unit&quot;:&quot;px&quot;,&quot;size&quot;:&quot;&quot;,&quot;sizes&quot;:[]},&quot;min_height_laptop&quot;:{&quot;unit&quot;:&quot;px&quot;,&quot;size&quot;:&quot;&quot;,&quot;sizes&quot;:[]},&quot;min_height_tablet_extra&quot;:{&quot;unit&quot;:&quot;px&quot;,&quot;size&quot;:&quot;&quot;,&quot;sizes&quot;:[]},&quot;min_height_tablet&quot;:{&quot;unit&quot;:&quot;px&quot;,&quot;size&quot;:&quot;&quot;,&quot;sizes&quot;:[]},&quot;min_height_mobile_extra&quot;:{&quot;unit&quot;:&quot;px&quot;,&quot;size&quot;:&quot;&quot;,&quot;sizes&quot;:[]},&quot;min_height_mobile&quot;:{&quot;unit&quot;:&quot;px&quot;,&quot;size&quot;:&quot;&quot;,&quot;sizes&quot;:[]}}\" data-widget_type=\"table-of-contents.default\">\n\t\t\t\t<div class=\"elementor-widget-container\">\n\t\t\t\t\t\t\t\t\t<div class=\"elementor-toc__header\">\n\t\t\t\t\t\t<h2 class=\"elementor-toc__header-title\">\n\t\t\t\tEn esta p\u00e1gina\t\t\t<\/h2>\n\t\t\t\t\t\t\t\t<\/div>\n\t\t\t\t<div id=\"elementor-toc__f6d25da\" class=\"elementor-toc__body\">\n\t\t\t<div class=\"elementor-toc__spinner-container\">\n\t\t\t\t<svg class=\"elementor-toc__spinner eicon-animation-spin e-font-icon-svg e-eicon-loading\" aria-hidden=\"true\" viewBox=\"0 0 1000 1000\" xmlns=\"http:\/\/www.w3.org\/2000\/svg\"><path d=\"M500 975V858C696 858 858 696 858 500S696 142 500 142 142 304 142 500H25C25 237 238 25 500 25S975 237 975 500 763 975 500 975Z\"><\/path><\/svg>\t\t\t<\/div>\n\t\t<\/div>\n\t\t\t\t\t\t<\/div>\n\t\t\t\t<\/div>\n\t\t\t\t<\/div>\n\t\t\t\t\t<\/div>\n\t\t\t\t<\/div>\n\t\t\t\t<\/div>\n\t\t","protected":false},"excerpt":{"rendered":"<p>[rank_math_breadcrumb] La integraci\u00f3n con Google Meet permite que los eventos creados en Rembrr incluyan enlaces de reuni\u00f3n de Google Meet, los cuales aparecer\u00e1n autom\u00e1ticamente en tu Google Calendar. Esto facilita coordinar reuniones virtuales desde tus tableros de eventos, sin necesidad de crear enlaces manualmente en cada herramienta. 1. \u00bfQu\u00e9 es la integraci\u00f3n con Google Meet? [&hellip;]<\/p>\n","protected":false},"author":2,"featured_media":0,"parent":1821,"menu_order":0,"comment_status":"closed","ping_status":"closed","template":"elementor_header_footer","meta":{"footnotes":""},"class_list":["post-3569","page","type-page","status-publish","hentry"],"yoast_head":"<!-- This site is optimized with the Yoast SEO plugin v27.0 - https:\/\/yoast.com\/product\/yoast-seo-wordpress\/ -->\n<title>Integraci\u00f3n con Google Meet - Rembrr<\/title>\n<meta name=\"robots\" content=\"index, follow, max-snippet:-1, max-image-preview:large, max-video-preview:-1\" \/>\n<link rel=\"canonical\" href=\"https:\/\/rembrr.com\/pt\/help\/funciones-clave\/integracion-con-google-meet\/\" \/>\n<meta property=\"og:locale\" content=\"pt_BR\" \/>\n<meta property=\"og:type\" content=\"article\" \/>\n<meta property=\"og:title\" content=\"Integraci\u00f3n con Google Meet - Rembrr\" \/>\n<meta property=\"og:description\" content=\"[rank_math_breadcrumb] La integraci\u00f3n con Google Meet permite que los eventos creados en Rembrr incluyan enlaces de reuni\u00f3n de Google Meet, los cuales aparecer\u00e1n autom\u00e1ticamente en tu Google Calendar. Esto facilita coordinar reuniones virtuales desde tus tableros de eventos, sin necesidad de crear enlaces manualmente en cada herramienta. 1. \u00bfQu\u00e9 es la integraci\u00f3n con Google Meet? [&hellip;]\" \/>\n<meta property=\"og:url\" content=\"https:\/\/rembrr.com\/pt\/help\/funciones-clave\/integracion-con-google-meet\/\" \/>\n<meta property=\"og:site_name\" content=\"Rembrr\" \/>\n<meta property=\"article:modified_time\" content=\"2025-12-07T16:31:30+00:00\" \/>\n<meta name=\"twitter:card\" content=\"summary_large_image\" \/>\n<meta name=\"twitter:label1\" content=\"Est. tempo de leitura\" \/>\n\t<meta name=\"twitter:data1\" content=\"3 minutos\" \/>\n<script type=\"application\/ld+json\" class=\"yoast-schema-graph\">{\"@context\":\"https:\/\/schema.org\",\"@graph\":[{\"@type\":\"WebPage\",\"@id\":\"https:\/\/rembrr.com\/help\/funciones-clave\/integracion-con-google-meet\/\",\"url\":\"https:\/\/rembrr.com\/help\/funciones-clave\/integracion-con-google-meet\/\",\"name\":\"Integraci\u00f3n con Google Meet - Rembrr\",\"isPartOf\":{\"@id\":\"https:\/\/rembrr.com\/#website\"},\"datePublished\":\"2025-11-27T23:47:05+00:00\",\"dateModified\":\"2025-12-07T16:31:30+00:00\",\"breadcrumb\":{\"@id\":\"https:\/\/rembrr.com\/help\/funciones-clave\/integracion-con-google-meet\/#breadcrumb\"},\"inLanguage\":\"pt-BR\",\"potentialAction\":[{\"@type\":\"ReadAction\",\"target\":[\"https:\/\/rembrr.com\/help\/funciones-clave\/integracion-con-google-meet\/\"]}]},{\"@type\":\"BreadcrumbList\",\"@id\":\"https:\/\/rembrr.com\/help\/funciones-clave\/integracion-con-google-meet\/#breadcrumb\",\"itemListElement\":[{\"@type\":\"ListItem\",\"position\":1,\"name\":\"Portada\",\"item\":\"https:\/\/rembrr.com\/\"},{\"@type\":\"ListItem\",\"position\":2,\"name\":\"Help\",\"item\":\"https:\/\/rembrr.com\/help\/\"},{\"@type\":\"ListItem\",\"position\":3,\"name\":\"Funciones clave\",\"item\":\"https:\/\/rembrr.com\/help\/funciones-clave\/\"},{\"@type\":\"ListItem\",\"position\":4,\"name\":\"Integraci\u00f3n con Google Meet\"}]},{\"@type\":\"WebSite\",\"@id\":\"https:\/\/rembrr.com\/#website\",\"url\":\"https:\/\/rembrr.com\/\",\"name\":\"Rembrr\",\"description\":\"Logra m\u00e1s\",\"publisher\":{\"@id\":\"https:\/\/rembrr.com\/#organization\"},\"potentialAction\":[{\"@type\":\"SearchAction\",\"target\":{\"@type\":\"EntryPoint\",\"urlTemplate\":\"https:\/\/rembrr.com\/?s={search_term_string}\"},\"query-input\":{\"@type\":\"PropertyValueSpecification\",\"valueRequired\":true,\"valueName\":\"search_term_string\"}}],\"inLanguage\":\"pt-BR\"},{\"@type\":\"Organization\",\"@id\":\"https:\/\/rembrr.com\/#organization\",\"name\":\"Rembrr\",\"url\":\"https:\/\/rembrr.com\/\",\"logo\":{\"@type\":\"ImageObject\",\"inLanguage\":\"pt-BR\",\"@id\":\"https:\/\/rembrr.com\/#\/schema\/logo\/image\/\",\"url\":\"https:\/\/rembrr.com\/wp-content\/uploads\/2025\/06\/logo-horizontal.webp\",\"contentUrl\":\"https:\/\/rembrr.com\/wp-content\/uploads\/2025\/06\/logo-horizontal.webp\",\"width\":500,\"height\":112,\"caption\":\"Rembrr\"},\"image\":{\"@id\":\"https:\/\/rembrr.com\/#\/schema\/logo\/image\/\"}}]}<\/script>\n<!-- \/ Yoast SEO plugin. -->","yoast_head_json":{"title":"Integraci\u00f3n con Google Meet - Rembrr","robots":{"index":"index","follow":"follow","max-snippet":"max-snippet:-1","max-image-preview":"max-image-preview:large","max-video-preview":"max-video-preview:-1"},"canonical":"https:\/\/rembrr.com\/pt\/help\/funciones-clave\/integracion-con-google-meet\/","og_locale":"pt_BR","og_type":"article","og_title":"Integraci\u00f3n con Google Meet - Rembrr","og_description":"[rank_math_breadcrumb] La integraci\u00f3n con Google Meet permite que los eventos creados en Rembrr incluyan enlaces de reuni\u00f3n de Google Meet, los cuales aparecer\u00e1n autom\u00e1ticamente en tu Google Calendar. Esto facilita coordinar reuniones virtuales desde tus tableros de eventos, sin necesidad de crear enlaces manualmente en cada herramienta. 1. \u00bfQu\u00e9 es la integraci\u00f3n con Google Meet? [&hellip;]","og_url":"https:\/\/rembrr.com\/pt\/help\/funciones-clave\/integracion-con-google-meet\/","og_site_name":"Rembrr","article_modified_time":"2025-12-07T16:31:30+00:00","twitter_card":"summary_large_image","twitter_misc":{"Est. tempo de leitura":"3 minutos"},"schema":{"@context":"https:\/\/schema.org","@graph":[{"@type":"WebPage","@id":"https:\/\/rembrr.com\/help\/funciones-clave\/integracion-con-google-meet\/","url":"https:\/\/rembrr.com\/help\/funciones-clave\/integracion-con-google-meet\/","name":"Integraci\u00f3n con Google Meet - Rembrr","isPartOf":{"@id":"https:\/\/rembrr.com\/#website"},"datePublished":"2025-11-27T23:47:05+00:00","dateModified":"2025-12-07T16:31:30+00:00","breadcrumb":{"@id":"https:\/\/rembrr.com\/help\/funciones-clave\/integracion-con-google-meet\/#breadcrumb"},"inLanguage":"pt-BR","potentialAction":[{"@type":"ReadAction","target":["https:\/\/rembrr.com\/help\/funciones-clave\/integracion-con-google-meet\/"]}]},{"@type":"BreadcrumbList","@id":"https:\/\/rembrr.com\/help\/funciones-clave\/integracion-con-google-meet\/#breadcrumb","itemListElement":[{"@type":"ListItem","position":1,"name":"Portada","item":"https:\/\/rembrr.com\/"},{"@type":"ListItem","position":2,"name":"Help","item":"https:\/\/rembrr.com\/help\/"},{"@type":"ListItem","position":3,"name":"Funciones clave","item":"https:\/\/rembrr.com\/help\/funciones-clave\/"},{"@type":"ListItem","position":4,"name":"Integraci\u00f3n con Google Meet"}]},{"@type":"WebSite","@id":"https:\/\/rembrr.com\/#website","url":"https:\/\/rembrr.com\/","name":"Rembrr","description":"Logra m\u00e1s","publisher":{"@id":"https:\/\/rembrr.com\/#organization"},"potentialAction":[{"@type":"SearchAction","target":{"@type":"EntryPoint","urlTemplate":"https:\/\/rembrr.com\/?s={search_term_string}"},"query-input":{"@type":"PropertyValueSpecification","valueRequired":true,"valueName":"search_term_string"}}],"inLanguage":"pt-BR"},{"@type":"Organization","@id":"https:\/\/rembrr.com\/#organization","name":"Rembrr","url":"https:\/\/rembrr.com\/","logo":{"@type":"ImageObject","inLanguage":"pt-BR","@id":"https:\/\/rembrr.com\/#\/schema\/logo\/image\/","url":"https:\/\/rembrr.com\/wp-content\/uploads\/2025\/06\/logo-horizontal.webp","contentUrl":"https:\/\/rembrr.com\/wp-content\/uploads\/2025\/06\/logo-horizontal.webp","width":500,"height":112,"caption":"Rembrr"},"image":{"@id":"https:\/\/rembrr.com\/#\/schema\/logo\/image\/"}}]}},"_links":{"self":[{"href":"https:\/\/rembrr.com\/pt\/wp-json\/wp\/v2\/pages\/3569","targetHints":{"allow":["GET"]}}],"collection":[{"href":"https:\/\/rembrr.com\/pt\/wp-json\/wp\/v2\/pages"}],"about":[{"href":"https:\/\/rembrr.com\/pt\/wp-json\/wp\/v2\/types\/page"}],"author":[{"embeddable":true,"href":"https:\/\/rembrr.com\/pt\/wp-json\/wp\/v2\/users\/2"}],"replies":[{"embeddable":true,"href":"https:\/\/rembrr.com\/pt\/wp-json\/wp\/v2\/comments?post=3569"}],"version-history":[{"count":10,"href":"https:\/\/rembrr.com\/pt\/wp-json\/wp\/v2\/pages\/3569\/revisions"}],"predecessor-version":[{"id":3915,"href":"https:\/\/rembrr.com\/pt\/wp-json\/wp\/v2\/pages\/3569\/revisions\/3915"}],"up":[{"embeddable":true,"href":"https:\/\/rembrr.com\/pt\/wp-json\/wp\/v2\/pages\/1821"}],"wp:attachment":[{"href":"https:\/\/rembrr.com\/pt\/wp-json\/wp\/v2\/media?parent=3569"}],"curies":[{"name":"wp","href":"https:\/\/api.w.org\/{rel}","templated":true}]}}