{"id":3607,"date":"2025-11-30T11:18:52","date_gmt":"2025-11-30T16:18:52","guid":{"rendered":"https:\/\/rembrr.com\/?page_id=3607"},"modified":"2025-12-07T11:20:10","modified_gmt":"2025-12-07T16:20:10","slug":"indicadores-clave-kpis","status":"publish","type":"page","link":"https:\/\/rembrr.com\/pt\/help\/funciones-clave\/indicadores-clave-kpis\/","title":{"rendered":"Indicadores-chave (KPIs)"},"content":{"rendered":"\t\t<div data-elementor-type=\"wp-page\" data-elementor-id=\"3607\" class=\"elementor elementor-3607\" data-elementor-post-type=\"page\">\n\t\t\t\t<div class=\"elementor-element elementor-element-5a797a5 e-flex e-con-boxed e-con e-parent\" data-id=\"5a797a5\" data-element_type=\"container\" data-e-type=\"container\">\n\t\t\t\t\t<div class=\"e-con-inner\">\n\t\t\t\t<div class=\"elementor-element elementor-element-ca0aacc elementor-widget elementor-widget-shortcode\" data-id=\"ca0aacc\" data-element_type=\"widget\" data-e-type=\"widget\" data-widget_type=\"shortcode.default\">\n\t\t\t\t<div class=\"elementor-widget-container\">\n\t\t\t\t\t\t\t<div class=\"elementor-shortcode\">[rank_math_breadcrumb]\n<\/div>\n\t\t\t\t\t\t<\/div>\n\t\t\t\t<\/div>\n\t\t\t\t\t<\/div>\n\t\t\t\t<\/div>\n\t\t<div class=\"elementor-element elementor-element-fa72b12 e-flex e-con-boxed e-con e-parent\" data-id=\"fa72b12\" data-element_type=\"container\" data-e-type=\"container\">\n\t\t\t\t\t<div class=\"e-con-inner\">\n\t\t<div class=\"elementor-element elementor-element-2bc716e e-con-full e-flex e-con e-child\" data-id=\"2bc716e\" data-element_type=\"container\" data-e-type=\"container\">\n\t\t\t\t<div class=\"elementor-element elementor-element-a0186f9 elementor-widget elementor-widget-heading\" data-id=\"a0186f9\" data-element_type=\"widget\" data-e-type=\"widget\" data-widget_type=\"heading.default\">\n\t\t\t\t<div class=\"elementor-widget-container\">\n\t\t\t\t\t<p class=\"elementor-heading-title elementor-size-default\">Ultima actualizaci\u00f3n novembro 30, 2025<\/p>\t\t\t\t<\/div>\n\t\t\t\t<\/div>\n\t\t\t\t<div class=\"elementor-element elementor-element-0398c7c elementor-widget-divider--view-line elementor-widget elementor-widget-divider\" data-id=\"0398c7c\" data-element_type=\"widget\" data-e-type=\"widget\" data-widget_type=\"divider.default\">\n\t\t\t\t<div class=\"elementor-widget-container\">\n\t\t\t\t\t\t\t<div class=\"elementor-divider\">\n\t\t\t<span class=\"elementor-divider-separator\">\n\t\t\t\t\t\t<\/span>\n\t\t<\/div>\n\t\t\t\t\t\t<\/div>\n\t\t\t\t<\/div>\n\t\t\t\t<div class=\"elementor-element elementor-element-6a8cd19 elementor-widget elementor-widget-text-editor\" data-id=\"6a8cd19\" data-element_type=\"widget\" data-e-type=\"widget\" data-widget_type=\"text-editor.default\">\n\t\t\t\t<div class=\"elementor-widget-container\">\n\t\t\t\t\t\t\t\t\t<p data-start=\"128\" data-end=\"404\">El bloque <strong data-start=\"138\" data-end=\"166\">Indicadores clave (KPIs)<\/strong> te muestra m\u00e9tricas esenciales que reflejan tu productividad y el uso que haces de Rembrr. Su objetivo es ayudarte a visualizar tu progreso, identificar oportunidades de mejora y tomar decisiones m\u00e1s informadas en tu organizaci\u00f3n diaria.<\/p>\t\t\t\t\t\t\t\t<\/div>\n\t\t\t\t<\/div>\n\t\t\t\t<div class=\"elementor-element elementor-element-0d6632c elementor-widget elementor-widget-heading\" data-id=\"0d6632c\" data-element_type=\"widget\" data-e-type=\"widget\" data-widget_type=\"heading.default\">\n\t\t\t\t<div class=\"elementor-widget-container\">\n\t\t\t\t\t<h2 class=\"elementor-heading-title elementor-size-default\">1. \u00bfD\u00f3nde encuentro \u201cIndicadores clave (KPIs)\u201d?<\/h2>\t\t\t\t<\/div>\n\t\t\t\t<\/div>\n\t\t\t\t<div class=\"elementor-element elementor-element-84c645c elementor-widget elementor-widget-text-editor\" data-id=\"84c645c\" data-element_type=\"widget\" data-e-type=\"widget\" data-widget_type=\"text-editor.default\">\n\t\t\t\t<div class=\"elementor-widget-container\">\n\t\t\t\t\t\t\t\t\t<ul><li data-start=\"466\" data-end=\"493\"><p data-start=\"469\" data-end=\"493\">Abre la app de Rembrr.<\/p><\/li><li data-start=\"494\" data-end=\"543\"><p data-start=\"497\" data-end=\"543\">Desde la barra inferior, toca <strong data-start=\"527\" data-end=\"540\">Dashboard<\/strong>.<\/p><\/li><li data-start=\"544\" data-end=\"660\"><p data-start=\"547\" data-end=\"660\">Despl\u00e1zate hacia abajo hasta encontrar el bloque <strong data-start=\"596\" data-end=\"624\">Indicadores clave (KPIs)<\/strong>, ubicado despu\u00e9s de \u201cFechas clave\u201d.<\/p><\/li><\/ul>\t\t\t\t\t\t\t\t<\/div>\n\t\t\t\t<\/div>\n\t\t\t\t<div class=\"elementor-element elementor-element-6c8641c elementor-widget elementor-widget-heading\" data-id=\"6c8641c\" data-element_type=\"widget\" data-e-type=\"widget\" data-widget_type=\"heading.default\">\n\t\t\t\t<div class=\"elementor-widget-container\">\n\t\t\t\t\t<h2 class=\"elementor-heading-title elementor-size-default\">2. \u00bfQu\u00e9 informaci\u00f3n muestra este bloque?<\/h2>\t\t\t\t<\/div>\n\t\t\t\t<\/div>\n\t\t\t\t<div class=\"elementor-element elementor-element-cdba920 elementor-widget elementor-widget-text-editor\" data-id=\"cdba920\" data-element_type=\"widget\" data-e-type=\"widget\" data-widget_type=\"text-editor.default\">\n\t\t\t\t<div class=\"elementor-widget-container\">\n\t\t\t\t\t\t\t\t\t<p>Los KPIs pueden variar seg\u00fan tu actividad dentro de la app, pero suelen incluir:<\/p><p><strong>Productividad general<\/strong><\/p><p>Un indicador que refleja qu\u00e9 tanto avanzas en tus tareas y eventos dentro de tus tableros.<\/p><p><strong>Tareas completadas vs. tareas pendientes<\/strong><\/p><p>Te permite saber cu\u00e1ntas actividades has completado en un periodo reciente.<\/p><p><strong>Eventos realizados vs. eventos programados<\/strong><\/p><p>Mide el cumplimiento de tus compromisos o reuniones.<\/p><p><strong>Recordatorios atendidos<\/strong><\/p><p>Cu\u00e1ntos recordatorios has marcado como completados o gestionados.<\/p><p><strong>Uso del asistente por voz<\/strong><\/p><p>Mide la frecuencia con la que interact\u00faas con comandos o sugerencias del asistente (opcional seg\u00fan versi\u00f3n).<\/p>\t\t\t\t\t\t\t\t<\/div>\n\t\t\t\t<\/div>\n\t\t\t\t<div class=\"elementor-element elementor-element-e862d70 elementor-widget elementor-widget-heading\" data-id=\"e862d70\" data-element_type=\"widget\" data-e-type=\"widget\" data-widget_type=\"heading.default\">\n\t\t\t\t<div class=\"elementor-widget-container\">\n\t\t\t\t\t<h2 class=\"elementor-heading-title elementor-size-default\">3. C\u00f3mo interpretar los KPIs<\/h2>\t\t\t\t<\/div>\n\t\t\t\t<\/div>\n\t\t\t\t<div class=\"elementor-element elementor-element-66e1fc8 elementor-widget elementor-widget-text-editor\" data-id=\"66e1fc8\" data-element_type=\"widget\" data-e-type=\"widget\" data-widget_type=\"text-editor.default\">\n\t\t\t\t<div class=\"elementor-widget-container\">\n\t\t\t\t\t\t\t\t\t<p data-start=\"1647\" data-end=\"1697\">Los KPIs est\u00e1n dise\u00f1ados para ayudarte a entender:<\/p><ul data-start=\"1699\" data-end=\"1927\"><li data-start=\"1699\" data-end=\"1758\"><p data-start=\"1701\" data-end=\"1758\">Si tu productividad est\u00e1 aumentando o disminuyendo.<\/p><\/li><li data-start=\"1759\" data-end=\"1817\"><p data-start=\"1761\" data-end=\"1817\">Si necesitas enfocarte m\u00e1s en tareas o en eventos.<\/p><\/li><li data-start=\"1818\" data-end=\"1872\"><p data-start=\"1820\" data-end=\"1872\">Si tienes muchas tareas pendientes acumuladas.<\/p><\/li><li data-start=\"1873\" data-end=\"1927\"><p data-start=\"1875\" data-end=\"1927\">Si est\u00e1s usando el asistente de manera efectiva.<\/p><\/li><\/ul><p data-start=\"1929\" data-end=\"1969\">Una lectura r\u00e1pida te permite responder:<\/p><blockquote data-start=\"1971\" data-end=\"2024\"><p data-start=\"1973\" data-end=\"2024\">\u201c\u00bfEstoy progresando bien o necesito reorganizarme?\u201d<\/p><\/blockquote>\t\t\t\t\t\t\t\t<\/div>\n\t\t\t\t<\/div>\n\t\t\t\t<div class=\"elementor-element elementor-element-82c82c1 elementor-widget elementor-widget-heading\" data-id=\"82c82c1\" data-element_type=\"widget\" data-e-type=\"widget\" data-widget_type=\"heading.default\">\n\t\t\t\t<div class=\"elementor-widget-container\">\n\t\t\t\t\t<h2 class=\"elementor-heading-title elementor-size-default\">4. Acciones que puedes tomar desde aqu\u00ed<\/h2>\t\t\t\t<\/div>\n\t\t\t\t<\/div>\n\t\t\t\t<div class=\"elementor-element elementor-element-eb17661 elementor-widget elementor-widget-text-editor\" data-id=\"eb17661\" data-element_type=\"widget\" data-e-type=\"widget\" data-widget_type=\"text-editor.default\">\n\t\t\t\t<div class=\"elementor-widget-container\">\n\t\t\t\t\t\t\t\t\t<p data-start=\"2078\" data-end=\"2109\">Desde el bloque de KPIs puedes:<\/p><ul data-start=\"2111\" data-end=\"2355\"><li data-start=\"2111\" data-end=\"2169\"><p data-start=\"2113\" data-end=\"2169\">Entrar a tus tableros para completar tareas atrasadas.<\/p><\/li><li data-start=\"2170\" data-end=\"2214\"><p data-start=\"2172\" data-end=\"2214\">Reprogramar eventos pr\u00f3ximos o vencidos.<\/p><\/li><li data-start=\"2215\" data-end=\"2278\"><p data-start=\"2217\" data-end=\"2278\">Usar el asistente por voz para solicitar un resumen diario.<\/p><\/li><li data-start=\"2279\" data-end=\"2355\"><p data-start=\"2281\" data-end=\"2355\">Ajustar tus h\u00e1bitos de uso de Rembrr seg\u00fan lo que los indicadores revelen.<\/p><\/li><\/ul><blockquote data-start=\"2357\" data-end=\"2545\"><p data-start=\"2359\" data-end=\"2545\"><em data-start=\"2362\" data-end=\"2381\">Ejemplo pr\u00e1ctico:<\/em><br data-start=\"2381\" data-end=\"2384\" \/>Si tu KPI muestra muchas tareas pendientes, puedes decir:<br data-start=\"2443\" data-end=\"2446\" \/><strong data-start=\"2448\" data-end=\"2492\">\u201cRembrr, mu\u00e9strame mis tareas atrasadas\u201d<\/strong><br data-start=\"2492\" data-end=\"2495\" \/>o<br data-start=\"2498\" data-end=\"2501\" \/><strong data-start=\"2503\" data-end=\"2545\">\u201cReorganiza mis tareas por prioridad.\u201d<\/strong><\/p><\/blockquote>\t\t\t\t\t\t\t\t<\/div>\n\t\t\t\t<\/div>\n\t\t\t\t<div class=\"elementor-element elementor-element-2e5be28 elementor-widget elementor-widget-heading\" data-id=\"2e5be28\" data-element_type=\"widget\" data-e-type=\"widget\" data-widget_type=\"heading.default\">\n\t\t\t\t<div class=\"elementor-widget-container\">\n\t\t\t\t\t<h2 class=\"elementor-heading-title elementor-size-default\">5. Consejos de uso<\/h2>\t\t\t\t<\/div>\n\t\t\t\t<\/div>\n\t\t\t\t<div class=\"elementor-element elementor-element-15efcda elementor-widget elementor-widget-text-editor\" data-id=\"15efcda\" data-element_type=\"widget\" data-e-type=\"widget\" data-widget_type=\"text-editor.default\">\n\t\t\t\t<div class=\"elementor-widget-container\">\n\t\t\t\t\t\t\t\t\t<ul>\n \t<li data-start=\"2580\" data-end=\"2643\">Revisa los KPIs al finalizar el d\u00eda para evaluar tu progreso.<\/li><p>\n \t<li data-start=\"2646\" data-end=\"2699\">\u00dasalo cada lunes para medir c\u00f3mo inicias tu semana.<\/li><p>\n \t<li data-start=\"2702\" data-end=\"2786\">Si un KPI muestra una ca\u00edda notable, revisa tus tableros para ajustar prioridades.<\/li><p>\n \t<li data-start=\"2789\" data-end=\"2858\">Recuerda: los KPIs no te juzgan\u2014solo te ayudan a mejorar tus h\u00e1bitos.<\/li><p>\n<\/ul>\t\t\t\t\t\t\t\t<\/div>\n\t\t\t\t<\/div>\n\t\t\t\t<\/div>\n\t\t<div class=\"elementor-element elementor-element-5c2dc0c e-con-full e-flex e-con e-child\" data-id=\"5c2dc0c\" data-element_type=\"container\" data-e-type=\"container\">\n\t\t\t\t<div class=\"elementor-element elementor-element-55a16e3 elementor-widget elementor-widget-table-of-contents\" data-id=\"55a16e3\" data-element_type=\"widget\" data-e-type=\"widget\" data-settings=\"{&quot;headings_by_tags&quot;:[&quot;h2&quot;],&quot;exclude_headings_by_selector&quot;:[],&quot;marker_view&quot;:&quot;bullets&quot;,&quot;icon&quot;:{&quot;value&quot;:&quot;far fa-circle&quot;,&quot;library&quot;:&quot;fa-regular&quot;,&quot;rendered_tag&quot;:&quot;&lt;svg class=\\&quot;e-font-icon-svg e-far-circle\\&quot; viewBox=\\&quot;0 0 512 512\\&quot; xmlns=\\&quot;http:\\\/\\\/www.w3.org\\\/2000\\\/svg\\&quot;&gt;&lt;path d=\\&quot;M256 8C119 8 8 119 8 256s111 248 248 248 248-111 248-248S393 8 256 8zm0 448c-110.5 0-200-89.5-200-200S145.5 56 256 56s200 89.5 200 200-89.5 200-200 200z\\&quot;&gt;&lt;\\\/path&gt;&lt;\\\/svg&gt;&quot;},&quot;no_headings_message&quot;:&quot;No se ha encontrado ning\\u00fan encabezado en esta p\\u00e1gina.&quot;,&quot;hierarchical_view&quot;:&quot;yes&quot;,&quot;min_height&quot;:{&quot;unit&quot;:&quot;px&quot;,&quot;size&quot;:&quot;&quot;,&quot;sizes&quot;:[]},&quot;min_height_widescreen&quot;:{&quot;unit&quot;:&quot;px&quot;,&quot;size&quot;:&quot;&quot;,&quot;sizes&quot;:[]},&quot;min_height_laptop&quot;:{&quot;unit&quot;:&quot;px&quot;,&quot;size&quot;:&quot;&quot;,&quot;sizes&quot;:[]},&quot;min_height_tablet_extra&quot;:{&quot;unit&quot;:&quot;px&quot;,&quot;size&quot;:&quot;&quot;,&quot;sizes&quot;:[]},&quot;min_height_tablet&quot;:{&quot;unit&quot;:&quot;px&quot;,&quot;size&quot;:&quot;&quot;,&quot;sizes&quot;:[]},&quot;min_height_mobile_extra&quot;:{&quot;unit&quot;:&quot;px&quot;,&quot;size&quot;:&quot;&quot;,&quot;sizes&quot;:[]},&quot;min_height_mobile&quot;:{&quot;unit&quot;:&quot;px&quot;,&quot;size&quot;:&quot;&quot;,&quot;sizes&quot;:[]}}\" data-widget_type=\"table-of-contents.default\">\n\t\t\t\t<div class=\"elementor-widget-container\">\n\t\t\t\t\t\t\t\t\t<div class=\"elementor-toc__header\">\n\t\t\t\t\t\t<h2 class=\"elementor-toc__header-title\">\n\t\t\t\tEn esta p\u00e1gina\t\t\t<\/h2>\n\t\t\t\t\t\t\t\t<\/div>\n\t\t\t\t<div id=\"elementor-toc__55a16e3\" class=\"elementor-toc__body\">\n\t\t\t<div class=\"elementor-toc__spinner-container\">\n\t\t\t\t<svg class=\"elementor-toc__spinner eicon-animation-spin e-font-icon-svg e-eicon-loading\" aria-hidden=\"true\" viewBox=\"0 0 1000 1000\" xmlns=\"http:\/\/www.w3.org\/2000\/svg\"><path d=\"M500 975V858C696 858 858 696 858 500S696 142 500 142 142 304 142 500H25C25 237 238 25 500 25S975 237 975 500 763 975 500 975Z\"><\/path><\/svg>\t\t\t<\/div>\n\t\t<\/div>\n\t\t\t\t\t\t<\/div>\n\t\t\t\t<\/div>\n\t\t\t\t<\/div>\n\t\t\t\t\t<\/div>\n\t\t\t\t<\/div>\n\t\t\t\t<\/div>\n\t\t","protected":false},"excerpt":{"rendered":"<p>[rank_math_breadcrumb] El bloque Indicadores clave (KPIs) te muestra m\u00e9tricas esenciales que reflejan tu productividad y el uso que haces de Rembrr. Su objetivo es ayudarte a visualizar tu progreso, identificar oportunidades de mejora y tomar decisiones m\u00e1s informadas en tu organizaci\u00f3n diaria. 1. \u00bfD\u00f3nde encuentro \u201cIndicadores clave (KPIs)\u201d? Abre la app de Rembrr. Desde la [&hellip;]<\/p>\n","protected":false},"author":2,"featured_media":0,"parent":1821,"menu_order":0,"comment_status":"closed","ping_status":"closed","template":"elementor_header_footer","meta":{"footnotes":""},"class_list":["post-3607","page","type-page","status-publish","hentry"],"yoast_head":"<!-- This site is optimized with the Yoast SEO plugin v27.0 - https:\/\/yoast.com\/product\/yoast-seo-wordpress\/ -->\n<title>Indicadores clave (KPIs) - Rembrr<\/title>\n<meta name=\"robots\" content=\"index, follow, max-snippet:-1, max-image-preview:large, max-video-preview:-1\" \/>\n<link rel=\"canonical\" href=\"https:\/\/rembrr.com\/pt\/help\/funciones-clave\/indicadores-clave-kpis\/\" \/>\n<meta property=\"og:locale\" content=\"pt_BR\" \/>\n<meta property=\"og:type\" content=\"article\" \/>\n<meta property=\"og:title\" content=\"Indicadores clave (KPIs) - Rembrr\" \/>\n<meta property=\"og:description\" content=\"[rank_math_breadcrumb] El bloque Indicadores clave (KPIs) te muestra m\u00e9tricas esenciales que reflejan tu productividad y el uso que haces de Rembrr. Su objetivo es ayudarte a visualizar tu progreso, identificar oportunidades de mejora y tomar decisiones m\u00e1s informadas en tu organizaci\u00f3n diaria. 1. \u00bfD\u00f3nde encuentro \u201cIndicadores clave (KPIs)\u201d? Abre la app de Rembrr. Desde la [&hellip;]\" \/>\n<meta property=\"og:url\" content=\"https:\/\/rembrr.com\/pt\/help\/funciones-clave\/indicadores-clave-kpis\/\" \/>\n<meta property=\"og:site_name\" content=\"Rembrr\" \/>\n<meta property=\"article:modified_time\" content=\"2025-12-07T16:20:10+00:00\" \/>\n<meta name=\"twitter:card\" content=\"summary_large_image\" \/>\n<meta name=\"twitter:label1\" content=\"Est. tempo de leitura\" \/>\n\t<meta name=\"twitter:data1\" content=\"2 minutos\" \/>\n<script type=\"application\/ld+json\" class=\"yoast-schema-graph\">{\"@context\":\"https:\/\/schema.org\",\"@graph\":[{\"@type\":\"WebPage\",\"@id\":\"https:\/\/rembrr.com\/help\/funciones-clave\/indicadores-clave-kpis\/\",\"url\":\"https:\/\/rembrr.com\/help\/funciones-clave\/indicadores-clave-kpis\/\",\"name\":\"Indicadores clave (KPIs) - Rembrr\",\"isPartOf\":{\"@id\":\"https:\/\/rembrr.com\/#website\"},\"datePublished\":\"2025-11-30T16:18:52+00:00\",\"dateModified\":\"2025-12-07T16:20:10+00:00\",\"breadcrumb\":{\"@id\":\"https:\/\/rembrr.com\/help\/funciones-clave\/indicadores-clave-kpis\/#breadcrumb\"},\"inLanguage\":\"pt-BR\",\"potentialAction\":[{\"@type\":\"ReadAction\",\"target\":[\"https:\/\/rembrr.com\/help\/funciones-clave\/indicadores-clave-kpis\/\"]}]},{\"@type\":\"BreadcrumbList\",\"@id\":\"https:\/\/rembrr.com\/help\/funciones-clave\/indicadores-clave-kpis\/#breadcrumb\",\"itemListElement\":[{\"@type\":\"ListItem\",\"position\":1,\"name\":\"Portada\",\"item\":\"https:\/\/rembrr.com\/\"},{\"@type\":\"ListItem\",\"position\":2,\"name\":\"Help\",\"item\":\"https:\/\/rembrr.com\/help\/\"},{\"@type\":\"ListItem\",\"position\":3,\"name\":\"Funciones clave\",\"item\":\"https:\/\/rembrr.com\/help\/funciones-clave\/\"},{\"@type\":\"ListItem\",\"position\":4,\"name\":\"Indicadores clave (KPIs)\"}]},{\"@type\":\"WebSite\",\"@id\":\"https:\/\/rembrr.com\/#website\",\"url\":\"https:\/\/rembrr.com\/\",\"name\":\"Rembrr\",\"description\":\"Logra m\u00e1s\",\"publisher\":{\"@id\":\"https:\/\/rembrr.com\/#organization\"},\"potentialAction\":[{\"@type\":\"SearchAction\",\"target\":{\"@type\":\"EntryPoint\",\"urlTemplate\":\"https:\/\/rembrr.com\/?s={search_term_string}\"},\"query-input\":{\"@type\":\"PropertyValueSpecification\",\"valueRequired\":true,\"valueName\":\"search_term_string\"}}],\"inLanguage\":\"pt-BR\"},{\"@type\":\"Organization\",\"@id\":\"https:\/\/rembrr.com\/#organization\",\"name\":\"Rembrr\",\"url\":\"https:\/\/rembrr.com\/\",\"logo\":{\"@type\":\"ImageObject\",\"inLanguage\":\"pt-BR\",\"@id\":\"https:\/\/rembrr.com\/#\/schema\/logo\/image\/\",\"url\":\"https:\/\/rembrr.com\/wp-content\/uploads\/2025\/06\/logo-horizontal.webp\",\"contentUrl\":\"https:\/\/rembrr.com\/wp-content\/uploads\/2025\/06\/logo-horizontal.webp\",\"width\":500,\"height\":112,\"caption\":\"Rembrr\"},\"image\":{\"@id\":\"https:\/\/rembrr.com\/#\/schema\/logo\/image\/\"}}]}<\/script>\n<!-- \/ Yoast SEO plugin. -->","yoast_head_json":{"title":"Indicadores clave (KPIs) - Rembrr","robots":{"index":"index","follow":"follow","max-snippet":"max-snippet:-1","max-image-preview":"max-image-preview:large","max-video-preview":"max-video-preview:-1"},"canonical":"https:\/\/rembrr.com\/pt\/help\/funciones-clave\/indicadores-clave-kpis\/","og_locale":"pt_BR","og_type":"article","og_title":"Indicadores clave (KPIs) - Rembrr","og_description":"[rank_math_breadcrumb] El bloque Indicadores clave (KPIs) te muestra m\u00e9tricas esenciales que reflejan tu productividad y el uso que haces de Rembrr. Su objetivo es ayudarte a visualizar tu progreso, identificar oportunidades de mejora y tomar decisiones m\u00e1s informadas en tu organizaci\u00f3n diaria. 1. \u00bfD\u00f3nde encuentro \u201cIndicadores clave (KPIs)\u201d? Abre la app de Rembrr. Desde la [&hellip;]","og_url":"https:\/\/rembrr.com\/pt\/help\/funciones-clave\/indicadores-clave-kpis\/","og_site_name":"Rembrr","article_modified_time":"2025-12-07T16:20:10+00:00","twitter_card":"summary_large_image","twitter_misc":{"Est. tempo de leitura":"2 minutos"},"schema":{"@context":"https:\/\/schema.org","@graph":[{"@type":"WebPage","@id":"https:\/\/rembrr.com\/help\/funciones-clave\/indicadores-clave-kpis\/","url":"https:\/\/rembrr.com\/help\/funciones-clave\/indicadores-clave-kpis\/","name":"Indicadores clave (KPIs) - Rembrr","isPartOf":{"@id":"https:\/\/rembrr.com\/#website"},"datePublished":"2025-11-30T16:18:52+00:00","dateModified":"2025-12-07T16:20:10+00:00","breadcrumb":{"@id":"https:\/\/rembrr.com\/help\/funciones-clave\/indicadores-clave-kpis\/#breadcrumb"},"inLanguage":"pt-BR","potentialAction":[{"@type":"ReadAction","target":["https:\/\/rembrr.com\/help\/funciones-clave\/indicadores-clave-kpis\/"]}]},{"@type":"BreadcrumbList","@id":"https:\/\/rembrr.com\/help\/funciones-clave\/indicadores-clave-kpis\/#breadcrumb","itemListElement":[{"@type":"ListItem","position":1,"name":"Portada","item":"https:\/\/rembrr.com\/"},{"@type":"ListItem","position":2,"name":"Help","item":"https:\/\/rembrr.com\/help\/"},{"@type":"ListItem","position":3,"name":"Funciones clave","item":"https:\/\/rembrr.com\/help\/funciones-clave\/"},{"@type":"ListItem","position":4,"name":"Indicadores clave (KPIs)"}]},{"@type":"WebSite","@id":"https:\/\/rembrr.com\/#website","url":"https:\/\/rembrr.com\/","name":"Rembrr","description":"Logra m\u00e1s","publisher":{"@id":"https:\/\/rembrr.com\/#organization"},"potentialAction":[{"@type":"SearchAction","target":{"@type":"EntryPoint","urlTemplate":"https:\/\/rembrr.com\/?s={search_term_string}"},"query-input":{"@type":"PropertyValueSpecification","valueRequired":true,"valueName":"search_term_string"}}],"inLanguage":"pt-BR"},{"@type":"Organization","@id":"https:\/\/rembrr.com\/#organization","name":"Rembrr","url":"https:\/\/rembrr.com\/","logo":{"@type":"ImageObject","inLanguage":"pt-BR","@id":"https:\/\/rembrr.com\/#\/schema\/logo\/image\/","url":"https:\/\/rembrr.com\/wp-content\/uploads\/2025\/06\/logo-horizontal.webp","contentUrl":"https:\/\/rembrr.com\/wp-content\/uploads\/2025\/06\/logo-horizontal.webp","width":500,"height":112,"caption":"Rembrr"},"image":{"@id":"https:\/\/rembrr.com\/#\/schema\/logo\/image\/"}}]}},"_links":{"self":[{"href":"https:\/\/rembrr.com\/pt\/wp-json\/wp\/v2\/pages\/3607","targetHints":{"allow":["GET"]}}],"collection":[{"href":"https:\/\/rembrr.com\/pt\/wp-json\/wp\/v2\/pages"}],"about":[{"href":"https:\/\/rembrr.com\/pt\/wp-json\/wp\/v2\/types\/page"}],"author":[{"embeddable":true,"href":"https:\/\/rembrr.com\/pt\/wp-json\/wp\/v2\/users\/2"}],"replies":[{"embeddable":true,"href":"https:\/\/rembrr.com\/pt\/wp-json\/wp\/v2\/comments?post=3607"}],"version-history":[{"count":19,"href":"https:\/\/rembrr.com\/pt\/wp-json\/wp\/v2\/pages\/3607\/revisions"}],"predecessor-version":[{"id":3903,"href":"https:\/\/rembrr.com\/pt\/wp-json\/wp\/v2\/pages\/3607\/revisions\/3903"}],"up":[{"embeddable":true,"href":"https:\/\/rembrr.com\/pt\/wp-json\/wp\/v2\/pages\/1821"}],"wp:attachment":[{"href":"https:\/\/rembrr.com\/pt\/wp-json\/wp\/v2\/media?parent=3607"}],"curies":[{"name":"wp","href":"https:\/\/api.w.org\/{rel}","templated":true}]}}