{"id":4835,"date":"2026-01-06T09:41:14","date_gmt":"2026-01-06T14:41:14","guid":{"rendered":"https:\/\/rembrr.com\/?page_id=4835"},"modified":"2026-03-15T22:23:23","modified_gmt":"2026-03-16T03:23:23","slug":"soporte-empresas","status":"publish","type":"page","link":"https:\/\/rembrr.com\/pt\/help\/cuenta-soporte\/soporte-empresas\/","title":{"rendered":"Soporte empresas"},"content":{"rendered":"<div data-elementor-type=\"wp-page\" data-elementor-id=\"4835\" class=\"elementor elementor-4835\" data-elementor-post-type=\"page\">\n\t\t\t\t<div class=\"elementor-element elementor-element-325b32d e-flex e-con-boxed e-con e-parent\" data-id=\"325b32d\" data-element_type=\"container\" data-e-type=\"container\">\n\t\t\t\t\t<div class=\"e-con-inner\">\n\t\t\t\t<div class=\"elementor-element elementor-element-e86e562 elementor-widget elementor-widget-breadcrumbs\" data-id=\"e86e562\" data-element_type=\"widget\" data-e-type=\"widget\" data-widget_type=\"breadcrumbs.default\">\n\t\t\t\t<div class=\"elementor-widget-container\">\n\t\t\t\t\t<p id=\"breadcrumbs\"><span><span><a href=\"https:\/\/rembrr.com\/pt\/\">Portada<\/a><\/span><\/span><\/p>\t\t\t\t<\/div>\n\t\t\t\t<\/div>\n\t\t<div class=\"elementor-element elementor-element-e22c02a e-con-full e-flex e-con e-child\" data-id=\"e22c02a\" data-element_type=\"container\" data-e-type=\"container\">\n\t\t\t\t<div class=\"elementor-element elementor-element-c042e63 elementor-widget__width-initial elementor-view-default elementor-widget elementor-widget-icon\" data-id=\"c042e63\" data-element_type=\"widget\" data-e-type=\"widget\" data-widget_type=\"icon.default\">\n\t\t\t\t<div class=\"elementor-widget-container\">\n\t\t\t\t\t\t\t<div class=\"elementor-icon-wrapper\">\n\t\t\t<div class=\"elementor-icon\">\n\t\t\t<svg xmlns=\"http:\/\/www.w3.org\/2000\/svg\" xmlns:xlink=\"http:\/\/www.w3.org\/1999\/xlink\" id=\"Capa_1\" x=\"0px\" y=\"0px\" viewbox=\"0 0 50 50\" style=\"enable-background:new 0 0 50 50;\" xml:space=\"preserve\"><path style=\"fill:none;stroke:#4E4D4D;stroke-width:1.5;stroke-miterlimit:10;\" d=\"M8.2,44.7V16.5c0-1.1,0.6-2.1,1.5-2.6l13.2-7.4 C23.9,6,25,6.6,25,7.7v37H8.2z\"><\/path><path style=\"fill:none;stroke:#4E4D4D;stroke-width:1.5;stroke-miterlimit:10;\" d=\"M41.8,44.7V24.2c0-1.3-0.8-2.4-2-2.8L25,15.9 v28.8H41.8z\"><\/path><line style=\"fill:none;stroke:#4E4D4D;stroke-width:1.5;stroke-linecap:round;stroke-linejoin:round;stroke-miterlimit:10;\" x1=\"11.8\" y1=\"19.4\" x2=\"25\" y2=\"19.4\"><\/line><line style=\"fill:none;stroke:#4E4D4D;stroke-width:1.5;stroke-linecap:round;stroke-linejoin:round;stroke-miterlimit:10;\" x1=\"11.8\" y1=\"23\" x2=\"25\" y2=\"23\"><\/line><line style=\"fill:none;stroke:#4E4D4D;stroke-width:1.5;stroke-linecap:round;stroke-linejoin:round;stroke-miterlimit:10;\" x1=\"11.8\" y1=\"26.7\" x2=\"25\" y2=\"26.7\"><\/line><\/svg>\t\t\t<\/div>\n\t\t<\/div>\n\t\t\t\t\t\t<\/div>\n\t\t\t\t<\/div>\n\t\t\t\t<div class=\"elementor-element elementor-element-0b92fa7 elementor-widget__width-initial elementor-widget elementor-widget-heading\" data-id=\"0b92fa7\" data-element_type=\"widget\" data-e-type=\"widget\" data-widget_type=\"heading.default\">\n\t\t\t\t<div class=\"elementor-widget-container\">\n\t\t\t\t\t<h2 class=\"elementor-heading-title elementor-size-default\">Suporte para Empresas<\/h2>\t\t\t\t<\/div>\n\t\t\t\t<\/div>\n\t\t<div class=\"elementor-element elementor-element-26e3e5d e-con-full e-flex e-con e-child\" data-id=\"26e3e5d\" data-element_type=\"container\" data-e-type=\"container\">\n\t\t\t\t<div class=\"elementor-element elementor-element-5df8355 elementor-widget__width-initial elementor-view-default elementor-position-block-start elementor-mobile-position-block-start elementor-widget elementor-widget-icon-box\" data-id=\"5df8355\" data-element_type=\"widget\" data-e-type=\"widget\" data-widget_type=\"icon-box.default\">\n\t\t\t\t<div class=\"elementor-widget-container\">\n\t\t\t\t\t\t\t<div class=\"elementor-icon-box-wrapper\">\n\n\t\t\t\t\t\t<div class=\"elementor-icon-box-icon\">\n\t\t\t\t<a href=\"#elementor-action%3Aaction%3Dpopup%3Aopen%26settings%3DeyJpZCI6IjUwMTgiLCJ0b2dnbGUiOmZhbHNlfQ%3D%3D\" class=\"elementor-icon\" tabindex=\"-1\" aria-label=\"Consultas gerais\">\n\t\t\t\t<svg xmlns=\"http:\/\/www.w3.org\/2000\/svg\" xmlns:xlink=\"http:\/\/www.w3.org\/1999\/xlink\" id=\"Capa_1\" x=\"0px\" y=\"0px\" viewbox=\"0 0 50 50\" xml:space=\"preserve\"><g>\t<g>\t\t<path fill=\"#4E4D4D\" d=\"M46.9,47.7c-0.4,0-0.7-0.1-1-0.3L41,43.9H22.3c-2,0-3.7-1.7-3.7-3.7V28.1c0-2,1.7-3.7,3.7-3.7h22.6   c2,0,3.7,1.7,3.7,3.7V46c0,0.7-0.4,1.3-1,1.6C47.4,47.7,47.1,47.7,46.9,47.7z M22.3,26.1c-1.1,0-2,0.9-2,2v12.1c0,1.1,0.9,2,2,2   h19.2l5.3,3.8h0.1c0.1,0,0.1,0,0.1,0V28.1c0-1.1-0.9-2-2-2H22.3z\"><\/path>\t<\/g>\t<g>\t\t<path fill=\"#4E4D4D\" d=\"M4.4,26.8c-0.3,0-0.6-0.1-0.8-0.2c-0.6-0.3-1-0.9-1-1.6V7.2c0-2,1.7-3.7,3.7-3.7h22.6c2,0,3.7,1.7,3.7,3.7   v12.1c0,2-1.7,3.7-3.7,3.7H10.2l-4.8,3.5C5.1,26.7,4.7,26.8,4.4,26.8z M6.3,5.2c-1.1,0-2,0.9-2,2V25c0,0,0,0.1,0.1,0.1   s0.1,0,0.1,0l5.3-3.8H29c1.1,0,2-0.9,2-2V7.2c0-1.1-0.9-2-2-2H6.3z\"><\/path>\t<\/g>\t<g>\t\t<g>\t\t\t<circle fill=\"#4E4D4D\" cx=\"10.7\" cy=\"13\" r=\"2.2\"><\/circle>\t\t<\/g>\t\t<g>\t\t\t<circle fill=\"#4E4D4D\" cx=\"17.6\" cy=\"13\" r=\"2.2\"><\/circle>\t\t<\/g>\t\t<g>\t\t\t<circle fill=\"#4E4D4D\" cx=\"24.6\" cy=\"13\" r=\"2.2\"><\/circle>\t\t<\/g>\t<\/g>\t<g>\t\t<g>\t\t\t<path fill=\"#4E4D4D\" d=\"M34.1,29.4c0.8,0,1.5,0.1,2.1,0.3c0.6,0.2,1.1,0.6,1.4,1c0.3,0.4,0.5,1,0.5,1.6c0,0.7-0.1,1.2-0.4,1.6    c-0.3,0.4-0.7,0.7-1.1,0.9c-0.5,0.2-1,0.4-1.6,0.4l-0.1,1.5h-2v-2.5c0.7-0.1,1.3-0.2,1.7-0.4c0.4-0.1,0.7-0.3,0.9-0.6    s0.3-0.5,0.3-0.8s-0.1-0.6-0.2-0.8c-0.1-0.2-0.3-0.4-0.6-0.5s-0.6-0.2-1-0.2c-0.6,0-1,0.2-1.4,0.5c-0.3,0.3-0.5,0.8-0.6,1.4    L29.9,32c0.1-0.6,0.4-1.1,0.7-1.5c0.3-0.4,0.8-0.8,1.4-1C32.5,29.6,33.3,29.4,34.1,29.4z M33.9,38c0.4,0,0.8,0.1,1,0.3    c0.3,0.2,0.4,0.5,0.4,0.9s-0.1,0.7-0.4,0.9c-0.3,0.2-0.6,0.3-1,0.3s-0.8-0.1-1-0.3c-0.3-0.2-0.4-0.5-0.4-0.9s0.1-0.7,0.4-0.9    C33.1,38.1,33.4,38,33.9,38z\"><\/path>\t\t<\/g>\t<\/g><\/g><\/svg>\t\t\t\t<\/a>\n\t\t\t<\/div>\n\t\t\t\n\t\t\t\t\t\t<div class=\"elementor-icon-box-content\">\n\n\t\t\t\t\t\t\t\t\t<h3 class=\"elementor-icon-box-title\">\n\t\t\t\t\t\t<a href=\"#elementor-action%3Aaction%3Dpopup%3Aopen%26settings%3DeyJpZCI6IjUwMTgiLCJ0b2dnbGUiOmZhbHNlfQ%3D%3D\" >\n\t\t\t\t\t\t\tConsultas gerais\t\t\t\t\t\t<\/a>\n\t\t\t\t\t<\/h3>\n\t\t\t\t\n\t\t\t\t\t\t\t\t\t<p class=\"elementor-icon-box-description\">\n\t\t\t\t\t\tObtenha respostas r\u00e1pidas para suas perguntas antes de realizar uma compra. Estamos aqui para ajudar!\t\t\t\t\t<\/p>\n\t\t\t\t\n\t\t\t<\/div>\n\t\t\t\n\t\t<\/div>\n\t\t\t\t\t\t<\/div>\n\t\t\t\t<\/div>\n\t\t\t\t<div class=\"elementor-element elementor-element-4b92aec elementor-widget__width-initial elementor-view-default elementor-position-block-start elementor-mobile-position-block-start elementor-widget elementor-widget-icon-box\" data-id=\"4b92aec\" data-element_type=\"widget\" data-e-type=\"widget\" data-widget_type=\"icon-box.default\">\n\t\t\t\t<div class=\"elementor-widget-container\">\n\t\t\t\t\t\t\t<div class=\"elementor-icon-box-wrapper\">\n\n\t\t\t\t\t\t<div class=\"elementor-icon-box-icon\">\n\t\t\t\t<a href=\"#elementor-action%3Aaction%3Dpopup%3Aopen%26settings%3DeyJpZCI6IjQ4NjUiLCJ0b2dnbGUiOmZhbHNlfQ%3D%3D\" class=\"elementor-icon\" tabindex=\"-1\" aria-label=\"Vendas e faturamento\">\n\t\t\t\t<svg xmlns=\"http:\/\/www.w3.org\/2000\/svg\" xmlns:xlink=\"http:\/\/www.w3.org\/1999\/xlink\" id=\"Capa_1\" x=\"0px\" y=\"0px\" viewbox=\"0 0 50 50\" xml:space=\"preserve\"><g>\t<path fill=\"#4E4D4D\" d=\"M40.8,8.6c0-2.2-1.8-3.9-3.9-3.9H13.1c-2.2,0-4,1.8-4,4v35.9c0,0.4,0.3,0.8,0.8,0.8h23.9  c0.4,0,0.8-0.3,0.8-0.8V23.4h6.3L40.8,8.6L40.8,8.6z M33,43.8H10.7V8.7c0-1.4,1.1-2.5,2.5-2.5h20.7C33.4,6.8,33,7.7,33,8.6V43.8z   M39.3,21.9h-4.8V8.6c0-1.3,1.1-2.4,2.4-2.4c1.3,0,2.4,1.1,2.4,2.4C39.3,8.6,39.3,21.9,39.3,21.9z\"><\/path>\t<g>\t\t<path fill=\"#4E4D4D\" d=\"M21.8,10.8c-3.1,0-5.6,2.5-5.6,5.6s2.5,5.6,5.6,5.6s5.6-2.5,5.6-5.6S24.9,10.8,21.8,10.8z M22.6,16.1   c0.6,0.1,1.1,0.3,1.4,0.6c0.3,0.3,0.4,0.6,0.4,1.1c0,0.4-0.1,0.8-0.3,1.1c-0.2,0.3-0.5,0.5-0.9,0.7c-0.3,0.1-0.6,0.2-0.9,0.2v1   h-0.9v-1c-0.3,0-0.5-0.1-0.8-0.1c-0.4-0.1-0.7-0.3-1-0.4s-0.5-0.4-0.7-0.7l0.8-0.9c0.1,0.2,0.3,0.4,0.6,0.6   c0.2,0.2,0.5,0.3,0.8,0.4c0.1,0,0.2,0.1,0.4,0.1V17l-0.4-0.1c-0.4-0.1-0.7-0.2-1-0.4s-0.5-0.3-0.6-0.6S19,15.5,19,15.2   c0-0.4,0.1-0.7,0.3-1c0.2-0.3,0.5-0.5,0.9-0.7c0.3-0.1,0.6-0.2,1-0.2v-1h0.9v1c0.4,0,0.7,0.1,1.1,0.3s0.8,0.5,1.1,0.9l-0.7,0.8   c-0.3-0.3-0.6-0.6-0.9-0.8c-0.2-0.1-0.4-0.1-0.6-0.2V16L22.6,16.1z\"><\/path>\t\t<path fill=\"#4E4D4D\" d=\"M22.2,18.8c0.2,0,0.4-0.1,0.6-0.2s0.4-0.3,0.4-0.6c0-0.2-0.1-0.3-0.2-0.4s-0.4-0.2-0.7-0.3h-0.1   C22.2,17.3,22.2,18.8,22.2,18.8z\"><\/path>\t\t<path fill=\"#4E4D4D\" d=\"M20.5,14.6c-0.1,0.1-0.1,0.3-0.1,0.4c0,0.1,0,0.2,0.1,0.3s0.2,0.2,0.3,0.3c0.1,0.1,0.3,0.1,0.5,0.2v-1.5   c-0.1,0-0.3,0-0.4,0.1C20.7,14.4,20.5,14.5,20.5,14.6z\"><\/path>\t<\/g>\t<g>\t\t<path fill=\"#4E4D4D\" d=\"M30.1,27.9H13.7c-0.4,0-0.8-0.3-0.8-0.8s0.3-0.8,0.8-0.8h16.4c0.4,0,0.8,0.3,0.8,0.8S30.5,27.9,30.1,27.9z   \"><\/path>\t<\/g>\t<g>\t\t<path fill=\"#4E4D4D\" d=\"M30.1,32.2H13.7c-0.4,0-0.8-0.3-0.8-0.8s0.3-0.8,0.8-0.8h16.4c0.4,0,0.8,0.3,0.8,0.8S30.5,32.2,30.1,32.2z   \"><\/path>\t<\/g>\t<g>\t\t<path fill=\"#4E4D4D\" d=\"M30.1,36.4H13.7c-0.4,0-0.8-0.3-0.8-0.8s0.3-0.8,0.8-0.8h16.4c0.4,0,0.8,0.3,0.8,0.8S30.5,36.4,30.1,36.4z   \"><\/path>\t<\/g><\/g><\/svg>\t\t\t\t<\/a>\n\t\t\t<\/div>\n\t\t\t\n\t\t\t\t\t\t<div class=\"elementor-icon-box-content\">\n\n\t\t\t\t\t\t\t\t\t<h3 class=\"elementor-icon-box-title\">\n\t\t\t\t\t\t<a href=\"#elementor-action%3Aaction%3Dpopup%3Aopen%26settings%3DeyJpZCI6IjQ4NjUiLCJ0b2dnbGUiOmZhbHNlfQ%3D%3D\" >\n\t\t\t\t\t\t\tVendas e faturamento\t\t\t\t\t\t<\/a>\n\t\t\t\t\t<\/h3>\n\t\t\t\t\n\t\t\t\t\t\t\t\t\t<p class=\"elementor-icon-box-description\">\n\t\t\t\t\t\tVoc\u00ea tem d\u00favidas sobre sua cobran\u00e7a ou algum problema para acessar sua conta? Nossa equipe est\u00e1 pronta para ajudar.\t\t\t\t\t<\/p>\n\t\t\t\t\n\t\t\t<\/div>\n\t\t\t\n\t\t<\/div>\n\t\t\t\t\t\t<\/div>\n\t\t\t\t<\/div>\n\t\t\t\t<div class=\"elementor-element elementor-element-973098c elementor-widget__width-initial elementor-view-default elementor-position-block-start elementor-mobile-position-block-start elementor-widget elementor-widget-icon-box\" data-id=\"973098c\" data-element_type=\"widget\" data-e-type=\"widget\" data-widget_type=\"icon-box.default\">\n\t\t\t\t<div class=\"elementor-widget-container\">\n\t\t\t\t\t\t\t<div class=\"elementor-icon-box-wrapper\">\n\n\t\t\t\t\t\t<div class=\"elementor-icon-box-icon\">\n\t\t\t\t<a href=\"#elementor-action%3Aaction%3Dpopup%3Aopen%26settings%3DeyJpZCI6IjUwMzEiLCJ0b2dnbGUiOmZhbHNlfQ%3D%3D\" class=\"elementor-icon\" tabindex=\"-1\" aria-label=\"Suporte t\u00e9cnico\">\n\t\t\t\t<svg xmlns=\"http:\/\/www.w3.org\/2000\/svg\" xmlns:xlink=\"http:\/\/www.w3.org\/1999\/xlink\" id=\"Capa_1\" x=\"0px\" y=\"0px\" viewbox=\"0 0 50 50\" xml:space=\"preserve\"><g>\t<g>\t\t<path fill=\"#4E4D4D\" d=\"M42.7,43.4h-1.8c-1.6,0-2.9-1.3-2.9-2.9V30.3c0-1.6,1.3-2.9,2.9-2.9h2.7c-0.3-9.3-8-16.8-17.4-16.8   S9,18.1,8.7,27.4h2.7c1.6,0,2.9,1.3,2.9,2.9v10.2c0,1.6-1.3,2.9-2.9,2.9H9.6c-1,0-1.9-0.5-2.4-1.3L5.1,39c-0.3-0.5-0.5-1-0.5-1.6   V28c0-11.9,9.7-21.5,21.5-21.5C38,6.5,47.6,16.2,47.6,28v9.4c0,0.6-0.2,1.1-0.5,1.6L45,42.1C44.5,43,43.6,43.4,42.7,43.4z    M40.9,28.7c-0.9,0-1.6,0.7-1.6,1.6v10.2c0,0.9,0.7,1.6,1.6,1.6h1.8c0.5,0,1-0.3,1.3-0.7l2.1-3.1c0.2-0.3,0.3-0.6,0.3-0.9V28   c0-11.1-9.1-20.2-20.2-20.2S5.9,16.9,5.9,28.1v9.4c0,0.3,0.1,0.6,0.3,0.9l2.1,3.1c0.3,0.4,0.8,0.7,1.3,0.7h1.8   c0.9,0,1.6-0.7,1.6-1.6V30.3c0-0.9-0.7-1.6-1.6-1.6h-4V28c0-10.3,8.4-18.7,18.7-18.7S44.8,17.7,44.8,28v0.7   C44.8,28.7,40.9,28.7,40.9,28.7z\"><\/path>\t<\/g>\t<g>\t\t<path fill=\"#4E4D4D\" d=\"M30.2,43.4H22v-6.1c0-0.5-0.3-1-0.7-1.3c-2-1.5-3.1-3.8-3.1-6.3c0-2.2,0.9-4.4,2.6-5.9   c0.3-0.3,0.8-0.4,1.2-0.2c0.4,0.2,0.7,0.6,0.7,1v5.1c0,0.8,0.6,1.4,1.4,1.4h4.2c0.8,0,1.4-0.6,1.4-1.4v-5.1c0-0.4,0.3-0.8,0.7-1   c0.4-0.2,0.9-0.1,1.2,0.2c1.6,1.5,2.6,3.6,2.6,5.9c0,2.5-1.1,4.8-3.1,6.3c-0.4,0.3-0.7,0.8-0.7,1.3v6.1H30.2z M23.3,42.1h5.6v-4.8   c0-0.9,0.4-1.8,1.2-2.4c1.7-1.3,2.6-3.2,2.6-5.3c0-1.7-0.7-3.4-1.8-4.6v4.7c0,1.5-1.2,2.7-2.7,2.7H24c-1.5,0-2.7-1.2-2.7-2.7V25   c-1.2,1.2-1.8,2.9-1.8,4.6c0,2.1,1,4,2.6,5.3c0.8,0.6,1.2,1.5,1.2,2.4C23.3,37.3,23.3,42.1,23.3,42.1z\"><\/path>\t<\/g><\/g><\/svg>\t\t\t\t<\/a>\n\t\t\t<\/div>\n\t\t\t\n\t\t\t\t\t\t<div class=\"elementor-icon-box-content\">\n\n\t\t\t\t\t\t\t\t\t<h3 class=\"elementor-icon-box-title\">\n\t\t\t\t\t\t<a href=\"#elementor-action%3Aaction%3Dpopup%3Aopen%26settings%3DeyJpZCI6IjUwMzEiLCJ0b2dnbGUiOmZhbHNlfQ%3D%3D\" >\n\t\t\t\t\t\t\tSuporte t\u00e9cnico\t\t\t\t\t\t<\/a>\n\t\t\t\t\t<\/h3>\n\t\t\t\t\n\t\t\t\t\t\t\t\t\t<p class=\"elementor-icon-box-description\">\n\t\t\t\t\t\tSe voc\u00ea tiver problemas t\u00e9cnicos, relate-os por este canal e receba ajuda rapidamente para resolver qualquer problema t\u00e9cnico.\t\t\t\t\t<\/p>\n\t\t\t\t\n\t\t\t<\/div>\n\t\t\t\n\t\t<\/div>\n\t\t\t\t\t\t<\/div>\n\t\t\t\t<\/div>\n\t\t\t\t<div class=\"elementor-element elementor-element-d560dda elementor-widget__width-initial elementor-view-default elementor-position-block-start elementor-mobile-position-block-start elementor-widget elementor-widget-icon-box\" data-id=\"d560dda\" data-element_type=\"widget\" data-e-type=\"widget\" data-widget_type=\"icon-box.default\">\n\t\t\t\t<div class=\"elementor-widget-container\">\n\t\t\t\t\t\t\t<div class=\"elementor-icon-box-wrapper\">\n\n\t\t\t\t\t\t<div class=\"elementor-icon-box-icon\">\n\t\t\t\t<a href=\"#elementor-action%3Aaction%3Dpopup%3Aopen%26settings%3DeyJpZCI6IjUwMzkiLCJ0b2dnbGUiOmZhbHNlfQ%3D%3D\" class=\"elementor-icon\" tabindex=\"-1\" aria-label=\"Departamento jur\u00eddico\">\n\t\t\t\t<svg xmlns=\"http:\/\/www.w3.org\/2000\/svg\" xmlns:xlink=\"http:\/\/www.w3.org\/1999\/xlink\" id=\"Capa_1\" x=\"0px\" y=\"0px\" viewbox=\"0 0 50 50\" xml:space=\"preserve\"><g>\t<path fill=\"#4E4D4D\" d=\"M38,25.4V7.3c0-1.4-1.2-2.6-2.6-2.6H11.3c-1.4,0-2.6,1.2-2.6,2.6v31.3c0,1.4,1.2,2.6,2.6,2.6h11  c0.7,0,1.3-0.3,1.8-0.8l13.2-13.2C37.8,26.7,38,26.1,38,25.4z M11.3,39.9c-0.7,0-1.3-0.6-1.3-1.3V7.3C10,6.6,10.6,6,11.3,6h24.2  c0.7,0,1.3,0.6,1.3,1.3v18.1c0,0.1,0,0.2,0,0.2H25c-1.4,0-2.6,1.2-2.6,2.6v11.6c-0.1,0-0.1,0-0.2,0L11.3,39.9L11.3,39.9z M23.7,39  V28.2c0-0.7,0.6-1.3,1.3-1.3h10.7L23.7,39z\"><\/path>\t<path fill=\"#4E4D4D\" d=\"M44.4,45.4l-5-5l3.3-3.3c0.6-0.6,0.9-1.4,0.9-2.3s-0.3-1.7-0.9-2.3L40.2,30c-1.3-1.3-3.3-1.3-4.6,0L28,37.6  c-0.6,0.6-0.9,1.4-0.9,2.3s0.3,1.7,0.9,2.3l2.5,2.5c0.6,0.6,1.5,0.9,2.3,0.9s1.7-0.3,2.3-0.9l3.3-3.3l5,5c0.1,0.1,0.3,0.2,0.5,0.2  s0.3-0.1,0.5-0.2C44.6,46,44.6,45.6,44.4,45.4z M34.2,43.7c-0.8,0.8-2,0.8-2.7,0L29,41.2c-0.4-0.4-0.6-0.8-0.6-1.4s0.2-1,0.6-1.4  l7.6-7.6c0.4-0.4,0.9-0.6,1.4-0.6s1,0.2,1.4,0.6l2.5,2.5c0.4,0.4,0.6,0.8,0.6,1.4s-0.2,1-0.6,1.4L34.2,43.7z\"><\/path>\t<path fill=\"#4E4D4D\" d=\"M14.4,12.5h17.9c0.4,0,0.7-0.3,0.7-0.6s-0.3-0.6-0.7-0.6H14.4c-0.4,0-0.6,0.3-0.6,0.6S14.1,12.5,14.4,12.5z  \"><\/path>\t<path fill=\"#4E4D4D\" d=\"M14.4,17.7h17.9c0.4,0,0.7-0.3,0.7-0.6s-0.3-0.6-0.7-0.6H14.4c-0.4,0-0.6,0.3-0.6,0.6S14.1,17.7,14.4,17.7z  \"><\/path>\t<path fill=\"#4E4D4D\" d=\"M33,22.1c0-0.4-0.3-0.6-0.7-0.6H14.4c-0.4,0-0.6,0.3-0.6,0.6s0.3,0.6,0.6,0.6h17.9  C32.7,22.8,33,22.5,33,22.1z\"><\/path><\/g><\/svg>\t\t\t\t<\/a>\n\t\t\t<\/div>\n\t\t\t\n\t\t\t\t\t\t<div class=\"elementor-icon-box-content\">\n\n\t\t\t\t\t\t\t\t\t<h3 class=\"elementor-icon-box-title\">\n\t\t\t\t\t\t<a href=\"#elementor-action%3Aaction%3Dpopup%3Aopen%26settings%3DeyJpZCI6IjUwMzkiLCJ0b2dnbGUiOmZhbHNlfQ%3D%3D\" >\n\t\t\t\t\t\t\tDepartamento jur\u00eddico\t\t\t\t\t\t<\/a>\n\t\t\t\t\t<\/h3>\n\t\t\t\t\n\t\t\t\t\t\t\t\t\t<p class=\"elementor-icon-box-description\">\n\t\t\t\t\t\tEntre em contato para consultas legais relacionadas aos nossos termos de servi\u00e7o, pol\u00edticas de privacidade ou outros assuntos jur\u00eddicos.\t\t\t\t\t<\/p>\n\t\t\t\t\n\t\t\t<\/div>\n\t\t\t\n\t\t<\/div>\n\t\t\t\t\t\t<\/div>\n\t\t\t\t<\/div>\n\t\t\t\t<\/div>\n\t\t\t\t<\/div>\n\t\t\t\t<div class=\"elementor-element elementor-element-c77a480 elementor-widget elementor-widget-html\" data-id=\"c77a480\" data-element_type=\"widget\" data-e-type=\"widget\" data-widget_type=\"html.default\">\n\t\t\t\t<div class=\"elementor-widget-container\">\n\t\t\t\t\t<style>\r\n\/* Manito en toda la caja de icono *\/\r\n.elementor-icon-box-wrapper,\r\n.elementor-icon-box-wrapper * {\r\n    cursor: pointer !important;\r\n}\r\n<\/style>\r\n\r\n<script>\r\n\/\/ Delegaci\u00f3n global: cualquier clic en una caja de icono\r\ndocument.addEventListener('click', function (e) {\r\n    \/\/ \u00bfHiciste clic dentro de una caja de \u00edcono?\r\n    const box = e.target.closest('.elementor-icon-box-wrapper');\r\n    if (!box) return;\r\n\r\n    \/\/ Si ya est\u00e1s clicando directamente en un enlace, deja que Elementor haga lo suyo\r\n    if (e.target.closest('a')) return;\r\n\r\n    \/\/ Busca el enlace interno que ya abre el popup (el de icono\/t\u00edtulo)\r\n    const link = box.querySelector('a');\r\n    if (!link) return;\r\n\r\n    \/\/ Simula el clic en ese enlace: esto dispara el popup\r\n    link.click();\r\n});\r\n<\/script>\r\n\t\t\t\t<\/div>\n\t\t\t\t<\/div>\n\t\t\t\t\t<\/div>\n\t\t\t\t<\/div>\n\t\t\t\t<\/div>","protected":false},"excerpt":{"rendered":"<p>Soporte Empresas Consultas generales Obt\u00e9n respuestas r\u00e1pidas a tus preguntas antes de realizar una compra. \u00a1Estamos aqu\u00ed para ayudarte con gusto! Ventas y facturaci\u00f3n \u00bfTienes dudas sobre tu facturaci\u00f3n o alg\u00fan inconveniente para acceder a tu cuenta? Nuestro equipo est\u00e1 listo para asistirte. Soporte t\u00e9cnico Si presentas problemas t\u00e9cnicos reportarlos por este canal y recibe [&hellip;]<\/p>\n","protected":false},"author":2,"featured_media":0,"parent":1838,"menu_order":0,"comment_status":"closed","ping_status":"closed","template":"elementor_header_footer","meta":{"footnotes":""},"class_list":["post-4835","page","type-page","status-publish","hentry"],"yoast_head":"<!-- This site is optimized with the Yoast SEO plugin v27.0 - https:\/\/yoast.com\/product\/yoast-seo-wordpress\/ -->\n<title>Soporte empresas - Rembrr<\/title>\n<meta name=\"robots\" content=\"index, follow, max-snippet:-1, max-image-preview:large, max-video-preview:-1\" \/>\n<link rel=\"canonical\" href=\"https:\/\/rembrr.com\/pt\/help\/cuenta-soporte\/soporte-empresas\/\" \/>\n<meta property=\"og:locale\" content=\"pt_BR\" \/>\n<meta property=\"og:type\" content=\"article\" \/>\n<meta property=\"og:title\" content=\"Soporte empresas - Rembrr\" \/>\n<meta property=\"og:description\" content=\"Soporte Empresas Consultas generales Obt\u00e9n respuestas r\u00e1pidas a tus preguntas antes de realizar una compra. \u00a1Estamos aqu\u00ed para ayudarte con gusto! Ventas y facturaci\u00f3n \u00bfTienes dudas sobre tu facturaci\u00f3n o alg\u00fan inconveniente para acceder a tu cuenta? Nuestro equipo est\u00e1 listo para asistirte. Soporte t\u00e9cnico Si presentas problemas t\u00e9cnicos reportarlos por este canal y recibe [&hellip;]\" \/>\n<meta property=\"og:url\" content=\"https:\/\/rembrr.com\/pt\/help\/cuenta-soporte\/soporte-empresas\/\" \/>\n<meta property=\"og:site_name\" content=\"Rembrr\" \/>\n<meta property=\"article:modified_time\" content=\"2026-03-16T03:23:23+00:00\" \/>\n<meta name=\"twitter:card\" content=\"summary_large_image\" \/>\n<meta name=\"twitter:label1\" content=\"Est. tempo de leitura\" \/>\n\t<meta name=\"twitter:data1\" content=\"1 minuto\" \/>\n<script type=\"application\/ld+json\" class=\"yoast-schema-graph\">{\"@context\":\"https:\/\/schema.org\",\"@graph\":[{\"@type\":\"WebPage\",\"@id\":\"https:\/\/rembrr.com\/help\/cuenta-soporte\/soporte-empresas\/\",\"url\":\"https:\/\/rembrr.com\/help\/cuenta-soporte\/soporte-empresas\/\",\"name\":\"Soporte empresas - Rembrr\",\"isPartOf\":{\"@id\":\"https:\/\/rembrr.com\/#website\"},\"datePublished\":\"2026-01-06T14:41:14+00:00\",\"dateModified\":\"2026-03-16T03:23:23+00:00\",\"breadcrumb\":{\"@id\":\"https:\/\/rembrr.com\/help\/cuenta-soporte\/soporte-empresas\/#breadcrumb\"},\"inLanguage\":\"pt-BR\",\"potentialAction\":[{\"@type\":\"ReadAction\",\"target\":[\"https:\/\/rembrr.com\/help\/cuenta-soporte\/soporte-empresas\/\"]}]},{\"@type\":\"BreadcrumbList\",\"@id\":\"https:\/\/rembrr.com\/help\/cuenta-soporte\/soporte-empresas\/#breadcrumb\",\"itemListElement\":[{\"@type\":\"ListItem\",\"position\":1,\"name\":\"Portada\",\"item\":\"https:\/\/rembrr.com\/\"},{\"@type\":\"ListItem\",\"position\":2,\"name\":\"Help\",\"item\":\"https:\/\/rembrr.com\/help\/\"},{\"@type\":\"ListItem\",\"position\":3,\"name\":\"Cuenta &#038; Soporte\",\"item\":\"https:\/\/rembrr.com\/help\/cuenta-soporte\/\"},{\"@type\":\"ListItem\",\"position\":4,\"name\":\"Soporte empresas\"}]},{\"@type\":\"WebSite\",\"@id\":\"https:\/\/rembrr.com\/#website\",\"url\":\"https:\/\/rembrr.com\/\",\"name\":\"Rembrr\",\"description\":\"Logra m\u00e1s\",\"publisher\":{\"@id\":\"https:\/\/rembrr.com\/#organization\"},\"potentialAction\":[{\"@type\":\"SearchAction\",\"target\":{\"@type\":\"EntryPoint\",\"urlTemplate\":\"https:\/\/rembrr.com\/?s={search_term_string}\"},\"query-input\":{\"@type\":\"PropertyValueSpecification\",\"valueRequired\":true,\"valueName\":\"search_term_string\"}}],\"inLanguage\":\"pt-BR\"},{\"@type\":\"Organization\",\"@id\":\"https:\/\/rembrr.com\/#organization\",\"name\":\"Rembrr\",\"url\":\"https:\/\/rembrr.com\/\",\"logo\":{\"@type\":\"ImageObject\",\"inLanguage\":\"pt-BR\",\"@id\":\"https:\/\/rembrr.com\/#\/schema\/logo\/image\/\",\"url\":\"https:\/\/rembrr.com\/wp-content\/uploads\/2025\/06\/logo-horizontal.webp\",\"contentUrl\":\"https:\/\/rembrr.com\/wp-content\/uploads\/2025\/06\/logo-horizontal.webp\",\"width\":500,\"height\":112,\"caption\":\"Rembrr\"},\"image\":{\"@id\":\"https:\/\/rembrr.com\/#\/schema\/logo\/image\/\"}}]}<\/script>\n<!-- \/ Yoast SEO plugin. -->","yoast_head_json":{"title":"Soporte empresas - Rembrr","robots":{"index":"index","follow":"follow","max-snippet":"max-snippet:-1","max-image-preview":"max-image-preview:large","max-video-preview":"max-video-preview:-1"},"canonical":"https:\/\/rembrr.com\/pt\/help\/cuenta-soporte\/soporte-empresas\/","og_locale":"pt_BR","og_type":"article","og_title":"Soporte empresas - Rembrr","og_description":"Soporte Empresas Consultas generales Obt\u00e9n respuestas r\u00e1pidas a tus preguntas antes de realizar una compra. \u00a1Estamos aqu\u00ed para ayudarte con gusto! Ventas y facturaci\u00f3n \u00bfTienes dudas sobre tu facturaci\u00f3n o alg\u00fan inconveniente para acceder a tu cuenta? Nuestro equipo est\u00e1 listo para asistirte. Soporte t\u00e9cnico Si presentas problemas t\u00e9cnicos reportarlos por este canal y recibe [&hellip;]","og_url":"https:\/\/rembrr.com\/pt\/help\/cuenta-soporte\/soporte-empresas\/","og_site_name":"Rembrr","article_modified_time":"2026-03-16T03:23:23+00:00","twitter_card":"summary_large_image","twitter_misc":{"Est. tempo de leitura":"1 minuto"},"schema":{"@context":"https:\/\/schema.org","@graph":[{"@type":"WebPage","@id":"https:\/\/rembrr.com\/help\/cuenta-soporte\/soporte-empresas\/","url":"https:\/\/rembrr.com\/help\/cuenta-soporte\/soporte-empresas\/","name":"Soporte empresas - Rembrr","isPartOf":{"@id":"https:\/\/rembrr.com\/#website"},"datePublished":"2026-01-06T14:41:14+00:00","dateModified":"2026-03-16T03:23:23+00:00","breadcrumb":{"@id":"https:\/\/rembrr.com\/help\/cuenta-soporte\/soporte-empresas\/#breadcrumb"},"inLanguage":"pt-BR","potentialAction":[{"@type":"ReadAction","target":["https:\/\/rembrr.com\/help\/cuenta-soporte\/soporte-empresas\/"]}]},{"@type":"BreadcrumbList","@id":"https:\/\/rembrr.com\/help\/cuenta-soporte\/soporte-empresas\/#breadcrumb","itemListElement":[{"@type":"ListItem","position":1,"name":"Portada","item":"https:\/\/rembrr.com\/"},{"@type":"ListItem","position":2,"name":"Help","item":"https:\/\/rembrr.com\/help\/"},{"@type":"ListItem","position":3,"name":"Cuenta &#038; Soporte","item":"https:\/\/rembrr.com\/help\/cuenta-soporte\/"},{"@type":"ListItem","position":4,"name":"Soporte empresas"}]},{"@type":"WebSite","@id":"https:\/\/rembrr.com\/#website","url":"https:\/\/rembrr.com\/","name":"Rembrr","description":"Logra m\u00e1s","publisher":{"@id":"https:\/\/rembrr.com\/#organization"},"potentialAction":[{"@type":"SearchAction","target":{"@type":"EntryPoint","urlTemplate":"https:\/\/rembrr.com\/?s={search_term_string}"},"query-input":{"@type":"PropertyValueSpecification","valueRequired":true,"valueName":"search_term_string"}}],"inLanguage":"pt-BR"},{"@type":"Organization","@id":"https:\/\/rembrr.com\/#organization","name":"Rembrr","url":"https:\/\/rembrr.com\/","logo":{"@type":"ImageObject","inLanguage":"pt-BR","@id":"https:\/\/rembrr.com\/#\/schema\/logo\/image\/","url":"https:\/\/rembrr.com\/wp-content\/uploads\/2025\/06\/logo-horizontal.webp","contentUrl":"https:\/\/rembrr.com\/wp-content\/uploads\/2025\/06\/logo-horizontal.webp","width":500,"height":112,"caption":"Rembrr"},"image":{"@id":"https:\/\/rembrr.com\/#\/schema\/logo\/image\/"}}]}},"_links":{"self":[{"href":"https:\/\/rembrr.com\/pt\/wp-json\/wp\/v2\/pages\/4835","targetHints":{"allow":["GET"]}}],"collection":[{"href":"https:\/\/rembrr.com\/pt\/wp-json\/wp\/v2\/pages"}],"about":[{"href":"https:\/\/rembrr.com\/pt\/wp-json\/wp\/v2\/types\/page"}],"author":[{"embeddable":true,"href":"https:\/\/rembrr.com\/pt\/wp-json\/wp\/v2\/users\/2"}],"replies":[{"embeddable":true,"href":"https:\/\/rembrr.com\/pt\/wp-json\/wp\/v2\/comments?post=4835"}],"version-history":[{"count":26,"href":"https:\/\/rembrr.com\/pt\/wp-json\/wp\/v2\/pages\/4835\/revisions"}],"predecessor-version":[{"id":6429,"href":"https:\/\/rembrr.com\/pt\/wp-json\/wp\/v2\/pages\/4835\/revisions\/6429"}],"up":[{"embeddable":true,"href":"https:\/\/rembrr.com\/pt\/wp-json\/wp\/v2\/pages\/1838"}],"wp:attachment":[{"href":"https:\/\/rembrr.com\/pt\/wp-json\/wp\/v2\/media?parent=4835"}],"curies":[{"name":"wp","href":"https:\/\/api.w.org\/{rel}","templated":true}]}}