{"id":6128,"date":"2026-02-20T16:54:27","date_gmt":"2026-02-20T21:54:27","guid":{"rendered":"https:\/\/rembrr.com\/?page_id=6128"},"modified":"2026-02-26T07:47:02","modified_gmt":"2026-02-26T12:47:02","slug":"blog","status":"publish","type":"page","link":"https:\/\/rembrr.com\/pt\/blog\/","title":{"rendered":"Blog"},"content":{"rendered":"<div data-elementor-type=\"wp-page\" data-elementor-id=\"6128\" class=\"elementor elementor-6128\" data-elementor-post-type=\"page\">\n\t\t\t\t<div class=\"elementor-element elementor-element-b6f0484 e-flex e-con-boxed e-con e-parent\" data-id=\"b6f0484\" data-element_type=\"container\" data-e-type=\"container\" data-settings=\"{&quot;background_background&quot;:&quot;gradient&quot;}\">\n\t\t\t\t\t<div class=\"e-con-inner\">\n\t\t<div class=\"elementor-element elementor-element-e49165c e-con-full e-flex e-con e-child\" data-id=\"e49165c\" data-element_type=\"container\" data-e-type=\"container\">\n\t\t<div class=\"elementor-element elementor-element-08e0d37 e-con-full e-flex e-con e-child\" data-id=\"08e0d37\" data-element_type=\"container\" data-e-type=\"container\" data-settings=\"{&quot;background_background&quot;:&quot;classic&quot;}\">\n\t\t\t\t<\/div>\n\t\t\t\t<\/div>\n\t\t\t\t\t<\/div>\n\t\t\t\t<\/div>\n\t\t<div class=\"elementor-element elementor-element-303acf9 e-flex e-con-boxed e-con e-parent\" data-id=\"303acf9\" data-element_type=\"container\" data-e-type=\"container\" data-settings=\"{&quot;background_background&quot;:&quot;classic&quot;}\">\n\t\t\t\t\t<div class=\"e-con-inner\">\n\t\t\t\t<div class=\"elementor-element elementor-element-16bc8c2 elementor-grid-2 elementor-grid-tablet-2 elementor-grid-mobile-1 elementor-posts--thumbnail-top elementor-posts--show-avatar elementor-card-shadow-yes elementor-posts__hover-gradient elementor-widget elementor-widget-posts\" data-id=\"16bc8c2\" data-element_type=\"widget\" data-e-type=\"widget\" data-settings=\"{&quot;cards_columns&quot;:&quot;2&quot;,&quot;cards_columns_tablet&quot;:&quot;2&quot;,&quot;cards_columns_mobile&quot;:&quot;1&quot;,&quot;cards_row_gap&quot;:{&quot;unit&quot;:&quot;px&quot;,&quot;size&quot;:35,&quot;sizes&quot;:[]},&quot;cards_row_gap_widescreen&quot;:{&quot;unit&quot;:&quot;px&quot;,&quot;size&quot;:&quot;&quot;,&quot;sizes&quot;:[]},&quot;cards_row_gap_laptop&quot;:{&quot;unit&quot;:&quot;px&quot;,&quot;size&quot;:&quot;&quot;,&quot;sizes&quot;:[]},&quot;cards_row_gap_tablet_extra&quot;:{&quot;unit&quot;:&quot;px&quot;,&quot;size&quot;:&quot;&quot;,&quot;sizes&quot;:[]},&quot;cards_row_gap_tablet&quot;:{&quot;unit&quot;:&quot;px&quot;,&quot;size&quot;:&quot;&quot;,&quot;sizes&quot;:[]},&quot;cards_row_gap_mobile_extra&quot;:{&quot;unit&quot;:&quot;px&quot;,&quot;size&quot;:&quot;&quot;,&quot;sizes&quot;:[]},&quot;cards_row_gap_mobile&quot;:{&quot;unit&quot;:&quot;px&quot;,&quot;size&quot;:&quot;&quot;,&quot;sizes&quot;:[]}}\" data-widget_type=\"posts.cards\">\n\t\t\t\t<div class=\"elementor-widget-container\">\n\t\t\t\t\t\t\t<div class=\"elementor-posts-container elementor-posts elementor-posts--skin-cards elementor-grid\" role=\"list\">\n\t\t\t\t<article class=\"elementor-post elementor-grid-item post-7626 post type-post status-publish format-standard has-post-thumbnail hentry category-herramientas-digitales\" role=\"listitem\">\n\t\t\t<div class=\"elementor-post__card\">\n\t\t\t\t<a class=\"elementor-post__thumbnail__link\" href=\"https:\/\/rembrr.com\/pt\/asistente-virtual-vs-aplicaciones-separadas\/\" tabindex=\"-1\" ><div class=\"elementor-post__thumbnail\"><img fetchpriority=\"high\" decoding=\"async\" width=\"300\" height=\"200\" src=\"https:\/\/rembrr.com\/wp-content\/uploads\/2026\/04\/mejor-asistente-virtual-organizacion-trabajo-300x200.webp\" class=\"attachment-medium size-medium wp-image-7627\" alt=\"Profissional utilizando o melhor assistente virtual para organizar tarefas, e-mails e agenda sem distra\u00e7\u00f5es\" srcset=\"https:\/\/rembrr.com\/wp-content\/uploads\/2026\/04\/mejor-asistente-virtual-organizacion-trabajo-300x200.webp 300w, https:\/\/rembrr.com\/wp-content\/uploads\/2026\/04\/mejor-asistente-virtual-organizacion-trabajo-18x12.webp 18w, https:\/\/rembrr.com\/wp-content\/uploads\/2026\/04\/mejor-asistente-virtual-organizacion-trabajo.webp 750w\" sizes=\"(max-width: 300px) 100vw, 300px\" \/><\/div><\/a>\n\t\t\t\t<div class=\"elementor-post__badge\">Ferramentas digitais<\/div>\n\t\t\t\t<div class=\"elementor-post__avatar\">\n\t\t\t<img alt='administrador' src='https:\/\/secure.gravatar.com\/avatar\/3633d846ad02c69d1b6f2593c179395dd82c479eaa2b3726ea3a8dc3e304858d?s=128&#038;d=mm&#038;r=g' srcset='https:\/\/secure.gravatar.com\/avatar\/3633d846ad02c69d1b6f2593c179395dd82c479eaa2b3726ea3a8dc3e304858d?s=256&#038;d=mm&#038;r=g 2x' class='avatar avatar-128 photo' height='128' width='128' \/>\t\t<\/div>\n\t\t\t\t<div class=\"elementor-post__text\">\n\t\t\t\t<h3 class=\"elementor-post__title\">\n\t\t\t<a href=\"https:\/\/rembrr.com\/pt\/asistente-virtual-vs-aplicaciones-separadas\/\" >\n\t\t\t\tAssistente virtual vs. aplicativos separados: qual \u00e9 o mais adequado para voc\u00ea?\t\t\t<\/a>\n\t\t<\/h3>\n\t\t\t\t<div class=\"elementor-post__excerpt\">\n\t\t\t<p>Voc\u00ea j\u00e1 parou para contar quantos aplicativos abre antes de realmente come\u00e7ar a trabalhar? Entre o gerenciador de tarefas, o Google Agenda, o Bloco de Notas, o cliente de e-mail e aquele aplicativo de \u00abfoco\u00bb que prometia salvar sua vida, sua manh\u00e3 se transforma em uma maratona de cliques. Essa fragmenta\u00e7\u00e3o digital n\u00e3o \u00e9 apenas irritante; \u00e9 um ladr\u00e3o silencioso de energia mental. A grande quest\u00e3o que separa os<\/p>\n\t\t<\/div>\n\t\t\n\t\t<a class=\"elementor-post__read-more\" href=\"https:\/\/rembrr.com\/pt\/asistente-virtual-vs-aplicaciones-separadas\/\" aria-label=\"Leia mais sobre Asistente virtual vs aplicaciones separadas: \u00bfqu\u00e9 te conviene m\u00e1s?\" tabindex=\"-1\" >\n\t\t\tLer mais \u00bb\t\t<\/a>\n\n\t\t\t\t<\/div>\n\t\t\t\t<div class=\"elementor-post__meta-data\">\n\t\t\t\t\t<span class=\"elementor-post-date\">\n\t\t\t15 de abril de 2026\t\t<\/span>\n\t\t\t\t<span class=\"elementor-post-avatar\">\n\t\t\tNenhum coment\u00e1rio\t\t<\/span>\n\t\t\t\t<\/div>\n\t\t\t\t\t<\/div>\n\t\t<\/article>\n\t\t\t\t<article class=\"elementor-post elementor-grid-item post-7619 post type-post status-publish format-standard has-post-thumbnail hentry category-gestion-de-tareas-inteligente\" role=\"listitem\">\n\t\t\t<div class=\"elementor-post__card\">\n\t\t\t\t<a class=\"elementor-post__thumbnail__link\" href=\"https:\/\/rembrr.com\/pt\/5-cosas-voz-productividad-sin-celular\/\" tabindex=\"-1\" ><div class=\"elementor-post__thumbnail\"><img decoding=\"async\" width=\"300\" height=\"200\" src=\"https:\/\/rembrr.com\/wp-content\/uploads\/2026\/04\/productividad-voz-rembrr-escritorio-300x200.webp\" class=\"attachment-medium size-medium wp-image-7621\" alt=\"\" srcset=\"https:\/\/rembrr.com\/wp-content\/uploads\/2026\/04\/productividad-voz-rembrr-escritorio-300x200.webp 300w, https:\/\/rembrr.com\/wp-content\/uploads\/2026\/04\/productividad-voz-rembrr-escritorio-18x12.webp 18w, https:\/\/rembrr.com\/wp-content\/uploads\/2026\/04\/productividad-voz-rembrr-escritorio.webp 750w\" sizes=\"(max-width: 300px) 100vw, 300px\" \/><\/div><\/a>\n\t\t\t\t<div class=\"elementor-post__badge\">Gerenciamento inteligente de tarefas<\/div>\n\t\t\t\t<div class=\"elementor-post__avatar\">\n\t\t\t<img alt='administrador' src='https:\/\/secure.gravatar.com\/avatar\/3633d846ad02c69d1b6f2593c179395dd82c479eaa2b3726ea3a8dc3e304858d?s=128&#038;d=mm&#038;r=g' srcset='https:\/\/secure.gravatar.com\/avatar\/3633d846ad02c69d1b6f2593c179395dd82c479eaa2b3726ea3a8dc3e304858d?s=256&#038;d=mm&#038;r=g 2x' class='avatar avatar-128 photo' height='128' width='128' \/>\t\t<\/div>\n\t\t\t\t<div class=\"elementor-post__text\">\n\t\t\t\t<h3 class=\"elementor-post__title\">\n\t\t\t<a href=\"https:\/\/rembrr.com\/pt\/5-cosas-voz-productividad-sin-celular\/\" >\n\t\t\t\tComo Organizar Seu Trabalho Apenas com a Voz? | Rembrr\t\t\t<\/a>\n\t\t<\/h3>\n\t\t\t\t<div class=\"elementor-post__excerpt\">\n\t\t\t<p>5 coisas que voc\u00ea pode fazer com sua voz sem tocar no celular Descri\u00e7\u00e3o: A integra\u00e7\u00e3o da voz em seu fluxo de trabalho permite gerenciar seus pilares operacionais sem desviar as m\u00e3os do que realmente importa. Voc\u00ea j\u00e1 teve uma ideia brilhante enquanto dirigia, cozinhava ou se exercitava, apenas para que ela desaparecesse porque voc\u00ea n\u00e3o conseguia anot\u00e1-la naquele momento? Em um mundo que se move rapidamente,<\/p>\n\t\t<\/div>\n\t\t\n\t\t<a class=\"elementor-post__read-more\" href=\"https:\/\/rembrr.com\/pt\/5-cosas-voz-productividad-sin-celular\/\" aria-label=\"Leia mais sobre \u00bfC\u00f3mo Organizar tu Trabajo Solo con la Voz? | Rembrr\" tabindex=\"-1\" >\n\t\t\tLer mais \u00bb\t\t<\/a>\n\n\t\t\t\t<\/div>\n\t\t\t\t<div class=\"elementor-post__meta-data\">\n\t\t\t\t\t<span class=\"elementor-post-date\">\n\t\t\t15 de abril de 2026\t\t<\/span>\n\t\t\t\t<span class=\"elementor-post-avatar\">\n\t\t\tNenhum coment\u00e1rio\t\t<\/span>\n\t\t\t\t<\/div>\n\t\t\t\t\t<\/div>\n\t\t<\/article>\n\t\t\t\t<article class=\"elementor-post elementor-grid-item post-6313 post type-post status-publish format-standard has-post-thumbnail hentry category-gestion-de-tareas-inteligente\" role=\"listitem\">\n\t\t\t<div class=\"elementor-post__card\">\n\t\t\t\t<a class=\"elementor-post__thumbnail__link\" href=\"https:\/\/rembrr.com\/pt\/como-rembrr-transforma-tus-ideas-en-accion\/\" tabindex=\"-1\" ><div class=\"elementor-post__thumbnail\"><img decoding=\"async\" width=\"300\" height=\"300\" src=\"https:\/\/rembrr.com\/wp-content\/uploads\/2026\/03\/blog-2-img-1-300x300.jpg\" class=\"attachment-medium size-medium wp-image-6315\" alt=\"\" srcset=\"https:\/\/rembrr.com\/wp-content\/uploads\/2026\/03\/blog-2-img-1-300x300.jpg 300w, https:\/\/rembrr.com\/wp-content\/uploads\/2026\/03\/blog-2-img-1-150x150.jpg 150w, https:\/\/rembrr.com\/wp-content\/uploads\/2026\/03\/blog-2-img-1-12x12.jpg 12w, https:\/\/rembrr.com\/wp-content\/uploads\/2026\/03\/blog-2-img-1.jpg 750w\" sizes=\"(max-width: 300px) 100vw, 300px\" \/><\/div><\/a>\n\t\t\t\t<div class=\"elementor-post__badge\">Gerenciamento inteligente de tarefas<\/div>\n\t\t\t\t<div class=\"elementor-post__avatar\">\n\t\t\t<img alt='administrador' src='https:\/\/secure.gravatar.com\/avatar\/3633d846ad02c69d1b6f2593c179395dd82c479eaa2b3726ea3a8dc3e304858d?s=128&#038;d=mm&#038;r=g' srcset='https:\/\/secure.gravatar.com\/avatar\/3633d846ad02c69d1b6f2593c179395dd82c479eaa2b3726ea3a8dc3e304858d?s=256&#038;d=mm&#038;r=g 2x' class='avatar avatar-128 photo' height='128' width='128' \/>\t\t<\/div>\n\t\t\t\t<div class=\"elementor-post__text\">\n\t\t\t\t<h3 class=\"elementor-post__title\">\n\t\t\t<a href=\"https:\/\/rembrr.com\/pt\/como-rembrr-transforma-tus-ideas-en-accion\/\" >\n\t\t\t\tDa satura\u00e7\u00e3o mental \u00e0 clareza total: Como o Rembrr transforma suas ideias em a\u00e7\u00e3o\t\t\t<\/a>\n\t\t<\/h3>\n\t\t\t\t<div class=\"elementor-post__excerpt\">\n\t\t\t<p>Como o Rembrr transforma suas ideias em a\u00e7\u00e3o: Alguma vez voc\u00ea j\u00e1 sentiu que sua melhor ideia escapa por n\u00e3o ter onde anotar? Vivemos na era da distra\u00e7\u00e3o infinita. Entre notifica\u00e7\u00f5es de redes sociais, e-mails urgentes e compromissos pessoais, nosso c\u00e9rebro se tornou um processador que nunca descansa. O problema n\u00e3o \u00e9 que nos falte tempo; o problema \u00e9 que nos sobra ru\u00eddo. Neste artigo,<\/p>\n\t\t<\/div>\n\t\t\n\t\t<a class=\"elementor-post__read-more\" href=\"https:\/\/rembrr.com\/pt\/como-rembrr-transforma-tus-ideas-en-accion\/\" aria-label=\"Leia mais sobre De la saturaci\u00f3n mental a la claridad total: C\u00f3mo Rembrr transforma tus ideas en acci\u00f3n\" tabindex=\"-1\" >\n\t\t\tLer mais \u00bb\t\t<\/a>\n\n\t\t\t\t<\/div>\n\t\t\t\t<div class=\"elementor-post__meta-data\">\n\t\t\t\t\t<span class=\"elementor-post-date\">\n\t\t\t5 de mar\u00e7o de 2026\t\t<\/span>\n\t\t\t\t<span class=\"elementor-post-avatar\">\n\t\t\tNenhum coment\u00e1rio\t\t<\/span>\n\t\t\t\t<\/div>\n\t\t\t\t\t<\/div>\n\t\t<\/article>\n\t\t\t\t<article class=\"elementor-post elementor-grid-item post-6297 post type-post status-publish format-standard has-post-thumbnail hentry category-herramientas-digitales\" role=\"listitem\">\n\t\t\t<div class=\"elementor-post__card\">\n\t\t\t\t<a class=\"elementor-post__thumbnail__link\" href=\"https:\/\/rembrr.com\/pt\/beneficios-de-usar-rembrr\/\" tabindex=\"-1\" ><div class=\"elementor-post__thumbnail\"><img loading=\"lazy\" decoding=\"async\" width=\"300\" height=\"200\" src=\"https:\/\/rembrr.com\/wp-content\/uploads\/2026\/03\/Beneficios-de-usar-Rembrr-300x200.jpg\" class=\"attachment-medium size-medium wp-image-6584\" alt=\"\" srcset=\"https:\/\/rembrr.com\/wp-content\/uploads\/2026\/03\/Beneficios-de-usar-Rembrr-300x200.jpg 300w, https:\/\/rembrr.com\/wp-content\/uploads\/2026\/03\/Beneficios-de-usar-Rembrr-18x12.jpg 18w, https:\/\/rembrr.com\/wp-content\/uploads\/2026\/03\/Beneficios-de-usar-Rembrr.jpg 750w\" sizes=\"(max-width: 300px) 100vw, 300px\" \/><\/div><\/a>\n\t\t\t\t<div class=\"elementor-post__badge\">Ferramentas digitais<\/div>\n\t\t\t\t<div class=\"elementor-post__avatar\">\n\t\t\t<img alt='administrador' src='https:\/\/secure.gravatar.com\/avatar\/3633d846ad02c69d1b6f2593c179395dd82c479eaa2b3726ea3a8dc3e304858d?s=128&#038;d=mm&#038;r=g' srcset='https:\/\/secure.gravatar.com\/avatar\/3633d846ad02c69d1b6f2593c179395dd82c479eaa2b3726ea3a8dc3e304858d?s=256&#038;d=mm&#038;r=g 2x' class='avatar avatar-128 photo' height='128' width='128' \/>\t\t<\/div>\n\t\t\t\t<div class=\"elementor-post__text\">\n\t\t\t\t<h3 class=\"elementor-post__title\">\n\t\t\t<a href=\"https:\/\/rembrr.com\/pt\/beneficios-de-usar-rembrr\/\" >\n\t\t\t\tBenef\u00edcios de usar o Rembrr: a nova forma de organizar sua vida e seu trabalho\t\t\t<\/a>\n\t\t<\/h3>\n\t\t\t\t<div class=\"elementor-post__excerpt\">\n\t\t\t<p>Benef\u00edcios de usar Rembrr: Voc\u00ea j\u00e1 sentiu que seu c\u00e9rebro tem muitas abas abertas ao mesmo tempo? Em um mundo onde a sobrecarga de informa\u00e7\u00f5es \u00e9 a norma, a sensa\u00e7\u00e3o de estar \u00absempre ocupado, mas nunca progredindo\u00bb se tornou uma epidemia silenciosa. O problema n\u00e3o \u00e9 sua falta de disciplina, mas a falta de um sistema que atue como seu suporte externo. \u00c9 aqui que Rembrr redefine<\/p>\n\t\t<\/div>\n\t\t\n\t\t<a class=\"elementor-post__read-more\" href=\"https:\/\/rembrr.com\/pt\/beneficios-de-usar-rembrr\/\" aria-label=\"Leia mais sobre Beneficios de usar Rembrr: la nueva forma de organizar tu vida y tu trabajo\" tabindex=\"-1\" >\n\t\t\tLer mais \u00bb\t\t<\/a>\n\n\t\t\t\t<\/div>\n\t\t\t\t<div class=\"elementor-post__meta-data\">\n\t\t\t\t\t<span class=\"elementor-post-date\">\n\t\t\t2 de mar\u00e7o de 2026\t\t<\/span>\n\t\t\t\t<span class=\"elementor-post-avatar\">\n\t\t\tNenhum coment\u00e1rio\t\t<\/span>\n\t\t\t\t<\/div>\n\t\t\t\t\t<\/div>\n\t\t<\/article>\n\t\t\t\t<article class=\"elementor-post elementor-grid-item post-6156 post type-post status-publish format-standard has-post-thumbnail hentry category-herramientas-digitales\" role=\"listitem\">\n\t\t\t<div class=\"elementor-post__card\">\n\t\t\t\t<a class=\"elementor-post__thumbnail__link\" href=\"https:\/\/rembrr.com\/pt\/cuando-tus-ideas-dejan-de-perderse\/\" tabindex=\"-1\" ><div class=\"elementor-post__thumbnail\"><img loading=\"lazy\" decoding=\"async\" width=\"200\" height=\"300\" src=\"https:\/\/rembrr.com\/wp-content\/uploads\/2025\/12\/telefono-movil-200x300.jpg\" class=\"attachment-medium size-medium wp-image-4486\" alt=\"\" srcset=\"https:\/\/rembrr.com\/wp-content\/uploads\/2025\/12\/telefono-movil-200x300.jpg 200w, https:\/\/rembrr.com\/wp-content\/uploads\/2025\/12\/telefono-movil.jpg 467w\" sizes=\"(max-width: 200px) 100vw, 200px\" \/><\/div><\/a>\n\t\t\t\t<div class=\"elementor-post__badge\">Ferramentas digitais<\/div>\n\t\t\t\t<div class=\"elementor-post__avatar\">\n\t\t\t<img alt='administrador' src='https:\/\/secure.gravatar.com\/avatar\/3633d846ad02c69d1b6f2593c179395dd82c479eaa2b3726ea3a8dc3e304858d?s=128&#038;d=mm&#038;r=g' srcset='https:\/\/secure.gravatar.com\/avatar\/3633d846ad02c69d1b6f2593c179395dd82c479eaa2b3726ea3a8dc3e304858d?s=256&#038;d=mm&#038;r=g 2x' class='avatar avatar-128 photo' height='128' width='128' \/>\t\t<\/div>\n\t\t\t\t<div class=\"elementor-post__text\">\n\t\t\t\t<h3 class=\"elementor-post__title\">\n\t\t\t<a href=\"https:\/\/rembrr.com\/pt\/cuando-tus-ideas-dejan-de-perderse\/\" >\n\t\t\t\tQuando suas ideias param de se perder\t\t\t<\/a>\n\t\t<\/h3>\n\t\t\t\t<div class=\"elementor-post__excerpt\">\n\t\t\t<p>Vivemos cercados por notifica\u00e7\u00f5es, pend\u00eancias, compromissos e pensamentos que surgem quando menos esperamos. Uma ideia enquanto voc\u00ea dirige. Uma tarefa logo antes de dormir. Um lembrete que voc\u00ea sabe que \u00e9 importante\u2026 mas que n\u00e3o anota. E o que n\u00e3o \u00e9 anotado, se perde. Rembrr nasce para resolver esse pequeno caos invis\u00edvel que se acumula na cabe\u00e7a. N\u00e3o \u00e9 apenas um aplicativo de tarefas. \u00c9 um espa\u00e7o onde voc\u00ea pode falar,<\/p>\n\t\t<\/div>\n\t\t\n\t\t<a class=\"elementor-post__read-more\" href=\"https:\/\/rembrr.com\/pt\/cuando-tus-ideas-dejan-de-perderse\/\" aria-label=\"Leia mais sobre Cuando tus ideas dejan de perderse\" tabindex=\"-1\" >\n\t\t\tLer mais \u00bb\t\t<\/a>\n\n\t\t\t\t<\/div>\n\t\t\t\t<div class=\"elementor-post__meta-data\">\n\t\t\t\t\t<span class=\"elementor-post-date\">\n\t\t\t20 de fevereiro de 2026\t\t<\/span>\n\t\t\t\t<span class=\"elementor-post-avatar\">\n\t\t\tNenhum coment\u00e1rio\t\t<\/span>\n\t\t\t\t<\/div>\n\t\t\t\t\t<\/div>\n\t\t<\/article>\n\t\t\t\t<\/div>\n\t\t\n\t\t\t\t\t\t<\/div>\n\t\t\t\t<\/div>\n\t\t\t\t\t<\/div>\n\t\t\t\t<\/div>\n\t\t<div class=\"elementor-element elementor-element-e9dc8ca e-flex e-con-boxed e-con e-parent\" data-id=\"e9dc8ca\" data-element_type=\"container\" data-e-type=\"container\">\n\t\t\t\t\t<div class=\"e-con-inner\">\n\t\t\t\t<div class=\"elementor-element elementor-element-3efc7c3 elementor-widget elementor-widget-html\" data-id=\"3efc7c3\" data-element_type=\"widget\" data-e-type=\"widget\" data-widget_type=\"html.default\">\n\t\t\t\t<div class=\"elementor-widget-container\">\n\t\t\t\t\t<script>\n(function () {\n  function openRembrr() {\n    var ua = navigator.userAgent || navigator.vendor || window.opera;\n\n    var isAndroid = \/android\/i.test(ua);\n    var isIOS = \/iPad|iPhone|iPod\/.test(ua);\n\n    var appLink = \"rembrr:\/\/open\";\n    var androidStore = \"https:\/\/play.google.com\/store\/apps\/details?id=com.rembrr.app\";\n    var iosStore = \"https:\/\/apps.apple.com\/app\/id000000000\";\n    var desktopLanding = \"https:\/\/rembrr.com\/app\";\n\n    if (!isAndroid && !isIOS) {\n      window.location.href = desktopLanding;\n      return;\n    }\n\n    setTimeout(function () {\n      if (isAndroid) window.location.href = androidStore;\n      else if (isIOS) window.location.href = iosStore;\n    }, 900);\n\n    window.location.href = appLink;\n  }\n\n  function bind() {\n    var buttons = document.querySelectorAll(\".cta-open-rembrr\");\n    if (!buttons || !buttons.length) return;\n\n    buttons.forEach(function (btn) {\n      \/\/ Evita duplicar listeners si Elementor re-renderiza\n      if (btn.dataset.rembrrBound === \"1\") return;\n      btn.dataset.rembrrBound = \"1\";\n\n      btn.addEventListener(\"click\", function (e) {\n        e.preventDefault();\n        openRembrr();\n      });\n    });\n  }\n\n  if (document.readyState === \"loading\") {\n    document.addEventListener(\"DOMContentLoaded\", bind);\n  } else {\n    bind();\n  }\n  setTimeout(bind, 500);\n  setTimeout(bind, 1500);\n})();\n<\/script>\n\t\t\t\t<\/div>\n\t\t\t\t<\/div>\n\t\t\t\t\t<\/div>\n\t\t\t\t<\/div>\n\t\t\t\t<\/div>","protected":false},"excerpt":{"rendered":"","protected":false},"author":2,"featured_media":0,"parent":0,"menu_order":0,"comment_status":"closed","ping_status":"closed","template":"","meta":{"footnotes":""},"class_list":["post-6128","page","type-page","status-publish","hentry"],"yoast_head":"<!-- This site is optimized with the Yoast SEO plugin v27.0 - https:\/\/yoast.com\/product\/yoast-seo-wordpress\/ -->\n<title>Blog - Rembrr<\/title>\n<meta name=\"robots\" content=\"index, follow, max-snippet:-1, max-image-preview:large, max-video-preview:-1\" \/>\n<link rel=\"canonical\" href=\"https:\/\/rembrr.com\/pt\/blog\/\" \/>\n<meta property=\"og:locale\" content=\"pt_BR\" \/>\n<meta property=\"og:type\" content=\"article\" \/>\n<meta property=\"og:title\" content=\"Blog - Rembrr\" \/>\n<meta property=\"og:url\" content=\"https:\/\/rembrr.com\/pt\/blog\/\" \/>\n<meta property=\"og:site_name\" content=\"Rembrr\" \/>\n<meta property=\"article:modified_time\" content=\"2026-02-26T12:47:02+00:00\" \/>\n<meta name=\"twitter:card\" content=\"summary_large_image\" \/>\n<script type=\"application\/ld+json\" class=\"yoast-schema-graph\">{\"@context\":\"https:\/\/schema.org\",\"@graph\":[{\"@type\":\"WebPage\",\"@id\":\"https:\/\/rembrr.com\/blog\/\",\"url\":\"https:\/\/rembrr.com\/blog\/\",\"name\":\"Blog - Rembrr\",\"isPartOf\":{\"@id\":\"https:\/\/rembrr.com\/#website\"},\"datePublished\":\"2026-02-20T21:54:27+00:00\",\"dateModified\":\"2026-02-26T12:47:02+00:00\",\"breadcrumb\":{\"@id\":\"https:\/\/rembrr.com\/blog\/#breadcrumb\"},\"inLanguage\":\"pt-BR\",\"potentialAction\":[{\"@type\":\"ReadAction\",\"target\":[\"https:\/\/rembrr.com\/blog\/\"]}]},{\"@type\":\"BreadcrumbList\",\"@id\":\"https:\/\/rembrr.com\/blog\/#breadcrumb\",\"itemListElement\":[{\"@type\":\"ListItem\",\"position\":1,\"name\":\"Portada\",\"item\":\"https:\/\/rembrr.com\/\"},{\"@type\":\"ListItem\",\"position\":2,\"name\":\"Blog\"}]},{\"@type\":\"WebSite\",\"@id\":\"https:\/\/rembrr.com\/#website\",\"url\":\"https:\/\/rembrr.com\/\",\"name\":\"Rembrr\",\"description\":\"Logra m\u00e1s\",\"publisher\":{\"@id\":\"https:\/\/rembrr.com\/#organization\"},\"potentialAction\":[{\"@type\":\"SearchAction\",\"target\":{\"@type\":\"EntryPoint\",\"urlTemplate\":\"https:\/\/rembrr.com\/?s={search_term_string}\"},\"query-input\":{\"@type\":\"PropertyValueSpecification\",\"valueRequired\":true,\"valueName\":\"search_term_string\"}}],\"inLanguage\":\"pt-BR\"},{\"@type\":\"Organization\",\"@id\":\"https:\/\/rembrr.com\/#organization\",\"name\":\"Rembrr\",\"url\":\"https:\/\/rembrr.com\/\",\"logo\":{\"@type\":\"ImageObject\",\"inLanguage\":\"pt-BR\",\"@id\":\"https:\/\/rembrr.com\/#\/schema\/logo\/image\/\",\"url\":\"https:\/\/rembrr.com\/wp-content\/uploads\/2025\/06\/logo-horizontal.webp\",\"contentUrl\":\"https:\/\/rembrr.com\/wp-content\/uploads\/2025\/06\/logo-horizontal.webp\",\"width\":500,\"height\":112,\"caption\":\"Rembrr\"},\"image\":{\"@id\":\"https:\/\/rembrr.com\/#\/schema\/logo\/image\/\"}}]}<\/script>\n<!-- \/ Yoast SEO plugin. -->","yoast_head_json":{"title":"Blog - Rembrr","robots":{"index":"index","follow":"follow","max-snippet":"max-snippet:-1","max-image-preview":"max-image-preview:large","max-video-preview":"max-video-preview:-1"},"canonical":"https:\/\/rembrr.com\/pt\/blog\/","og_locale":"pt_BR","og_type":"article","og_title":"Blog - Rembrr","og_url":"https:\/\/rembrr.com\/pt\/blog\/","og_site_name":"Rembrr","article_modified_time":"2026-02-26T12:47:02+00:00","twitter_card":"summary_large_image","schema":{"@context":"https:\/\/schema.org","@graph":[{"@type":"WebPage","@id":"https:\/\/rembrr.com\/blog\/","url":"https:\/\/rembrr.com\/blog\/","name":"Blog - Rembrr","isPartOf":{"@id":"https:\/\/rembrr.com\/#website"},"datePublished":"2026-02-20T21:54:27+00:00","dateModified":"2026-02-26T12:47:02+00:00","breadcrumb":{"@id":"https:\/\/rembrr.com\/blog\/#breadcrumb"},"inLanguage":"pt-BR","potentialAction":[{"@type":"ReadAction","target":["https:\/\/rembrr.com\/blog\/"]}]},{"@type":"BreadcrumbList","@id":"https:\/\/rembrr.com\/blog\/#breadcrumb","itemListElement":[{"@type":"ListItem","position":1,"name":"Portada","item":"https:\/\/rembrr.com\/"},{"@type":"ListItem","position":2,"name":"Blog"}]},{"@type":"WebSite","@id":"https:\/\/rembrr.com\/#website","url":"https:\/\/rembrr.com\/","name":"Lembre-se","description":"Conquiste mais","publisher":{"@id":"https:\/\/rembrr.com\/#organization"},"potentialAction":[{"@type":"SearchAction","target":{"@type":"EntryPoint","urlTemplate":"https:\/\/rembrr.com\/?s={search_term_string}"},"query-input":{"@type":"PropertyValueSpecification","valueRequired":true,"valueName":"search_term_string"}}],"inLanguage":"pt-BR"},{"@type":"Organization","@id":"https:\/\/rembrr.com\/#organization","name":"Lembre-se","url":"https:\/\/rembrr.com\/","logo":{"@type":"ImageObject","inLanguage":"pt-BR","@id":"https:\/\/rembrr.com\/#\/schema\/logo\/image\/","url":"https:\/\/rembrr.com\/wp-content\/uploads\/2025\/06\/logo-horizontal.webp","contentUrl":"https:\/\/rembrr.com\/wp-content\/uploads\/2025\/06\/logo-horizontal.webp","width":500,"height":112,"caption":"Rembrr"},"image":{"@id":"https:\/\/rembrr.com\/#\/schema\/logo\/image\/"}}]}},"_links":{"self":[{"href":"https:\/\/rembrr.com\/pt\/wp-json\/wp\/v2\/pages\/6128","targetHints":{"allow":["GET"]}}],"collection":[{"href":"https:\/\/rembrr.com\/pt\/wp-json\/wp\/v2\/pages"}],"about":[{"href":"https:\/\/rembrr.com\/pt\/wp-json\/wp\/v2\/types\/page"}],"author":[{"embeddable":true,"href":"https:\/\/rembrr.com\/pt\/wp-json\/wp\/v2\/users\/2"}],"replies":[{"embeddable":true,"href":"https:\/\/rembrr.com\/pt\/wp-json\/wp\/v2\/comments?post=6128"}],"version-history":[{"count":16,"href":"https:\/\/rembrr.com\/pt\/wp-json\/wp\/v2\/pages\/6128\/revisions"}],"predecessor-version":[{"id":6271,"href":"https:\/\/rembrr.com\/pt\/wp-json\/wp\/v2\/pages\/6128\/revisions\/6271"}],"wp:attachment":[{"href":"https:\/\/rembrr.com\/pt\/wp-json\/wp\/v2\/media?parent=6128"}],"curies":[{"name":"wp","href":"https:\/\/api.w.org\/{rel}","templated":true}]}}